{"id":17496,"date":"2016-06-19T09:33:40","date_gmt":"2016-06-19T07:33:40","guid":{"rendered":"https:\/\/www.ulissequalityshop.com\/versand-und-rueckgabe\/"},"modified":"2016-06-19T09:33:40","modified_gmt":"2016-06-19T07:33:40","slug":"versand-und-rueckgabe","status":"publish","type":"page","link":"https:\/\/www.ulissequalityshop.com\/de\/versand-und-rueckgabe\/","title":{"rendered":"Versand und R\u00fcckgabe"},"content":{"rendered":"<table border=\"0\" width=\"100%\" cellspacing=\"0\" cellpadding=\"0\">\n<tbody>\n<tr>\n<td>\n<table border=\"0\" width=\"100%\" cellspacing=\"0\" cellpadding=\"0\">\n<tbody>\n<tr>\n<td class=\"pageHeading\">\n<h2><strong><span style=\"font-family: arial,helvetica,sans-serif;\">Versand, Lieferung und R\u00fcckgabe<\/span><\/strong><\/h2>\n<\/td>\n<td class=\"pageHeading\" align=\"right\"><\/td>\n<\/tr>\n<\/tbody>\n<\/table>\n<\/td>\n<\/tr>\n<tr>\n<td><\/td>\n<\/tr>\n<tr>\n<td>\n<table border=\"0\" width=\"100%\" cellspacing=\"0\" cellpadding=\"2\">\n<tbody>\n<tr>\n<td class=\"main\">\n<h3 align=\"justify\"><strong><span style=\"font-family: arial,helvetica,sans-serif;\">Verpackung der Waren<\/span><\/strong><\/h3>\n<p align=\"justify\"><span style=\"font-family: arial,helvetica,sans-serif;\"><i>Ulisse Quality Shop<\/i> garantiert h\u00f6chste Sorgfalt und Professionalit\u00e4t bei der Verpackung der Produkte, um das Risiko einer Besch\u00e4digung der Ware zu minimieren. Ulisse Quality Shop, mit dem Hauptziel, die Umwelt durch die Vermeidung von unn\u00f6tigem Abfall zu sch\u00fctzen, wird recycelte und\/oder gebrauchte Kartons f\u00fcr den Versand seiner Produkte verwenden. Dies wird es Ulysses Quality Shop unter anderem erm\u00f6glichen, die Kosten niedrig zu halten, was wiederum wettbewerbsf\u00e4hige Preise f\u00fcr seine Kunden beg\u00fcnstigt. Daher werden den Kunden von Ulisse Quality Shop, abgesehen von der Verpackung bestimmter Artikel, keine Kosten f\u00fcr die Produktverpackung in Rechnung gestellt.<\/span><\/p>\n<h3 align=\"justify\"><strong><span style=\"font-family: arial,helvetica,sans-serif;\">Sendungsverfolgung<\/span><\/strong><\/h3>\n<p align=\"justify\"><span style=\"font-family: arial,helvetica,sans-serif;\">Alle registrierten Kunden, die bei Ulisse Quality Shop einkaufen, werden per E-Mail \u00fcber den Versand der Ware benachrichtigt und erhalten den erforderlichen Code, um die Sendung auf der Website des beauftragten Kurierdienstes zu verfolgen.<\/span><\/p>\n<h3 align=\"justify\"><strong><span style=\"font-family: arial,helvetica,sans-serif;\">Kuriere<\/span><\/strong><\/h3>\n<p align=\"justify\">Die <span style=\"font-family: arial,helvetica,sans-serif;\">Wahl des Kurierdienstes f\u00fcr den Versand der Ware erfolgt auf der Grundlage des Gewichts der gekauften Produkte und des Bestimmungsortes der Ware <\/span>durch den Kunden bei der Bestellung und anschlie\u00dfend durch <strong>Ulisse Quality Shop<\/strong>. Der vom Kunden ge\u00e4u\u00dferte Wunsch ist, unbeschadet der damit verbundenen Kosten, f\u00fcr Ulisse Quality Shop nicht bindend. Ulisse Quality Shop kann im alleinigen Interesse des Kunden und der Qualit\u00e4t der Dienstleistung entscheiden, den Versand der Waren einem Kurier seiner Wahl anzuvertrauen. Der Wechsel des vom Kunden bevorzugten Kurierdienstes darf in keinem Fall zu zus\u00e4tzlichen Kosten f\u00fcr den Kunden f\u00fchren. Die Versandkosten werden dem Kunden gem\u00e4\u00df den Angaben in der Bestellung in Rechnung gestellt, es sei denn, Ulisse Quality Shop beschlie\u00dft, die Lieferung und den Versand kostenlos anzubieten. Falls der Spediteur in irgendeiner Eigenschaft direkt vom Kunden beauftragt wird, haftet <strong>Ulisse Quality Shop<\/strong> nicht f\u00fcr den Verlust und\/oder die Besch\u00e4digung und\/oder den Ausfall der Ware ab dem Zeitpunkt der \u00dcbergabe der Ware an den Spediteur in unseren Lagern.<\/p>\n<h3 align=\"justify\"><strong><span style=\"font-family: arial,helvetica,sans-serif;\">Gesch\u00e4tzte Lieferfrist<\/span><\/strong><\/h3>\n<p align=\"justify\"><span style=\"font-family: arial,helvetica,sans-serif;\">Die Waren werden in der Regel innerhalb von h\u00f6chstens 3 Tagen (Samstage, Sonntage und Feiertage ausgenommen) ab dem Versanddatum der Waren geliefert. Wenn die Ware vorr\u00e4tig ist, wird die Bestellung innerhalb von h\u00f6chstens 24\/48 Stunden nach Zahlungseingang zum Versand vorbereitet. Die Lieferfristen k\u00f6nnen aufgrund h\u00f6herer Gewalt, besonderer Verkehrs- und Stra\u00dfenverh\u00e4ltnisse im Allgemeinen oder durch beh\u00f6rdliche Ma\u00dfnahmen ge\u00e4ndert werden. Etwaige Lieferverz\u00f6gerungen werden jedoch, sofern sie Ulysses Quality Shop bekannt sind, unverz\u00fcglich mitgeteilt.<\/span><\/p>\n<p align=\"justify\"><span style=\"font-family: arial,helvetica,sans-serif;\">Faktoren, die die Lieferzeiten beeinflussen, sind das Gesamtgewicht der Waren, die Art der bestellten Waren, die gew\u00e4hlte Versandart und der Bestimmungsort. Bei der Definition des Bestellvorgangs ist es m\u00f6glich, den bevorzugten Kurier zu w\u00e4hlen: wie bereits erw\u00e4hnt, wird diese Pr\u00e4ferenz respektiert, ist aber f\u00fcr Ulysses Quality Shop nicht bindend.<\/span><\/p>\n<p align=\"justify\"><span style=\"font-family: arial,helvetica,sans-serif;\">Verz\u00f6gerungen bei der Zustellung von Waren k\u00f6nnen aus verschiedenen Gr\u00fcnden auftreten, in erster Linie durch unzureichende oder ungenaue Angaben zur Bestimmungsadresse der Waren und\/oder das Fehlen einer Telefonnummer, die dem Spediteur zur Erleichterung der Zustellung der Waren und der Kommunikation im Falle von Schwierigkeiten mitgeteilt werden muss. Der Ulisse Quality Shop und sein Kundendienst stehen dem Kunden jedoch stets zur Verf\u00fcgung, um seine Bed\u00fcrfnisse und Anforderungen zu interpretieren und ihn zu beraten.<\/span><\/p>\n<h3 align=\"justify\"><strong><span style=\"font-family: arial,helvetica,sans-serif;\">Internationale Sendungen<\/span><\/strong><\/h3>\n<p align=\"justify\"><strong>Ulisse Quality Shop<\/strong> bietet seinen Kunden einen internationalen Versandservice durch die Nutzung der besten Kuriere. Der internationale Versanddienst erreicht nicht alle L\u00e4nder der Welt, sondern nur die unten angegebenen Orte. Es ist m\u00f6glich, dass der Versand einiger Produkte aufgrund ihrer Zerbrechlichkeit (Aquarien, Glasbeh\u00e4lter), ihres Gewichts (Steine, Meersalz, Sand) oder ihrer Sperrigkeit (Aquarienm\u00f6bel) unm\u00f6glich, besonders kompliziert und\/oder kostspielig ist und es Ulisse Quality Shop in jedem Fall nicht erlaubt, die sichere Lieferung der Ware zu gew\u00e4hrleisten: In diesen F\u00e4llen kann Ulisse Quality Shop die Bestellung stornieren, den Kunden unverz\u00fcglich dar\u00fcber informieren und ihm die vom Kunden f\u00fcr den Kauf der Ware gezahlten Betr\u00e4ge zur\u00fcckerstatten. Um die Verf\u00fcgbarkeit des Dienstes zu pr\u00fcfen, empfehlen wir internationalen Kunden daher, sich vor dem Kauf von Produkten mit den oben genannten Merkmalen per E-Mail an unseren Kundendienst zu wenden.<\/p>\n<p align=\"justify\"><span style=\"font-family: arial,helvetica,sans-serif;\">Der <strong>Dienst wird derzeit in folgenden L\u00e4ndern <\/strong>angeboten:<\/span><strong> <\/strong><br \/>\nalle L\u00e4nder der Europ\u00e4ischen Union<br \/>\nAlbanien, T\u00fcrkei, Serbien, Russland, USA, Kanada<\/p>\n<h3 align=\"justify\"><span style=\"font-family: arial,helvetica,sans-serif;\"><b>Kosten f\u00fcr den Versand<\/b><\/span><\/h3>\n<ul>\n<li>\n<p align=\"justify\"><span style=\"color: #800000; font-family: arial, helvetica, sans-serif;\"><b><i>Kosten f\u00fcr den Versand <\/i><\/b><\/span><span style=\"font-family: arial, helvetica, sans-serif;\">sind abh\u00e4ngig von dem f\u00fcr den Transport gew\u00e4hlten Tr\u00e4ger und werden variabel in Gewichtsstufen bestimmt. Die Berechnung der Versandkosten h\u00e4ngt nicht nur vom Werksgewicht der gekauften Produkte ab, sondern auch von der Gr\u00f6\u00dfe des Versandpakets. Daher sollte das in der Korrespondenz der verschiedenen Produkte zum Verkauf auf der Website angegebene Gewicht als Versandgewicht und nicht als Fabrikgewicht betrachtet werden. Die Kombination der beschriebenen Faktoren bestimmt die Kosten f\u00fcr den Versand. Die Kosten f\u00fcr bestimmte Gegenst\u00e4nde (besonders schwer und\/oder sperrig und\/oder zerbrechlich) und\/oder f\u00fcr bestimmte Bestimmungsorte (z. B. ung\u00fcnstige Standorte, internationaler Transport usw.) k\u00f6nnen anderen Regeln folgen als den hier beschriebenen.<\/span><\/p>\n<\/li>\n<li>\n<p align=\"justify\"><span style=\"color: #800000;\"><i><span style=\"font-family: arial,helvetica,sans-serif;\"><b>Sendungen, die mehr als 30 kg wiegen und\/oder besonders sperrig sind:<\/b> <\/span><\/i><\/span><span style=\"font-family: arial,helvetica,sans-serif;\">wird auf die gleiche Weise wie oben beschrieben ermittelt. Sollten besondere Schwierigkeiten auftreten, die es Ulisse Quality Shop nicht erlauben, den Lieferservice in der erwarteten Qualit\u00e4t und\/oder innerhalb der erwarteten Zeit abzuschlie\u00dfen, wird sich Ulisse Quality Shop unverz\u00fcglich mit dem Kunden in Verbindung setzen, um das aufgetretene Problem zu erl\u00e4utern und die beste L\u00f6sung in seinem Sinne zu vereinbaren.<\/span><\/p>\n<\/li>\n<li>\n<p align=\"justify\"><span style=\"color: #800000;\"><i><span style=\"font-family: arial,helvetica,sans-serif;\"><b>Internationale Sendungen:<\/b><\/span><\/i><span style=\"font-family: arial,helvetica,sans-serif;\"> <\/span><\/span><span style=\"font-family: arial,helvetica,sans-serif;\">Ulisse Quality Shop bietet seinen Kunden einen internationalen Versandservice mit den besten Kurierdiensten. Der internationale Versanddienst erreicht nicht alle L\u00e4nder des Mndo, sondern nur die im entsprechenden Abschnitt dieses Bereichs angegebenen Orte. Die Versandkosten werden \u00e4hnlich wie bei Inlandssendungen ermittelt; die Tarife und Gewichtsspannen variieren ebenfalls je nach dem Bestimmungsort der Waren. Sollten die Versandkosten f\u00fcr den Kunden besonders belastend sein, kann Ulisse Quality Shop die Bestellung stornieren, indem sie den Kunden unverz\u00fcglich \u00fcber die aufgetretenen Probleme informiert.<\/span><\/p>\n<\/li>\n<li>\n<p align=\"justify\"><span style=\"color: #800000;\"><i><span style=\"font-family: arial,helvetica,sans-serif;\"><b>Lieferfrist:<\/b><\/span><\/i><\/span><span style=\"font-family: arial,helvetica,sans-serif;\">3 Tage, au\u00dfer samstags und an Feiertagen.<\/span><\/p>\n<\/li>\n<\/ul>\n<h3 align=\"justify\"><span style=\"font-family: arial,helvetica,sans-serif;\"><b>Angebot f\u00fcr kostenlosen Versand<\/b><\/span><\/h3>\n<p align=\"justify\"><span style=\"font-family: arial,helvetica,sans-serif;\">Die von Ulisse Quality Shop von Zeit zu Zeit festgelegten Gesch\u00e4ftsbedingungen k\u00f6nnen das Angebot eines kostenlosen Versands f\u00fcr alle Sendungen vorsehen, die den in der laufenden Werbeaktion festgelegten Betrag \u00fcberschreiten und durch spezielle Werbebanner auf der Website bekannt gegeben werden. Es ist m\u00f6glich, dass bestimmte Artikel, deren Versand besonders kompliziert und\/oder kostspielig ist, bei den aktuellen Aktionen f\u00fcr den Versand von Waren nicht ber\u00fccksichtigt werden. In diesen F\u00e4llen wird eine entsprechende Mitteilung erfolgen.<\/span><\/p>\n<p align=\"justify\">Sofern nicht ausdr\u00fccklich anders angegeben, ist ein kostenloser Versand f\u00fcr internationale Sendungen nicht vorgesehen; Bestellungen, die entgegen dieser Bestimmung aufgegeben werden, werden von Ulisse Quality Shop storniert, es sei denn, der Kunde beschlie\u00dft, eine eventuell geleistete Zahlung um die erforderlichen Versandkosten zu erg\u00e4nzen.<\/p>\n<h2 align=\"justify\"><strong>WIDERRUF UND R\u00dcCKGABE VON WAREN<\/strong><\/h2>\n<p align=\"justify\">Wie allgemein in der <a href=\"http:\/\/www.ulissequalityshop.com\/index.php?main_page=conditions\"><strong>Allgemeine Verkaufsbedingungen<\/strong><\/a>kann der Kunde jederzeit vom Vertrag zur\u00fccktreten, und zwar auf die Art und Weise und unter den Bedingungen, die in Kapitel 1 des neuen Verbraucherschutzgesetzes vorgesehen sind: der Kunde, der auf der Website gekauft hat <strong>www.ulissequalityshop.com<\/strong>hat nach geltendem Recht das Recht, innerhalb von 14 Tagen ohne Angabe von Gr\u00fcnden zur\u00fcckzutreten. Diese Frist beginnt grunds\u00e4tzlich an dem Tag, an dem der Kunde oder ein vom Kunden benannter Dritter, der nicht der Bef\u00f6rderer ist, den k\u00f6rperlichen Besitz an den Waren erlangt.<\/p>\n<p>Um Ihr Widerrufsrecht auszu\u00fcben, m\u00fcssen Sie Ulysses innerhalb von 14 Kalendertagen nach Erhalt der Ware \u00fcber Ihre Absicht informieren, den Vertrag zu widerrufen. Von diesem Zeitpunkt an hat der Kunde 14 Tage Zeit, die Artikel, f\u00fcr die er dieses Recht in Anspruch nehmen m\u00f6chte, zur\u00fcckzusenden, indem er das entsprechende <a href=\"http:\/\/www.ulissequalityshop.com\/docs\/modulo_recesso_UQS.pdf\"><strong>R\u00fcckgabeformular<\/strong><\/a>.<\/p>\n<p>Im Falle des Widerrufs sind die Kosten f\u00fcr die R\u00fccksendung des Produkts vom Kunden zu tragen.<\/p>\n<p>Das Widerrufsrecht erlischt vollst\u00e4ndig, wenn die zur\u00fcckgesandte Ware nicht intakt ist, d.h. im Falle von:<\/p>\n<ul>\n<li>Fehlen der Originalverpackung<\/li>\n<li>Fehlen von Produktkomponenten (Zubeh\u00f6r, Kabel, Bedienungsanleitungen usw.)<\/li>\n<li>Sch\u00e4den am Produkt, die nicht auf den Transport zur\u00fcckzuf\u00fchren sind.<\/li>\n<\/ul>\n<p>ulissequalityshop.com wird innerhalb von 15 Tagen den Auftrag zur R\u00fcckerstattung der Kosten f\u00fcr die versandte Ware \u00fcbermitteln.<\/p>\n<p>Ulissequalityshop.com lehnt folglich alle Produkte ab, die unverpackt zur\u00fcckgeschickt werden, sowie Produkte, f\u00fcr die der Kunde die R\u00fccksendekosten nicht bereits vollst\u00e4ndig bezahlt hat.<\/td>\n<\/tr>\n<\/tbody>\n<\/table>\n<\/td>\n<\/tr>\n<\/tbody>\n<\/table>\n","protected":false},"excerpt":{"rendered":"<p>Versand, Lieferung und R\u00fcckgabe Verpackung der Waren Ulisse Quality Shop garantiert h\u00f6chste Sorgfalt und Professionalit\u00e4t bei der Verpackung der Produkte, um das Risiko einer Besch\u00e4digung der Ware zu minimieren. Ulisse Quality Shop, mit dem Hauptziel, die Umwelt durch die Vermeidung von unn\u00f6tigem Abfall zu sch\u00fctzen, wird recycelte und\/oder gebrauchte Kartons f\u00fcr den Versand seiner Produkte [&hellip;]<\/p>\n","protected":false},"author":1,"featured_media":0,"parent":0,"menu_order":0,"comment_status":"closed","ping_status":"closed","template":"","meta":{"_et_pb_use_builder":"","_et_pb_old_content":"","_et_gb_content_width":"","footnotes":""},"class_list":["post-17496","page","type-page","status-publish","hentry"],"yoast_head":"<!-- This site is optimized with the Yoast SEO plugin v26.7 - https:\/\/yoast.com\/wordpress\/plugins\/seo\/ -->\n<title>Versand und R\u00fcckgabe<\/title>\n<meta name=\"description\" content=\"Detaillierte Informationen zum Versand und zur R\u00fcckgabe von Waren\" \/>\n<meta name=\"robots\" content=\"index, follow, max-snippet:-1, max-image-preview:large, max-video-preview:-1\" \/>\n<link rel=\"canonical\" href=\"https:\/\/www.ulissequalityshop.com\/de\/versand-und-rueckgabe\/\" \/>\n<meta property=\"og:locale\" content=\"de_DE\" \/>\n<meta property=\"og:type\" content=\"article\" \/>\n<meta property=\"og:title\" content=\"Versand und R\u00fcckgabe\" \/>\n<meta property=\"og:description\" content=\"Detaillierte Informationen zum Versand und zur R\u00fcckgabe von Waren\" \/>\n<meta property=\"og:url\" content=\"https:\/\/www.ulissequalityshop.com\/de\/versand-und-rueckgabe\/\" \/>\n<meta property=\"og:site_name\" content=\"Ulisse Quality Shop\" \/>\n<meta property=\"article:publisher\" content=\"https:\/\/www.facebook.com\/ulissequalityshop\/\" \/>\n<meta name=\"twitter:card\" content=\"summary_large_image\" \/>\n<meta name=\"twitter:site\" content=\"@UlisseQualoitySh\" \/>\n<meta name=\"twitter:label1\" content=\"Gesch\u00e4tzte Lesezeit\" \/>\n\t<meta name=\"twitter:data1\" content=\"7\u00a0Minuten\" \/>\n<script type=\"application\/ld+json\" class=\"yoast-schema-graph\">{\"@context\":\"https:\/\/schema.org\",\"@graph\":[{\"@type\":\"WebPage\",\"@id\":\"https:\/\/www.ulissequalityshop.com\/de\/versand-und-rueckgabe\/\",\"url\":\"https:\/\/www.ulissequalityshop.com\/de\/versand-und-rueckgabe\/\",\"name\":\"Versand und R\u00fcckgabe\",\"isPartOf\":{\"@id\":\"https:\/\/www.ulissequalityshop.com\/de\/#website\"},\"datePublished\":\"2016-06-19T07:33:40+00:00\",\"description\":\"Detaillierte Informationen zum Versand und zur R\u00fcckgabe von Waren\",\"breadcrumb\":{\"@id\":\"https:\/\/www.ulissequalityshop.com\/de\/versand-und-rueckgabe\/#breadcrumb\"},\"inLanguage\":\"de\",\"potentialAction\":[{\"@type\":\"ReadAction\",\"target\":[\"https:\/\/www.ulissequalityshop.com\/de\/versand-und-rueckgabe\/\"]}]},{\"@type\":\"BreadcrumbList\",\"@id\":\"https:\/\/www.ulissequalityshop.com\/de\/versand-und-rueckgabe\/#breadcrumb\",\"itemListElement\":[{\"@type\":\"ListItem\",\"position\":1,\"name\":\"Start\",\"item\":\"https:\/\/www.ulissequalityshop.com\/de\/\"},{\"@type\":\"ListItem\",\"position\":2,\"name\":\"Versand und R\u00fcckgabe\"}]},{\"@type\":\"WebSite\",\"@id\":\"https:\/\/www.ulissequalityshop.com\/de\/#website\",\"url\":\"https:\/\/www.ulissequalityshop.com\/de\/\",\"name\":\"Ulisse Quality Shop\",\"description\":\"Tutto per i tuoi pets\",\"potentialAction\":[{\"@type\":\"SearchAction\",\"target\":{\"@type\":\"EntryPoint\",\"urlTemplate\":\"https:\/\/www.ulissequalityshop.com\/de\/?s={search_term_string}\"},\"query-input\":{\"@type\":\"PropertyValueSpecification\",\"valueRequired\":true,\"valueName\":\"search_term_string\"}}],\"inLanguage\":\"de\"}]}<\/script>\n<!-- \/ Yoast SEO plugin. -->","yoast_head_json":{"title":"Versand und R\u00fcckgabe","description":"Detaillierte Informationen zum Versand und zur R\u00fcckgabe von Waren","robots":{"index":"index","follow":"follow","max-snippet":"max-snippet:-1","max-image-preview":"max-image-preview:large","max-video-preview":"max-video-preview:-1"},"canonical":"https:\/\/www.ulissequalityshop.com\/de\/versand-und-rueckgabe\/","og_locale":"de_DE","og_type":"article","og_title":"Versand und R\u00fcckgabe","og_description":"Detaillierte Informationen zum Versand und zur R\u00fcckgabe von Waren","og_url":"https:\/\/www.ulissequalityshop.com\/de\/versand-und-rueckgabe\/","og_site_name":"Ulisse Quality Shop","article_publisher":"https:\/\/www.facebook.com\/ulissequalityshop\/","twitter_card":"summary_large_image","twitter_site":"@UlisseQualoitySh","twitter_misc":{"Gesch\u00e4tzte Lesezeit":"7\u00a0Minuten"},"schema":{"@context":"https:\/\/schema.org","@graph":[{"@type":"WebPage","@id":"https:\/\/www.ulissequalityshop.com\/de\/versand-und-rueckgabe\/","url":"https:\/\/www.ulissequalityshop.com\/de\/versand-und-rueckgabe\/","name":"Versand und R\u00fcckgabe","isPartOf":{"@id":"https:\/\/www.ulissequalityshop.com\/de\/#website"},"datePublished":"2016-06-19T07:33:40+00:00","description":"Detaillierte Informationen zum Versand und zur R\u00fcckgabe von Waren","breadcrumb":{"@id":"https:\/\/www.ulissequalityshop.com\/de\/versand-und-rueckgabe\/#breadcrumb"},"inLanguage":"de","potentialAction":[{"@type":"ReadAction","target":["https:\/\/www.ulissequalityshop.com\/de\/versand-und-rueckgabe\/"]}]},{"@type":"BreadcrumbList","@id":"https:\/\/www.ulissequalityshop.com\/de\/versand-und-rueckgabe\/#breadcrumb","itemListElement":[{"@type":"ListItem","position":1,"name":"Start","item":"https:\/\/www.ulissequalityshop.com\/de\/"},{"@type":"ListItem","position":2,"name":"Versand und R\u00fcckgabe"}]},{"@type":"WebSite","@id":"https:\/\/www.ulissequalityshop.com\/de\/#website","url":"https:\/\/www.ulissequalityshop.com\/de\/","name":"Ulisse Quality Shop","description":"Tutto per i tuoi pets","potentialAction":[{"@type":"SearchAction","target":{"@type":"EntryPoint","urlTemplate":"https:\/\/www.ulissequalityshop.com\/de\/?s={search_term_string}"},"query-input":{"@type":"PropertyValueSpecification","valueRequired":true,"valueName":"search_term_string"}}],"inLanguage":"de"}]}},"jetpack_sharing_enabled":true,"_links":{"self":[{"href":"https:\/\/www.ulissequalityshop.com\/de\/wp-json\/wp\/v2\/pages\/17496","targetHints":{"allow":["GET"]}}],"collection":[{"href":"https:\/\/www.ulissequalityshop.com\/de\/wp-json\/wp\/v2\/pages"}],"about":[{"href":"https:\/\/www.ulissequalityshop.com\/de\/wp-json\/wp\/v2\/types\/page"}],"author":[{"embeddable":true,"href":"https:\/\/www.ulissequalityshop.com\/de\/wp-json\/wp\/v2\/users\/1"}],"replies":[{"embeddable":true,"href":"https:\/\/www.ulissequalityshop.com\/de\/wp-json\/wp\/v2\/comments?post=17496"}],"version-history":[{"count":0,"href":"https:\/\/www.ulissequalityshop.com\/de\/wp-json\/wp\/v2\/pages\/17496\/revisions"}],"wp:attachment":[{"href":"https:\/\/www.ulissequalityshop.com\/de\/wp-json\/wp\/v2\/media?parent=17496"}],"curies":[{"name":"wp","href":"https:\/\/api.w.org\/{rel}","templated":true}]}}