{"id":17467,"date":"2017-03-05T13:15:33","date_gmt":"2017-03-05T12:15:33","guid":{"rendered":"https:\/\/www.ulissequalityshop.com\/prodotto\/camon-neemstop-natuerliches-pestizid\/"},"modified":"2017-03-05T13:15:33","modified_gmt":"2017-03-05T12:15:33","slug":"camon-neemstop-natuerliches-pestizid","status":"publish","type":"product","link":"https:\/\/www.ulissequalityshop.com\/de\/prodotto\/camon-neemstop-natuerliches-pestizid\/","title":{"rendered":"Camon Neemstop Nat\u00fcrliches Pestizid"},"content":{"rendered":"<p><strong>Camon Neemstop Antiparasitic Natural <\/strong> <strong>Protection Line<\/strong> unterst\u00fctzt die Verdauung und ist auch gegen Darmparasiten wirksam.<\/p>\n<p><strong>Camon Neemstop <\/strong>ist eine leckere Paste, die sehr schmackhaft ist und <strong>sowohl von Hunden als auch von Katzen gerne<\/strong> gefressen wird. Sie st\u00f6rt nicht, sondern <strong>unterst\u00fctzt die normale bakterielle Darmflora und wirkt bei der Verdauung mit<\/strong>, wobei sie auch eine ung\u00fcnstige Situation f\u00fcr die Ansiedlung von Parasiten im Darm schafft.<br \/>\nEnth\u00e4lt Trockenextrakt aus Neem-Bl\u00e4ttern, Rizinus\u00f6l, Sojalecithin, Extrakte aus Papaya, Ananas, Grapefruitkernen, Malve und Knoblauch.<\/p>\n<h2><strong>Camon Neemstop Nat\u00fcrliches Pestizid, Eigenschaften:<\/strong><\/h2>\n<ul>\n<li>unterst\u00fctzt die normale Bakterienflora des Darms,<\/li>\n<li>arbeitet mit der Verdauung zusammen<\/li>\n<li>schafft eine ung\u00fcnstige Situation f\u00fcr das Fortbestehen von Darmparasiten<\/li>\n<\/ul>\n<h3><strong>Art der Anwendung:<\/strong><\/h3>\n<ul>\n<li>F\u00fcgen Sie das Produkt der t\u00e4glichen Futterration hinzu.<\/li>\n<li>Es ist jedoch ratsam, sie vor einer Mahlzeit einzunehmen.<\/li>\n<li>Erg\u00e4nzen Sie die t\u00e4gliche Ration mit dem \u00fcblichen Futter.<\/li>\n<\/ul>\n<h4><strong>T\u00e4gliche Ration:<\/strong><\/h4>\n<ul>\n<li>Welpen von Hunden und Katzen: eine halbe Spritze pro Tag f\u00fcr 2 Tage;<\/li>\n<li>Erwachsene Hunde:\n<ul>\n<li>bis zu 10 kg: 1 Spritze pro Tag f\u00fcr 1 Tag;<\/li>\n<li>bis zu 30 kg: 1 Spritze pro Tag f\u00fcr 2 Tage;<\/li>\n<li>\u00fcber 30 kg: 2 Spritzen pro Tag f\u00fcr 2 Tage.<\/li>\n<\/ul>\n<\/li>\n<\/ul>\n<p>Wiederholte Anwendung und t\u00e4gliche Ration nach 7 Tagen.<\/p>\n<h3><strong>Zusammensetzung:<\/strong><\/h3>\n<p>Hydrolysiertes Gerstenmalz, Maltodextrine, Rizinus\u00f6l, Soja\u00f6l, Erzeugnisse aus der Verarbeitung getrockneter Pflanzen (Grapefruit 0,07%, Ananas 0,05%)<\/p>\n<p><strong>Ern\u00e4hrungsphysiologische Zusatzstoffe:<\/strong> 3a700 Vitamin E\/tut-rac-alpha-Tocopherylacetat 2500 mg\/kg, Vitamin B1\/Thiaminhydrochlorid 600 mg\/kg, Vitamin B2\/Riboflavin-5&#8242;-phosphat-Mononatriumester 1000 mg\/kg, Vitamin B6\/Pyridoxinchlorid 600 mg\/kg, Vitamin B12\/Cyanocobalamin 1 mg\/kg, Calcium-D-Pantothenat 500 mg\/kg, Vitamin PP (Nicotins\u00e4ure) 1000 mg\/kg<\/p>\n<p><strong>Organoleptische Zusatzstoffe:<\/strong> Naturprodukte &#8211; botanisch definiert, Carica papaya 300 mg\/kg, Alium sativum 300 mg\/kg, Malva silvestris 100 mg\/kg, Azadirachta indica (Neem) 50 mg\/kg.<\/p>\n<p><strong>Analytische Bestandteile: <\/strong>Rohprotein 1,0%, Roh\u00f6le und -fette 15,9%, Rohzellulose 1,0%, Rohasche 1,0%, Natrium 0,5%.<\/p>\n<p><strong>Verpackung: 10-Gramm-Spritze<\/strong><\/p>\n<p><strong>Geeignet f\u00fcr Hunde und Katzen<\/strong><\/p>\n<p>&nbsp;<\/p>\n","protected":false},"excerpt":{"rendered":"<p><strong>Camon Neemstop Natural Antiparasitic<\/strong> f\u00f6rdert die Verdauung und ist auch gegen Darmparasiten wirksam. <strong>Camon Neemstop <\/strong>ist eine k\u00f6stliche Paste, die sehr schmackhaft ist und <strong>sowohl von Hunden als auch von Katzen genossen wird<\/strong>.<\/p>\n<p><strong>Verpackung: 10-Gramm-Spritze<\/strong><\/p>\n","protected":false},"featured_media":17468,"comment_status":"open","ping_status":"closed","template":"","meta":{"_et_pb_use_builder":"","_et_pb_old_content":"","_et_gb_content_width":""},"pwb-brand":[1127,1124],"product_brand":[],"product_cat":[2288,2289,2293,2267],"product_tag":[2294,2295,2291,2290,2296,2297],"woo-feed-brand":[1888],"class_list":{"0":"post-17467","1":"product","2":"type-product","3":"status-publish","4":"has-post-thumbnail","6":"pwb-brand-camon","7":"pwb-brand-orme-naturali","8":"product_cat-katzen","9":"product_cat-pestizide-fur-hunde","10":"product_cat-pestizide-fur-katzen","11":"product_cat-hunde","12":"product_tag-erganzungsfuttermittel","13":"product_tag-linie-protection","14":"product_tag-pestizid","15":"product_tag-pestizide","16":"product_tag-ptotection-linie","17":"product_tag-wellness-linie","18":"product_shipping_class-0-3-kg-de","19":"woo-feed-brand-camon","21":"first","22":"instock","23":"sale","24":"taxable","25":"shipping-taxable","26":"purchasable","27":"product-type-simple"},"yoast_head":"<!-- This site is optimized with the Yoast SEO plugin v26.7 - https:\/\/yoast.com\/wordpress\/plugins\/seo\/ -->\n<title>Camon Neemstop Nat\u00fcrliches Pestizid - Ulisse Quality Shop<\/title>\n<meta name=\"description\" content=\"Camon Neemstop Natural Antiparasitic ist eine Verdauungshilfe, die auch gegen Darmparasiten wirkt und f\u00fcr Hunde und Katzen geeignet ist\" \/>\n<meta name=\"robots\" content=\"index, follow, max-snippet:-1, max-image-preview:large, max-video-preview:-1\" \/>\n<link rel=\"canonical\" href=\"https:\/\/www.ulissequalityshop.com\/de\/prodotto\/camon-neemstop-natuerliches-pestizid\/\" \/>\n<meta property=\"og:locale\" content=\"de_DE\" \/>\n<meta property=\"og:type\" content=\"article\" \/>\n<meta property=\"og:title\" content=\"Camon Neemstop Nat\u00fcrliches Pestizid - Ulisse Quality Shop\" \/>\n<meta property=\"og:description\" content=\"Camon Neemstop Natural Antiparasitic ist eine Verdauungshilfe, die auch gegen Darmparasiten wirkt und f\u00fcr Hunde und Katzen geeignet ist\" \/>\n<meta property=\"og:url\" content=\"https:\/\/www.ulissequalityshop.com\/de\/prodotto\/camon-neemstop-natuerliches-pestizid\/\" \/>\n<meta property=\"og:site_name\" content=\"Ulisse Quality Shop\" \/>\n<meta property=\"article:publisher\" content=\"https:\/\/www.facebook.com\/ulissequalityshop\/\" \/>\n<meta property=\"og:image\" content=\"https:\/\/www.ulissequalityshop.com\/wp-content\/uploads\/2017\/03\/camon-neemstop.jpg\" \/>\n\t<meta property=\"og:image:width\" content=\"1200\" \/>\n\t<meta property=\"og:image:height\" content=\"1200\" \/>\n\t<meta property=\"og:image:type\" content=\"image\/jpeg\" \/>\n<meta name=\"twitter:card\" content=\"summary_large_image\" \/>\n<meta name=\"twitter:site\" content=\"@UlisseQualoitySh\" \/>\n<meta name=\"twitter:label1\" content=\"Gesch\u00e4tzte Lesezeit\" \/>\n\t<meta name=\"twitter:data1\" content=\"1\u00a0Minute\" \/>\n<script type=\"application\/ld+json\" class=\"yoast-schema-graph\">{\"@context\":\"https:\/\/schema.org\",\"@graph\":[{\"@type\":\"WebPage\",\"@id\":\"https:\/\/www.ulissequalityshop.com\/de\/prodotto\/camon-neemstop-natuerliches-pestizid\/\",\"url\":\"https:\/\/www.ulissequalityshop.com\/de\/prodotto\/camon-neemstop-natuerliches-pestizid\/\",\"name\":\"Camon Neemstop Nat\u00fcrliches Pestizid - Ulisse Quality Shop\",\"isPartOf\":{\"@id\":\"https:\/\/www.ulissequalityshop.com\/de\/#website\"},\"primaryImageOfPage\":{\"@id\":\"https:\/\/www.ulissequalityshop.com\/de\/prodotto\/camon-neemstop-natuerliches-pestizid\/#primaryimage\"},\"image\":{\"@id\":\"https:\/\/www.ulissequalityshop.com\/de\/prodotto\/camon-neemstop-natuerliches-pestizid\/#primaryimage\"},\"thumbnailUrl\":\"https:\/\/i0.wp.com\/www.ulissequalityshop.com\/wp-content\/uploads\/2017\/03\/camon-neemstop.jpg?fit=1200%2C1200&ssl=1\",\"datePublished\":\"2017-03-05T12:15:33+00:00\",\"description\":\"Camon Neemstop Natural Antiparasitic ist eine Verdauungshilfe, die auch gegen Darmparasiten wirkt und f\u00fcr Hunde und Katzen geeignet ist\",\"breadcrumb\":{\"@id\":\"https:\/\/www.ulissequalityshop.com\/de\/prodotto\/camon-neemstop-natuerliches-pestizid\/#breadcrumb\"},\"inLanguage\":\"de\",\"potentialAction\":[{\"@type\":\"ReadAction\",\"target\":[\"https:\/\/www.ulissequalityshop.com\/de\/prodotto\/camon-neemstop-natuerliches-pestizid\/\"]}]},{\"@type\":\"ImageObject\",\"inLanguage\":\"de\",\"@id\":\"https:\/\/www.ulissequalityshop.com\/de\/prodotto\/camon-neemstop-natuerliches-pestizid\/#primaryimage\",\"url\":\"https:\/\/i0.wp.com\/www.ulissequalityshop.com\/wp-content\/uploads\/2017\/03\/camon-neemstop.jpg?fit=1200%2C1200&ssl=1\",\"contentUrl\":\"https:\/\/i0.wp.com\/www.ulissequalityshop.com\/wp-content\/uploads\/2017\/03\/camon-neemstop.jpg?fit=1200%2C1200&ssl=1\",\"width\":1200,\"height\":1200,\"caption\":\"Camon Nemastop Antiparassitario Naturale\"},{\"@type\":\"BreadcrumbList\",\"@id\":\"https:\/\/www.ulissequalityshop.com\/de\/prodotto\/camon-neemstop-natuerliches-pestizid\/#breadcrumb\",\"itemListElement\":[{\"@type\":\"ListItem\",\"position\":1,\"name\":\"Start\",\"item\":\"https:\/\/www.ulissequalityshop.com\/de\/\"},{\"@type\":\"ListItem\",\"position\":2,\"name\":\"Ulisse Quality Shop\",\"item\":\"https:\/\/www.ulissequalityshop.com\/\"},{\"@type\":\"ListItem\",\"position\":3,\"name\":\"Camon Neemstop Nat\u00fcrliches Pestizid\"}]},{\"@type\":\"WebSite\",\"@id\":\"https:\/\/www.ulissequalityshop.com\/de\/#website\",\"url\":\"https:\/\/www.ulissequalityshop.com\/de\/\",\"name\":\"Ulisse Quality Shop\",\"description\":\"Tutto per i tuoi pets\",\"potentialAction\":[{\"@type\":\"SearchAction\",\"target\":{\"@type\":\"EntryPoint\",\"urlTemplate\":\"https:\/\/www.ulissequalityshop.com\/de\/?s={search_term_string}\"},\"query-input\":{\"@type\":\"PropertyValueSpecification\",\"valueRequired\":true,\"valueName\":\"search_term_string\"}}],\"inLanguage\":\"de\"}]}<\/script>\n<!-- \/ Yoast SEO plugin. -->","yoast_head_json":{"title":"Camon Neemstop Nat\u00fcrliches Pestizid - Ulisse Quality Shop","description":"Camon Neemstop Natural Antiparasitic ist eine Verdauungshilfe, die auch gegen Darmparasiten wirkt und f\u00fcr Hunde und Katzen geeignet ist","robots":{"index":"index","follow":"follow","max-snippet":"max-snippet:-1","max-image-preview":"max-image-preview:large","max-video-preview":"max-video-preview:-1"},"canonical":"https:\/\/www.ulissequalityshop.com\/de\/prodotto\/camon-neemstop-natuerliches-pestizid\/","og_locale":"de_DE","og_type":"article","og_title":"Camon Neemstop Nat\u00fcrliches Pestizid - Ulisse Quality Shop","og_description":"Camon Neemstop Natural Antiparasitic ist eine Verdauungshilfe, die auch gegen Darmparasiten wirkt und f\u00fcr Hunde und Katzen geeignet ist","og_url":"https:\/\/www.ulissequalityshop.com\/de\/prodotto\/camon-neemstop-natuerliches-pestizid\/","og_site_name":"Ulisse Quality Shop","article_publisher":"https:\/\/www.facebook.com\/ulissequalityshop\/","og_image":[{"width":1200,"height":1200,"url":"https:\/\/www.ulissequalityshop.com\/wp-content\/uploads\/2017\/03\/camon-neemstop.jpg","type":"image\/jpeg"}],"twitter_card":"summary_large_image","twitter_site":"@UlisseQualoitySh","twitter_misc":{"Gesch\u00e4tzte Lesezeit":"1\u00a0Minute"},"schema":{"@context":"https:\/\/schema.org","@graph":[{"@type":"WebPage","@id":"https:\/\/www.ulissequalityshop.com\/de\/prodotto\/camon-neemstop-natuerliches-pestizid\/","url":"https:\/\/www.ulissequalityshop.com\/de\/prodotto\/camon-neemstop-natuerliches-pestizid\/","name":"Camon Neemstop Nat\u00fcrliches Pestizid - Ulisse Quality Shop","isPartOf":{"@id":"https:\/\/www.ulissequalityshop.com\/de\/#website"},"primaryImageOfPage":{"@id":"https:\/\/www.ulissequalityshop.com\/de\/prodotto\/camon-neemstop-natuerliches-pestizid\/#primaryimage"},"image":{"@id":"https:\/\/www.ulissequalityshop.com\/de\/prodotto\/camon-neemstop-natuerliches-pestizid\/#primaryimage"},"thumbnailUrl":"https:\/\/i0.wp.com\/www.ulissequalityshop.com\/wp-content\/uploads\/2017\/03\/camon-neemstop.jpg?fit=1200%2C1200&ssl=1","datePublished":"2017-03-05T12:15:33+00:00","description":"Camon Neemstop Natural Antiparasitic ist eine Verdauungshilfe, die auch gegen Darmparasiten wirkt und f\u00fcr Hunde und Katzen geeignet ist","breadcrumb":{"@id":"https:\/\/www.ulissequalityshop.com\/de\/prodotto\/camon-neemstop-natuerliches-pestizid\/#breadcrumb"},"inLanguage":"de","potentialAction":[{"@type":"ReadAction","target":["https:\/\/www.ulissequalityshop.com\/de\/prodotto\/camon-neemstop-natuerliches-pestizid\/"]}]},{"@type":"ImageObject","inLanguage":"de","@id":"https:\/\/www.ulissequalityshop.com\/de\/prodotto\/camon-neemstop-natuerliches-pestizid\/#primaryimage","url":"https:\/\/i0.wp.com\/www.ulissequalityshop.com\/wp-content\/uploads\/2017\/03\/camon-neemstop.jpg?fit=1200%2C1200&ssl=1","contentUrl":"https:\/\/i0.wp.com\/www.ulissequalityshop.com\/wp-content\/uploads\/2017\/03\/camon-neemstop.jpg?fit=1200%2C1200&ssl=1","width":1200,"height":1200,"caption":"Camon Nemastop Antiparassitario Naturale"},{"@type":"BreadcrumbList","@id":"https:\/\/www.ulissequalityshop.com\/de\/prodotto\/camon-neemstop-natuerliches-pestizid\/#breadcrumb","itemListElement":[{"@type":"ListItem","position":1,"name":"Start","item":"https:\/\/www.ulissequalityshop.com\/de\/"},{"@type":"ListItem","position":2,"name":"Ulisse Quality Shop","item":"https:\/\/www.ulissequalityshop.com\/"},{"@type":"ListItem","position":3,"name":"Camon Neemstop Nat\u00fcrliches Pestizid"}]},{"@type":"WebSite","@id":"https:\/\/www.ulissequalityshop.com\/de\/#website","url":"https:\/\/www.ulissequalityshop.com\/de\/","name":"Ulisse Quality Shop","description":"Tutto per i tuoi pets","potentialAction":[{"@type":"SearchAction","target":{"@type":"EntryPoint","urlTemplate":"https:\/\/www.ulissequalityshop.com\/de\/?s={search_term_string}"},"query-input":{"@type":"PropertyValueSpecification","valueRequired":true,"valueName":"search_term_string"}}],"inLanguage":"de"}]}},"jetpack_sharing_enabled":true,"brands":[{"id":1127,"name":"Camon","slug":"camon"},{"id":1124,"name":"Orme Naturali","slug":"orme-naturali"}],"_links":{"self":[{"href":"https:\/\/www.ulissequalityshop.com\/de\/wp-json\/wp\/v2\/product\/17467","targetHints":{"allow":["GET"]}}],"collection":[{"href":"https:\/\/www.ulissequalityshop.com\/de\/wp-json\/wp\/v2\/product"}],"about":[{"href":"https:\/\/www.ulissequalityshop.com\/de\/wp-json\/wp\/v2\/types\/product"}],"replies":[{"embeddable":true,"href":"https:\/\/www.ulissequalityshop.com\/de\/wp-json\/wp\/v2\/comments?post=17467"}],"wp:featuredmedia":[{"embeddable":true,"href":"https:\/\/www.ulissequalityshop.com\/de\/wp-json\/wp\/v2\/media\/17468"}],"wp:attachment":[{"href":"https:\/\/www.ulissequalityshop.com\/de\/wp-json\/wp\/v2\/media?parent=17467"}],"wp:term":[{"taxonomy":"pwb-brand","embeddable":true,"href":"https:\/\/www.ulissequalityshop.com\/de\/wp-json\/wp\/v2\/pwb-brand?post=17467"},{"taxonomy":"product_brand","embeddable":true,"href":"https:\/\/www.ulissequalityshop.com\/de\/wp-json\/wp\/v2\/product_brand?post=17467"},{"taxonomy":"product_cat","embeddable":true,"href":"https:\/\/www.ulissequalityshop.com\/de\/wp-json\/wp\/v2\/product_cat?post=17467"},{"taxonomy":"product_tag","embeddable":true,"href":"https:\/\/www.ulissequalityshop.com\/de\/wp-json\/wp\/v2\/product_tag?post=17467"},{"taxonomy":"woo-feed-brand","embeddable":true,"href":"https:\/\/www.ulissequalityshop.com\/de\/wp-json\/wp\/v2\/woo-feed-brand?post=17467"}],"curies":[{"name":"wp","href":"https:\/\/api.w.org\/{rel}","templated":true}]}}