{"id":17474,"date":"2023-05-08T00:09:53","date_gmt":"2023-05-07T22:09:53","guid":{"rendered":"https:\/\/www.ulissequalityshop.com\/prodotto\/camon-neemstop-ulysses-multipack-antiparasitikum\/"},"modified":"2024-02-03T18:15:49","modified_gmt":"2024-02-03T17:15:49","slug":"camon-neemstop-ulysses-multipack-antiparasitikum","status":"publish","type":"product","link":"https:\/\/www.ulissequalityshop.com\/de\/prodotto\/camon-neemstop-ulysses-multipack-antiparasitikum\/","title":{"rendered":"Camon Neemstop Ulysses Multipack Antiparasitikum"},"content":{"rendered":"<p><strong>Camon Neemstop Ulisse Multipack Natural Antiparasitic <\/strong>aus der <strong>Protection Line<\/strong> ist eine Verdauungshilfe, die auch gegen Darmparasiten wirksam ist. Diese Ulysses-Edition ist unser Sparvorschlag<\/p>\n<p><strong>Camon Neemstop <\/strong>ist eine leckere Paste, die sehr schmackhaft ist und <strong>sowohl von Hunden als auch von Katzen gerne<\/strong> gefressen wird. Sie st\u00f6rt nicht, sondern <strong>unterst\u00fctzt die normale bakterielle Darmflora und wirkt bei der Verdauung mit<\/strong>, wobei sie auch eine ung\u00fcnstige Situation f\u00fcr die Ansiedlung von Parasiten im Darm schafft.<br \/>\nEnth\u00e4lt Trockenextrakt aus <strong>Neem<\/strong>-Bl\u00e4ttern, Rizinus\u00f6l, Sojalecithin, Extrakte aus Papaya, Ananas, Grapefruitkernen, Malve und Knoblauch.<\/p>\n<h2><strong>Camon Neemstop Ulisse Multipack, Merkmale:<\/strong><\/h2>\n<ul>\n<li>Multipack bestehend aus 3 St\u00fcck, <strong>3 Packungen im Sparpack<\/strong>.<\/li>\n<li>Geeignet f\u00fcr Hunde und Katzen.<\/li>\n<li>Format: Paste in 10-Gramm-Spritze.<\/li>\n<\/ul>\n<h3><strong>Art der Anwendung:<\/strong><\/h3>\n<ul>\n<li>F\u00fcgen Sie das Produkt der t\u00e4glichen Futterration hinzu.<\/li>\n<li>Es ist jedoch ratsam, sie vor einer Mahlzeit einzunehmen.<\/li>\n<li>Erg\u00e4nzen Sie die t\u00e4gliche Ration mit dem \u00fcblichen Futter.<\/li>\n<\/ul>\n<h4><strong>T\u00e4gliche Ration:<\/strong><\/h4>\n<ul>\n<li>Welpen von Hunden und Katzen: eine halbe Spritze pro Tag f\u00fcr 2 Tage;<\/li>\n<li>Erwachsene Hunde:\n<ul>\n<li>bis zu 10 kg: 1 Spritze pro Tag f\u00fcr 1 Tag;<\/li>\n<li>bis zu 30 kg: 1 Spritze pro Tag f\u00fcr 2 Tage;<\/li>\n<li>\u00fcber 30 kg: 2 Spritzen pro Tag f\u00fcr 2 Tage.<\/li>\n<\/ul>\n<\/li>\n<\/ul>\n<p>Wiederholte Anwendung und t\u00e4gliche Ration nach 7 Tagen.<\/p>\n<h4><strong>Zusammensetzung:<\/strong><\/h4>\n<p>Hydrolysiertes Gerstenmalz, Maltodextrine, Rizinus\u00f6l, Soja\u00f6l, Erzeugnisse aus der Verarbeitung getrockneter Pflanzen (Grapefruit 0,07%, Ananas 0,05%)<\/p>\n<h4><strong>Zusatzstoffe:<\/strong><\/h4>\n<p><strong>Ern\u00e4hrungsphysiologische Zusatzstoffe:<\/strong> 3a700 Vitamin E\/tut-rac-alpha-Tocopherylacetat 2500 mg\/kg, Vitamin B1\/Thiaminhydrochlorid 600 mg\/kg, Vitamin B2\/Riboflavin-5&#8242;-phosphat-Mononatriumester 1000 mg\/kg, Vitamin B6\/Pyridoxinchlorid 600 mg\/kg, Vitamin B12\/Cyanocobalamin 1 mg\/kg, Calcium-D-Pantothenat 500 mg\/kg, Vitamin PP (Nicotins\u00e4ure) 1000 mg\/kg<\/p>\n<p><strong>Organoleptische Zusatzstoffe:<\/strong> Naturprodukte &#8211; botanisch definiert, Carica papaya 300 mg\/kg, Alium sativum 300 mg\/kg, Malva silvestris 100 mg\/kg, Azadirachta indica (Neem) 50 mg\/kg.<\/p>\n<h4><strong>Analytische Komponenten:<\/strong><\/h4>\n<p>Rohprotein 1,0%, Roh\u00f6le und -fette 15,9%, Rohzellulose 1,0%, Rohasche 1,0%, Natrium 0,5%.<\/p>\n<p><strong>Verpackung: 3 Packungen Neemstop<\/strong><\/p>\n<p><strong>Geeignet f\u00fcr Hunde und Katzen<\/strong><\/p>\n<p>&nbsp;<\/p>\n","protected":false},"excerpt":{"rendered":"<p><strong>Camon Neemstop Ulisse Multipack Natural Antiparasitic<\/strong> ist eine Verdauungshilfe, die auch gegen Darmparasiten wirksam ist.<\/p>\n<p><strong>Protecion Neemstop <\/strong>ist eine k\u00f6stliche Paste, die sehr schmackhaft ist und <strong>sowohl von Hunden als auch von Katzen genossen wird<\/strong><\/p>\n<p><strong>Verpackung: 10-Gramm-Spritze<\/strong><\/p>\n","protected":false},"featured_media":14164,"comment_status":"open","ping_status":"closed","template":"","meta":{"_et_pb_use_builder":"","_et_pb_old_content":"","_et_gb_content_width":""},"pwb-brand":[1127,1124],"product_brand":[],"product_cat":[2288,2289,2293,2267],"product_tag":[2294,2295,2299,2291,2290,2296,2297],"woo-feed-brand":[1888],"class_list":{"0":"post-17474","1":"product","2":"type-product","3":"status-publish","4":"has-post-thumbnail","6":"pwb-brand-camon","7":"pwb-brand-orme-naturali","8":"product_cat-katzen","9":"product_cat-pestizide-fur-hunde","10":"product_cat-pestizide-fur-katzen","11":"product_cat-hunde","12":"product_tag-erganzungsfuttermittel","13":"product_tag-linie-protection","14":"product_tag-mehrfachpackung","15":"product_tag-pestizid","16":"product_tag-pestizide","17":"product_tag-ptotection-linie","18":"product_tag-wellness-linie","19":"product_shipping_class-0-3-kg-de","20":"woo-feed-brand-camon","22":"first","23":"instock","24":"sale","25":"taxable","26":"shipping-taxable","27":"purchasable","28":"product-type-simple"},"yoast_head":"<!-- This site is optimized with the Yoast SEO plugin v26.7 - https:\/\/yoast.com\/wordpress\/plugins\/seo\/ -->\n<title>Camon Neemstop Ulysses Multipack Antiparasitikum - Ulisse Quality Shop<\/title>\n<meta name=\"description\" content=\"Camon Neemstop Ulisse Multipack ist eine Verdauungshilfe, die auch gegen Darmparasiten wirkt und f\u00fcr Hunde und Katzen geeignet ist. Erfahren Sie mehr.\" \/>\n<meta name=\"robots\" content=\"index, follow, max-snippet:-1, max-image-preview:large, max-video-preview:-1\" \/>\n<link rel=\"canonical\" href=\"https:\/\/www.ulissequalityshop.com\/de\/prodotto\/camon-neemstop-ulysses-multipack-antiparasitikum\/\" \/>\n<meta property=\"og:locale\" content=\"de_DE\" \/>\n<meta property=\"og:type\" content=\"article\" \/>\n<meta property=\"og:title\" content=\"Camon Neemstop Ulysses Multipack Antiparasitikum - Ulisse Quality Shop\" \/>\n<meta property=\"og:description\" content=\"Camon Neemstop Ulisse Multipack ist eine Verdauungshilfe, die auch gegen Darmparasiten wirkt und f\u00fcr Hunde und Katzen geeignet ist. Erfahren Sie mehr.\" \/>\n<meta property=\"og:url\" content=\"https:\/\/www.ulissequalityshop.com\/de\/prodotto\/camon-neemstop-ulysses-multipack-antiparasitikum\/\" \/>\n<meta property=\"og:site_name\" content=\"Ulisse Quality Shop\" \/>\n<meta property=\"article:publisher\" content=\"https:\/\/www.facebook.com\/ulissequalityshop\/\" \/>\n<meta property=\"article:modified_time\" content=\"2024-02-03T17:15:49+00:00\" \/>\n<meta property=\"og:image\" content=\"https:\/\/www.ulissequalityshop.com\/wp-content\/uploads\/2017\/03\/ulisse-neemstop-multipack-3.png\" \/>\n\t<meta property=\"og:image:width\" content=\"1200\" \/>\n\t<meta property=\"og:image:height\" content=\"1200\" \/>\n\t<meta property=\"og:image:type\" content=\"image\/png\" \/>\n<meta name=\"twitter:card\" content=\"summary_large_image\" \/>\n<meta name=\"twitter:site\" content=\"@UlisseQualoitySh\" \/>\n<meta name=\"twitter:label1\" content=\"Gesch\u00e4tzte Lesezeit\" \/>\n\t<meta name=\"twitter:data1\" content=\"2\u00a0Minuten\" \/>\n<script type=\"application\/ld+json\" class=\"yoast-schema-graph\">{\"@context\":\"https:\/\/schema.org\",\"@graph\":[{\"@type\":\"WebPage\",\"@id\":\"https:\/\/www.ulissequalityshop.com\/de\/prodotto\/camon-neemstop-ulysses-multipack-antiparasitikum\/\",\"url\":\"https:\/\/www.ulissequalityshop.com\/de\/prodotto\/camon-neemstop-ulysses-multipack-antiparasitikum\/\",\"name\":\"Camon Neemstop Ulysses Multipack Antiparasitikum - Ulisse Quality Shop\",\"isPartOf\":{\"@id\":\"https:\/\/www.ulissequalityshop.com\/de\/#website\"},\"primaryImageOfPage\":{\"@id\":\"https:\/\/www.ulissequalityshop.com\/de\/prodotto\/camon-neemstop-ulysses-multipack-antiparasitikum\/#primaryimage\"},\"image\":{\"@id\":\"https:\/\/www.ulissequalityshop.com\/de\/prodotto\/camon-neemstop-ulysses-multipack-antiparasitikum\/#primaryimage\"},\"thumbnailUrl\":\"https:\/\/i0.wp.com\/www.ulissequalityshop.com\/wp-content\/uploads\/2017\/03\/ulisse-neemstop-multipack-3.png?fit=1200%2C1200&ssl=1\",\"datePublished\":\"2023-05-07T22:09:53+00:00\",\"dateModified\":\"2024-02-03T17:15:49+00:00\",\"description\":\"Camon Neemstop Ulisse Multipack ist eine Verdauungshilfe, die auch gegen Darmparasiten wirkt und f\u00fcr Hunde und Katzen geeignet ist. Erfahren Sie mehr.\",\"breadcrumb\":{\"@id\":\"https:\/\/www.ulissequalityshop.com\/de\/prodotto\/camon-neemstop-ulysses-multipack-antiparasitikum\/#breadcrumb\"},\"inLanguage\":\"de\",\"potentialAction\":[{\"@type\":\"ReadAction\",\"target\":[\"https:\/\/www.ulissequalityshop.com\/de\/prodotto\/camon-neemstop-ulysses-multipack-antiparasitikum\/\"]}]},{\"@type\":\"ImageObject\",\"inLanguage\":\"de\",\"@id\":\"https:\/\/www.ulissequalityshop.com\/de\/prodotto\/camon-neemstop-ulysses-multipack-antiparasitikum\/#primaryimage\",\"url\":\"https:\/\/i0.wp.com\/www.ulissequalityshop.com\/wp-content\/uploads\/2017\/03\/ulisse-neemstop-multipack-3.png?fit=1200%2C1200&ssl=1\",\"contentUrl\":\"https:\/\/i0.wp.com\/www.ulissequalityshop.com\/wp-content\/uploads\/2017\/03\/ulisse-neemstop-multipack-3.png?fit=1200%2C1200&ssl=1\",\"width\":1200,\"height\":1200,\"caption\":\"Camon Neemstop Ulisse Multipack\"},{\"@type\":\"BreadcrumbList\",\"@id\":\"https:\/\/www.ulissequalityshop.com\/de\/prodotto\/camon-neemstop-ulysses-multipack-antiparasitikum\/#breadcrumb\",\"itemListElement\":[{\"@type\":\"ListItem\",\"position\":1,\"name\":\"Start\",\"item\":\"https:\/\/www.ulissequalityshop.com\/de\/\"},{\"@type\":\"ListItem\",\"position\":2,\"name\":\"Ulisse Quality Shop\",\"item\":\"https:\/\/www.ulissequalityshop.com\/\"},{\"@type\":\"ListItem\",\"position\":3,\"name\":\"Camon Neemstop Ulysses Multipack Antiparasitikum\"}]},{\"@type\":\"WebSite\",\"@id\":\"https:\/\/www.ulissequalityshop.com\/de\/#website\",\"url\":\"https:\/\/www.ulissequalityshop.com\/de\/\",\"name\":\"Ulisse Quality Shop\",\"description\":\"Tutto per i tuoi pets\",\"potentialAction\":[{\"@type\":\"SearchAction\",\"target\":{\"@type\":\"EntryPoint\",\"urlTemplate\":\"https:\/\/www.ulissequalityshop.com\/de\/?s={search_term_string}\"},\"query-input\":{\"@type\":\"PropertyValueSpecification\",\"valueRequired\":true,\"valueName\":\"search_term_string\"}}],\"inLanguage\":\"de\"}]}<\/script>\n<!-- \/ Yoast SEO plugin. -->","yoast_head_json":{"title":"Camon Neemstop Ulysses Multipack Antiparasitikum - Ulisse Quality Shop","description":"Camon Neemstop Ulisse Multipack ist eine Verdauungshilfe, die auch gegen Darmparasiten wirkt und f\u00fcr Hunde und Katzen geeignet ist. Erfahren Sie mehr.","robots":{"index":"index","follow":"follow","max-snippet":"max-snippet:-1","max-image-preview":"max-image-preview:large","max-video-preview":"max-video-preview:-1"},"canonical":"https:\/\/www.ulissequalityshop.com\/de\/prodotto\/camon-neemstop-ulysses-multipack-antiparasitikum\/","og_locale":"de_DE","og_type":"article","og_title":"Camon Neemstop Ulysses Multipack Antiparasitikum - Ulisse Quality Shop","og_description":"Camon Neemstop Ulisse Multipack ist eine Verdauungshilfe, die auch gegen Darmparasiten wirkt und f\u00fcr Hunde und Katzen geeignet ist. Erfahren Sie mehr.","og_url":"https:\/\/www.ulissequalityshop.com\/de\/prodotto\/camon-neemstop-ulysses-multipack-antiparasitikum\/","og_site_name":"Ulisse Quality Shop","article_publisher":"https:\/\/www.facebook.com\/ulissequalityshop\/","article_modified_time":"2024-02-03T17:15:49+00:00","og_image":[{"width":1200,"height":1200,"url":"https:\/\/www.ulissequalityshop.com\/wp-content\/uploads\/2017\/03\/ulisse-neemstop-multipack-3.png","type":"image\/png"}],"twitter_card":"summary_large_image","twitter_site":"@UlisseQualoitySh","twitter_misc":{"Gesch\u00e4tzte Lesezeit":"2\u00a0Minuten"},"schema":{"@context":"https:\/\/schema.org","@graph":[{"@type":"WebPage","@id":"https:\/\/www.ulissequalityshop.com\/de\/prodotto\/camon-neemstop-ulysses-multipack-antiparasitikum\/","url":"https:\/\/www.ulissequalityshop.com\/de\/prodotto\/camon-neemstop-ulysses-multipack-antiparasitikum\/","name":"Camon Neemstop Ulysses Multipack Antiparasitikum - Ulisse Quality Shop","isPartOf":{"@id":"https:\/\/www.ulissequalityshop.com\/de\/#website"},"primaryImageOfPage":{"@id":"https:\/\/www.ulissequalityshop.com\/de\/prodotto\/camon-neemstop-ulysses-multipack-antiparasitikum\/#primaryimage"},"image":{"@id":"https:\/\/www.ulissequalityshop.com\/de\/prodotto\/camon-neemstop-ulysses-multipack-antiparasitikum\/#primaryimage"},"thumbnailUrl":"https:\/\/i0.wp.com\/www.ulissequalityshop.com\/wp-content\/uploads\/2017\/03\/ulisse-neemstop-multipack-3.png?fit=1200%2C1200&ssl=1","datePublished":"2023-05-07T22:09:53+00:00","dateModified":"2024-02-03T17:15:49+00:00","description":"Camon Neemstop Ulisse Multipack ist eine Verdauungshilfe, die auch gegen Darmparasiten wirkt und f\u00fcr Hunde und Katzen geeignet ist. Erfahren Sie mehr.","breadcrumb":{"@id":"https:\/\/www.ulissequalityshop.com\/de\/prodotto\/camon-neemstop-ulysses-multipack-antiparasitikum\/#breadcrumb"},"inLanguage":"de","potentialAction":[{"@type":"ReadAction","target":["https:\/\/www.ulissequalityshop.com\/de\/prodotto\/camon-neemstop-ulysses-multipack-antiparasitikum\/"]}]},{"@type":"ImageObject","inLanguage":"de","@id":"https:\/\/www.ulissequalityshop.com\/de\/prodotto\/camon-neemstop-ulysses-multipack-antiparasitikum\/#primaryimage","url":"https:\/\/i0.wp.com\/www.ulissequalityshop.com\/wp-content\/uploads\/2017\/03\/ulisse-neemstop-multipack-3.png?fit=1200%2C1200&ssl=1","contentUrl":"https:\/\/i0.wp.com\/www.ulissequalityshop.com\/wp-content\/uploads\/2017\/03\/ulisse-neemstop-multipack-3.png?fit=1200%2C1200&ssl=1","width":1200,"height":1200,"caption":"Camon Neemstop Ulisse Multipack"},{"@type":"BreadcrumbList","@id":"https:\/\/www.ulissequalityshop.com\/de\/prodotto\/camon-neemstop-ulysses-multipack-antiparasitikum\/#breadcrumb","itemListElement":[{"@type":"ListItem","position":1,"name":"Start","item":"https:\/\/www.ulissequalityshop.com\/de\/"},{"@type":"ListItem","position":2,"name":"Ulisse Quality Shop","item":"https:\/\/www.ulissequalityshop.com\/"},{"@type":"ListItem","position":3,"name":"Camon Neemstop Ulysses Multipack Antiparasitikum"}]},{"@type":"WebSite","@id":"https:\/\/www.ulissequalityshop.com\/de\/#website","url":"https:\/\/www.ulissequalityshop.com\/de\/","name":"Ulisse Quality Shop","description":"Tutto per i tuoi pets","potentialAction":[{"@type":"SearchAction","target":{"@type":"EntryPoint","urlTemplate":"https:\/\/www.ulissequalityshop.com\/de\/?s={search_term_string}"},"query-input":{"@type":"PropertyValueSpecification","valueRequired":true,"valueName":"search_term_string"}}],"inLanguage":"de"}]}},"jetpack_sharing_enabled":true,"brands":[{"id":1127,"name":"Camon","slug":"camon"},{"id":1124,"name":"Orme Naturali","slug":"orme-naturali"}],"_links":{"self":[{"href":"https:\/\/www.ulissequalityshop.com\/de\/wp-json\/wp\/v2\/product\/17474","targetHints":{"allow":["GET"]}}],"collection":[{"href":"https:\/\/www.ulissequalityshop.com\/de\/wp-json\/wp\/v2\/product"}],"about":[{"href":"https:\/\/www.ulissequalityshop.com\/de\/wp-json\/wp\/v2\/types\/product"}],"replies":[{"embeddable":true,"href":"https:\/\/www.ulissequalityshop.com\/de\/wp-json\/wp\/v2\/comments?post=17474"}],"wp:featuredmedia":[{"embeddable":true,"href":"https:\/\/www.ulissequalityshop.com\/de\/wp-json\/wp\/v2\/media\/14164"}],"wp:attachment":[{"href":"https:\/\/www.ulissequalityshop.com\/de\/wp-json\/wp\/v2\/media?parent=17474"}],"wp:term":[{"taxonomy":"pwb-brand","embeddable":true,"href":"https:\/\/www.ulissequalityshop.com\/de\/wp-json\/wp\/v2\/pwb-brand?post=17474"},{"taxonomy":"product_brand","embeddable":true,"href":"https:\/\/www.ulissequalityshop.com\/de\/wp-json\/wp\/v2\/product_brand?post=17474"},{"taxonomy":"product_cat","embeddable":true,"href":"https:\/\/www.ulissequalityshop.com\/de\/wp-json\/wp\/v2\/product_cat?post=17474"},{"taxonomy":"product_tag","embeddable":true,"href":"https:\/\/www.ulissequalityshop.com\/de\/wp-json\/wp\/v2\/product_tag?post=17474"},{"taxonomy":"woo-feed-brand","embeddable":true,"href":"https:\/\/www.ulissequalityshop.com\/de\/wp-json\/wp\/v2\/woo-feed-brand?post=17474"}],"curies":[{"name":"wp","href":"https:\/\/api.w.org\/{rel}","templated":true}]}}