{"id":17852,"date":"2024-09-28T19:07:09","date_gmt":"2024-09-28T17:07:09","guid":{"rendered":"https:\/\/www.ulissequalityshop.com\/prodotto\/aigostar-mechanischer-ein-aus-timer-aquarium-lichter\/"},"modified":"2024-09-28T19:12:24","modified_gmt":"2024-09-28T17:12:24","slug":"aigostar-mechanischer-ein-aus-timer-aquarium-lichter","status":"publish","type":"product","link":"https:\/\/www.ulissequalityshop.com\/de\/prodotto\/aigostar-mechanischer-ein-aus-timer-aquarium-lichter\/","title":{"rendered":"Aigostar Mechanischer Ein-Aus-Timer Aquarium Lichter"},"content":{"rendered":"<p>Der <strong>mechanische Timer von Aigostar<\/strong> ist das perfekte Werkzeug, um das Ein- und Ausschalten der Beleuchtung in Ihrem Aquarium zu regulieren.<br \/>\nAuf diese Weise k\u00f6nnen Sie zwischen Tag und Nacht wechseln und Ihren Fischen eine realistischere und nat\u00fcrlichere Umgebung bieten.<br \/>\nDiese <strong>Zeitschaltuhr<\/strong> verf\u00fcgt \u00fcber eine 16A-Hochleistungssteckdose mit einer maximalen Belastung von 3680W, eine intelligente Zeitschaltuhr mit Schalter.<br \/>\nSo k\u00f6nnen Sie Energie sparen und m\u00fcssen sich keine Sorgen machen.<br \/>\nDie <strong>Zeitschaltuhr ist von 15 Minuten bis 24 Stunden programmierbar<\/strong>.<br \/>\nT\u00e4glich k\u00f6nnen 48 Ein- und Ausschaltprogramme eingestellt werden.<br \/>\nProgrammieren Sie ihn nur einmal und er wird sich wiederholen. <strong>Einfach zu bedienen<\/strong>, entwickelt und hergestellt, um unangenehme Unf\u00e4lle zu vermeiden, wenn Kinder oder \u00e4ltere Menschen anwesend sind.<br \/>\nDas spezielle Design verhindert, dass sich das Ger\u00e4t bei einer versehentlichen Ber\u00fchrung ausschaltet oder das Programm \u00e4ndert. <strong>Entwickelt f\u00fcr 16A-Hochleistungsger\u00e4te<\/strong>.<br \/>\nDiese Ger\u00e4te k\u00f6nnen von sich aus gesteuert werden.<br \/>\n(z.B. Warmwasserbereiter, Raumheizungen, Klimaanlagen).<br \/>\n <strong>Es kann<\/strong> auch <strong>im manuellen oder programmierten Modus verwendet werden<\/strong>.            <\/p>\n<h2><strong>Aigostar Mechanische Zeitschaltuhr, Merkmale:<\/strong><\/h2>\n<ul>\n<li>Mechanischer Timer, mit bis zu 24 Stunden Einstellung f\u00fcr 48 Programme<\/li>\n<li>Einfach zu benutzen<\/li>\n<li>16A Steckdose, geeignet f\u00fcr gro\u00dfe Haushaltsger\u00e4te<\/li>\n<li>Manuelle Taste zum \u00c4ndern der Funktionen<\/li>\n<\/ul>\n<h3><strong>Technische Daten:<\/strong><\/h3>\n<ul>\n<li>Farbe: Wei\u00df<\/li>\n<li>&lt; Funktionen: 48 An-\/Ausschaltprogramme; Mindesteinstellung 15 min; Mindesttoleranz\/Tag: 6 min<\/li>\n<li>Ma\u00dfe: 7,2 x 8,7 x 11,8 cm<\/li>\n<li>Maximale Leistung: 3680W<\/li>\n<li>Steckdose: 16A 250V~ 2P+E (zweiseitig)<\/li>\n<li>Ambinte: Innenbereich<\/li>\n<\/ul>\n","protected":false},"excerpt":{"rendered":"<p>Der <strong>mechanische Timer von Aigostar<\/strong> ist das perfekte Werkzeug, um das Ein- und Ausschalten der Beleuchtung in Ihrem Aquarium zu regulieren.<br \/>\nAuf diese Weise k\u00f6nnen Sie zwischen Tag und Nacht wechseln und Ihren Fischen eine realistischere und nat\u00fcrlichere Umgebung bieten. <\/p>\n","protected":false},"featured_media":17838,"comment_status":"open","ping_status":"closed","template":"","meta":{"_et_pb_use_builder":"","_et_pb_old_content":"","_et_gb_content_width":""},"pwb-brand":[2339],"product_brand":[],"product_cat":[2344,2262],"product_tag":[2345,2346],"woo-feed-brand":[2340],"class_list":{"0":"post-17852","1":"product","2":"type-product","3":"status-publish","4":"has-post-thumbnail","6":"pwb-brand-aigostar","7":"product_cat-aquarium-beleuchtung","8":"product_cat-aquarium-hobby-de","9":"product_tag-aquarium-beleuchtung","10":"product_tag-zeitschaltuhr","11":"product_shipping_class-0-3-kg-de","12":"woo-feed-brand-aigostar","14":"first","15":"instock","16":"sale","17":"taxable","18":"shipping-taxable","19":"purchasable","20":"product-type-simple"},"yoast_head":"<!-- This site is optimized with the Yoast SEO plugin v26.7 - https:\/\/yoast.com\/wordpress\/plugins\/seo\/ -->\n<title>Aigostar Mechanischer Ein-Aus-Timer Aquarium Lichter - Ulisse Quality Shop<\/title>\n<meta name=\"description\" content=\"Der mechanische Timer von Aigostar ist das perfekte Werkzeug, um das Ein- und Ausschalten der Beleuchtung in Ihrem Aquarium zu regulieren. Erfahren Sie mehr.\" \/>\n<meta name=\"robots\" content=\"index, follow, max-snippet:-1, max-image-preview:large, max-video-preview:-1\" \/>\n<link rel=\"canonical\" href=\"https:\/\/www.ulissequalityshop.com\/de\/prodotto\/aigostar-mechanischer-ein-aus-timer-aquarium-lichter\/\" \/>\n<meta property=\"og:locale\" content=\"de_DE\" \/>\n<meta property=\"og:type\" content=\"article\" \/>\n<meta property=\"og:title\" content=\"Aigostar Mechanischer Ein-Aus-Timer Aquarium Lichter - Ulisse Quality Shop\" \/>\n<meta property=\"og:description\" content=\"Der mechanische Timer von Aigostar ist das perfekte Werkzeug, um das Ein- und Ausschalten der Beleuchtung in Ihrem Aquarium zu regulieren. Erfahren Sie mehr.\" \/>\n<meta property=\"og:url\" content=\"https:\/\/www.ulissequalityshop.com\/de\/prodotto\/aigostar-mechanischer-ein-aus-timer-aquarium-lichter\/\" \/>\n<meta property=\"og:site_name\" content=\"Ulisse Quality Shop\" \/>\n<meta property=\"article:publisher\" content=\"https:\/\/www.facebook.com\/ulissequalityshop\/\" \/>\n<meta property=\"article:modified_time\" content=\"2024-09-28T17:12:24+00:00\" \/>\n<meta property=\"og:image\" content=\"https:\/\/www.ulissequalityshop.com\/wp-content\/uploads\/2024\/09\/aigostar-timer-24-1.jpg\" \/>\n\t<meta property=\"og:image:width\" content=\"1000\" \/>\n\t<meta property=\"og:image:height\" content=\"1000\" \/>\n\t<meta property=\"og:image:type\" content=\"image\/jpeg\" \/>\n<meta name=\"twitter:card\" content=\"summary_large_image\" \/>\n<meta name=\"twitter:site\" content=\"@UlisseQualoitySh\" \/>\n<meta name=\"twitter:label1\" content=\"Gesch\u00e4tzte Lesezeit\" \/>\n\t<meta name=\"twitter:data1\" content=\"1\u00a0Minute\" \/>\n<script type=\"application\/ld+json\" class=\"yoast-schema-graph\">{\"@context\":\"https:\/\/schema.org\",\"@graph\":[{\"@type\":\"WebPage\",\"@id\":\"https:\/\/www.ulissequalityshop.com\/de\/prodotto\/aigostar-mechanischer-ein-aus-timer-aquarium-lichter\/\",\"url\":\"https:\/\/www.ulissequalityshop.com\/de\/prodotto\/aigostar-mechanischer-ein-aus-timer-aquarium-lichter\/\",\"name\":\"Aigostar Mechanischer Ein-Aus-Timer Aquarium Lichter - Ulisse Quality Shop\",\"isPartOf\":{\"@id\":\"https:\/\/www.ulissequalityshop.com\/de\/#website\"},\"primaryImageOfPage\":{\"@id\":\"https:\/\/www.ulissequalityshop.com\/de\/prodotto\/aigostar-mechanischer-ein-aus-timer-aquarium-lichter\/#primaryimage\"},\"image\":{\"@id\":\"https:\/\/www.ulissequalityshop.com\/de\/prodotto\/aigostar-mechanischer-ein-aus-timer-aquarium-lichter\/#primaryimage\"},\"thumbnailUrl\":\"https:\/\/i0.wp.com\/www.ulissequalityshop.com\/wp-content\/uploads\/2024\/09\/aigostar-timer-24-1.jpg?fit=1000%2C1000&ssl=1\",\"datePublished\":\"2024-09-28T17:07:09+00:00\",\"dateModified\":\"2024-09-28T17:12:24+00:00\",\"description\":\"Der mechanische Timer von Aigostar ist das perfekte Werkzeug, um das Ein- und Ausschalten der Beleuchtung in Ihrem Aquarium zu regulieren. Erfahren Sie mehr.\",\"breadcrumb\":{\"@id\":\"https:\/\/www.ulissequalityshop.com\/de\/prodotto\/aigostar-mechanischer-ein-aus-timer-aquarium-lichter\/#breadcrumb\"},\"inLanguage\":\"de\",\"potentialAction\":[{\"@type\":\"ReadAction\",\"target\":[\"https:\/\/www.ulissequalityshop.com\/de\/prodotto\/aigostar-mechanischer-ein-aus-timer-aquarium-lichter\/\"]}]},{\"@type\":\"ImageObject\",\"inLanguage\":\"de\",\"@id\":\"https:\/\/www.ulissequalityshop.com\/de\/prodotto\/aigostar-mechanischer-ein-aus-timer-aquarium-lichter\/#primaryimage\",\"url\":\"https:\/\/i0.wp.com\/www.ulissequalityshop.com\/wp-content\/uploads\/2024\/09\/aigostar-timer-24-1.jpg?fit=1000%2C1000&ssl=1\",\"contentUrl\":\"https:\/\/i0.wp.com\/www.ulissequalityshop.com\/wp-content\/uploads\/2024\/09\/aigostar-timer-24-1.jpg?fit=1000%2C1000&ssl=1\",\"width\":1000,\"height\":1000,\"caption\":\"Aigostar Timer Meccanico Accesione Spegnimento Luci Acquario\"},{\"@type\":\"BreadcrumbList\",\"@id\":\"https:\/\/www.ulissequalityshop.com\/de\/prodotto\/aigostar-mechanischer-ein-aus-timer-aquarium-lichter\/#breadcrumb\",\"itemListElement\":[{\"@type\":\"ListItem\",\"position\":1,\"name\":\"Start\",\"item\":\"https:\/\/www.ulissequalityshop.com\/de\/\"},{\"@type\":\"ListItem\",\"position\":2,\"name\":\"Ulisse Quality Shop\",\"item\":\"https:\/\/www.ulissequalityshop.com\/\"},{\"@type\":\"ListItem\",\"position\":3,\"name\":\"Aigostar Mechanischer Ein-Aus-Timer Aquarium Lichter\"}]},{\"@type\":\"WebSite\",\"@id\":\"https:\/\/www.ulissequalityshop.com\/de\/#website\",\"url\":\"https:\/\/www.ulissequalityshop.com\/de\/\",\"name\":\"Ulisse Quality Shop\",\"description\":\"Tutto per i tuoi pets\",\"potentialAction\":[{\"@type\":\"SearchAction\",\"target\":{\"@type\":\"EntryPoint\",\"urlTemplate\":\"https:\/\/www.ulissequalityshop.com\/de\/?s={search_term_string}\"},\"query-input\":{\"@type\":\"PropertyValueSpecification\",\"valueRequired\":true,\"valueName\":\"search_term_string\"}}],\"inLanguage\":\"de\"}]}<\/script>\n<!-- \/ Yoast SEO plugin. -->","yoast_head_json":{"title":"Aigostar Mechanischer Ein-Aus-Timer Aquarium Lichter - Ulisse Quality Shop","description":"Der mechanische Timer von Aigostar ist das perfekte Werkzeug, um das Ein- und Ausschalten der Beleuchtung in Ihrem Aquarium zu regulieren. Erfahren Sie mehr.","robots":{"index":"index","follow":"follow","max-snippet":"max-snippet:-1","max-image-preview":"max-image-preview:large","max-video-preview":"max-video-preview:-1"},"canonical":"https:\/\/www.ulissequalityshop.com\/de\/prodotto\/aigostar-mechanischer-ein-aus-timer-aquarium-lichter\/","og_locale":"de_DE","og_type":"article","og_title":"Aigostar Mechanischer Ein-Aus-Timer Aquarium Lichter - Ulisse Quality Shop","og_description":"Der mechanische Timer von Aigostar ist das perfekte Werkzeug, um das Ein- und Ausschalten der Beleuchtung in Ihrem Aquarium zu regulieren. Erfahren Sie mehr.","og_url":"https:\/\/www.ulissequalityshop.com\/de\/prodotto\/aigostar-mechanischer-ein-aus-timer-aquarium-lichter\/","og_site_name":"Ulisse Quality Shop","article_publisher":"https:\/\/www.facebook.com\/ulissequalityshop\/","article_modified_time":"2024-09-28T17:12:24+00:00","og_image":[{"width":1000,"height":1000,"url":"https:\/\/www.ulissequalityshop.com\/wp-content\/uploads\/2024\/09\/aigostar-timer-24-1.jpg","type":"image\/jpeg"}],"twitter_card":"summary_large_image","twitter_site":"@UlisseQualoitySh","twitter_misc":{"Gesch\u00e4tzte Lesezeit":"1\u00a0Minute"},"schema":{"@context":"https:\/\/schema.org","@graph":[{"@type":"WebPage","@id":"https:\/\/www.ulissequalityshop.com\/de\/prodotto\/aigostar-mechanischer-ein-aus-timer-aquarium-lichter\/","url":"https:\/\/www.ulissequalityshop.com\/de\/prodotto\/aigostar-mechanischer-ein-aus-timer-aquarium-lichter\/","name":"Aigostar Mechanischer Ein-Aus-Timer Aquarium Lichter - Ulisse Quality Shop","isPartOf":{"@id":"https:\/\/www.ulissequalityshop.com\/de\/#website"},"primaryImageOfPage":{"@id":"https:\/\/www.ulissequalityshop.com\/de\/prodotto\/aigostar-mechanischer-ein-aus-timer-aquarium-lichter\/#primaryimage"},"image":{"@id":"https:\/\/www.ulissequalityshop.com\/de\/prodotto\/aigostar-mechanischer-ein-aus-timer-aquarium-lichter\/#primaryimage"},"thumbnailUrl":"https:\/\/i0.wp.com\/www.ulissequalityshop.com\/wp-content\/uploads\/2024\/09\/aigostar-timer-24-1.jpg?fit=1000%2C1000&ssl=1","datePublished":"2024-09-28T17:07:09+00:00","dateModified":"2024-09-28T17:12:24+00:00","description":"Der mechanische Timer von Aigostar ist das perfekte Werkzeug, um das Ein- und Ausschalten der Beleuchtung in Ihrem Aquarium zu regulieren. Erfahren Sie mehr.","breadcrumb":{"@id":"https:\/\/www.ulissequalityshop.com\/de\/prodotto\/aigostar-mechanischer-ein-aus-timer-aquarium-lichter\/#breadcrumb"},"inLanguage":"de","potentialAction":[{"@type":"ReadAction","target":["https:\/\/www.ulissequalityshop.com\/de\/prodotto\/aigostar-mechanischer-ein-aus-timer-aquarium-lichter\/"]}]},{"@type":"ImageObject","inLanguage":"de","@id":"https:\/\/www.ulissequalityshop.com\/de\/prodotto\/aigostar-mechanischer-ein-aus-timer-aquarium-lichter\/#primaryimage","url":"https:\/\/i0.wp.com\/www.ulissequalityshop.com\/wp-content\/uploads\/2024\/09\/aigostar-timer-24-1.jpg?fit=1000%2C1000&ssl=1","contentUrl":"https:\/\/i0.wp.com\/www.ulissequalityshop.com\/wp-content\/uploads\/2024\/09\/aigostar-timer-24-1.jpg?fit=1000%2C1000&ssl=1","width":1000,"height":1000,"caption":"Aigostar Timer Meccanico Accesione Spegnimento Luci Acquario"},{"@type":"BreadcrumbList","@id":"https:\/\/www.ulissequalityshop.com\/de\/prodotto\/aigostar-mechanischer-ein-aus-timer-aquarium-lichter\/#breadcrumb","itemListElement":[{"@type":"ListItem","position":1,"name":"Start","item":"https:\/\/www.ulissequalityshop.com\/de\/"},{"@type":"ListItem","position":2,"name":"Ulisse Quality Shop","item":"https:\/\/www.ulissequalityshop.com\/"},{"@type":"ListItem","position":3,"name":"Aigostar Mechanischer Ein-Aus-Timer Aquarium Lichter"}]},{"@type":"WebSite","@id":"https:\/\/www.ulissequalityshop.com\/de\/#website","url":"https:\/\/www.ulissequalityshop.com\/de\/","name":"Ulisse Quality Shop","description":"Tutto per i tuoi pets","potentialAction":[{"@type":"SearchAction","target":{"@type":"EntryPoint","urlTemplate":"https:\/\/www.ulissequalityshop.com\/de\/?s={search_term_string}"},"query-input":{"@type":"PropertyValueSpecification","valueRequired":true,"valueName":"search_term_string"}}],"inLanguage":"de"}]}},"jetpack_sharing_enabled":true,"brands":[{"id":2339,"name":"Aigostar","slug":"aigostar"}],"_links":{"self":[{"href":"https:\/\/www.ulissequalityshop.com\/de\/wp-json\/wp\/v2\/product\/17852","targetHints":{"allow":["GET"]}}],"collection":[{"href":"https:\/\/www.ulissequalityshop.com\/de\/wp-json\/wp\/v2\/product"}],"about":[{"href":"https:\/\/www.ulissequalityshop.com\/de\/wp-json\/wp\/v2\/types\/product"}],"replies":[{"embeddable":true,"href":"https:\/\/www.ulissequalityshop.com\/de\/wp-json\/wp\/v2\/comments?post=17852"}],"wp:featuredmedia":[{"embeddable":true,"href":"https:\/\/www.ulissequalityshop.com\/de\/wp-json\/wp\/v2\/media\/17838"}],"wp:attachment":[{"href":"https:\/\/www.ulissequalityshop.com\/de\/wp-json\/wp\/v2\/media?parent=17852"}],"wp:term":[{"taxonomy":"pwb-brand","embeddable":true,"href":"https:\/\/www.ulissequalityshop.com\/de\/wp-json\/wp\/v2\/pwb-brand?post=17852"},{"taxonomy":"product_brand","embeddable":true,"href":"https:\/\/www.ulissequalityshop.com\/de\/wp-json\/wp\/v2\/product_brand?post=17852"},{"taxonomy":"product_cat","embeddable":true,"href":"https:\/\/www.ulissequalityshop.com\/de\/wp-json\/wp\/v2\/product_cat?post=17852"},{"taxonomy":"product_tag","embeddable":true,"href":"https:\/\/www.ulissequalityshop.com\/de\/wp-json\/wp\/v2\/product_tag?post=17852"},{"taxonomy":"woo-feed-brand","embeddable":true,"href":"https:\/\/www.ulissequalityshop.com\/de\/wp-json\/wp\/v2\/woo-feed-brand?post=17852"}],"curies":[{"name":"wp","href":"https:\/\/api.w.org\/{rel}","templated":true}]}}