{"id":17854,"date":"2024-09-01T18:48:31","date_gmt":"2024-09-01T16:48:31","guid":{"rendered":"https:\/\/www.ulissequalityshop.com\/prodotto\/substrat-optima-top-qualitaet-bonsai-blumenerde\/"},"modified":"2026-02-16T21:48:24","modified_gmt":"2026-02-16T20:48:24","slug":"substrat-optima-top-qualitaet-bonsai-blumenerde","status":"publish","type":"product","link":"https:\/\/www.ulissequalityshop.com\/de\/prodotto\/substrat-optima-top-qualitaet-bonsai-blumenerde\/","title":{"rendered":"Substrat Optima Top Qualit\u00e4t Bonsai Blumenerde"},"content":{"rendered":"<p><strong>Substrat Optima<\/strong> ist das <strong>gebrauchsfertige<\/strong> Substrat f\u00fcr die optimale Aufzucht Ihres <strong>Bonsai<\/strong>. Seine <strong>k\u00f6rnige Beschaffenheit<\/strong> erm\u00f6glicht ein <strong>perfektes Wurzelwachstum<\/strong> mit einem sehr hohen Ma\u00df an <strong>Sauerstoffzufuhr<\/strong>. Seine Zusammensetzung ist eine Mischung aus <strong>inerten Materialien<\/strong> mit sich perfekt erg\u00e4nzenden physikalisch-chemischen Eigenschaften, die eine ausgezeichnete Drainage erm\u00f6glichen und gleichzeitig die f\u00fcr ein optimales Wachstum der Topfpflanze notwendige Feuchtigkeit zur\u00fcckhalten, ohne dass es zu einer Wasserstagnation kommt.  <\/p>\n<p>Die richtige Mischung von <strong>Bodenverbesserern<\/strong> macht den Boden reich an den Elementen, die die Pflanze f\u00fcr ihr Wachstum ben\u00f6tigt. Dank des ausgezeichneten Kationenaustauschs sind sie in der Lage, gro\u00dfe Mengen an D\u00fcngern\u00e4hrstoffen zu binden und sie je nach Bedarf der Pflanze allm\u00e4hlich abzugeben.<\/p>\n<h2><strong>Substrat Optima, Merkmale:<\/strong><\/h2>\n<ul>\n<li><strong>gebrauchsfertig<\/strong>, vom Beutel bis zum Topf.<\/li>\n<li>perfekt f\u00fcr die Anzucht aller Arten von <strong>nicht s\u00e4ureliebenden Bonsai<\/strong> (z.B. nicht geeignet f\u00fcr Azaleen)<\/li>\n<li><strong>k\u00f6rniges Substrat<\/strong> mit inerten Materialien<\/li>\n<li>gemischt mit <strong>Bodenverbesserern<\/strong><\/li>\n<li>h\u00e4lt die Feuchtigkeit in der richtigen Menge zur\u00fcck<\/li>\n<li>hat <strong>einen ausgezeichneten Kationenaustausch<\/strong><\/li>\n<li>das hohe Ma\u00df an <strong>Entw\u00e4sserung<\/strong> l\u00e4sst keine Stagnation des Wassers zu<\/li>\n<li>1,6-Liter-Packung<\/li>\n<\/ul>\n<h3><strong>Substrat Optima enth\u00e4lt:<\/strong><\/h3>\n<ul>\n<li>Prozentuale Anteile von traditionellen Granulaten f\u00fcr Bonsai wie:\n<ul>\n<li>Akadama Ibaraki<\/li>\n<li>Kiryuzuna<\/li>\n<li>Gewaschener Bimsstein<\/li>\n<\/ul>\n<\/li>\n<li>sondern auch wichtige Bodenverbesserer, die den Kationenaustausch und das Wasserr\u00fcckhalteverm\u00f6gen des Substrats erh\u00f6hen<\/li>\n<\/ul>\n<p>Die unterschiedlichen Prozents\u00e4tze der einzelnen Komponenten sorgen f\u00fcr eine optimale Funktion des Substrats.<\/p>\n","protected":false},"excerpt":{"rendered":"<p><strong>Substrat Optima<\/strong> ist das <strong>gebrauchsfertige<\/strong> Substrat f\u00fcr die Anzucht Ihres <strong>Bonsai<\/strong>. Seine <strong>k\u00f6rnige Beschaffenheit<\/strong> erm\u00f6glicht ein <strong>perfektes Wurzelwachstum<\/strong> mit einem hohen Ma\u00df an <strong>Sauerstoffzufuhr <\/strong>und einer hervorragenden <strong>Drainage<\/strong>.<\/p>\n<p><strong>1,6-Liter-Packung<\/strong><\/p>\n","protected":false},"featured_media":18863,"comment_status":"open","ping_status":"closed","template":"","meta":{"_et_pb_use_builder":"","_et_pb_old_content":"","_et_gb_content_width":""},"pwb-brand":[2107,2066],"product_brand":[],"product_cat":[2351,2271],"product_tag":[2352,2738,2354,2353],"woo-feed-brand":[2108],"class_list":{"0":"post-17854","1":"product","2":"type-product","3":"status-publish","4":"has-post-thumbnail","6":"pwb-brand-bonsaipro","7":"pwb-brand-ulisse","8":"product_cat-substrate","9":"product_cat-bonsai-de","10":"product_tag-bonsai-erde","11":"product_tag-bonsai-erde-2","12":"product_tag-bonsai-medien","13":"product_tag-bonsai-substrat","14":"product_shipping_class-0-3-kg-de","15":"woo-feed-brand-bonsaipro","17":"first","18":"instock","19":"sale","20":"taxable","21":"shipping-taxable","22":"purchasable","23":"product-type-simple"},"yoast_head":"<!-- This site is optimized with the Yoast SEO plugin v26.7 - https:\/\/yoast.com\/wordpress\/plugins\/seo\/ -->\n<title>Substrat Optima Top Qualit\u00e4t Bonsai Blumenerde - Ulisse Quality Shop<\/title>\n<meta name=\"description\" content=\"Substrat Optima ist das gebrauchsfertige Granulatsubstrat f\u00fcr eine optimale Bonsaizucht. Das Beste f\u00fcr die Zucht von Bonsai und mehr. Erfahren Sie mehr.\" \/>\n<meta name=\"robots\" content=\"index, follow, max-snippet:-1, max-image-preview:large, max-video-preview:-1\" \/>\n<link rel=\"canonical\" href=\"https:\/\/www.ulissequalityshop.com\/de\/prodotto\/substrat-optima-top-qualitaet-bonsai-blumenerde\/\" \/>\n<meta property=\"og:locale\" content=\"de_DE\" \/>\n<meta property=\"og:type\" content=\"article\" \/>\n<meta property=\"og:title\" content=\"Substrat Optima Top Qualit\u00e4t Bonsai Blumenerde - Ulisse Quality Shop\" \/>\n<meta property=\"og:description\" content=\"Substrat Optima ist das gebrauchsfertige Granulatsubstrat f\u00fcr eine optimale Bonsaizucht. Das Beste f\u00fcr die Zucht von Bonsai und mehr. Erfahren Sie mehr.\" \/>\n<meta property=\"og:url\" content=\"https:\/\/www.ulissequalityshop.com\/de\/prodotto\/substrat-optima-top-qualitaet-bonsai-blumenerde\/\" \/>\n<meta property=\"og:site_name\" content=\"Ulisse Quality Shop\" \/>\n<meta property=\"article:publisher\" content=\"https:\/\/www.facebook.com\/ulissequalityshop\/\" \/>\n<meta property=\"article:modified_time\" content=\"2026-02-16T20:48:24+00:00\" \/>\n<meta property=\"og:image\" content=\"https:\/\/i0.wp.com\/www.ulissequalityshop.com\/wp-content\/uploads\/2024\/09\/bonsaipro-substrat-optima-16.png?fit=1000%2C1000&ssl=1\" \/>\n\t<meta property=\"og:image:width\" content=\"1000\" \/>\n\t<meta property=\"og:image:height\" content=\"1000\" \/>\n\t<meta property=\"og:image:type\" content=\"image\/png\" \/>\n<meta name=\"twitter:card\" content=\"summary_large_image\" \/>\n<meta name=\"twitter:site\" content=\"@UlisseQualoitySh\" \/>\n<meta name=\"twitter:label1\" content=\"Gesch\u00e4tzte Lesezeit\" \/>\n\t<meta name=\"twitter:data1\" content=\"1\u00a0Minute\" \/>\n<script type=\"application\/ld+json\" class=\"yoast-schema-graph\">{\"@context\":\"https:\/\/schema.org\",\"@graph\":[{\"@type\":\"WebPage\",\"@id\":\"https:\/\/www.ulissequalityshop.com\/de\/prodotto\/substrat-optima-top-qualitaet-bonsai-blumenerde\/\",\"url\":\"https:\/\/www.ulissequalityshop.com\/de\/prodotto\/substrat-optima-top-qualitaet-bonsai-blumenerde\/\",\"name\":\"Substrat Optima Top Qualit\u00e4t Bonsai Blumenerde - Ulisse Quality Shop\",\"isPartOf\":{\"@id\":\"https:\/\/www.ulissequalityshop.com\/de\/#website\"},\"primaryImageOfPage\":{\"@id\":\"https:\/\/www.ulissequalityshop.com\/de\/prodotto\/substrat-optima-top-qualitaet-bonsai-blumenerde\/#primaryimage\"},\"image\":{\"@id\":\"https:\/\/www.ulissequalityshop.com\/de\/prodotto\/substrat-optima-top-qualitaet-bonsai-blumenerde\/#primaryimage\"},\"thumbnailUrl\":\"https:\/\/i0.wp.com\/www.ulissequalityshop.com\/wp-content\/uploads\/2024\/09\/bonsaipro-substrat-optima-16.png?fit=1000%2C1000&ssl=1\",\"datePublished\":\"2024-09-01T16:48:31+00:00\",\"dateModified\":\"2026-02-16T20:48:24+00:00\",\"description\":\"Substrat Optima ist das gebrauchsfertige Granulatsubstrat f\u00fcr eine optimale Bonsaizucht. Das Beste f\u00fcr die Zucht von Bonsai und mehr. Erfahren Sie mehr.\",\"breadcrumb\":{\"@id\":\"https:\/\/www.ulissequalityshop.com\/de\/prodotto\/substrat-optima-top-qualitaet-bonsai-blumenerde\/#breadcrumb\"},\"inLanguage\":\"de\",\"potentialAction\":[{\"@type\":\"ReadAction\",\"target\":[\"https:\/\/www.ulissequalityshop.com\/de\/prodotto\/substrat-optima-top-qualitaet-bonsai-blumenerde\/\"]}]},{\"@type\":\"ImageObject\",\"inLanguage\":\"de\",\"@id\":\"https:\/\/www.ulissequalityshop.com\/de\/prodotto\/substrat-optima-top-qualitaet-bonsai-blumenerde\/#primaryimage\",\"url\":\"https:\/\/i0.wp.com\/www.ulissequalityshop.com\/wp-content\/uploads\/2024\/09\/bonsaipro-substrat-optima-16.png?fit=1000%2C1000&ssl=1\",\"contentUrl\":\"https:\/\/i0.wp.com\/www.ulissequalityshop.com\/wp-content\/uploads\/2024\/09\/bonsaipro-substrat-optima-16.png?fit=1000%2C1000&ssl=1\",\"width\":1000,\"height\":1000,\"caption\":\"BonsaiPro Substrat Optima\"},{\"@type\":\"BreadcrumbList\",\"@id\":\"https:\/\/www.ulissequalityshop.com\/de\/prodotto\/substrat-optima-top-qualitaet-bonsai-blumenerde\/#breadcrumb\",\"itemListElement\":[{\"@type\":\"ListItem\",\"position\":1,\"name\":\"Start\",\"item\":\"https:\/\/www.ulissequalityshop.com\/de\/\"},{\"@type\":\"ListItem\",\"position\":2,\"name\":\"Ulisse Quality Shop\",\"item\":\"https:\/\/www.ulissequalityshop.com\/\"},{\"@type\":\"ListItem\",\"position\":3,\"name\":\"Substrat Optima Top Qualit\u00e4t Bonsai Blumenerde\"}]},{\"@type\":\"WebSite\",\"@id\":\"https:\/\/www.ulissequalityshop.com\/de\/#website\",\"url\":\"https:\/\/www.ulissequalityshop.com\/de\/\",\"name\":\"Ulisse Quality Shop\",\"description\":\"Tutto per i tuoi pets\",\"potentialAction\":[{\"@type\":\"SearchAction\",\"target\":{\"@type\":\"EntryPoint\",\"urlTemplate\":\"https:\/\/www.ulissequalityshop.com\/de\/?s={search_term_string}\"},\"query-input\":{\"@type\":\"PropertyValueSpecification\",\"valueRequired\":true,\"valueName\":\"search_term_string\"}}],\"inLanguage\":\"de\"}]}<\/script>\n<!-- \/ Yoast SEO plugin. -->","yoast_head_json":{"title":"Substrat Optima Top Qualit\u00e4t Bonsai Blumenerde - Ulisse Quality Shop","description":"Substrat Optima ist das gebrauchsfertige Granulatsubstrat f\u00fcr eine optimale Bonsaizucht. Das Beste f\u00fcr die Zucht von Bonsai und mehr. Erfahren Sie mehr.","robots":{"index":"index","follow":"follow","max-snippet":"max-snippet:-1","max-image-preview":"max-image-preview:large","max-video-preview":"max-video-preview:-1"},"canonical":"https:\/\/www.ulissequalityshop.com\/de\/prodotto\/substrat-optima-top-qualitaet-bonsai-blumenerde\/","og_locale":"de_DE","og_type":"article","og_title":"Substrat Optima Top Qualit\u00e4t Bonsai Blumenerde - Ulisse Quality Shop","og_description":"Substrat Optima ist das gebrauchsfertige Granulatsubstrat f\u00fcr eine optimale Bonsaizucht. Das Beste f\u00fcr die Zucht von Bonsai und mehr. Erfahren Sie mehr.","og_url":"https:\/\/www.ulissequalityshop.com\/de\/prodotto\/substrat-optima-top-qualitaet-bonsai-blumenerde\/","og_site_name":"Ulisse Quality Shop","article_publisher":"https:\/\/www.facebook.com\/ulissequalityshop\/","article_modified_time":"2026-02-16T20:48:24+00:00","og_image":[{"width":1000,"height":1000,"url":"https:\/\/i0.wp.com\/www.ulissequalityshop.com\/wp-content\/uploads\/2024\/09\/bonsaipro-substrat-optima-16.png?fit=1000%2C1000&ssl=1","type":"image\/png"}],"twitter_card":"summary_large_image","twitter_site":"@UlisseQualoitySh","twitter_misc":{"Gesch\u00e4tzte Lesezeit":"1\u00a0Minute"},"schema":{"@context":"https:\/\/schema.org","@graph":[{"@type":"WebPage","@id":"https:\/\/www.ulissequalityshop.com\/de\/prodotto\/substrat-optima-top-qualitaet-bonsai-blumenerde\/","url":"https:\/\/www.ulissequalityshop.com\/de\/prodotto\/substrat-optima-top-qualitaet-bonsai-blumenerde\/","name":"Substrat Optima Top Qualit\u00e4t Bonsai Blumenerde - Ulisse Quality Shop","isPartOf":{"@id":"https:\/\/www.ulissequalityshop.com\/de\/#website"},"primaryImageOfPage":{"@id":"https:\/\/www.ulissequalityshop.com\/de\/prodotto\/substrat-optima-top-qualitaet-bonsai-blumenerde\/#primaryimage"},"image":{"@id":"https:\/\/www.ulissequalityshop.com\/de\/prodotto\/substrat-optima-top-qualitaet-bonsai-blumenerde\/#primaryimage"},"thumbnailUrl":"https:\/\/i0.wp.com\/www.ulissequalityshop.com\/wp-content\/uploads\/2024\/09\/bonsaipro-substrat-optima-16.png?fit=1000%2C1000&ssl=1","datePublished":"2024-09-01T16:48:31+00:00","dateModified":"2026-02-16T20:48:24+00:00","description":"Substrat Optima ist das gebrauchsfertige Granulatsubstrat f\u00fcr eine optimale Bonsaizucht. Das Beste f\u00fcr die Zucht von Bonsai und mehr. Erfahren Sie mehr.","breadcrumb":{"@id":"https:\/\/www.ulissequalityshop.com\/de\/prodotto\/substrat-optima-top-qualitaet-bonsai-blumenerde\/#breadcrumb"},"inLanguage":"de","potentialAction":[{"@type":"ReadAction","target":["https:\/\/www.ulissequalityshop.com\/de\/prodotto\/substrat-optima-top-qualitaet-bonsai-blumenerde\/"]}]},{"@type":"ImageObject","inLanguage":"de","@id":"https:\/\/www.ulissequalityshop.com\/de\/prodotto\/substrat-optima-top-qualitaet-bonsai-blumenerde\/#primaryimage","url":"https:\/\/i0.wp.com\/www.ulissequalityshop.com\/wp-content\/uploads\/2024\/09\/bonsaipro-substrat-optima-16.png?fit=1000%2C1000&ssl=1","contentUrl":"https:\/\/i0.wp.com\/www.ulissequalityshop.com\/wp-content\/uploads\/2024\/09\/bonsaipro-substrat-optima-16.png?fit=1000%2C1000&ssl=1","width":1000,"height":1000,"caption":"BonsaiPro Substrat Optima"},{"@type":"BreadcrumbList","@id":"https:\/\/www.ulissequalityshop.com\/de\/prodotto\/substrat-optima-top-qualitaet-bonsai-blumenerde\/#breadcrumb","itemListElement":[{"@type":"ListItem","position":1,"name":"Start","item":"https:\/\/www.ulissequalityshop.com\/de\/"},{"@type":"ListItem","position":2,"name":"Ulisse Quality Shop","item":"https:\/\/www.ulissequalityshop.com\/"},{"@type":"ListItem","position":3,"name":"Substrat Optima Top Qualit\u00e4t Bonsai Blumenerde"}]},{"@type":"WebSite","@id":"https:\/\/www.ulissequalityshop.com\/de\/#website","url":"https:\/\/www.ulissequalityshop.com\/de\/","name":"Ulisse Quality Shop","description":"Tutto per i tuoi pets","potentialAction":[{"@type":"SearchAction","target":{"@type":"EntryPoint","urlTemplate":"https:\/\/www.ulissequalityshop.com\/de\/?s={search_term_string}"},"query-input":{"@type":"PropertyValueSpecification","valueRequired":true,"valueName":"search_term_string"}}],"inLanguage":"de"}]}},"jetpack_sharing_enabled":true,"brands":[{"id":2107,"name":"BonsaiPro","slug":"bonsaipro"},{"id":2066,"name":"Ulisse","slug":"ulisse"}],"_links":{"self":[{"href":"https:\/\/www.ulissequalityshop.com\/de\/wp-json\/wp\/v2\/product\/17854","targetHints":{"allow":["GET"]}}],"collection":[{"href":"https:\/\/www.ulissequalityshop.com\/de\/wp-json\/wp\/v2\/product"}],"about":[{"href":"https:\/\/www.ulissequalityshop.com\/de\/wp-json\/wp\/v2\/types\/product"}],"replies":[{"embeddable":true,"href":"https:\/\/www.ulissequalityshop.com\/de\/wp-json\/wp\/v2\/comments?post=17854"}],"wp:featuredmedia":[{"embeddable":true,"href":"https:\/\/www.ulissequalityshop.com\/de\/wp-json\/wp\/v2\/media\/18863"}],"wp:attachment":[{"href":"https:\/\/www.ulissequalityshop.com\/de\/wp-json\/wp\/v2\/media?parent=17854"}],"wp:term":[{"taxonomy":"pwb-brand","embeddable":true,"href":"https:\/\/www.ulissequalityshop.com\/de\/wp-json\/wp\/v2\/pwb-brand?post=17854"},{"taxonomy":"product_brand","embeddable":true,"href":"https:\/\/www.ulissequalityshop.com\/de\/wp-json\/wp\/v2\/product_brand?post=17854"},{"taxonomy":"product_cat","embeddable":true,"href":"https:\/\/www.ulissequalityshop.com\/de\/wp-json\/wp\/v2\/product_cat?post=17854"},{"taxonomy":"product_tag","embeddable":true,"href":"https:\/\/www.ulissequalityshop.com\/de\/wp-json\/wp\/v2\/product_tag?post=17854"},{"taxonomy":"woo-feed-brand","embeddable":true,"href":"https:\/\/www.ulissequalityshop.com\/de\/wp-json\/wp\/v2\/woo-feed-brand?post=17854"}],"curies":[{"name":"wp","href":"https:\/\/api.w.org\/{rel}","templated":true}]}}