{"id":17862,"date":"2016-06-19T00:09:01","date_gmt":"2016-06-18T22:09:01","guid":{"rendered":"https:\/\/www.ulissequalityshop.com\/prodotto\/camon-schwimmbad-fuer-hunde\/"},"modified":"2024-09-28T19:45:34","modified_gmt":"2024-09-28T17:45:34","slug":"camon-schwimmbad-fuer-hunde","status":"publish","type":"product","link":"https:\/\/www.ulissequalityshop.com\/de\/prodotto\/camon-schwimmbad-fuer-hunde\/","title":{"rendered":"Camon Schwimmbad f\u00fcr Hunde"},"content":{"rendered":"<p>Der <strong>Camon Swimmingpool f\u00fcr Hunde<\/strong> ist ein erfrischendes Bad f\u00fcr Ihren vierbeinigen Freund!<br \/>\nAuch Vierbeiner k\u00f6nnen unter der Hitze leiden.<br \/>\nAber ab heute k\u00f6nnen wir unserem Hund dank dieses Pools eine echte Alternative zu den hohen Temperaturen der schw\u00fclsten Tage bieten.<br \/>\nDer ger\u00e4umige <strong>Camon Swimmingpool f\u00fcr Hunde<\/strong> ist so konzipiert, dass er unserem Haustier <strong>Spa\u00df und Erfrischung<\/strong> bietet.     <\/p>\n<h2><strong>Camon Swimmingpool f\u00fcr Hunde, Merkmale:<\/strong><\/h2>\n<ul>\n<li>besteht aus robusten Materialien und zus\u00e4tzlich aus einem rutschfesten Innenfutter;<\/li>\n<li>l\u00e4sst sich mit \u00e4u\u00dferster Einfachheit \u00f6ffnen und schlie\u00dfen und ist in der praktischen Handtasche leicht zu transportieren;<\/li>\n<li>Dank seiner flexiblen W\u00e4nde kann er sowohl die klassische runde Form annehmen als auch sich an verschiedene R\u00e4ume wie Balkone und Terrassen anpassen;<\/li>\n<li>ben\u00f6tigt keine Pumpe zum Aufpumpen;<\/li>\n<li>ist mit einem praktischen Ventil ausgestattet, \u00fcber das das Wasser abflie\u00dfen kann;<\/li>\n<li>ist leicht zu reinigen;<\/li>\n<li>ist aufgrund der niedrigen H\u00f6he der Seitenw\u00e4nde auch f\u00fcr kleine bis mittelgro\u00dfe Hunde geeignet.<\/li>\n<\/ul>\n<h3><strong>Abmessungen:<\/strong><\/h3>\n<ul>\n<li>80 x h20 cm<\/li>\n<li>120 x h30 cm<\/li>\n<li>160 x h30 cm<\/li>\n<\/ul>\n<h3><strong>Warnung<\/strong>: <strong>Kein Spielzeug ist f\u00fcr einen Hund unzerst\u00f6rbar.<\/strong><\/h3>\n<ul>\n<li>Lassen Sie das Tier nicht ohne Aufsicht eines Erwachsenen mit irgendeinem Spielzeug spielen<\/li>\n<li>\u00dcberpr\u00fcfen Sie die Krallen des Tieres, bevor Sie ihm Zugang gew\u00e4hren: zu lange Krallen k\u00f6nnten den Boden des Beckens besch\u00e4digen<\/li>\n<\/ul>\n","protected":false},"excerpt":{"rendered":"<p>Der <strong>Camon Swimmingpool f\u00fcr Hunde<\/strong> ist ein ger\u00e4umiger Pool, der unserem Haustier an Sommertagen Spa\u00df und Erfrischung bietet.<br \/>\nRobust und einfach zusammenzubauen, ist der Spa\u00df garantiert.<br \/>\nErh\u00e4ltlich in drei verschiedenen Gr\u00f6\u00dfen.    <\/p>\n<ul>\n<li>80 x h20 cm<\/li>\n<li>120 x h30 cm<\/li>\n<li>160 x h30 cm<\/li>\n<\/ul>\n","protected":false},"featured_media":17866,"comment_status":"open","ping_status":"closed","template":"","meta":{"_et_pb_use_builder":"","_et_pb_old_content":"","_et_gb_content_width":""},"pwb-brand":[1127],"product_brand":[],"product_cat":[2382,2267],"product_tag":[2381,2388,2383,2384],"woo-feed-brand":[1888],"class_list":{"0":"post-17862","1":"product","2":"type-product","3":"status-publish","4":"has-post-thumbnail","6":"pwb-brand-camon","7":"product_cat-sommer-und-ferien","8":"product_cat-hunde","9":"product_tag-camon-de","10":"product_tag-erfrischendes-zubehor","11":"product_tag-hundepool","12":"product_tag-schwimmbad-hunde","13":"woo-feed-brand-camon","15":"first","16":"instock","17":"sale","18":"taxable","19":"shipping-taxable","20":"purchasable","21":"product-type-variable"},"yoast_head":"<!-- This site is optimized with the Yoast SEO plugin v26.7 - https:\/\/yoast.com\/wordpress\/plugins\/seo\/ -->\n<title>Camon Schwimmbad f\u00fcr Hunde - Ulisse Quality Shop<\/title>\n<meta name=\"description\" content=\"Der Camon Swimmingpool f\u00fcr Hunde ist ein ger\u00e4umiger Pool, der an Sommertagen f\u00fcr Spa\u00df und Erfrischung f\u00fcr unseren Liebling sorgt.\" \/>\n<meta name=\"robots\" content=\"index, follow, max-snippet:-1, max-image-preview:large, max-video-preview:-1\" \/>\n<link rel=\"canonical\" href=\"https:\/\/www.ulissequalityshop.com\/de\/prodotto\/camon-schwimmbad-fuer-hunde\/\" \/>\n<meta property=\"og:locale\" content=\"de_DE\" \/>\n<meta property=\"og:type\" content=\"article\" \/>\n<meta property=\"og:title\" content=\"Camon Schwimmbad f\u00fcr Hunde - Ulisse Quality Shop\" \/>\n<meta property=\"og:description\" content=\"Der Camon Swimmingpool f\u00fcr Hunde ist ein ger\u00e4umiger Pool, der an Sommertagen f\u00fcr Spa\u00df und Erfrischung f\u00fcr unseren Liebling sorgt.\" \/>\n<meta property=\"og:url\" content=\"https:\/\/www.ulissequalityshop.com\/de\/prodotto\/camon-schwimmbad-fuer-hunde\/\" \/>\n<meta property=\"og:site_name\" content=\"Ulisse Quality Shop\" \/>\n<meta property=\"article:publisher\" content=\"https:\/\/www.facebook.com\/ulissequalityshop\/\" \/>\n<meta property=\"article:modified_time\" content=\"2024-09-28T17:45:34+00:00\" \/>\n<meta property=\"og:image\" content=\"https:\/\/www.ulissequalityshop.com\/wp-content\/uploads\/2016\/06\/camon_piscinacane_LRG.jpg\" \/>\n\t<meta property=\"og:image:width\" content=\"600\" \/>\n\t<meta property=\"og:image:height\" content=\"600\" \/>\n\t<meta property=\"og:image:type\" content=\"image\/jpeg\" \/>\n<meta name=\"twitter:card\" content=\"summary_large_image\" \/>\n<meta name=\"twitter:site\" content=\"@UlisseQualoitySh\" \/>\n<meta name=\"twitter:label1\" content=\"Gesch\u00e4tzte Lesezeit\" \/>\n\t<meta name=\"twitter:data1\" content=\"1\u00a0Minute\" \/>\n<script type=\"application\/ld+json\" class=\"yoast-schema-graph\">{\"@context\":\"https:\/\/schema.org\",\"@graph\":[{\"@type\":\"WebPage\",\"@id\":\"https:\/\/www.ulissequalityshop.com\/de\/prodotto\/camon-schwimmbad-fuer-hunde\/\",\"url\":\"https:\/\/www.ulissequalityshop.com\/de\/prodotto\/camon-schwimmbad-fuer-hunde\/\",\"name\":\"Camon Schwimmbad f\u00fcr Hunde - Ulisse Quality Shop\",\"isPartOf\":{\"@id\":\"https:\/\/www.ulissequalityshop.com\/de\/#website\"},\"primaryImageOfPage\":{\"@id\":\"https:\/\/www.ulissequalityshop.com\/de\/prodotto\/camon-schwimmbad-fuer-hunde\/#primaryimage\"},\"image\":{\"@id\":\"https:\/\/www.ulissequalityshop.com\/de\/prodotto\/camon-schwimmbad-fuer-hunde\/#primaryimage\"},\"thumbnailUrl\":\"https:\/\/i0.wp.com\/www.ulissequalityshop.com\/wp-content\/uploads\/2016\/06\/camon_piscinacane_LRG.jpg?fit=600%2C600&ssl=1\",\"datePublished\":\"2016-06-18T22:09:01+00:00\",\"dateModified\":\"2024-09-28T17:45:34+00:00\",\"description\":\"Der Camon Swimmingpool f\u00fcr Hunde ist ein ger\u00e4umiger Pool, der an Sommertagen f\u00fcr Spa\u00df und Erfrischung f\u00fcr unseren Liebling sorgt.\",\"breadcrumb\":{\"@id\":\"https:\/\/www.ulissequalityshop.com\/de\/prodotto\/camon-schwimmbad-fuer-hunde\/#breadcrumb\"},\"inLanguage\":\"de\",\"potentialAction\":[{\"@type\":\"ReadAction\",\"target\":[\"https:\/\/www.ulissequalityshop.com\/de\/prodotto\/camon-schwimmbad-fuer-hunde\/\"]}]},{\"@type\":\"ImageObject\",\"inLanguage\":\"de\",\"@id\":\"https:\/\/www.ulissequalityshop.com\/de\/prodotto\/camon-schwimmbad-fuer-hunde\/#primaryimage\",\"url\":\"https:\/\/i0.wp.com\/www.ulissequalityshop.com\/wp-content\/uploads\/2016\/06\/camon_piscinacane_LRG.jpg?fit=600%2C600&ssl=1\",\"contentUrl\":\"https:\/\/i0.wp.com\/www.ulissequalityshop.com\/wp-content\/uploads\/2016\/06\/camon_piscinacane_LRG.jpg?fit=600%2C600&ssl=1\",\"width\":600,\"height\":600,\"caption\":\"Camon Piscina per Cani\"},{\"@type\":\"BreadcrumbList\",\"@id\":\"https:\/\/www.ulissequalityshop.com\/de\/prodotto\/camon-schwimmbad-fuer-hunde\/#breadcrumb\",\"itemListElement\":[{\"@type\":\"ListItem\",\"position\":1,\"name\":\"Start\",\"item\":\"https:\/\/www.ulissequalityshop.com\/de\/\"},{\"@type\":\"ListItem\",\"position\":2,\"name\":\"Ulisse Quality Shop\",\"item\":\"https:\/\/www.ulissequalityshop.com\/\"},{\"@type\":\"ListItem\",\"position\":3,\"name\":\"Camon Schwimmbad f\u00fcr Hunde\"}]},{\"@type\":\"WebSite\",\"@id\":\"https:\/\/www.ulissequalityshop.com\/de\/#website\",\"url\":\"https:\/\/www.ulissequalityshop.com\/de\/\",\"name\":\"Ulisse Quality Shop\",\"description\":\"Tutto per i tuoi pets\",\"potentialAction\":[{\"@type\":\"SearchAction\",\"target\":{\"@type\":\"EntryPoint\",\"urlTemplate\":\"https:\/\/www.ulissequalityshop.com\/de\/?s={search_term_string}\"},\"query-input\":{\"@type\":\"PropertyValueSpecification\",\"valueRequired\":true,\"valueName\":\"search_term_string\"}}],\"inLanguage\":\"de\"}]}<\/script>\n<!-- \/ Yoast SEO plugin. -->","yoast_head_json":{"title":"Camon Schwimmbad f\u00fcr Hunde - Ulisse Quality Shop","description":"Der Camon Swimmingpool f\u00fcr Hunde ist ein ger\u00e4umiger Pool, der an Sommertagen f\u00fcr Spa\u00df und Erfrischung f\u00fcr unseren Liebling sorgt.","robots":{"index":"index","follow":"follow","max-snippet":"max-snippet:-1","max-image-preview":"max-image-preview:large","max-video-preview":"max-video-preview:-1"},"canonical":"https:\/\/www.ulissequalityshop.com\/de\/prodotto\/camon-schwimmbad-fuer-hunde\/","og_locale":"de_DE","og_type":"article","og_title":"Camon Schwimmbad f\u00fcr Hunde - Ulisse Quality Shop","og_description":"Der Camon Swimmingpool f\u00fcr Hunde ist ein ger\u00e4umiger Pool, der an Sommertagen f\u00fcr Spa\u00df und Erfrischung f\u00fcr unseren Liebling sorgt.","og_url":"https:\/\/www.ulissequalityshop.com\/de\/prodotto\/camon-schwimmbad-fuer-hunde\/","og_site_name":"Ulisse Quality Shop","article_publisher":"https:\/\/www.facebook.com\/ulissequalityshop\/","article_modified_time":"2024-09-28T17:45:34+00:00","og_image":[{"width":600,"height":600,"url":"https:\/\/www.ulissequalityshop.com\/wp-content\/uploads\/2016\/06\/camon_piscinacane_LRG.jpg","type":"image\/jpeg"}],"twitter_card":"summary_large_image","twitter_site":"@UlisseQualoitySh","twitter_misc":{"Gesch\u00e4tzte Lesezeit":"1\u00a0Minute"},"schema":{"@context":"https:\/\/schema.org","@graph":[{"@type":"WebPage","@id":"https:\/\/www.ulissequalityshop.com\/de\/prodotto\/camon-schwimmbad-fuer-hunde\/","url":"https:\/\/www.ulissequalityshop.com\/de\/prodotto\/camon-schwimmbad-fuer-hunde\/","name":"Camon Schwimmbad f\u00fcr Hunde - Ulisse Quality Shop","isPartOf":{"@id":"https:\/\/www.ulissequalityshop.com\/de\/#website"},"primaryImageOfPage":{"@id":"https:\/\/www.ulissequalityshop.com\/de\/prodotto\/camon-schwimmbad-fuer-hunde\/#primaryimage"},"image":{"@id":"https:\/\/www.ulissequalityshop.com\/de\/prodotto\/camon-schwimmbad-fuer-hunde\/#primaryimage"},"thumbnailUrl":"https:\/\/i0.wp.com\/www.ulissequalityshop.com\/wp-content\/uploads\/2016\/06\/camon_piscinacane_LRG.jpg?fit=600%2C600&ssl=1","datePublished":"2016-06-18T22:09:01+00:00","dateModified":"2024-09-28T17:45:34+00:00","description":"Der Camon Swimmingpool f\u00fcr Hunde ist ein ger\u00e4umiger Pool, der an Sommertagen f\u00fcr Spa\u00df und Erfrischung f\u00fcr unseren Liebling sorgt.","breadcrumb":{"@id":"https:\/\/www.ulissequalityshop.com\/de\/prodotto\/camon-schwimmbad-fuer-hunde\/#breadcrumb"},"inLanguage":"de","potentialAction":[{"@type":"ReadAction","target":["https:\/\/www.ulissequalityshop.com\/de\/prodotto\/camon-schwimmbad-fuer-hunde\/"]}]},{"@type":"ImageObject","inLanguage":"de","@id":"https:\/\/www.ulissequalityshop.com\/de\/prodotto\/camon-schwimmbad-fuer-hunde\/#primaryimage","url":"https:\/\/i0.wp.com\/www.ulissequalityshop.com\/wp-content\/uploads\/2016\/06\/camon_piscinacane_LRG.jpg?fit=600%2C600&ssl=1","contentUrl":"https:\/\/i0.wp.com\/www.ulissequalityshop.com\/wp-content\/uploads\/2016\/06\/camon_piscinacane_LRG.jpg?fit=600%2C600&ssl=1","width":600,"height":600,"caption":"Camon Piscina per Cani"},{"@type":"BreadcrumbList","@id":"https:\/\/www.ulissequalityshop.com\/de\/prodotto\/camon-schwimmbad-fuer-hunde\/#breadcrumb","itemListElement":[{"@type":"ListItem","position":1,"name":"Start","item":"https:\/\/www.ulissequalityshop.com\/de\/"},{"@type":"ListItem","position":2,"name":"Ulisse Quality Shop","item":"https:\/\/www.ulissequalityshop.com\/"},{"@type":"ListItem","position":3,"name":"Camon Schwimmbad f\u00fcr Hunde"}]},{"@type":"WebSite","@id":"https:\/\/www.ulissequalityshop.com\/de\/#website","url":"https:\/\/www.ulissequalityshop.com\/de\/","name":"Ulisse Quality Shop","description":"Tutto per i tuoi pets","potentialAction":[{"@type":"SearchAction","target":{"@type":"EntryPoint","urlTemplate":"https:\/\/www.ulissequalityshop.com\/de\/?s={search_term_string}"},"query-input":{"@type":"PropertyValueSpecification","valueRequired":true,"valueName":"search_term_string"}}],"inLanguage":"de"}]}},"jetpack_sharing_enabled":true,"brands":[{"id":1127,"name":"Camon","slug":"camon"}],"_links":{"self":[{"href":"https:\/\/www.ulissequalityshop.com\/de\/wp-json\/wp\/v2\/product\/17862","targetHints":{"allow":["GET"]}}],"collection":[{"href":"https:\/\/www.ulissequalityshop.com\/de\/wp-json\/wp\/v2\/product"}],"about":[{"href":"https:\/\/www.ulissequalityshop.com\/de\/wp-json\/wp\/v2\/types\/product"}],"replies":[{"embeddable":true,"href":"https:\/\/www.ulissequalityshop.com\/de\/wp-json\/wp\/v2\/comments?post=17862"}],"wp:featuredmedia":[{"embeddable":true,"href":"https:\/\/www.ulissequalityshop.com\/de\/wp-json\/wp\/v2\/media\/17866"}],"wp:attachment":[{"href":"https:\/\/www.ulissequalityshop.com\/de\/wp-json\/wp\/v2\/media?parent=17862"}],"wp:term":[{"taxonomy":"pwb-brand","embeddable":true,"href":"https:\/\/www.ulissequalityshop.com\/de\/wp-json\/wp\/v2\/pwb-brand?post=17862"},{"taxonomy":"product_brand","embeddable":true,"href":"https:\/\/www.ulissequalityshop.com\/de\/wp-json\/wp\/v2\/product_brand?post=17862"},{"taxonomy":"product_cat","embeddable":true,"href":"https:\/\/www.ulissequalityshop.com\/de\/wp-json\/wp\/v2\/product_cat?post=17862"},{"taxonomy":"product_tag","embeddable":true,"href":"https:\/\/www.ulissequalityshop.com\/de\/wp-json\/wp\/v2\/product_tag?post=17862"},{"taxonomy":"woo-feed-brand","embeddable":true,"href":"https:\/\/www.ulissequalityshop.com\/de\/wp-json\/wp\/v2\/woo-feed-brand?post=17862"}],"curies":[{"name":"wp","href":"https:\/\/api.w.org\/{rel}","templated":true}]}}