{"id":17872,"date":"2016-06-18T23:57:43","date_gmt":"2016-06-18T21:57:43","guid":{"rendered":"https:\/\/www.ulissequalityshop.com\/prodotto\/camon-erfrischungshalsband-fuer-hunde\/"},"modified":"2024-09-28T22:14:47","modified_gmt":"2024-09-28T20:14:47","slug":"camon-erfrischungshalsband-fuer-hunde","status":"publish","type":"product","link":"https:\/\/www.ulissequalityshop.com\/de\/prodotto\/camon-erfrischungshalsband-fuer-hunde\/","title":{"rendered":"Camon Erfrischungshalsband f\u00fcr Hunde"},"content":{"rendered":"<p>Das <strong>Camon Erfrischungshalsband f\u00fcr<\/strong> Hunde ist ein ideales Halsband zur Erfrischung Ihres Hundes an Sommertagen.<br \/>\nDas Halsband muss vor dem Gebrauch in den Gefrierschrank gelegt werden.<br \/>\nDie L\u00e4nge ist durch einen Klettverschluss verstellbar.<br \/>\nEs ist robust, langlebig und nat\u00fcrlich ungiftig.     <\/p>\n<h2><strong>Camon Erfrischendes Halsband, Merkmale:<\/strong><\/h2>\n<ul>\n<li>Ideal zur K\u00fchlung des Hundes im Sommer.<\/li>\n<li>Vor dem Gebrauch einfrieren.<\/li>\n<li>In der L\u00e4nge verstellbar.<\/li>\n<li>Widerstandsf\u00e4hig, langlebig und ungiftig.<\/li>\n<\/ul>\n<h3><strong>Verf\u00fcgbare Gr\u00f6\u00dfen:<\/strong><\/h3>\n<ul>\n<li>Klein &#8211; 26,5 cm<\/li>\n<li>Mittel &#8211; 33 cm<\/li>\n<li>Gro\u00df &#8211; 40 cm<\/li>\n<li>XL &#8211; 60 cm<\/li>\n<\/ul>\n","protected":false},"excerpt":{"rendered":"<p>Das <strong>Camon Erfrischungshalsband f\u00fcr<\/strong> Hunde ist ein ideales Halsband f\u00fcr die Erfrischung Ihres Hundes an Sommertagen.<br \/>\nErh\u00e4ltlich in vier Gr\u00f6\u00dfen, die L\u00e4nge ist per Klettverschluss verstellbar.   <\/p>\n<h4><strong>Erh\u00e4ltlich in vier Gr\u00f6\u00dfen:<\/strong><\/h4>\n<ul>\n<li>Klein &#8211; 26,5 cm<\/li>\n<li>Mittel &#8211; 33 cm<\/li>\n<li>Gro\u00df &#8211; 40 cm<\/li>\n<li>XL &#8211; 60 cm<\/li>\n<\/ul>\n","protected":false},"featured_media":17873,"comment_status":"open","ping_status":"closed","template":"","meta":{"_et_pb_use_builder":"","_et_pb_old_content":"","_et_gb_content_width":""},"pwb-brand":[1127],"product_brand":[],"product_cat":[2382,2267,2275],"product_tag":[2381,2402,2401],"woo-feed-brand":[],"class_list":{"0":"post-17872","1":"product","2":"type-product","3":"status-publish","4":"has-post-thumbnail","6":"pwb-brand-camon","7":"product_cat-sommer-und-ferien","8":"product_cat-hunde","9":"product_cat-hundeleinen","10":"product_tag-camon-de","11":"product_tag-erfrischendes-halsband","12":"product_tag-kragen","13":"product_shipping_class-0-3-kg-de","15":"first","16":"outofstock","17":"sale","18":"taxable","19":"shipping-taxable","20":"purchasable","21":"product-type-variable","22":"has-default-attributes"},"yoast_head":"<!-- This site is optimized with the Yoast SEO plugin v26.7 - https:\/\/yoast.com\/wordpress\/plugins\/seo\/ -->\n<title>Camon Erfrischungshalsband f\u00fcr Hunde - Ulisse Quality Shop<\/title>\n<meta name=\"description\" content=\"Das erfrischende Hundehalsband von Camon ist ideal, um Ihren Hund an Sommertagen zu k\u00fchlen. Es ist in verschiedenen Gr\u00f6\u00dfen erh\u00e4ltlich und l\u00e4sst sich per Klettverschluss verstellen. Erfahren Sie mehr.\" \/>\n<meta name=\"robots\" content=\"index, follow, max-snippet:-1, max-image-preview:large, max-video-preview:-1\" \/>\n<link rel=\"canonical\" href=\"https:\/\/www.ulissequalityshop.com\/de\/prodotto\/camon-erfrischungshalsband-fuer-hunde\/\" \/>\n<meta property=\"og:locale\" content=\"de_DE\" \/>\n<meta property=\"og:type\" content=\"article\" \/>\n<meta property=\"og:title\" content=\"Camon Erfrischungshalsband f\u00fcr Hunde - Ulisse Quality Shop\" \/>\n<meta property=\"og:description\" content=\"Das erfrischende Hundehalsband von Camon ist ideal, um Ihren Hund an Sommertagen zu k\u00fchlen. Es ist in verschiedenen Gr\u00f6\u00dfen erh\u00e4ltlich und l\u00e4sst sich per Klettverschluss verstellen. Erfahren Sie mehr.\" \/>\n<meta property=\"og:url\" content=\"https:\/\/www.ulissequalityshop.com\/de\/prodotto\/camon-erfrischungshalsband-fuer-hunde\/\" \/>\n<meta property=\"og:site_name\" content=\"Ulisse Quality Shop\" \/>\n<meta property=\"article:publisher\" content=\"https:\/\/www.facebook.com\/ulissequalityshop\/\" \/>\n<meta property=\"article:modified_time\" content=\"2024-09-28T20:14:47+00:00\" \/>\n<meta property=\"og:image\" content=\"https:\/\/www.ulissequalityshop.com\/wp-content\/uploads\/2016\/06\/camon_collarerinfrescante_LRG.jpg\" \/>\n\t<meta property=\"og:image:width\" content=\"600\" \/>\n\t<meta property=\"og:image:height\" content=\"600\" \/>\n\t<meta property=\"og:image:type\" content=\"image\/jpeg\" \/>\n<meta name=\"twitter:card\" content=\"summary_large_image\" \/>\n<meta name=\"twitter:site\" content=\"@UlisseQualoitySh\" \/>\n<script type=\"application\/ld+json\" class=\"yoast-schema-graph\">{\"@context\":\"https:\/\/schema.org\",\"@graph\":[{\"@type\":\"WebPage\",\"@id\":\"https:\/\/www.ulissequalityshop.com\/de\/prodotto\/camon-erfrischungshalsband-fuer-hunde\/\",\"url\":\"https:\/\/www.ulissequalityshop.com\/de\/prodotto\/camon-erfrischungshalsband-fuer-hunde\/\",\"name\":\"Camon Erfrischungshalsband f\u00fcr Hunde - Ulisse Quality Shop\",\"isPartOf\":{\"@id\":\"https:\/\/www.ulissequalityshop.com\/de\/#website\"},\"primaryImageOfPage\":{\"@id\":\"https:\/\/www.ulissequalityshop.com\/de\/prodotto\/camon-erfrischungshalsband-fuer-hunde\/#primaryimage\"},\"image\":{\"@id\":\"https:\/\/www.ulissequalityshop.com\/de\/prodotto\/camon-erfrischungshalsband-fuer-hunde\/#primaryimage\"},\"thumbnailUrl\":\"https:\/\/i0.wp.com\/www.ulissequalityshop.com\/wp-content\/uploads\/2016\/06\/camon_collarerinfrescante_LRG.jpg?fit=600%2C600&ssl=1\",\"datePublished\":\"2016-06-18T21:57:43+00:00\",\"dateModified\":\"2024-09-28T20:14:47+00:00\",\"description\":\"Das erfrischende Hundehalsband von Camon ist ideal, um Ihren Hund an Sommertagen zu k\u00fchlen. Es ist in verschiedenen Gr\u00f6\u00dfen erh\u00e4ltlich und l\u00e4sst sich per Klettverschluss verstellen. Erfahren Sie mehr.\",\"breadcrumb\":{\"@id\":\"https:\/\/www.ulissequalityshop.com\/de\/prodotto\/camon-erfrischungshalsband-fuer-hunde\/#breadcrumb\"},\"inLanguage\":\"de\",\"potentialAction\":[{\"@type\":\"ReadAction\",\"target\":[\"https:\/\/www.ulissequalityshop.com\/de\/prodotto\/camon-erfrischungshalsband-fuer-hunde\/\"]}]},{\"@type\":\"ImageObject\",\"inLanguage\":\"de\",\"@id\":\"https:\/\/www.ulissequalityshop.com\/de\/prodotto\/camon-erfrischungshalsband-fuer-hunde\/#primaryimage\",\"url\":\"https:\/\/i0.wp.com\/www.ulissequalityshop.com\/wp-content\/uploads\/2016\/06\/camon_collarerinfrescante_LRG.jpg?fit=600%2C600&ssl=1\",\"contentUrl\":\"https:\/\/i0.wp.com\/www.ulissequalityshop.com\/wp-content\/uploads\/2016\/06\/camon_collarerinfrescante_LRG.jpg?fit=600%2C600&ssl=1\",\"width\":600,\"height\":600,\"caption\":\"Camon Collare Rinfrescante\"},{\"@type\":\"BreadcrumbList\",\"@id\":\"https:\/\/www.ulissequalityshop.com\/de\/prodotto\/camon-erfrischungshalsband-fuer-hunde\/#breadcrumb\",\"itemListElement\":[{\"@type\":\"ListItem\",\"position\":1,\"name\":\"Start\",\"item\":\"https:\/\/www.ulissequalityshop.com\/de\/\"},{\"@type\":\"ListItem\",\"position\":2,\"name\":\"Ulisse Quality Shop\",\"item\":\"https:\/\/www.ulissequalityshop.com\/\"},{\"@type\":\"ListItem\",\"position\":3,\"name\":\"Camon Erfrischungshalsband f\u00fcr Hunde\"}]},{\"@type\":\"WebSite\",\"@id\":\"https:\/\/www.ulissequalityshop.com\/de\/#website\",\"url\":\"https:\/\/www.ulissequalityshop.com\/de\/\",\"name\":\"Ulisse Quality Shop\",\"description\":\"Tutto per i tuoi pets\",\"potentialAction\":[{\"@type\":\"SearchAction\",\"target\":{\"@type\":\"EntryPoint\",\"urlTemplate\":\"https:\/\/www.ulissequalityshop.com\/de\/?s={search_term_string}\"},\"query-input\":{\"@type\":\"PropertyValueSpecification\",\"valueRequired\":true,\"valueName\":\"search_term_string\"}}],\"inLanguage\":\"de\"}]}<\/script>\n<!-- \/ Yoast SEO plugin. -->","yoast_head_json":{"title":"Camon Erfrischungshalsband f\u00fcr Hunde - Ulisse Quality Shop","description":"Das erfrischende Hundehalsband von Camon ist ideal, um Ihren Hund an Sommertagen zu k\u00fchlen. Es ist in verschiedenen Gr\u00f6\u00dfen erh\u00e4ltlich und l\u00e4sst sich per Klettverschluss verstellen. Erfahren Sie mehr.","robots":{"index":"index","follow":"follow","max-snippet":"max-snippet:-1","max-image-preview":"max-image-preview:large","max-video-preview":"max-video-preview:-1"},"canonical":"https:\/\/www.ulissequalityshop.com\/de\/prodotto\/camon-erfrischungshalsband-fuer-hunde\/","og_locale":"de_DE","og_type":"article","og_title":"Camon Erfrischungshalsband f\u00fcr Hunde - Ulisse Quality Shop","og_description":"Das erfrischende Hundehalsband von Camon ist ideal, um Ihren Hund an Sommertagen zu k\u00fchlen. Es ist in verschiedenen Gr\u00f6\u00dfen erh\u00e4ltlich und l\u00e4sst sich per Klettverschluss verstellen. Erfahren Sie mehr.","og_url":"https:\/\/www.ulissequalityshop.com\/de\/prodotto\/camon-erfrischungshalsband-fuer-hunde\/","og_site_name":"Ulisse Quality Shop","article_publisher":"https:\/\/www.facebook.com\/ulissequalityshop\/","article_modified_time":"2024-09-28T20:14:47+00:00","og_image":[{"width":600,"height":600,"url":"https:\/\/www.ulissequalityshop.com\/wp-content\/uploads\/2016\/06\/camon_collarerinfrescante_LRG.jpg","type":"image\/jpeg"}],"twitter_card":"summary_large_image","twitter_site":"@UlisseQualoitySh","schema":{"@context":"https:\/\/schema.org","@graph":[{"@type":"WebPage","@id":"https:\/\/www.ulissequalityshop.com\/de\/prodotto\/camon-erfrischungshalsband-fuer-hunde\/","url":"https:\/\/www.ulissequalityshop.com\/de\/prodotto\/camon-erfrischungshalsband-fuer-hunde\/","name":"Camon Erfrischungshalsband f\u00fcr Hunde - Ulisse Quality Shop","isPartOf":{"@id":"https:\/\/www.ulissequalityshop.com\/de\/#website"},"primaryImageOfPage":{"@id":"https:\/\/www.ulissequalityshop.com\/de\/prodotto\/camon-erfrischungshalsband-fuer-hunde\/#primaryimage"},"image":{"@id":"https:\/\/www.ulissequalityshop.com\/de\/prodotto\/camon-erfrischungshalsband-fuer-hunde\/#primaryimage"},"thumbnailUrl":"https:\/\/i0.wp.com\/www.ulissequalityshop.com\/wp-content\/uploads\/2016\/06\/camon_collarerinfrescante_LRG.jpg?fit=600%2C600&ssl=1","datePublished":"2016-06-18T21:57:43+00:00","dateModified":"2024-09-28T20:14:47+00:00","description":"Das erfrischende Hundehalsband von Camon ist ideal, um Ihren Hund an Sommertagen zu k\u00fchlen. Es ist in verschiedenen Gr\u00f6\u00dfen erh\u00e4ltlich und l\u00e4sst sich per Klettverschluss verstellen. Erfahren Sie mehr.","breadcrumb":{"@id":"https:\/\/www.ulissequalityshop.com\/de\/prodotto\/camon-erfrischungshalsband-fuer-hunde\/#breadcrumb"},"inLanguage":"de","potentialAction":[{"@type":"ReadAction","target":["https:\/\/www.ulissequalityshop.com\/de\/prodotto\/camon-erfrischungshalsband-fuer-hunde\/"]}]},{"@type":"ImageObject","inLanguage":"de","@id":"https:\/\/www.ulissequalityshop.com\/de\/prodotto\/camon-erfrischungshalsband-fuer-hunde\/#primaryimage","url":"https:\/\/i0.wp.com\/www.ulissequalityshop.com\/wp-content\/uploads\/2016\/06\/camon_collarerinfrescante_LRG.jpg?fit=600%2C600&ssl=1","contentUrl":"https:\/\/i0.wp.com\/www.ulissequalityshop.com\/wp-content\/uploads\/2016\/06\/camon_collarerinfrescante_LRG.jpg?fit=600%2C600&ssl=1","width":600,"height":600,"caption":"Camon Collare Rinfrescante"},{"@type":"BreadcrumbList","@id":"https:\/\/www.ulissequalityshop.com\/de\/prodotto\/camon-erfrischungshalsband-fuer-hunde\/#breadcrumb","itemListElement":[{"@type":"ListItem","position":1,"name":"Start","item":"https:\/\/www.ulissequalityshop.com\/de\/"},{"@type":"ListItem","position":2,"name":"Ulisse Quality Shop","item":"https:\/\/www.ulissequalityshop.com\/"},{"@type":"ListItem","position":3,"name":"Camon Erfrischungshalsband f\u00fcr Hunde"}]},{"@type":"WebSite","@id":"https:\/\/www.ulissequalityshop.com\/de\/#website","url":"https:\/\/www.ulissequalityshop.com\/de\/","name":"Ulisse Quality Shop","description":"Tutto per i tuoi pets","potentialAction":[{"@type":"SearchAction","target":{"@type":"EntryPoint","urlTemplate":"https:\/\/www.ulissequalityshop.com\/de\/?s={search_term_string}"},"query-input":{"@type":"PropertyValueSpecification","valueRequired":true,"valueName":"search_term_string"}}],"inLanguage":"de"}]}},"jetpack_sharing_enabled":true,"brands":[{"id":1127,"name":"Camon","slug":"camon"}],"_links":{"self":[{"href":"https:\/\/www.ulissequalityshop.com\/de\/wp-json\/wp\/v2\/product\/17872","targetHints":{"allow":["GET"]}}],"collection":[{"href":"https:\/\/www.ulissequalityshop.com\/de\/wp-json\/wp\/v2\/product"}],"about":[{"href":"https:\/\/www.ulissequalityshop.com\/de\/wp-json\/wp\/v2\/types\/product"}],"replies":[{"embeddable":true,"href":"https:\/\/www.ulissequalityshop.com\/de\/wp-json\/wp\/v2\/comments?post=17872"}],"wp:featuredmedia":[{"embeddable":true,"href":"https:\/\/www.ulissequalityshop.com\/de\/wp-json\/wp\/v2\/media\/17873"}],"wp:attachment":[{"href":"https:\/\/www.ulissequalityshop.com\/de\/wp-json\/wp\/v2\/media?parent=17872"}],"wp:term":[{"taxonomy":"pwb-brand","embeddable":true,"href":"https:\/\/www.ulissequalityshop.com\/de\/wp-json\/wp\/v2\/pwb-brand?post=17872"},{"taxonomy":"product_brand","embeddable":true,"href":"https:\/\/www.ulissequalityshop.com\/de\/wp-json\/wp\/v2\/product_brand?post=17872"},{"taxonomy":"product_cat","embeddable":true,"href":"https:\/\/www.ulissequalityshop.com\/de\/wp-json\/wp\/v2\/product_cat?post=17872"},{"taxonomy":"product_tag","embeddable":true,"href":"https:\/\/www.ulissequalityshop.com\/de\/wp-json\/wp\/v2\/product_tag?post=17872"},{"taxonomy":"woo-feed-brand","embeddable":true,"href":"https:\/\/www.ulissequalityshop.com\/de\/wp-json\/wp\/v2\/woo-feed-brand?post=17872"}],"curies":[{"name":"wp","href":"https:\/\/api.w.org\/{rel}","templated":true}]}}