{"id":17882,"date":"2016-06-18T22:49:13","date_gmt":"2016-06-18T20:49:13","guid":{"rendered":"https:\/\/www.ulissequalityshop.com\/prodotto\/camon-leis-halsband-antiparasitaeres-halsband\/"},"modified":"2024-09-28T22:28:53","modified_gmt":"2024-09-28T20:28:53","slug":"camon-leis-halsband-antiparasitaeres-halsband","status":"publish","type":"product","link":"https:\/\/www.ulissequalityshop.com\/de\/prodotto\/camon-leis-halsband-antiparasitaeres-halsband\/","title":{"rendered":"Camon Leis Halsband Antiparasit\u00e4res Halsband"},"content":{"rendered":"<p>Das <strong>Leis Collar Anti-Parasiten-Halsband<\/strong> ist ein wirksames nat\u00fcrliches, biologisch abbaubares Anti-Parasiten-Hilfsmittel. Das <strong>Camon Leis Collar <\/strong>ist ein wirksames Hilfsmittel gegen M\u00fccken und Blutsauger ohne jegliche Nebenwirkungen.<br \/>\nDie nat\u00fcrlichen Wirkstoffe, die in der biologisch abbaubaren Matrix des Halsbandes enthalten sind, werden bei Kontakt mit der W\u00e4rme Ihres Haustieres freigesetzt und sind f\u00fcr M\u00fccken und Phlebotome* unerw\u00fcnscht.<br \/>\nEs ver\u00e4ndert sich nicht bei Kontakt mit Wasser.    <\/p>\n<h2><strong>Leis Halsband Antiparasit\u00e4res Halsband, Merkmale<\/strong>:<\/h2>\n<ul>\n<li>Nat\u00fcrliche Unterst\u00fctzung bei Parasitenbefall.<\/li>\n<li>Vollst\u00e4ndig biologisch abbaubar.<\/li>\n<li>Unangenehm f\u00fcr Stechm\u00fccken und Phlebotome.<\/li>\n<li>Es ver\u00e4ndert sich nicht bei Kontakt mit Wasser.<\/li>\n<li>Es hat keine Nebenwirkungen.<\/li>\n<li>Enth\u00e4lt Neem-\u00d6l und \u00e4therisches Hybrid-Lavendel\u00f6l.<\/li>\n<\/ul>\n<h3 style=\"font: 16px\/24px Georgia, 'Times New Roman', 'Bitstream Charter', Times, serif; color: #333333; text-transform: none; text-indent: 0px; letter-spacing: normal; word-spacing: 0px; white-space: normal; widows: 1; font-size-adjust: none; font-stretch: normal; -webkit-text-stroke-width: 0px;\"><strong>Leis Collar antiparasit\u00e4res Halsband, Gr\u00f6\u00dfen:<\/strong><\/h3>\n<ul>\n<li>(Halsband L. 35 cm) cod.<br \/>\nG914\/A <\/li>\n<li>(Halsband L. 60 cm) cod.<br \/>\nG914\/B <\/li>\n<li>(Halsband L. 75 cm) cod.<br \/>\nG914\/C <\/li>\n<\/ul>\n<div style=\"font: 16px\/24px Georgia, 'Times New Roman', 'Bitstream Charter', Times, serif; color: #333333; text-transform: none; text-indent: 0px; letter-spacing: normal; word-spacing: 0px; white-space: normal; widows: 1; font-size-adjust: none; font-stretch: normal; -webkit-text-stroke-width: 0px;\"> <em>*Experimentelle Tests, die vom Laboratoire T.E.C. (Frankreich, Juli 2011) an Phlebotomus Duboscqi durchgef\u00fchrt wurden, einem Stamm aus dem Parasitologie-Labor der Universit\u00e9 Louis Pasteur (Illkirch, Frankreich).<\/em><\/div>\n","protected":false},"excerpt":{"rendered":"<p>Das <strong>biologisch abbaubare Leis Collar<\/strong> ist eine wertvolle Unterst\u00fctzung bei der nat\u00fcrlichen Sch\u00e4dlingsbek\u00e4mpfung: ein wirksames Hilfsmittel mit unangenehmer Wirkung f\u00fcr M\u00fccken und Stechm\u00fccken, ohne jegliche Nebenwirkungen. <strong>Erh\u00e4ltlich in drei verschiedenen Gr\u00f6\u00dfen.<\/strong><\/p>\n","protected":false},"featured_media":17883,"comment_status":"open","ping_status":"closed","template":"","meta":{"_et_pb_use_builder":"","_et_pb_old_content":"","_et_gb_content_width":""},"pwb-brand":[1127,1124],"product_brand":[],"product_cat":[2416,2289,2267],"product_tag":[2420,2381,2415,2418,2295,2290,2296],"woo-feed-brand":[1888],"class_list":{"0":"post-17882","1":"product","2":"type-product","3":"status-publish","4":"has-post-thumbnail","6":"pwb-brand-camon","7":"pwb-brand-orme-naturali","8":"product_cat-die-occasions-von-ulysses","9":"product_cat-pestizide-fur-hunde","10":"product_cat-hunde","11":"product_tag-barriere-linie","12":"product_tag-camon-de","13":"product_tag-hunde-pestizide","14":"product_tag-leis-linie","15":"product_tag-linie-protection","16":"product_tag-pestizide","17":"product_tag-ptotection-linie","18":"product_shipping_class-0-3-kg-de","19":"woo-feed-brand-camon","21":"first","22":"instock","23":"sale","24":"taxable","25":"shipping-taxable","26":"purchasable","27":"product-type-variable"},"yoast_head":"<!-- This site is optimized with the Yoast SEO plugin v26.7 - https:\/\/yoast.com\/wordpress\/plugins\/seo\/ -->\n<title>Camon Leis Halsband Antiparasit\u00e4res Halsband - Ulisse Quality Shop<\/title>\n<meta name=\"description\" content=\"Das biologisch abbaubare Leis Collar Anti-Parasiten-Halsband ist ein nat\u00fcrliches Anti-Parasiten-Mittel ohne Nebenwirkungen. Erfahren Sie mehr.\" \/>\n<meta name=\"robots\" content=\"index, follow, max-snippet:-1, max-image-preview:large, max-video-preview:-1\" \/>\n<link rel=\"canonical\" href=\"https:\/\/www.ulissequalityshop.com\/de\/prodotto\/camon-leis-halsband-antiparasitaeres-halsband\/\" \/>\n<meta property=\"og:locale\" content=\"de_DE\" \/>\n<meta property=\"og:type\" content=\"article\" \/>\n<meta property=\"og:title\" content=\"Camon Leis Halsband Antiparasit\u00e4res Halsband - Ulisse Quality Shop\" \/>\n<meta property=\"og:description\" content=\"Das biologisch abbaubare Leis Collar Anti-Parasiten-Halsband ist ein nat\u00fcrliches Anti-Parasiten-Mittel ohne Nebenwirkungen. Erfahren Sie mehr.\" \/>\n<meta property=\"og:url\" content=\"https:\/\/www.ulissequalityshop.com\/de\/prodotto\/camon-leis-halsband-antiparasitaeres-halsband\/\" \/>\n<meta property=\"og:site_name\" content=\"Ulisse Quality Shop\" \/>\n<meta property=\"article:publisher\" content=\"https:\/\/www.facebook.com\/ulissequalityshop\/\" \/>\n<meta property=\"article:modified_time\" content=\"2024-09-28T20:28:53+00:00\" \/>\n<meta property=\"og:image\" content=\"https:\/\/www.ulissequalityshop.com\/wp-content\/uploads\/2021\/03\/camon-collare-leis.jpg\" \/>\n\t<meta property=\"og:image:width\" content=\"1200\" \/>\n\t<meta property=\"og:image:height\" content=\"1200\" \/>\n\t<meta property=\"og:image:type\" content=\"image\/jpeg\" \/>\n<meta name=\"twitter:card\" content=\"summary_large_image\" \/>\n<meta name=\"twitter:site\" content=\"@UlisseQualoitySh\" \/>\n<meta name=\"twitter:label1\" content=\"Gesch\u00e4tzte Lesezeit\" \/>\n\t<meta name=\"twitter:data1\" content=\"1\u00a0Minute\" \/>\n<script type=\"application\/ld+json\" class=\"yoast-schema-graph\">{\"@context\":\"https:\/\/schema.org\",\"@graph\":[{\"@type\":\"WebPage\",\"@id\":\"https:\/\/www.ulissequalityshop.com\/de\/prodotto\/camon-leis-halsband-antiparasitaeres-halsband\/\",\"url\":\"https:\/\/www.ulissequalityshop.com\/de\/prodotto\/camon-leis-halsband-antiparasitaeres-halsband\/\",\"name\":\"Camon Leis Halsband Antiparasit\u00e4res Halsband - Ulisse Quality Shop\",\"isPartOf\":{\"@id\":\"https:\/\/www.ulissequalityshop.com\/de\/#website\"},\"primaryImageOfPage\":{\"@id\":\"https:\/\/www.ulissequalityshop.com\/de\/prodotto\/camon-leis-halsband-antiparasitaeres-halsband\/#primaryimage\"},\"image\":{\"@id\":\"https:\/\/www.ulissequalityshop.com\/de\/prodotto\/camon-leis-halsband-antiparasitaeres-halsband\/#primaryimage\"},\"thumbnailUrl\":\"https:\/\/i0.wp.com\/www.ulissequalityshop.com\/wp-content\/uploads\/2021\/03\/camon-collare-leis.jpg?fit=1200%2C1200&ssl=1\",\"datePublished\":\"2016-06-18T20:49:13+00:00\",\"dateModified\":\"2024-09-28T20:28:53+00:00\",\"description\":\"Das biologisch abbaubare Leis Collar Anti-Parasiten-Halsband ist ein nat\u00fcrliches Anti-Parasiten-Mittel ohne Nebenwirkungen. Erfahren Sie mehr.\",\"breadcrumb\":{\"@id\":\"https:\/\/www.ulissequalityshop.com\/de\/prodotto\/camon-leis-halsband-antiparasitaeres-halsband\/#breadcrumb\"},\"inLanguage\":\"de\",\"potentialAction\":[{\"@type\":\"ReadAction\",\"target\":[\"https:\/\/www.ulissequalityshop.com\/de\/prodotto\/camon-leis-halsband-antiparasitaeres-halsband\/\"]}]},{\"@type\":\"ImageObject\",\"inLanguage\":\"de\",\"@id\":\"https:\/\/www.ulissequalityshop.com\/de\/prodotto\/camon-leis-halsband-antiparasitaeres-halsband\/#primaryimage\",\"url\":\"https:\/\/i0.wp.com\/www.ulissequalityshop.com\/wp-content\/uploads\/2021\/03\/camon-collare-leis.jpg?fit=1200%2C1200&ssl=1\",\"contentUrl\":\"https:\/\/i0.wp.com\/www.ulissequalityshop.com\/wp-content\/uploads\/2021\/03\/camon-collare-leis.jpg?fit=1200%2C1200&ssl=1\",\"width\":1200,\"height\":1200,\"caption\":\"Leis Collar collare antiparassitario\"},{\"@type\":\"BreadcrumbList\",\"@id\":\"https:\/\/www.ulissequalityshop.com\/de\/prodotto\/camon-leis-halsband-antiparasitaeres-halsband\/#breadcrumb\",\"itemListElement\":[{\"@type\":\"ListItem\",\"position\":1,\"name\":\"Start\",\"item\":\"https:\/\/www.ulissequalityshop.com\/de\/\"},{\"@type\":\"ListItem\",\"position\":2,\"name\":\"Ulisse Quality Shop\",\"item\":\"https:\/\/www.ulissequalityshop.com\/\"},{\"@type\":\"ListItem\",\"position\":3,\"name\":\"Camon Leis Halsband Antiparasit\u00e4res Halsband\"}]},{\"@type\":\"WebSite\",\"@id\":\"https:\/\/www.ulissequalityshop.com\/de\/#website\",\"url\":\"https:\/\/www.ulissequalityshop.com\/de\/\",\"name\":\"Ulisse Quality Shop\",\"description\":\"Tutto per i tuoi pets\",\"potentialAction\":[{\"@type\":\"SearchAction\",\"target\":{\"@type\":\"EntryPoint\",\"urlTemplate\":\"https:\/\/www.ulissequalityshop.com\/de\/?s={search_term_string}\"},\"query-input\":{\"@type\":\"PropertyValueSpecification\",\"valueRequired\":true,\"valueName\":\"search_term_string\"}}],\"inLanguage\":\"de\"}]}<\/script>\n<!-- \/ Yoast SEO plugin. -->","yoast_head_json":{"title":"Camon Leis Halsband Antiparasit\u00e4res Halsband - Ulisse Quality Shop","description":"Das biologisch abbaubare Leis Collar Anti-Parasiten-Halsband ist ein nat\u00fcrliches Anti-Parasiten-Mittel ohne Nebenwirkungen. Erfahren Sie mehr.","robots":{"index":"index","follow":"follow","max-snippet":"max-snippet:-1","max-image-preview":"max-image-preview:large","max-video-preview":"max-video-preview:-1"},"canonical":"https:\/\/www.ulissequalityshop.com\/de\/prodotto\/camon-leis-halsband-antiparasitaeres-halsband\/","og_locale":"de_DE","og_type":"article","og_title":"Camon Leis Halsband Antiparasit\u00e4res Halsband - Ulisse Quality Shop","og_description":"Das biologisch abbaubare Leis Collar Anti-Parasiten-Halsband ist ein nat\u00fcrliches Anti-Parasiten-Mittel ohne Nebenwirkungen. Erfahren Sie mehr.","og_url":"https:\/\/www.ulissequalityshop.com\/de\/prodotto\/camon-leis-halsband-antiparasitaeres-halsband\/","og_site_name":"Ulisse Quality Shop","article_publisher":"https:\/\/www.facebook.com\/ulissequalityshop\/","article_modified_time":"2024-09-28T20:28:53+00:00","og_image":[{"width":1200,"height":1200,"url":"https:\/\/www.ulissequalityshop.com\/wp-content\/uploads\/2021\/03\/camon-collare-leis.jpg","type":"image\/jpeg"}],"twitter_card":"summary_large_image","twitter_site":"@UlisseQualoitySh","twitter_misc":{"Gesch\u00e4tzte Lesezeit":"1\u00a0Minute"},"schema":{"@context":"https:\/\/schema.org","@graph":[{"@type":"WebPage","@id":"https:\/\/www.ulissequalityshop.com\/de\/prodotto\/camon-leis-halsband-antiparasitaeres-halsband\/","url":"https:\/\/www.ulissequalityshop.com\/de\/prodotto\/camon-leis-halsband-antiparasitaeres-halsband\/","name":"Camon Leis Halsband Antiparasit\u00e4res Halsband - Ulisse Quality Shop","isPartOf":{"@id":"https:\/\/www.ulissequalityshop.com\/de\/#website"},"primaryImageOfPage":{"@id":"https:\/\/www.ulissequalityshop.com\/de\/prodotto\/camon-leis-halsband-antiparasitaeres-halsband\/#primaryimage"},"image":{"@id":"https:\/\/www.ulissequalityshop.com\/de\/prodotto\/camon-leis-halsband-antiparasitaeres-halsband\/#primaryimage"},"thumbnailUrl":"https:\/\/i0.wp.com\/www.ulissequalityshop.com\/wp-content\/uploads\/2021\/03\/camon-collare-leis.jpg?fit=1200%2C1200&ssl=1","datePublished":"2016-06-18T20:49:13+00:00","dateModified":"2024-09-28T20:28:53+00:00","description":"Das biologisch abbaubare Leis Collar Anti-Parasiten-Halsband ist ein nat\u00fcrliches Anti-Parasiten-Mittel ohne Nebenwirkungen. Erfahren Sie mehr.","breadcrumb":{"@id":"https:\/\/www.ulissequalityshop.com\/de\/prodotto\/camon-leis-halsband-antiparasitaeres-halsband\/#breadcrumb"},"inLanguage":"de","potentialAction":[{"@type":"ReadAction","target":["https:\/\/www.ulissequalityshop.com\/de\/prodotto\/camon-leis-halsband-antiparasitaeres-halsband\/"]}]},{"@type":"ImageObject","inLanguage":"de","@id":"https:\/\/www.ulissequalityshop.com\/de\/prodotto\/camon-leis-halsband-antiparasitaeres-halsband\/#primaryimage","url":"https:\/\/i0.wp.com\/www.ulissequalityshop.com\/wp-content\/uploads\/2021\/03\/camon-collare-leis.jpg?fit=1200%2C1200&ssl=1","contentUrl":"https:\/\/i0.wp.com\/www.ulissequalityshop.com\/wp-content\/uploads\/2021\/03\/camon-collare-leis.jpg?fit=1200%2C1200&ssl=1","width":1200,"height":1200,"caption":"Leis Collar collare antiparassitario"},{"@type":"BreadcrumbList","@id":"https:\/\/www.ulissequalityshop.com\/de\/prodotto\/camon-leis-halsband-antiparasitaeres-halsband\/#breadcrumb","itemListElement":[{"@type":"ListItem","position":1,"name":"Start","item":"https:\/\/www.ulissequalityshop.com\/de\/"},{"@type":"ListItem","position":2,"name":"Ulisse Quality Shop","item":"https:\/\/www.ulissequalityshop.com\/"},{"@type":"ListItem","position":3,"name":"Camon Leis Halsband Antiparasit\u00e4res Halsband"}]},{"@type":"WebSite","@id":"https:\/\/www.ulissequalityshop.com\/de\/#website","url":"https:\/\/www.ulissequalityshop.com\/de\/","name":"Ulisse Quality Shop","description":"Tutto per i tuoi pets","potentialAction":[{"@type":"SearchAction","target":{"@type":"EntryPoint","urlTemplate":"https:\/\/www.ulissequalityshop.com\/de\/?s={search_term_string}"},"query-input":{"@type":"PropertyValueSpecification","valueRequired":true,"valueName":"search_term_string"}}],"inLanguage":"de"}]}},"jetpack_sharing_enabled":true,"brands":[{"id":1127,"name":"Camon","slug":"camon"},{"id":1124,"name":"Orme Naturali","slug":"orme-naturali"}],"_links":{"self":[{"href":"https:\/\/www.ulissequalityshop.com\/de\/wp-json\/wp\/v2\/product\/17882","targetHints":{"allow":["GET"]}}],"collection":[{"href":"https:\/\/www.ulissequalityshop.com\/de\/wp-json\/wp\/v2\/product"}],"about":[{"href":"https:\/\/www.ulissequalityshop.com\/de\/wp-json\/wp\/v2\/types\/product"}],"replies":[{"embeddable":true,"href":"https:\/\/www.ulissequalityshop.com\/de\/wp-json\/wp\/v2\/comments?post=17882"}],"wp:featuredmedia":[{"embeddable":true,"href":"https:\/\/www.ulissequalityshop.com\/de\/wp-json\/wp\/v2\/media\/17883"}],"wp:attachment":[{"href":"https:\/\/www.ulissequalityshop.com\/de\/wp-json\/wp\/v2\/media?parent=17882"}],"wp:term":[{"taxonomy":"pwb-brand","embeddable":true,"href":"https:\/\/www.ulissequalityshop.com\/de\/wp-json\/wp\/v2\/pwb-brand?post=17882"},{"taxonomy":"product_brand","embeddable":true,"href":"https:\/\/www.ulissequalityshop.com\/de\/wp-json\/wp\/v2\/product_brand?post=17882"},{"taxonomy":"product_cat","embeddable":true,"href":"https:\/\/www.ulissequalityshop.com\/de\/wp-json\/wp\/v2\/product_cat?post=17882"},{"taxonomy":"product_tag","embeddable":true,"href":"https:\/\/www.ulissequalityshop.com\/de\/wp-json\/wp\/v2\/product_tag?post=17882"},{"taxonomy":"woo-feed-brand","embeddable":true,"href":"https:\/\/www.ulissequalityshop.com\/de\/wp-json\/wp\/v2\/woo-feed-brand?post=17882"}],"curies":[{"name":"wp","href":"https:\/\/api.w.org\/{rel}","templated":true}]}}