{"id":17894,"date":"2016-06-19T22:41:28","date_gmt":"2016-06-19T20:41:28","guid":{"rendered":"https:\/\/www.ulissequalityshop.com\/prodotto\/camon-weisse-moschus-tuecher\/"},"modified":"2024-09-28T22:50:14","modified_gmt":"2024-09-28T20:50:14","slug":"camon-weisse-moschus-tuecher","status":"publish","type":"product","link":"https:\/\/www.ulissequalityshop.com\/de\/prodotto\/camon-weisse-moschus-tuecher\/","title":{"rendered":"Camon Wei\u00dfe Moschus T\u00fccher"},"content":{"rendered":"<p><strong>Camon White Musk Hygienic Wipes<\/strong> sind reinigende Feuchtt\u00fccher f\u00fcr Hunde und Katzen.<br \/>\n <strong>White Musk Hygienic Wipes<\/strong> sind praktische Reinigungst\u00fccher f\u00fcr Ihr Haustier.<br \/>\nSie sind T\u00fccher, die Sie immer zur Hand haben sollten.<br \/>\nSie k\u00f6nnen sie zu Hause und auf Reisen verwenden, um das Fell und die Pfoten Ihres Tieres zu reinigen, schlechte Ger\u00fcche zu entfernen, die Schnauze und die Ohren zu s\u00e4ubern.<br \/>\nIhre zarte Formulierung mit dem <strong>Duft von wei\u00dfem Moschus<\/strong> erfrischt, pflegt und sch\u00fctzt das Fell.      <\/p>\n<h2><strong>Wei\u00dfe Moschus-Hygienet\u00fccher, Eigenschaften:<\/strong><\/h2>\n<ul>\n<li>Geeignet f\u00fcr Hunde und Katzen.<\/li>\n<li>Der <strong>Duft von White Musk<\/strong> erfrischt, pflegt und sch\u00fctzt das Fell.<\/li>\n<li>Packung mit 40 St\u00fcck.<\/li>\n<\/ul>\n","protected":false},"excerpt":{"rendered":"<p><strong>Camon White Musk Hygienet\u00fccher<\/strong> sind praktische Reinigungst\u00fccher f\u00fcr Ihr Haustier, die Sie immer zur Hand haben: zu Hause und unterwegs, um Fell und Pfoten zu reinigen, schlechte Ger\u00fcche zu entfernen, Schnauze und Ohren zu s\u00e4ubern. <strong>Packung mit 40 St\u00fcck<\/strong><\/p>\n","protected":false},"featured_media":17895,"comment_status":"open","ping_status":"closed","template":"","meta":{"_et_pb_use_builder":"","_et_pb_old_content":"","_et_gb_content_width":""},"pwb-brand":[1206,1127],"product_brand":[],"product_cat":[2432,2427,2288,2267],"product_tag":[2381,2428,2431,2430,2429],"woo-feed-brand":[],"class_list":{"0":"post-17894","1":"product","2":"type-product","3":"status-publish","4":"has-post-thumbnail","6":"pwb-brand-amici-e-felici","7":"pwb-brand-camon","8":"product_cat-hygiene-und-fellpflege","9":"product_cat-hygiene-und-korperpflege","10":"product_cat-katzen","11":"product_cat-hunde","12":"product_tag-camon-de","13":"product_tag-damenbinden","14":"product_tag-feuchttucher","15":"product_tag-hundetucher","16":"product_tag-reinigungstucher","17":"product_shipping_class-0-3-kg-de","19":"first","20":"instock","21":"sale","22":"taxable","23":"shipping-taxable","24":"purchasable","25":"product-type-simple"},"yoast_head":"<!-- This site is optimized with the Yoast SEO plugin v26.7 - https:\/\/yoast.com\/wordpress\/plugins\/seo\/ -->\n<title>Camon Wei\u00dfe Moschus T\u00fccher - Ulisse Quality Shop<\/title>\n<meta name=\"description\" content=\"Die Camon White Musk Hygienet\u00fccher aus der Linie Amici e Felici sind reinigende Feuchtt\u00fccher f\u00fcr Hunde und Katzen. Erfahren Sie mehr.\" \/>\n<meta name=\"robots\" content=\"index, follow, max-snippet:-1, max-image-preview:large, max-video-preview:-1\" \/>\n<link rel=\"canonical\" href=\"https:\/\/www.ulissequalityshop.com\/de\/prodotto\/camon-weisse-moschus-tuecher\/\" \/>\n<meta property=\"og:locale\" content=\"de_DE\" \/>\n<meta property=\"og:type\" content=\"article\" \/>\n<meta property=\"og:title\" content=\"Camon Wei\u00dfe Moschus T\u00fccher - Ulisse Quality Shop\" \/>\n<meta property=\"og:description\" content=\"Die Camon White Musk Hygienet\u00fccher aus der Linie Amici e Felici sind reinigende Feuchtt\u00fccher f\u00fcr Hunde und Katzen. Erfahren Sie mehr.\" \/>\n<meta property=\"og:url\" content=\"https:\/\/www.ulissequalityshop.com\/de\/prodotto\/camon-weisse-moschus-tuecher\/\" \/>\n<meta property=\"og:site_name\" content=\"Ulisse Quality Shop\" \/>\n<meta property=\"article:publisher\" content=\"https:\/\/www.facebook.com\/ulissequalityshop\/\" \/>\n<meta property=\"article:modified_time\" content=\"2024-09-28T20:50:14+00:00\" \/>\n<meta property=\"og:image\" content=\"https:\/\/www.ulissequalityshop.com\/wp-content\/uploads\/2016\/06\/camon-salviette-muschio-bianco.jpg\" \/>\n\t<meta property=\"og:image:width\" content=\"1200\" \/>\n\t<meta property=\"og:image:height\" content=\"1200\" \/>\n\t<meta property=\"og:image:type\" content=\"image\/jpeg\" \/>\n<meta name=\"twitter:card\" content=\"summary_large_image\" \/>\n<meta name=\"twitter:site\" content=\"@UlisseQualoitySh\" \/>\n<meta name=\"twitter:label1\" content=\"Gesch\u00e4tzte Lesezeit\" \/>\n\t<meta name=\"twitter:data1\" content=\"1\u00a0Minute\" \/>\n<script type=\"application\/ld+json\" class=\"yoast-schema-graph\">{\"@context\":\"https:\/\/schema.org\",\"@graph\":[{\"@type\":\"WebPage\",\"@id\":\"https:\/\/www.ulissequalityshop.com\/de\/prodotto\/camon-weisse-moschus-tuecher\/\",\"url\":\"https:\/\/www.ulissequalityshop.com\/de\/prodotto\/camon-weisse-moschus-tuecher\/\",\"name\":\"Camon Wei\u00dfe Moschus T\u00fccher - Ulisse Quality Shop\",\"isPartOf\":{\"@id\":\"https:\/\/www.ulissequalityshop.com\/de\/#website\"},\"primaryImageOfPage\":{\"@id\":\"https:\/\/www.ulissequalityshop.com\/de\/prodotto\/camon-weisse-moschus-tuecher\/#primaryimage\"},\"image\":{\"@id\":\"https:\/\/www.ulissequalityshop.com\/de\/prodotto\/camon-weisse-moschus-tuecher\/#primaryimage\"},\"thumbnailUrl\":\"https:\/\/i0.wp.com\/www.ulissequalityshop.com\/wp-content\/uploads\/2016\/06\/camon-salviette-muschio-bianco.jpg?fit=1200%2C1200&ssl=1\",\"datePublished\":\"2016-06-19T20:41:28+00:00\",\"dateModified\":\"2024-09-28T20:50:14+00:00\",\"description\":\"Die Camon White Musk Hygienet\u00fccher aus der Linie Amici e Felici sind reinigende Feuchtt\u00fccher f\u00fcr Hunde und Katzen. Erfahren Sie mehr.\",\"breadcrumb\":{\"@id\":\"https:\/\/www.ulissequalityshop.com\/de\/prodotto\/camon-weisse-moschus-tuecher\/#breadcrumb\"},\"inLanguage\":\"de\",\"potentialAction\":[{\"@type\":\"ReadAction\",\"target\":[\"https:\/\/www.ulissequalityshop.com\/de\/prodotto\/camon-weisse-moschus-tuecher\/\"]}]},{\"@type\":\"ImageObject\",\"inLanguage\":\"de\",\"@id\":\"https:\/\/www.ulissequalityshop.com\/de\/prodotto\/camon-weisse-moschus-tuecher\/#primaryimage\",\"url\":\"https:\/\/i0.wp.com\/www.ulissequalityshop.com\/wp-content\/uploads\/2016\/06\/camon-salviette-muschio-bianco.jpg?fit=1200%2C1200&ssl=1\",\"contentUrl\":\"https:\/\/i0.wp.com\/www.ulissequalityshop.com\/wp-content\/uploads\/2016\/06\/camon-salviette-muschio-bianco.jpg?fit=1200%2C1200&ssl=1\",\"width\":1200,\"height\":1200,\"caption\":\"Salviette Igieniche al Muschio Bianco Camon\"},{\"@type\":\"BreadcrumbList\",\"@id\":\"https:\/\/www.ulissequalityshop.com\/de\/prodotto\/camon-weisse-moschus-tuecher\/#breadcrumb\",\"itemListElement\":[{\"@type\":\"ListItem\",\"position\":1,\"name\":\"Start\",\"item\":\"https:\/\/www.ulissequalityshop.com\/de\/\"},{\"@type\":\"ListItem\",\"position\":2,\"name\":\"Ulisse Quality Shop\",\"item\":\"https:\/\/www.ulissequalityshop.com\/\"},{\"@type\":\"ListItem\",\"position\":3,\"name\":\"Camon Wei\u00dfe Moschus T\u00fccher\"}]},{\"@type\":\"WebSite\",\"@id\":\"https:\/\/www.ulissequalityshop.com\/de\/#website\",\"url\":\"https:\/\/www.ulissequalityshop.com\/de\/\",\"name\":\"Ulisse Quality Shop\",\"description\":\"Tutto per i tuoi pets\",\"potentialAction\":[{\"@type\":\"SearchAction\",\"target\":{\"@type\":\"EntryPoint\",\"urlTemplate\":\"https:\/\/www.ulissequalityshop.com\/de\/?s={search_term_string}\"},\"query-input\":{\"@type\":\"PropertyValueSpecification\",\"valueRequired\":true,\"valueName\":\"search_term_string\"}}],\"inLanguage\":\"de\"}]}<\/script>\n<!-- \/ Yoast SEO plugin. -->","yoast_head_json":{"title":"Camon Wei\u00dfe Moschus T\u00fccher - Ulisse Quality Shop","description":"Die Camon White Musk Hygienet\u00fccher aus der Linie Amici e Felici sind reinigende Feuchtt\u00fccher f\u00fcr Hunde und Katzen. Erfahren Sie mehr.","robots":{"index":"index","follow":"follow","max-snippet":"max-snippet:-1","max-image-preview":"max-image-preview:large","max-video-preview":"max-video-preview:-1"},"canonical":"https:\/\/www.ulissequalityshop.com\/de\/prodotto\/camon-weisse-moschus-tuecher\/","og_locale":"de_DE","og_type":"article","og_title":"Camon Wei\u00dfe Moschus T\u00fccher - Ulisse Quality Shop","og_description":"Die Camon White Musk Hygienet\u00fccher aus der Linie Amici e Felici sind reinigende Feuchtt\u00fccher f\u00fcr Hunde und Katzen. Erfahren Sie mehr.","og_url":"https:\/\/www.ulissequalityshop.com\/de\/prodotto\/camon-weisse-moschus-tuecher\/","og_site_name":"Ulisse Quality Shop","article_publisher":"https:\/\/www.facebook.com\/ulissequalityshop\/","article_modified_time":"2024-09-28T20:50:14+00:00","og_image":[{"width":1200,"height":1200,"url":"https:\/\/www.ulissequalityshop.com\/wp-content\/uploads\/2016\/06\/camon-salviette-muschio-bianco.jpg","type":"image\/jpeg"}],"twitter_card":"summary_large_image","twitter_site":"@UlisseQualoitySh","twitter_misc":{"Gesch\u00e4tzte Lesezeit":"1\u00a0Minute"},"schema":{"@context":"https:\/\/schema.org","@graph":[{"@type":"WebPage","@id":"https:\/\/www.ulissequalityshop.com\/de\/prodotto\/camon-weisse-moschus-tuecher\/","url":"https:\/\/www.ulissequalityshop.com\/de\/prodotto\/camon-weisse-moschus-tuecher\/","name":"Camon Wei\u00dfe Moschus T\u00fccher - Ulisse Quality Shop","isPartOf":{"@id":"https:\/\/www.ulissequalityshop.com\/de\/#website"},"primaryImageOfPage":{"@id":"https:\/\/www.ulissequalityshop.com\/de\/prodotto\/camon-weisse-moschus-tuecher\/#primaryimage"},"image":{"@id":"https:\/\/www.ulissequalityshop.com\/de\/prodotto\/camon-weisse-moschus-tuecher\/#primaryimage"},"thumbnailUrl":"https:\/\/i0.wp.com\/www.ulissequalityshop.com\/wp-content\/uploads\/2016\/06\/camon-salviette-muschio-bianco.jpg?fit=1200%2C1200&ssl=1","datePublished":"2016-06-19T20:41:28+00:00","dateModified":"2024-09-28T20:50:14+00:00","description":"Die Camon White Musk Hygienet\u00fccher aus der Linie Amici e Felici sind reinigende Feuchtt\u00fccher f\u00fcr Hunde und Katzen. Erfahren Sie mehr.","breadcrumb":{"@id":"https:\/\/www.ulissequalityshop.com\/de\/prodotto\/camon-weisse-moschus-tuecher\/#breadcrumb"},"inLanguage":"de","potentialAction":[{"@type":"ReadAction","target":["https:\/\/www.ulissequalityshop.com\/de\/prodotto\/camon-weisse-moschus-tuecher\/"]}]},{"@type":"ImageObject","inLanguage":"de","@id":"https:\/\/www.ulissequalityshop.com\/de\/prodotto\/camon-weisse-moschus-tuecher\/#primaryimage","url":"https:\/\/i0.wp.com\/www.ulissequalityshop.com\/wp-content\/uploads\/2016\/06\/camon-salviette-muschio-bianco.jpg?fit=1200%2C1200&ssl=1","contentUrl":"https:\/\/i0.wp.com\/www.ulissequalityshop.com\/wp-content\/uploads\/2016\/06\/camon-salviette-muschio-bianco.jpg?fit=1200%2C1200&ssl=1","width":1200,"height":1200,"caption":"Salviette Igieniche al Muschio Bianco Camon"},{"@type":"BreadcrumbList","@id":"https:\/\/www.ulissequalityshop.com\/de\/prodotto\/camon-weisse-moschus-tuecher\/#breadcrumb","itemListElement":[{"@type":"ListItem","position":1,"name":"Start","item":"https:\/\/www.ulissequalityshop.com\/de\/"},{"@type":"ListItem","position":2,"name":"Ulisse Quality Shop","item":"https:\/\/www.ulissequalityshop.com\/"},{"@type":"ListItem","position":3,"name":"Camon Wei\u00dfe Moschus T\u00fccher"}]},{"@type":"WebSite","@id":"https:\/\/www.ulissequalityshop.com\/de\/#website","url":"https:\/\/www.ulissequalityshop.com\/de\/","name":"Ulisse Quality Shop","description":"Tutto per i tuoi pets","potentialAction":[{"@type":"SearchAction","target":{"@type":"EntryPoint","urlTemplate":"https:\/\/www.ulissequalityshop.com\/de\/?s={search_term_string}"},"query-input":{"@type":"PropertyValueSpecification","valueRequired":true,"valueName":"search_term_string"}}],"inLanguage":"de"}]}},"jetpack_sharing_enabled":true,"brands":[{"id":1206,"name":"Amici e Felici","slug":"amici-e-felici"},{"id":1127,"name":"Camon","slug":"camon"}],"_links":{"self":[{"href":"https:\/\/www.ulissequalityshop.com\/de\/wp-json\/wp\/v2\/product\/17894","targetHints":{"allow":["GET"]}}],"collection":[{"href":"https:\/\/www.ulissequalityshop.com\/de\/wp-json\/wp\/v2\/product"}],"about":[{"href":"https:\/\/www.ulissequalityshop.com\/de\/wp-json\/wp\/v2\/types\/product"}],"replies":[{"embeddable":true,"href":"https:\/\/www.ulissequalityshop.com\/de\/wp-json\/wp\/v2\/comments?post=17894"}],"wp:featuredmedia":[{"embeddable":true,"href":"https:\/\/www.ulissequalityshop.com\/de\/wp-json\/wp\/v2\/media\/17895"}],"wp:attachment":[{"href":"https:\/\/www.ulissequalityshop.com\/de\/wp-json\/wp\/v2\/media?parent=17894"}],"wp:term":[{"taxonomy":"pwb-brand","embeddable":true,"href":"https:\/\/www.ulissequalityshop.com\/de\/wp-json\/wp\/v2\/pwb-brand?post=17894"},{"taxonomy":"product_brand","embeddable":true,"href":"https:\/\/www.ulissequalityshop.com\/de\/wp-json\/wp\/v2\/product_brand?post=17894"},{"taxonomy":"product_cat","embeddable":true,"href":"https:\/\/www.ulissequalityshop.com\/de\/wp-json\/wp\/v2\/product_cat?post=17894"},{"taxonomy":"product_tag","embeddable":true,"href":"https:\/\/www.ulissequalityshop.com\/de\/wp-json\/wp\/v2\/product_tag?post=17894"},{"taxonomy":"woo-feed-brand","embeddable":true,"href":"https:\/\/www.ulissequalityshop.com\/de\/wp-json\/wp\/v2\/woo-feed-brand?post=17894"}],"curies":[{"name":"wp","href":"https:\/\/api.w.org\/{rel}","templated":true}]}}