{"id":17917,"date":"2024-04-14T22:03:02","date_gmt":"2024-04-14T20:03:02","guid":{"rendered":"https:\/\/www.ulissequalityshop.com\/prodotto\/camon-struvipet-paste-bipack-ulysses\/"},"modified":"2024-09-29T09:49:30","modified_gmt":"2024-09-29T07:49:30","slug":"camon-struvipet-paste-bipack-ulysses","status":"publish","type":"product","link":"https:\/\/www.ulissequalityshop.com\/de\/prodotto\/camon-struvipet-paste-bipack-ulysses\/","title":{"rendered":"Camon Struvipet Paste Bipack Ulysses"},"content":{"rendered":"<p><strong>Camon StruviPet in Pasta Bipack Ulisse <\/strong>ist das praktische Format von <strong>Ulisse Quality Shop<\/strong> f\u00fcr die Gesundheit und das Wohlbefinden Ihres Haustieres. <strong>StruviPet in Pasta<\/strong> ist ein di\u00e4tetisches Erg\u00e4nzungsfuttermittel f\u00fcr Hunde und Katzen, das entwickelt wurde, um das Wiederauftreten von <a href=\"https:\/\/www.ulissequalityshop.com\/la-struvite-nei-cani-e-nei-gatti\/\" target=\"_blank\" rel=\"noopener\"><strong>Struvitsteinen<\/strong><\/a>. <strong>Camon StruviPet <\/strong>ist in einem praktischen Spender erh\u00e4ltlich, der 100 g eines sehr schmackhaften past\u00f6sen Produkts enth\u00e4lt<strong>.<\/strong><strong>StruviPet <\/strong>f\u00fcr Hunde und Katzen ist ein Erg\u00e4nzungsfuttermittel, das in F\u00e4llen angezeigt ist, in denen eine Ans\u00e4uerung des Urins erforderlich ist<strong>.<\/strong><br \/>\nEs ist in erster Linie als Hilfe bei der Aufl\u00f6sung von <a href=\"https:\/\/www.ulissequalityshop.com\/la-struvite-nei-cani-e-nei-gatti\/\" target=\"_blank\" rel=\"noopener\"><strong>Struvit-Kristalle<\/strong><\/a> und ihr erneutes Auftreten zu verhindern. <strong>Seine hohe Wirksamkeit verdankt es dem gleichzeitigen Vorhandensein von L-Ascorbins\u00e4ure (Vitamin C) und DL-Methionin<\/strong>, einer essentiellen Aminos\u00e4ure, die bei allen Tierarten \u00fcber die Nahrung aufgenommen werden muss, da der tierische Organismus nicht in der Lage ist, sie selbst zu synthetisieren. <strong>L-Ascorbins\u00e4ure und Methionin<\/strong> sind zur Behandlung und Vorbeugung von Harnsteinen angezeigt, die durch eine \u00fcberm\u00e4\u00dfige Alkalit\u00e4t des Urins verursacht werden, vor allem durch <a href=\"https:\/\/www.ulissequalityshop.com\/la-struvite-nei-cani-e-nei-gatti\/\" target=\"_blank\" rel=\"noopener\"><strong>Struvit-Steine<\/strong><\/a>.  <strong>Struvit<\/strong> bildet sich in Gegenwart von Urin, der so stark konzentriert ist, dass die vorhandenen Mineralien, die aufgrund des \u00fcber dem Neutralpunkt liegenden Ph-Wertes eine chemische Bindung eingehen, die <strong>Struvit<\/strong> genannt wird, sich zusammenballen k\u00f6nnen.<br \/>\nDie beiden Wirkstoffe des Produkts wirken synergetisch und schaffen ein Harnmilieu, das f\u00fcr die Ausf\u00e4llung von Alkalisalzen und die Vermehrung von Bakterien ung\u00fcnstig ist und die Aufl\u00f6sung bereits gebildeter Steine beg\u00fcnstigt.   <\/p>\n<h2><strong>Camon Struvipet Paste Bipack, Eigenschaften:<\/strong><\/h2>\n<ul>\n<li>Erg\u00e4nzungsfuttermittel f\u00fcr Hunde und Katzen f\u00fcr das Wohlbefinden der Harnwege<\/li>\n<li>enth\u00e4lt Methionin, Vitamin C und Vitamin E<\/li>\n<li>die enthaltene L-Ascorbins\u00e4ure und Methionin sind zur Behandlung und Vorbeugung von Harnsteinen angezeigt<\/li>\n<li>Das <strong>Doppelpack<\/strong> enth\u00e4lt zwei Packungen <strong>StruviPet Pasta<\/strong> zu je 100 g.<\/li>\n<\/ul>\n<h3><strong>Camon Struvipet, Zusammensetzung:<\/strong><\/h3>\n<p>  Pflanzliche Nebenerzeugnisse, \u00d6le und Fette, Hefen, Dextrose, Fleisch und Fleischprodukte.<br \/>\n<strong>Zusatzstoffe pro kg:<\/strong> Ern\u00e4hrungsphysiologisch: Vitamin E (Alpha-Tocopherol-Acetat) 275 mg\/kg, Vitamin C (Ascorbins\u00e4ure) 880 mg\/kg, DL-Methionin 80000 mg\/kg.<br \/>\nTechnologisch: Konservierungsstoffe: Zitronens\u00e4ure und Kaliumsorbat.<br \/>\n<strong>Analytische Bestandteile: <\/strong>Rohprotein 18,5%, Rohfasern 0,3%, Roh\u00f6le und -fette 30%, Rohasche 2%, Schwefel 1,8%, Chlor 0,6%, Kalium 0,6%, Phosphor 0,2%.     <\/p>\n<h3><strong>Methode der Anwendung:<\/strong><\/h3>\n<ul>\n<li>Katzen: 2-4 g <em>(oder nach Bedarf)<\/em> zweimal t\u00e4glich.<\/li>\n<li>Hunde: 5-10 g <em>(oder je nach Gewicht und Bedarf)<\/em> zweimal t\u00e4glich <em>.<\/em> <em>(1 cm Paste = ca. 2 g)<\/em><\/li>\n<\/ul>\n<p>  Empfohlene Verwendungsdauer bis zu 6 Monaten.<br \/>\n*Wenn Sie ausschlie\u00dflich trocken f\u00fcttern, befeuchten Sie das Futter, damit das Pulver gut haftet.<br \/>\n*Verschlie\u00dfen Sie das Futter nach dem Gebrauch sorgf\u00e4ltig und lagern Sie es an einem k\u00fchlen, trockenen Ort, gesch\u00fctzt vor Hitze und direktem Licht.<br \/>\nSorgen Sie immer daf\u00fcr, dass das Tier frisches Wasser zur Verf\u00fcgung hat.   <\/p>\n","protected":false},"excerpt":{"rendered":"<p><strong>Camon Struvipet in Paste Bipack Ulysses <\/strong>ist dank seines Gehalts an Methionin, Vitamin C und Vitamin E ein di\u00e4tetisches Erg\u00e4nzungsfuttermittel f\u00fcr <strong>Hunde und Katzen<\/strong> zur Verringerung des Wiederauftretens von <strong>Struvitsteinen<\/strong>.<\/p>\n","protected":false},"featured_media":17682,"comment_status":"open","ping_status":"closed","template":"","meta":{"_et_pb_use_builder":"","_et_pb_old_content":"","_et_gb_content_width":""},"pwb-brand":[1127],"product_brand":[],"product_cat":[2491,2492,2288,2267],"product_tag":[2493,2496,2495,2494],"woo-feed-brand":[1888],"class_list":{"0":"post-17917","1":"product","2":"type-product","3":"status-publish","4":"has-post-thumbnail","6":"pwb-brand-camon","7":"product_cat-gesundheit-und-wohlbefinden","8":"product_cat-gesundheit-und-wohlbefinden-von-hunden","9":"product_cat-katzen","10":"product_cat-hunde","11":"product_tag-camon-struvipet-de","12":"product_tag-harnwegsinfekte-katze","13":"product_tag-katzenschutz","14":"product_tag-struvipet-paste-de","15":"product_shipping_class-0-3-kg-de","16":"woo-feed-brand-camon","18":"first","19":"instock","20":"sale","21":"taxable","22":"shipping-taxable","23":"purchasable","24":"product-type-simple"},"yoast_head":"<!-- This site is optimized with the Yoast SEO plugin v26.7 - https:\/\/yoast.com\/wordpress\/plugins\/seo\/ -->\n<title>Camon Struvipet Paste Bipack Ulysses - Ulisse Quality Shop<\/title>\n<meta name=\"description\" content=\"Camon Struvipet Paste Bipack ist ein di\u00e4tetisches Erg\u00e4nzungsfuttermittel f\u00fcr Hunde und Katzen zur Verringerung des Wiederauftretens von Struvitsteinen. Erfahren Sie mehr.\" \/>\n<meta name=\"robots\" content=\"index, follow, max-snippet:-1, max-image-preview:large, max-video-preview:-1\" \/>\n<link rel=\"canonical\" href=\"https:\/\/www.ulissequalityshop.com\/de\/prodotto\/camon-struvipet-paste-bipack-ulysses\/\" \/>\n<meta property=\"og:locale\" content=\"de_DE\" \/>\n<meta property=\"og:type\" content=\"article\" \/>\n<meta property=\"og:title\" content=\"Camon Struvipet Paste Bipack Ulysses - Ulisse Quality Shop\" \/>\n<meta property=\"og:description\" content=\"Camon Struvipet Paste Bipack ist ein di\u00e4tetisches Erg\u00e4nzungsfuttermittel f\u00fcr Hunde und Katzen zur Verringerung des Wiederauftretens von Struvitsteinen. Erfahren Sie mehr.\" \/>\n<meta property=\"og:url\" content=\"https:\/\/www.ulissequalityshop.com\/de\/prodotto\/camon-struvipet-paste-bipack-ulysses\/\" \/>\n<meta property=\"og:site_name\" content=\"Ulisse Quality Shop\" \/>\n<meta property=\"article:publisher\" content=\"https:\/\/www.facebook.com\/ulissequalityshop\/\" \/>\n<meta property=\"article:modified_time\" content=\"2024-09-29T07:49:30+00:00\" \/>\n<meta property=\"og:image\" content=\"https:\/\/www.ulissequalityshop.com\/wp-content\/uploads\/2024\/04\/camon-struvipet-pasta-bipack.png\" \/>\n\t<meta property=\"og:image:width\" content=\"1200\" \/>\n\t<meta property=\"og:image:height\" content=\"1200\" \/>\n\t<meta property=\"og:image:type\" content=\"image\/png\" \/>\n<meta name=\"twitter:card\" content=\"summary_large_image\" \/>\n<meta name=\"twitter:site\" content=\"@UlisseQualoitySh\" \/>\n<meta name=\"twitter:label1\" content=\"Gesch\u00e4tzte Lesezeit\" \/>\n\t<meta name=\"twitter:data1\" content=\"2\u00a0Minuten\" \/>\n<script type=\"application\/ld+json\" class=\"yoast-schema-graph\">{\"@context\":\"https:\/\/schema.org\",\"@graph\":[{\"@type\":\"WebPage\",\"@id\":\"https:\/\/www.ulissequalityshop.com\/de\/prodotto\/camon-struvipet-paste-bipack-ulysses\/\",\"url\":\"https:\/\/www.ulissequalityshop.com\/de\/prodotto\/camon-struvipet-paste-bipack-ulysses\/\",\"name\":\"Camon Struvipet Paste Bipack Ulysses - Ulisse Quality Shop\",\"isPartOf\":{\"@id\":\"https:\/\/www.ulissequalityshop.com\/de\/#website\"},\"primaryImageOfPage\":{\"@id\":\"https:\/\/www.ulissequalityshop.com\/de\/prodotto\/camon-struvipet-paste-bipack-ulysses\/#primaryimage\"},\"image\":{\"@id\":\"https:\/\/www.ulissequalityshop.com\/de\/prodotto\/camon-struvipet-paste-bipack-ulysses\/#primaryimage\"},\"thumbnailUrl\":\"https:\/\/i0.wp.com\/www.ulissequalityshop.com\/wp-content\/uploads\/2024\/04\/camon-struvipet-pasta-bipack.png?fit=1200%2C1200&ssl=1\",\"datePublished\":\"2024-04-14T20:03:02+00:00\",\"dateModified\":\"2024-09-29T07:49:30+00:00\",\"description\":\"Camon Struvipet Paste Bipack ist ein di\u00e4tetisches Erg\u00e4nzungsfuttermittel f\u00fcr Hunde und Katzen zur Verringerung des Wiederauftretens von Struvitsteinen. Erfahren Sie mehr.\",\"breadcrumb\":{\"@id\":\"https:\/\/www.ulissequalityshop.com\/de\/prodotto\/camon-struvipet-paste-bipack-ulysses\/#breadcrumb\"},\"inLanguage\":\"de\",\"potentialAction\":[{\"@type\":\"ReadAction\",\"target\":[\"https:\/\/www.ulissequalityshop.com\/de\/prodotto\/camon-struvipet-paste-bipack-ulysses\/\"]}]},{\"@type\":\"ImageObject\",\"inLanguage\":\"de\",\"@id\":\"https:\/\/www.ulissequalityshop.com\/de\/prodotto\/camon-struvipet-paste-bipack-ulysses\/#primaryimage\",\"url\":\"https:\/\/i0.wp.com\/www.ulissequalityshop.com\/wp-content\/uploads\/2024\/04\/camon-struvipet-pasta-bipack.png?fit=1200%2C1200&ssl=1\",\"contentUrl\":\"https:\/\/i0.wp.com\/www.ulissequalityshop.com\/wp-content\/uploads\/2024\/04\/camon-struvipet-pasta-bipack.png?fit=1200%2C1200&ssl=1\",\"width\":1200,\"height\":1200,\"caption\":\"Camon Struvipet in Pasta Bipack Ulisse\"},{\"@type\":\"BreadcrumbList\",\"@id\":\"https:\/\/www.ulissequalityshop.com\/de\/prodotto\/camon-struvipet-paste-bipack-ulysses\/#breadcrumb\",\"itemListElement\":[{\"@type\":\"ListItem\",\"position\":1,\"name\":\"Start\",\"item\":\"https:\/\/www.ulissequalityshop.com\/de\/\"},{\"@type\":\"ListItem\",\"position\":2,\"name\":\"Ulisse Quality Shop\",\"item\":\"https:\/\/www.ulissequalityshop.com\/\"},{\"@type\":\"ListItem\",\"position\":3,\"name\":\"Camon Struvipet Paste Bipack Ulysses\"}]},{\"@type\":\"WebSite\",\"@id\":\"https:\/\/www.ulissequalityshop.com\/de\/#website\",\"url\":\"https:\/\/www.ulissequalityshop.com\/de\/\",\"name\":\"Ulisse Quality Shop\",\"description\":\"Tutto per i tuoi pets\",\"potentialAction\":[{\"@type\":\"SearchAction\",\"target\":{\"@type\":\"EntryPoint\",\"urlTemplate\":\"https:\/\/www.ulissequalityshop.com\/de\/?s={search_term_string}\"},\"query-input\":{\"@type\":\"PropertyValueSpecification\",\"valueRequired\":true,\"valueName\":\"search_term_string\"}}],\"inLanguage\":\"de\"}]}<\/script>\n<!-- \/ Yoast SEO plugin. -->","yoast_head_json":{"title":"Camon Struvipet Paste Bipack Ulysses - Ulisse Quality Shop","description":"Camon Struvipet Paste Bipack ist ein di\u00e4tetisches Erg\u00e4nzungsfuttermittel f\u00fcr Hunde und Katzen zur Verringerung des Wiederauftretens von Struvitsteinen. Erfahren Sie mehr.","robots":{"index":"index","follow":"follow","max-snippet":"max-snippet:-1","max-image-preview":"max-image-preview:large","max-video-preview":"max-video-preview:-1"},"canonical":"https:\/\/www.ulissequalityshop.com\/de\/prodotto\/camon-struvipet-paste-bipack-ulysses\/","og_locale":"de_DE","og_type":"article","og_title":"Camon Struvipet Paste Bipack Ulysses - Ulisse Quality Shop","og_description":"Camon Struvipet Paste Bipack ist ein di\u00e4tetisches Erg\u00e4nzungsfuttermittel f\u00fcr Hunde und Katzen zur Verringerung des Wiederauftretens von Struvitsteinen. Erfahren Sie mehr.","og_url":"https:\/\/www.ulissequalityshop.com\/de\/prodotto\/camon-struvipet-paste-bipack-ulysses\/","og_site_name":"Ulisse Quality Shop","article_publisher":"https:\/\/www.facebook.com\/ulissequalityshop\/","article_modified_time":"2024-09-29T07:49:30+00:00","og_image":[{"width":1200,"height":1200,"url":"https:\/\/www.ulissequalityshop.com\/wp-content\/uploads\/2024\/04\/camon-struvipet-pasta-bipack.png","type":"image\/png"}],"twitter_card":"summary_large_image","twitter_site":"@UlisseQualoitySh","twitter_misc":{"Gesch\u00e4tzte Lesezeit":"2\u00a0Minuten"},"schema":{"@context":"https:\/\/schema.org","@graph":[{"@type":"WebPage","@id":"https:\/\/www.ulissequalityshop.com\/de\/prodotto\/camon-struvipet-paste-bipack-ulysses\/","url":"https:\/\/www.ulissequalityshop.com\/de\/prodotto\/camon-struvipet-paste-bipack-ulysses\/","name":"Camon Struvipet Paste Bipack Ulysses - Ulisse Quality Shop","isPartOf":{"@id":"https:\/\/www.ulissequalityshop.com\/de\/#website"},"primaryImageOfPage":{"@id":"https:\/\/www.ulissequalityshop.com\/de\/prodotto\/camon-struvipet-paste-bipack-ulysses\/#primaryimage"},"image":{"@id":"https:\/\/www.ulissequalityshop.com\/de\/prodotto\/camon-struvipet-paste-bipack-ulysses\/#primaryimage"},"thumbnailUrl":"https:\/\/i0.wp.com\/www.ulissequalityshop.com\/wp-content\/uploads\/2024\/04\/camon-struvipet-pasta-bipack.png?fit=1200%2C1200&ssl=1","datePublished":"2024-04-14T20:03:02+00:00","dateModified":"2024-09-29T07:49:30+00:00","description":"Camon Struvipet Paste Bipack ist ein di\u00e4tetisches Erg\u00e4nzungsfuttermittel f\u00fcr Hunde und Katzen zur Verringerung des Wiederauftretens von Struvitsteinen. Erfahren Sie mehr.","breadcrumb":{"@id":"https:\/\/www.ulissequalityshop.com\/de\/prodotto\/camon-struvipet-paste-bipack-ulysses\/#breadcrumb"},"inLanguage":"de","potentialAction":[{"@type":"ReadAction","target":["https:\/\/www.ulissequalityshop.com\/de\/prodotto\/camon-struvipet-paste-bipack-ulysses\/"]}]},{"@type":"ImageObject","inLanguage":"de","@id":"https:\/\/www.ulissequalityshop.com\/de\/prodotto\/camon-struvipet-paste-bipack-ulysses\/#primaryimage","url":"https:\/\/i0.wp.com\/www.ulissequalityshop.com\/wp-content\/uploads\/2024\/04\/camon-struvipet-pasta-bipack.png?fit=1200%2C1200&ssl=1","contentUrl":"https:\/\/i0.wp.com\/www.ulissequalityshop.com\/wp-content\/uploads\/2024\/04\/camon-struvipet-pasta-bipack.png?fit=1200%2C1200&ssl=1","width":1200,"height":1200,"caption":"Camon Struvipet in Pasta Bipack Ulisse"},{"@type":"BreadcrumbList","@id":"https:\/\/www.ulissequalityshop.com\/de\/prodotto\/camon-struvipet-paste-bipack-ulysses\/#breadcrumb","itemListElement":[{"@type":"ListItem","position":1,"name":"Start","item":"https:\/\/www.ulissequalityshop.com\/de\/"},{"@type":"ListItem","position":2,"name":"Ulisse Quality Shop","item":"https:\/\/www.ulissequalityshop.com\/"},{"@type":"ListItem","position":3,"name":"Camon Struvipet Paste Bipack Ulysses"}]},{"@type":"WebSite","@id":"https:\/\/www.ulissequalityshop.com\/de\/#website","url":"https:\/\/www.ulissequalityshop.com\/de\/","name":"Ulisse Quality Shop","description":"Tutto per i tuoi pets","potentialAction":[{"@type":"SearchAction","target":{"@type":"EntryPoint","urlTemplate":"https:\/\/www.ulissequalityshop.com\/de\/?s={search_term_string}"},"query-input":{"@type":"PropertyValueSpecification","valueRequired":true,"valueName":"search_term_string"}}],"inLanguage":"de"}]}},"jetpack_sharing_enabled":true,"brands":[{"id":1127,"name":"Camon","slug":"camon"}],"_links":{"self":[{"href":"https:\/\/www.ulissequalityshop.com\/de\/wp-json\/wp\/v2\/product\/17917","targetHints":{"allow":["GET"]}}],"collection":[{"href":"https:\/\/www.ulissequalityshop.com\/de\/wp-json\/wp\/v2\/product"}],"about":[{"href":"https:\/\/www.ulissequalityshop.com\/de\/wp-json\/wp\/v2\/types\/product"}],"replies":[{"embeddable":true,"href":"https:\/\/www.ulissequalityshop.com\/de\/wp-json\/wp\/v2\/comments?post=17917"}],"wp:featuredmedia":[{"embeddable":true,"href":"https:\/\/www.ulissequalityshop.com\/de\/wp-json\/wp\/v2\/media\/17682"}],"wp:attachment":[{"href":"https:\/\/www.ulissequalityshop.com\/de\/wp-json\/wp\/v2\/media?parent=17917"}],"wp:term":[{"taxonomy":"pwb-brand","embeddable":true,"href":"https:\/\/www.ulissequalityshop.com\/de\/wp-json\/wp\/v2\/pwb-brand?post=17917"},{"taxonomy":"product_brand","embeddable":true,"href":"https:\/\/www.ulissequalityshop.com\/de\/wp-json\/wp\/v2\/product_brand?post=17917"},{"taxonomy":"product_cat","embeddable":true,"href":"https:\/\/www.ulissequalityshop.com\/de\/wp-json\/wp\/v2\/product_cat?post=17917"},{"taxonomy":"product_tag","embeddable":true,"href":"https:\/\/www.ulissequalityshop.com\/de\/wp-json\/wp\/v2\/product_tag?post=17917"},{"taxonomy":"woo-feed-brand","embeddable":true,"href":"https:\/\/www.ulissequalityshop.com\/de\/wp-json\/wp\/v2\/woo-feed-brand?post=17917"}],"curies":[{"name":"wp","href":"https:\/\/api.w.org\/{rel}","templated":true}]}}