{"id":17920,"date":"2024-03-27T14:38:42","date_gmt":"2024-03-27T13:38:42","guid":{"rendered":"https:\/\/www.ulissequalityshop.com\/prodotto\/aquarium-munster-rivamor-20-ml\/"},"modified":"2024-03-27T14:38:42","modified_gmt":"2024-03-27T13:38:42","slug":"aquarium-munster-rivamor-20-ml","status":"publish","type":"product","link":"https:\/\/www.ulissequalityshop.com\/de\/prodotto\/aquarium-munster-rivamor-20-ml\/","title":{"rendered":"Aquarium Munster Rivamor 20 ml"},"content":{"rendered":"<p><strong>Aquarium Munster Rivamor <\/strong>wird zur Behandlung von bakteriellen Infektionen verwendet, die durch Staphylokokken, Streptokokken, E. coli, Saprolegnia, Achlya, Costia und Odinium verursacht werden.<br \/>\nEs ist f\u00fcr Aquarienzierfische <strong>(KEINE MEERESFISCHE<\/strong> ) wie Anabantidae, Callichthyidae, Characidae, Cichlidae, Cyprinidae, Loricaridae und Poecilidae bestimmt.<br \/>\nDosierung: 100 Tropfen ( 5 ml ) pro 100 Liter Aquarienwasser ( direkt ins Aquarium geben ) Es wird empfohlen, das Produkt innerhalb von zwei Monaten nach dem \u00d6ffnen zu verwenden.    <\/p>\n<h2><strong>Aquarium Munster Rivamor, Merkmale:<\/strong><\/h2>\n<ul>\n<li>zur Behandlung von bakteriellen Infektionen mit Staphylokokken, Strepatokokken, E. coli, Saprolegnia, Achlya, Costia und Odinium;<\/li>\n<li>f\u00fcr Aquarienzierfische <strong>(KEINE MEERESFISCHE<\/strong> ) wie Anabantidae, Callichthyidae, Characoidea, Buntbarsche, Cypriniden, Loricaridae und Poecilidae.<\/li>\n<li>20 ml Packung<\/li>\n<\/ul>\n<h3><strong>Besondere Vorsichtsma\u00dfnahmen f\u00fcr die Lagerung<\/strong><\/h3>\n<p>  &#8211; Bewahren Sie <strong>Aquarium Munster Rivamor 20 ml<\/strong> vor Licht gesch\u00fctzt auf.<br \/>\nIn der Originalverpackung aufbewahren.<br \/>\n&#8211; Bewahren Sie das Produkt au\u00dferhalb der Reichweite von Kindern auf.    <\/p>\n<h3><strong>Besondere Warnungen<\/strong><\/h3>\n<p>  &#8211; Bei wirbellosen Tieren k\u00f6nnen Unvertr\u00e4glichkeiten auftreten.<br \/>\nAus Sicherheitsgr\u00fcnden sollten Schnecken, Mollusken, Garnelen, Korallen usw. von der Behandlung ausgeschlossen werden. &#8211; F\u00fcr Zierfische.<br \/>\nNicht bei Nahrungstieren anwenden.<br \/>\n&#8211; Die intensive Wasserf\u00e4rbung wird durch die Wirkung der Wirkstoffe verursacht und verschwindet einige Tage nach Beendigung der Behandlung.<br \/>\n&#8211; Die UV-Bestrahlung muss w\u00e4hrend der Behandlung ausgesetzt werden, falls vorhanden.<br \/>\n&#8211; Verwenden Sie das Produkt nicht nach Ablauf des Verfallsdatums.       &nbsp;<\/p>\n","protected":false},"excerpt":{"rendered":"<p><strong>Aquarium Munster Rivamor <\/strong>wird zur Behandlung von bakteriellen Infektionen verwendet, die durch Staphylokokken, Strepatokokken, E. coli, Saprolegnia, Achlya, Costia und Odinium verursacht werden. F\u00fcr S\u00fc\u00dfwasserzierfische<strong> (NICHT f\u00fcr MEERESFISCHE<\/strong> ).<\/p>\n","protected":false},"featured_media":17641,"comment_status":"open","ping_status":"closed","template":"","meta":{"_et_pb_use_builder":"","_et_pb_old_content":"","_et_gb_content_width":""},"pwb-brand":[2324],"product_brand":[],"product_cat":[2502,2469,2262],"product_tag":[2506,2503,2504,2507,2505],"woo-feed-brand":[2325],"class_list":{"0":"post-17920","1":"product","2":"type-product","3":"status-publish","4":"has-post-thumbnail","6":"pwb-brand-aquarium-munster","7":"product_cat-heilmittel","8":"product_cat-wasseraufbereitung","9":"product_cat-aquarium-hobby-de","10":"product_tag-bakterielle-infektionen-im-suswasser","11":"product_tag-medizin-fur-bakterielle-infektionen-fisch","12":"product_tag-pflege-von-aquarienfischen","13":"product_tag-pflege-von-suswasserfischen","14":"product_tag-rivamor-de","15":"product_shipping_class-0-3-kg-de","16":"woo-feed-brand-aquarium-munster","18":"first","19":"instock","20":"sale","21":"taxable","22":"shipping-taxable","23":"purchasable","24":"product-type-simple"},"yoast_head":"<!-- This site is optimized with the Yoast SEO plugin v26.7 - https:\/\/yoast.com\/wordpress\/plugins\/seo\/ -->\n<title>Aquarium Munster Rivamor 20 ml - Ulisse Quality Shop<\/title>\n<meta name=\"description\" content=\"Aquarium Munster Rivamor, bei bakteriellen Infektionen mit Staphylokokken, Streptokokken, E. coli, Saprolegnia, Achlya, Costia, Odinium. Erfahren Sie mehr.\" \/>\n<meta name=\"robots\" content=\"index, follow, max-snippet:-1, max-image-preview:large, max-video-preview:-1\" \/>\n<link rel=\"canonical\" href=\"https:\/\/www.ulissequalityshop.com\/de\/prodotto\/aquarium-munster-rivamor-20-ml\/\" \/>\n<meta property=\"og:locale\" content=\"de_DE\" \/>\n<meta property=\"og:type\" content=\"article\" \/>\n<meta property=\"og:title\" content=\"Aquarium Munster Rivamor 20 ml - Ulisse Quality Shop\" \/>\n<meta property=\"og:description\" content=\"Aquarium Munster Rivamor, bei bakteriellen Infektionen mit Staphylokokken, Streptokokken, E. coli, Saprolegnia, Achlya, Costia, Odinium. Erfahren Sie mehr.\" \/>\n<meta property=\"og:url\" content=\"https:\/\/www.ulissequalityshop.com\/de\/prodotto\/aquarium-munster-rivamor-20-ml\/\" \/>\n<meta property=\"og:site_name\" content=\"Ulisse Quality Shop\" \/>\n<meta property=\"article:publisher\" content=\"https:\/\/www.facebook.com\/ulissequalityshop\/\" \/>\n<meta property=\"og:image\" content=\"https:\/\/www.ulissequalityshop.com\/wp-content\/uploads\/2024\/03\/aquariummunster-rivamor.jpg\" \/>\n\t<meta property=\"og:image:width\" content=\"1200\" \/>\n\t<meta property=\"og:image:height\" content=\"1200\" \/>\n\t<meta property=\"og:image:type\" content=\"image\/jpeg\" \/>\n<meta name=\"twitter:card\" content=\"summary_large_image\" \/>\n<meta name=\"twitter:site\" content=\"@UlisseQualoitySh\" \/>\n<meta name=\"twitter:label1\" content=\"Gesch\u00e4tzte Lesezeit\" \/>\n\t<meta name=\"twitter:data1\" content=\"1\u00a0Minute\" \/>\n<script type=\"application\/ld+json\" class=\"yoast-schema-graph\">{\"@context\":\"https:\/\/schema.org\",\"@graph\":[{\"@type\":\"WebPage\",\"@id\":\"https:\/\/www.ulissequalityshop.com\/de\/prodotto\/aquarium-munster-rivamor-20-ml\/\",\"url\":\"https:\/\/www.ulissequalityshop.com\/de\/prodotto\/aquarium-munster-rivamor-20-ml\/\",\"name\":\"Aquarium Munster Rivamor 20 ml - Ulisse Quality Shop\",\"isPartOf\":{\"@id\":\"https:\/\/www.ulissequalityshop.com\/de\/#website\"},\"primaryImageOfPage\":{\"@id\":\"https:\/\/www.ulissequalityshop.com\/de\/prodotto\/aquarium-munster-rivamor-20-ml\/#primaryimage\"},\"image\":{\"@id\":\"https:\/\/www.ulissequalityshop.com\/de\/prodotto\/aquarium-munster-rivamor-20-ml\/#primaryimage\"},\"thumbnailUrl\":\"https:\/\/i0.wp.com\/www.ulissequalityshop.com\/wp-content\/uploads\/2024\/03\/aquariummunster-rivamor.jpg?fit=1200%2C1200&ssl=1\",\"datePublished\":\"2024-03-27T13:38:42+00:00\",\"description\":\"Aquarium Munster Rivamor, bei bakteriellen Infektionen mit Staphylokokken, Streptokokken, E. coli, Saprolegnia, Achlya, Costia, Odinium. Erfahren Sie mehr.\",\"breadcrumb\":{\"@id\":\"https:\/\/www.ulissequalityshop.com\/de\/prodotto\/aquarium-munster-rivamor-20-ml\/#breadcrumb\"},\"inLanguage\":\"de\",\"potentialAction\":[{\"@type\":\"ReadAction\",\"target\":[\"https:\/\/www.ulissequalityshop.com\/de\/prodotto\/aquarium-munster-rivamor-20-ml\/\"]}]},{\"@type\":\"ImageObject\",\"inLanguage\":\"de\",\"@id\":\"https:\/\/www.ulissequalityshop.com\/de\/prodotto\/aquarium-munster-rivamor-20-ml\/#primaryimage\",\"url\":\"https:\/\/i0.wp.com\/www.ulissequalityshop.com\/wp-content\/uploads\/2024\/03\/aquariummunster-rivamor.jpg?fit=1200%2C1200&ssl=1\",\"contentUrl\":\"https:\/\/i0.wp.com\/www.ulissequalityshop.com\/wp-content\/uploads\/2024\/03\/aquariummunster-rivamor.jpg?fit=1200%2C1200&ssl=1\",\"width\":1200,\"height\":1200,\"caption\":\"Aquarium Munster Rivamor 20 ml\"},{\"@type\":\"BreadcrumbList\",\"@id\":\"https:\/\/www.ulissequalityshop.com\/de\/prodotto\/aquarium-munster-rivamor-20-ml\/#breadcrumb\",\"itemListElement\":[{\"@type\":\"ListItem\",\"position\":1,\"name\":\"Start\",\"item\":\"https:\/\/www.ulissequalityshop.com\/de\/\"},{\"@type\":\"ListItem\",\"position\":2,\"name\":\"Ulisse Quality Shop\",\"item\":\"https:\/\/www.ulissequalityshop.com\/\"},{\"@type\":\"ListItem\",\"position\":3,\"name\":\"Aquarium Munster Rivamor 20 ml\"}]},{\"@type\":\"WebSite\",\"@id\":\"https:\/\/www.ulissequalityshop.com\/de\/#website\",\"url\":\"https:\/\/www.ulissequalityshop.com\/de\/\",\"name\":\"Ulisse Quality Shop\",\"description\":\"Tutto per i tuoi pets\",\"potentialAction\":[{\"@type\":\"SearchAction\",\"target\":{\"@type\":\"EntryPoint\",\"urlTemplate\":\"https:\/\/www.ulissequalityshop.com\/de\/?s={search_term_string}\"},\"query-input\":{\"@type\":\"PropertyValueSpecification\",\"valueRequired\":true,\"valueName\":\"search_term_string\"}}],\"inLanguage\":\"de\"}]}<\/script>\n<!-- \/ Yoast SEO plugin. -->","yoast_head_json":{"title":"Aquarium Munster Rivamor 20 ml - Ulisse Quality Shop","description":"Aquarium Munster Rivamor, bei bakteriellen Infektionen mit Staphylokokken, Streptokokken, E. coli, Saprolegnia, Achlya, Costia, Odinium. Erfahren Sie mehr.","robots":{"index":"index","follow":"follow","max-snippet":"max-snippet:-1","max-image-preview":"max-image-preview:large","max-video-preview":"max-video-preview:-1"},"canonical":"https:\/\/www.ulissequalityshop.com\/de\/prodotto\/aquarium-munster-rivamor-20-ml\/","og_locale":"de_DE","og_type":"article","og_title":"Aquarium Munster Rivamor 20 ml - Ulisse Quality Shop","og_description":"Aquarium Munster Rivamor, bei bakteriellen Infektionen mit Staphylokokken, Streptokokken, E. coli, Saprolegnia, Achlya, Costia, Odinium. Erfahren Sie mehr.","og_url":"https:\/\/www.ulissequalityshop.com\/de\/prodotto\/aquarium-munster-rivamor-20-ml\/","og_site_name":"Ulisse Quality Shop","article_publisher":"https:\/\/www.facebook.com\/ulissequalityshop\/","og_image":[{"width":1200,"height":1200,"url":"https:\/\/www.ulissequalityshop.com\/wp-content\/uploads\/2024\/03\/aquariummunster-rivamor.jpg","type":"image\/jpeg"}],"twitter_card":"summary_large_image","twitter_site":"@UlisseQualoitySh","twitter_misc":{"Gesch\u00e4tzte Lesezeit":"1\u00a0Minute"},"schema":{"@context":"https:\/\/schema.org","@graph":[{"@type":"WebPage","@id":"https:\/\/www.ulissequalityshop.com\/de\/prodotto\/aquarium-munster-rivamor-20-ml\/","url":"https:\/\/www.ulissequalityshop.com\/de\/prodotto\/aquarium-munster-rivamor-20-ml\/","name":"Aquarium Munster Rivamor 20 ml - Ulisse Quality Shop","isPartOf":{"@id":"https:\/\/www.ulissequalityshop.com\/de\/#website"},"primaryImageOfPage":{"@id":"https:\/\/www.ulissequalityshop.com\/de\/prodotto\/aquarium-munster-rivamor-20-ml\/#primaryimage"},"image":{"@id":"https:\/\/www.ulissequalityshop.com\/de\/prodotto\/aquarium-munster-rivamor-20-ml\/#primaryimage"},"thumbnailUrl":"https:\/\/i0.wp.com\/www.ulissequalityshop.com\/wp-content\/uploads\/2024\/03\/aquariummunster-rivamor.jpg?fit=1200%2C1200&ssl=1","datePublished":"2024-03-27T13:38:42+00:00","description":"Aquarium Munster Rivamor, bei bakteriellen Infektionen mit Staphylokokken, Streptokokken, E. coli, Saprolegnia, Achlya, Costia, Odinium. Erfahren Sie mehr.","breadcrumb":{"@id":"https:\/\/www.ulissequalityshop.com\/de\/prodotto\/aquarium-munster-rivamor-20-ml\/#breadcrumb"},"inLanguage":"de","potentialAction":[{"@type":"ReadAction","target":["https:\/\/www.ulissequalityshop.com\/de\/prodotto\/aquarium-munster-rivamor-20-ml\/"]}]},{"@type":"ImageObject","inLanguage":"de","@id":"https:\/\/www.ulissequalityshop.com\/de\/prodotto\/aquarium-munster-rivamor-20-ml\/#primaryimage","url":"https:\/\/i0.wp.com\/www.ulissequalityshop.com\/wp-content\/uploads\/2024\/03\/aquariummunster-rivamor.jpg?fit=1200%2C1200&ssl=1","contentUrl":"https:\/\/i0.wp.com\/www.ulissequalityshop.com\/wp-content\/uploads\/2024\/03\/aquariummunster-rivamor.jpg?fit=1200%2C1200&ssl=1","width":1200,"height":1200,"caption":"Aquarium Munster Rivamor 20 ml"},{"@type":"BreadcrumbList","@id":"https:\/\/www.ulissequalityshop.com\/de\/prodotto\/aquarium-munster-rivamor-20-ml\/#breadcrumb","itemListElement":[{"@type":"ListItem","position":1,"name":"Start","item":"https:\/\/www.ulissequalityshop.com\/de\/"},{"@type":"ListItem","position":2,"name":"Ulisse Quality Shop","item":"https:\/\/www.ulissequalityshop.com\/"},{"@type":"ListItem","position":3,"name":"Aquarium Munster Rivamor 20 ml"}]},{"@type":"WebSite","@id":"https:\/\/www.ulissequalityshop.com\/de\/#website","url":"https:\/\/www.ulissequalityshop.com\/de\/","name":"Ulisse Quality Shop","description":"Tutto per i tuoi pets","potentialAction":[{"@type":"SearchAction","target":{"@type":"EntryPoint","urlTemplate":"https:\/\/www.ulissequalityshop.com\/de\/?s={search_term_string}"},"query-input":{"@type":"PropertyValueSpecification","valueRequired":true,"valueName":"search_term_string"}}],"inLanguage":"de"}]}},"jetpack_sharing_enabled":true,"brands":[{"id":2324,"name":"Aquarium Munster","slug":"aquarium-munster"}],"_links":{"self":[{"href":"https:\/\/www.ulissequalityshop.com\/de\/wp-json\/wp\/v2\/product\/17920","targetHints":{"allow":["GET"]}}],"collection":[{"href":"https:\/\/www.ulissequalityshop.com\/de\/wp-json\/wp\/v2\/product"}],"about":[{"href":"https:\/\/www.ulissequalityshop.com\/de\/wp-json\/wp\/v2\/types\/product"}],"replies":[{"embeddable":true,"href":"https:\/\/www.ulissequalityshop.com\/de\/wp-json\/wp\/v2\/comments?post=17920"}],"wp:featuredmedia":[{"embeddable":true,"href":"https:\/\/www.ulissequalityshop.com\/de\/wp-json\/wp\/v2\/media\/17641"}],"wp:attachment":[{"href":"https:\/\/www.ulissequalityshop.com\/de\/wp-json\/wp\/v2\/media?parent=17920"}],"wp:term":[{"taxonomy":"pwb-brand","embeddable":true,"href":"https:\/\/www.ulissequalityshop.com\/de\/wp-json\/wp\/v2\/pwb-brand?post=17920"},{"taxonomy":"product_brand","embeddable":true,"href":"https:\/\/www.ulissequalityshop.com\/de\/wp-json\/wp\/v2\/product_brand?post=17920"},{"taxonomy":"product_cat","embeddable":true,"href":"https:\/\/www.ulissequalityshop.com\/de\/wp-json\/wp\/v2\/product_cat?post=17920"},{"taxonomy":"product_tag","embeddable":true,"href":"https:\/\/www.ulissequalityshop.com\/de\/wp-json\/wp\/v2\/product_tag?post=17920"},{"taxonomy":"woo-feed-brand","embeddable":true,"href":"https:\/\/www.ulissequalityshop.com\/de\/wp-json\/wp\/v2\/woo-feed-brand?post=17920"}],"curies":[{"name":"wp","href":"https:\/\/api.w.org\/{rel}","templated":true}]}}