{"id":17923,"date":"2024-03-27T14:14:50","date_gmt":"2024-03-27T13:14:50","guid":{"rendered":"https:\/\/www.ulissequalityshop.com\/prodotto\/aquarium-munster-dessamor-20-ml\/"},"modified":"2024-03-27T14:14:50","modified_gmt":"2024-03-27T13:14:50","slug":"aquarium-munster-dessamor-20-ml","status":"publish","type":"product","link":"https:\/\/www.ulissequalityshop.com\/de\/prodotto\/aquarium-munster-dessamor-20-ml\/","title":{"rendered":"Aquarium Munster Dessamor 20 ml"},"content":{"rendered":"<p><strong>Aquarium Munster Dessamor<\/strong> ist ein <strong>pharmazeutisches Produkt<\/strong> gegen Pilzinfektionen (Saprolegnia, Achlya) von Zierfischen und begleitende bakterielle Infektionen.<br \/>\nSichtbare Symptome einer Pilzinfektion sind die Bildung einer watteartigen Schicht auf der Haut der Fische.   <\/p>\n<h2><strong>Aquarium Munster Dessamor, Merkmale:<\/strong><\/h2>\n<ul>\n<li>pharmazeutisches Produkt<\/li>\n<li>gegen Pilzinfektionen (Saprolegnia, Achlya) und begleitende bakterielle Infektionen.<\/li>\n<li>entwickelt f\u00fcr die Behandlung von Zierfischen<\/li>\n<li>20 ml Packung<\/li>\n<\/ul>\n<h3><strong>Besondere Vorsichtsma\u00dfnahmen<\/strong><\/h3>\n<p><strong>Wechselwirkungen mit anderen Substanzen:<\/strong> Die gleichzeitige Verwendung von Wasseraufbereitungsprodukten kann Dessamor unwirksam machen.<br \/>\nVerabreichen Sie <strong>Aquarium Munster Dessamor<\/strong> nicht zusammen mit anderen Substanzen.   <\/p>\n<h3><strong>Besondere Warnungen:<\/strong><\/h3>\n<p>  Niedere Tiere wie Anemonen, Schnecken, Muscheln vertragen die Behandlung mit <strong>Aquarium Munster Dessamor <\/strong>nicht und m\u00fcssen daher von ihr ausgeschlossen werden.<br \/>\nFeinbl\u00e4ttrige Wasserpflanzen, wie z.B. Cabomba aquatica, k\u00f6nnen durch den Einsatz der Mittel gesch\u00e4digt werden.<br \/>\nDie intensive F\u00e4rbung des Wassers wird durch die Wirkstoffe hervorgerufen und verschwindet nach einigen Tagen.<br \/>\nVerwenden Sie das Produkt nicht nach Ablauf des Verfallsdatums.<br \/>\nBewahren Sie das Medikament an Orten auf, die f\u00fcr Kinder unzug\u00e4nglich sind.<br \/>\nBewahren Sie <strong>Aquarium Munster Dessamor<\/strong> vor Licht und Hitze gesch\u00fctzt auf.<br \/>\nIn der Originalverpackung aufbewahren.<br \/>\nTier\u00e4rztliches Produkt.<br \/>\nNicht f\u00fcr Tiere verwenden, die f\u00fcr den menschlichen Verzehr bestimmt sind.          <\/p>\n<h3><strong>Anweisungen zur Dosierung, Art und Dauer der Anwendung:<\/strong><\/h3>\n<p>  Wenn nicht anders vorgeschrieben: Tag 1: Geben Sie 60 Tropfen (3 ml) Aquarium <strong>Munster Dessamor <\/strong>auf 100 Liter Aquarienwasser.<br \/>\nF\u00fcttern Sie nicht.<br \/>\nTrennen Sie den Filter vom Aquarium und lassen Sie die Pumpe in einem geschlossenen Kreislauf laufen, damit die Mikroorganismen im Filter lebensf\u00e4hig bleiben.<br \/>\nBel\u00fcften Sie das Aquarienwasser.<br \/>\nWenn es nicht m\u00f6glich ist, das Wasser zu bel\u00fcften, ohne den Filter zu benutzen, empfehlen wir, den Filter ohne Filtermaterial laufen zu lassen, um eine ausreichende Wasserbewegung zu gew\u00e4hrleisten.<br \/>\nBewahren Sie in diesem Fall das Filtermaterial in einem Beh\u00e4lter auf, der 20 Mal mehr Wasser enth\u00e4lt als das Volumen des Filtermaterials.<br \/>\nTag 2: 30 Tropfen (1,5 ml) Aquarium <strong>Munster Dessamor <\/strong>pro 100 Liter Aquarienwasser.<br \/>\nF\u00fcttern Sie nicht.<br \/>\nTag 3: Keine Medikamentengabe.<br \/>\nF\u00fcttern Sie normal.<br \/>\nWenn das Filtermaterial separat gelagert wurde, setzen Sie es nicht sofort in das Aquarium ein.<br \/>\nDas Filtermaterial sollte in diesem Fall kurz mit Wasser bei mittlerer Temperatur gewaschen werden (nicht gr\u00fcndlich, um einige der Mikroorganismen zu erhalten).<br \/>\n4. bis 6. Tag: Verabreichen Sie das Produkt nicht.<br \/>\nF\u00fcttern Sie die Fische normal.<br \/>\n7. Tag: Gie\u00dfen Sie 60 Tropfen (3 ml) Aquarium <strong>Munster Dessamor <\/strong>auf 100 Liter Aquarienwasser.<br \/>\nF\u00fcttern Sie nicht.<br \/>\nTrennen Sie den Filter vom Aquarium und lassen Sie die Pumpe in einem geschlossenen Kreislauf laufen, damit die Mikroorganismen im Filter lebensf\u00e4hig bleiben.<br \/>\nBel\u00fcften Sie das Aquarienwasser.<br \/>\nWenn es nicht m\u00f6glich ist, das Wasser zu bel\u00fcften, ohne den Filter zu benutzen, empfehlen wir, den Filter ohne Filtermaterial laufen zu lassen, um eine ausreichende Wasserbewegung zu gew\u00e4hrleisten.<br \/>\nLagern Sie in diesem Fall das Filtermaterial in einem Beh\u00e4lter, der 20 Mal mehr Wasser enth\u00e4lt als das Volumen des Filtermaterials.<br \/>\nTag 8: Verabreichen Sie keine Medikamente.<br \/>\nF\u00fcttern Sie normal.<br \/>\nWechseln Sie ca. 30 % des Aquarienwassers.<br \/>\nNehmen Sie den Filter wieder in Betrieb.<br \/>\nWenn das Filtermaterial separat gelagert wurde, setzen Sie es nicht sofort in das Aquarium ein.<br \/>\nDas Filtermaterial sollte in diesem Fall kurz mit Wasser bei mittlerer Temperatur gewaschen werden (nicht gr\u00fcndlich, um einige der Mikroorganismen zu erhalten).<br \/>\nDie Verwendung von aquavital conditioner und aquavital Stress-protect wird dringend empfohlen. <strong>Hinweise bei \u00dcberdosierung, Abbruch oder Unterbrechung der Behandlung<\/strong>: Wenn eine \u00dcberdosierung festgestellt wird, ersetzen Sie die H\u00e4lfte des Aquarienwassers durch aufbereitetes Meerwasser und filtern Sie mit Aktivkohle.<br \/>\nDie gleichzeitige Gabe von Aquavital Conditioner hilft, einen Teil der \u00fcberdosierten Wirkstoffe zu binden.<br \/>\nWenn eine Verabreichung vergessen wurde, sollte sie so schnell wie m\u00f6glich nachgeholt und die verordnete Dosierung fortgesetzt werden.                              <\/p>\n<h4><strong>Aktive Komponenten nach Art und Menge:  <\/strong><\/h4>\n<p><strong>1 ml Produkt enth\u00e4lt:<\/strong> 10,00 mg Kupfer(II)-sulfat-Pentahydrat 4,00 mg Hetacridinlactat 2,75 mg Methylthioninchlorid 2,00 mg Acriflavinchlorid Hilfsstoffe: Glycolpropylen, gereinigtes Wasser Gegenanzeigen Nicht bekannt.<br \/>\nNebenwirkungen: Nicht bekannt.<br \/>\nWenn Sie Nebenwirkungen bei Ihren Zierfischen feststellen, informieren Sie bitte unser B\u00fcro sowie Ihren Tierarzt oder Apotheker.  <\/p>\n","protected":false},"excerpt":{"rendered":"<p><strong>Aquarium Munster Dessamor<\/strong> ist ein pharmazeutisches Produkt gegen Pilzinfektionen (Saprolegnia, Achlya) von Zierfischen und begleitende bakterielle Infektionen.<\/p>\n","protected":false},"featured_media":17637,"comment_status":"open","ping_status":"closed","template":"","meta":{"_et_pb_use_builder":"","_et_pb_old_content":"","_et_gb_content_width":""},"pwb-brand":[2324],"product_brand":[],"product_cat":[2502,2469,2262],"product_tag":[2511,2504,2513,2512],"woo-feed-brand":[2325],"class_list":{"0":"post-17923","1":"product","2":"type-product","3":"status-publish","4":"has-post-thumbnail","6":"pwb-brand-aquarium-munster","7":"product_cat-heilmittel","8":"product_cat-wasseraufbereitung","9":"product_cat-aquarium-hobby-de","10":"product_tag-fischpflege","11":"product_tag-pflege-von-aquarienfischen","12":"product_tag-pilzkrankheiten-bei-fischen","13":"product_tag-rimavor-de","14":"product_shipping_class-0-3-kg-de","15":"woo-feed-brand-aquarium-munster","17":"first","18":"instock","19":"sale","20":"taxable","21":"shipping-taxable","22":"purchasable","23":"product-type-simple"},"yoast_head":"<!-- This site is optimized with the Yoast SEO plugin v26.7 - https:\/\/yoast.com\/wordpress\/plugins\/seo\/ -->\n<title>Aquarium Munster Dessamor 20 ml - Ulisse Quality Shop<\/title>\n<meta name=\"description\" content=\"Aquarium Munster Dessamor ist ein pharmazeutisches Produkt gegen Pilzinfektionen (Saprolegnia, Achlya) bei Zierfischen. Erfahren Sie mehr.\" \/>\n<meta name=\"robots\" content=\"index, follow, max-snippet:-1, max-image-preview:large, max-video-preview:-1\" \/>\n<link rel=\"canonical\" href=\"https:\/\/www.ulissequalityshop.com\/de\/prodotto\/aquarium-munster-dessamor-20-ml\/\" \/>\n<meta property=\"og:locale\" content=\"de_DE\" \/>\n<meta property=\"og:type\" content=\"article\" \/>\n<meta property=\"og:title\" content=\"Aquarium Munster Dessamor 20 ml - Ulisse Quality Shop\" \/>\n<meta property=\"og:description\" content=\"Aquarium Munster Dessamor ist ein pharmazeutisches Produkt gegen Pilzinfektionen (Saprolegnia, Achlya) bei Zierfischen. Erfahren Sie mehr.\" \/>\n<meta property=\"og:url\" content=\"https:\/\/www.ulissequalityshop.com\/de\/prodotto\/aquarium-munster-dessamor-20-ml\/\" \/>\n<meta property=\"og:site_name\" content=\"Ulisse Quality Shop\" \/>\n<meta property=\"article:publisher\" content=\"https:\/\/www.facebook.com\/ulissequalityshop\/\" \/>\n<meta property=\"og:image\" content=\"https:\/\/www.ulissequalityshop.com\/wp-content\/uploads\/2024\/03\/aquariummunster-dessamor.jpg\" \/>\n\t<meta property=\"og:image:width\" content=\"1200\" \/>\n\t<meta property=\"og:image:height\" content=\"1200\" \/>\n\t<meta property=\"og:image:type\" content=\"image\/jpeg\" \/>\n<meta name=\"twitter:card\" content=\"summary_large_image\" \/>\n<meta name=\"twitter:site\" content=\"@UlisseQualoitySh\" \/>\n<meta name=\"twitter:label1\" content=\"Gesch\u00e4tzte Lesezeit\" \/>\n\t<meta name=\"twitter:data1\" content=\"3\u00a0Minuten\" \/>\n<script type=\"application\/ld+json\" class=\"yoast-schema-graph\">{\"@context\":\"https:\/\/schema.org\",\"@graph\":[{\"@type\":\"WebPage\",\"@id\":\"https:\/\/www.ulissequalityshop.com\/de\/prodotto\/aquarium-munster-dessamor-20-ml\/\",\"url\":\"https:\/\/www.ulissequalityshop.com\/de\/prodotto\/aquarium-munster-dessamor-20-ml\/\",\"name\":\"Aquarium Munster Dessamor 20 ml - Ulisse Quality Shop\",\"isPartOf\":{\"@id\":\"https:\/\/www.ulissequalityshop.com\/de\/#website\"},\"primaryImageOfPage\":{\"@id\":\"https:\/\/www.ulissequalityshop.com\/de\/prodotto\/aquarium-munster-dessamor-20-ml\/#primaryimage\"},\"image\":{\"@id\":\"https:\/\/www.ulissequalityshop.com\/de\/prodotto\/aquarium-munster-dessamor-20-ml\/#primaryimage\"},\"thumbnailUrl\":\"https:\/\/i0.wp.com\/www.ulissequalityshop.com\/wp-content\/uploads\/2024\/03\/aquariummunster-dessamor.jpg?fit=1200%2C1200&ssl=1\",\"datePublished\":\"2024-03-27T13:14:50+00:00\",\"description\":\"Aquarium Munster Dessamor ist ein pharmazeutisches Produkt gegen Pilzinfektionen (Saprolegnia, Achlya) bei Zierfischen. Erfahren Sie mehr.\",\"breadcrumb\":{\"@id\":\"https:\/\/www.ulissequalityshop.com\/de\/prodotto\/aquarium-munster-dessamor-20-ml\/#breadcrumb\"},\"inLanguage\":\"de\",\"potentialAction\":[{\"@type\":\"ReadAction\",\"target\":[\"https:\/\/www.ulissequalityshop.com\/de\/prodotto\/aquarium-munster-dessamor-20-ml\/\"]}]},{\"@type\":\"ImageObject\",\"inLanguage\":\"de\",\"@id\":\"https:\/\/www.ulissequalityshop.com\/de\/prodotto\/aquarium-munster-dessamor-20-ml\/#primaryimage\",\"url\":\"https:\/\/i0.wp.com\/www.ulissequalityshop.com\/wp-content\/uploads\/2024\/03\/aquariummunster-dessamor.jpg?fit=1200%2C1200&ssl=1\",\"contentUrl\":\"https:\/\/i0.wp.com\/www.ulissequalityshop.com\/wp-content\/uploads\/2024\/03\/aquariummunster-dessamor.jpg?fit=1200%2C1200&ssl=1\",\"width\":1200,\"height\":1200,\"caption\":\"Aquarium Munster Dessamor 20 ml\"},{\"@type\":\"BreadcrumbList\",\"@id\":\"https:\/\/www.ulissequalityshop.com\/de\/prodotto\/aquarium-munster-dessamor-20-ml\/#breadcrumb\",\"itemListElement\":[{\"@type\":\"ListItem\",\"position\":1,\"name\":\"Start\",\"item\":\"https:\/\/www.ulissequalityshop.com\/de\/\"},{\"@type\":\"ListItem\",\"position\":2,\"name\":\"Ulisse Quality Shop\",\"item\":\"https:\/\/www.ulissequalityshop.com\/\"},{\"@type\":\"ListItem\",\"position\":3,\"name\":\"Aquarium Munster Dessamor 20 ml\"}]},{\"@type\":\"WebSite\",\"@id\":\"https:\/\/www.ulissequalityshop.com\/de\/#website\",\"url\":\"https:\/\/www.ulissequalityshop.com\/de\/\",\"name\":\"Ulisse Quality Shop\",\"description\":\"Tutto per i tuoi pets\",\"potentialAction\":[{\"@type\":\"SearchAction\",\"target\":{\"@type\":\"EntryPoint\",\"urlTemplate\":\"https:\/\/www.ulissequalityshop.com\/de\/?s={search_term_string}\"},\"query-input\":{\"@type\":\"PropertyValueSpecification\",\"valueRequired\":true,\"valueName\":\"search_term_string\"}}],\"inLanguage\":\"de\"}]}<\/script>\n<!-- \/ Yoast SEO plugin. -->","yoast_head_json":{"title":"Aquarium Munster Dessamor 20 ml - Ulisse Quality Shop","description":"Aquarium Munster Dessamor ist ein pharmazeutisches Produkt gegen Pilzinfektionen (Saprolegnia, Achlya) bei Zierfischen. Erfahren Sie mehr.","robots":{"index":"index","follow":"follow","max-snippet":"max-snippet:-1","max-image-preview":"max-image-preview:large","max-video-preview":"max-video-preview:-1"},"canonical":"https:\/\/www.ulissequalityshop.com\/de\/prodotto\/aquarium-munster-dessamor-20-ml\/","og_locale":"de_DE","og_type":"article","og_title":"Aquarium Munster Dessamor 20 ml - Ulisse Quality Shop","og_description":"Aquarium Munster Dessamor ist ein pharmazeutisches Produkt gegen Pilzinfektionen (Saprolegnia, Achlya) bei Zierfischen. Erfahren Sie mehr.","og_url":"https:\/\/www.ulissequalityshop.com\/de\/prodotto\/aquarium-munster-dessamor-20-ml\/","og_site_name":"Ulisse Quality Shop","article_publisher":"https:\/\/www.facebook.com\/ulissequalityshop\/","og_image":[{"width":1200,"height":1200,"url":"https:\/\/www.ulissequalityshop.com\/wp-content\/uploads\/2024\/03\/aquariummunster-dessamor.jpg","type":"image\/jpeg"}],"twitter_card":"summary_large_image","twitter_site":"@UlisseQualoitySh","twitter_misc":{"Gesch\u00e4tzte Lesezeit":"3\u00a0Minuten"},"schema":{"@context":"https:\/\/schema.org","@graph":[{"@type":"WebPage","@id":"https:\/\/www.ulissequalityshop.com\/de\/prodotto\/aquarium-munster-dessamor-20-ml\/","url":"https:\/\/www.ulissequalityshop.com\/de\/prodotto\/aquarium-munster-dessamor-20-ml\/","name":"Aquarium Munster Dessamor 20 ml - Ulisse Quality Shop","isPartOf":{"@id":"https:\/\/www.ulissequalityshop.com\/de\/#website"},"primaryImageOfPage":{"@id":"https:\/\/www.ulissequalityshop.com\/de\/prodotto\/aquarium-munster-dessamor-20-ml\/#primaryimage"},"image":{"@id":"https:\/\/www.ulissequalityshop.com\/de\/prodotto\/aquarium-munster-dessamor-20-ml\/#primaryimage"},"thumbnailUrl":"https:\/\/i0.wp.com\/www.ulissequalityshop.com\/wp-content\/uploads\/2024\/03\/aquariummunster-dessamor.jpg?fit=1200%2C1200&ssl=1","datePublished":"2024-03-27T13:14:50+00:00","description":"Aquarium Munster Dessamor ist ein pharmazeutisches Produkt gegen Pilzinfektionen (Saprolegnia, Achlya) bei Zierfischen. Erfahren Sie mehr.","breadcrumb":{"@id":"https:\/\/www.ulissequalityshop.com\/de\/prodotto\/aquarium-munster-dessamor-20-ml\/#breadcrumb"},"inLanguage":"de","potentialAction":[{"@type":"ReadAction","target":["https:\/\/www.ulissequalityshop.com\/de\/prodotto\/aquarium-munster-dessamor-20-ml\/"]}]},{"@type":"ImageObject","inLanguage":"de","@id":"https:\/\/www.ulissequalityshop.com\/de\/prodotto\/aquarium-munster-dessamor-20-ml\/#primaryimage","url":"https:\/\/i0.wp.com\/www.ulissequalityshop.com\/wp-content\/uploads\/2024\/03\/aquariummunster-dessamor.jpg?fit=1200%2C1200&ssl=1","contentUrl":"https:\/\/i0.wp.com\/www.ulissequalityshop.com\/wp-content\/uploads\/2024\/03\/aquariummunster-dessamor.jpg?fit=1200%2C1200&ssl=1","width":1200,"height":1200,"caption":"Aquarium Munster Dessamor 20 ml"},{"@type":"BreadcrumbList","@id":"https:\/\/www.ulissequalityshop.com\/de\/prodotto\/aquarium-munster-dessamor-20-ml\/#breadcrumb","itemListElement":[{"@type":"ListItem","position":1,"name":"Start","item":"https:\/\/www.ulissequalityshop.com\/de\/"},{"@type":"ListItem","position":2,"name":"Ulisse Quality Shop","item":"https:\/\/www.ulissequalityshop.com\/"},{"@type":"ListItem","position":3,"name":"Aquarium Munster Dessamor 20 ml"}]},{"@type":"WebSite","@id":"https:\/\/www.ulissequalityshop.com\/de\/#website","url":"https:\/\/www.ulissequalityshop.com\/de\/","name":"Ulisse Quality Shop","description":"Tutto per i tuoi pets","potentialAction":[{"@type":"SearchAction","target":{"@type":"EntryPoint","urlTemplate":"https:\/\/www.ulissequalityshop.com\/de\/?s={search_term_string}"},"query-input":{"@type":"PropertyValueSpecification","valueRequired":true,"valueName":"search_term_string"}}],"inLanguage":"de"}]}},"jetpack_sharing_enabled":true,"brands":[{"id":2324,"name":"Aquarium Munster","slug":"aquarium-munster"}],"_links":{"self":[{"href":"https:\/\/www.ulissequalityshop.com\/de\/wp-json\/wp\/v2\/product\/17923","targetHints":{"allow":["GET"]}}],"collection":[{"href":"https:\/\/www.ulissequalityshop.com\/de\/wp-json\/wp\/v2\/product"}],"about":[{"href":"https:\/\/www.ulissequalityshop.com\/de\/wp-json\/wp\/v2\/types\/product"}],"replies":[{"embeddable":true,"href":"https:\/\/www.ulissequalityshop.com\/de\/wp-json\/wp\/v2\/comments?post=17923"}],"wp:featuredmedia":[{"embeddable":true,"href":"https:\/\/www.ulissequalityshop.com\/de\/wp-json\/wp\/v2\/media\/17637"}],"wp:attachment":[{"href":"https:\/\/www.ulissequalityshop.com\/de\/wp-json\/wp\/v2\/media?parent=17923"}],"wp:term":[{"taxonomy":"pwb-brand","embeddable":true,"href":"https:\/\/www.ulissequalityshop.com\/de\/wp-json\/wp\/v2\/pwb-brand?post=17923"},{"taxonomy":"product_brand","embeddable":true,"href":"https:\/\/www.ulissequalityshop.com\/de\/wp-json\/wp\/v2\/product_brand?post=17923"},{"taxonomy":"product_cat","embeddable":true,"href":"https:\/\/www.ulissequalityshop.com\/de\/wp-json\/wp\/v2\/product_cat?post=17923"},{"taxonomy":"product_tag","embeddable":true,"href":"https:\/\/www.ulissequalityshop.com\/de\/wp-json\/wp\/v2\/product_tag?post=17923"},{"taxonomy":"woo-feed-brand","embeddable":true,"href":"https:\/\/www.ulissequalityshop.com\/de\/wp-json\/wp\/v2\/woo-feed-brand?post=17923"}],"curies":[{"name":"wp","href":"https:\/\/api.w.org\/{rel}","templated":true}]}}