{"id":17928,"date":"2024-03-26T16:28:25","date_gmt":"2024-03-26T15:28:25","guid":{"rendered":"https:\/\/www.ulissequalityshop.com\/prodotto\/aquarium-munster-faunamor-20-ml\/"},"modified":"2024-03-26T16:28:25","modified_gmt":"2024-03-26T15:28:25","slug":"aquarium-munster-faunamor-20-ml","status":"publish","type":"product","link":"https:\/\/www.ulissequalityshop.com\/de\/prodotto\/aquarium-munster-faunamor-20-ml\/","title":{"rendered":"Aquarium Munster Faunamor 20 ml"},"content":{"rendered":"<p><strong>Aquarium Munster Faunamor <\/strong>ist ein pharmazeutisches Produkt gegen <strong>Ichthyophthirius<\/strong> (Wei\u00dfp\u00fcnktchenkrankheit) und damit verbundene bakterielle Infektionen, das sowohl in Meer- als auch in S\u00fc\u00dfwasseraquarien eingesetzt werden kann. <strong>Ichthyophthirius<\/strong> ist einer der h\u00e4ufigsten Sch\u00e4dlinge bei Aquarienfischen.<br \/>\nDie Symptome sind <strong>wei\u00dfe Punkte<\/strong> auf den Kiemen, Flossen und manchmal auf dem ganzen K\u00f6rper.<br \/>\nDer Fisch ist tr\u00e4ge und die Flossen sind nach unten geklappt oder gefaltet.<br \/>\nEr reibt sich an Steinen oder Aquarienpflanzen, um zu versuchen, die Parasiten loszuwerden.<br \/>\nWenn die Kiemen stark befallen sind, wirkt der Fisch tr\u00e4ge in seinen Bewegungen und verliert schnell an Gewicht.      <\/p>\n<h2><strong>Aquarium Munster Faunamor, Merkmale:<\/strong><\/h2>\n<ul>\n<li>pharmazeutisches Produkt;<\/li>\n<li>entwickelt zur Bek\u00e4mpfung von <strong>Ichthyophthirius<\/strong> (Wei\u00dfp\u00fcnktchenkrankheit <strong>)<\/strong> und damit verbundenen bakteriellen Infektionen;<\/li>\n<li>sowohl in Meer- als auch in S\u00fc\u00dfwasseraquarien verwendbar;<\/li>\n<li>20 ml Packung.<\/li>\n<\/ul>\n<h3><strong>Dosierung, Methode und Dauer der Behandlung<\/strong><\/h3>\n<p>  Vor Gebrauch gut sch\u00fctteln.<br \/>\nWenn nicht anders angegeben: <b>1. Tag<\/b>: Geben Sie <strong>20<\/strong> Tropfen (= ca. 1 ml) Aquarium <strong>Munster Faunamor 20 ml<\/strong> auf 100 I Aquarienwasser.<br \/>\nDie Dosis kann bei starkem Parasitenbefall verdoppelt werden, wobei darauf zu achten ist, dass sich im Aquarium keine Tiere befinden, die empfindlich auf die Behandlung reagieren (z.B. Corydoras).<br \/>\nF\u00fcttern Sie die Fische nicht.<br \/>\nTrennen Sie den Filter vom Aquarium, aber lassen Sie ihn in einem anderen Beh\u00e4lter laufen, um die Mikroorganismen am Leben zu erhalten.<br \/>\nBel\u00fcften Sie das Aquarienwasser.<br \/>\nWenn dies ohne direkten Betrieb des Filters nicht m\u00f6glich ist, verwenden Sie den Filter selbst, indem Sie nur das Filtermaterial entfernen, damit eine ausreichende Wasserzirkulation gew\u00e4hrleistet ist.<br \/>\nBewahren Sie das Filtermaterial in einem Beh\u00e4lter auf, der mindestens das 20-fache der Wassermenge im Aquarium enth\u00e4lt (im Verh\u00e4ltnis zur Masse des Filtermaterials). <b>Tag 2:<\/b> Geben Sie 20 Tropfen (= ca. 1 ml) <strong>Aquarium Munster Faunamor<\/strong> pro 100 I Wasser.<br \/>\nF\u00fcttern Sie die Fische nicht. <b>Tag 3:<\/b> Stellen Sie die F\u00fctterung von <strong>Aquarium Munster Faunamor<\/strong> ein.<br \/>\nF\u00fcttern Sie normal.<br \/>\nReaktivieren Sie den Filter.<br \/>\nWenn das Filtermaterial separat gelagert wurde, verwenden Sie dieses Wasser nicht wieder f\u00fcr das Aquarium.<br \/>\nSp\u00fclen Sie das Filtermaterial schnell mit lauwarmem Wasser aus (sp\u00fclen Sie es nicht gr\u00fcndlich aus, damit zumindest ein Teil der Mikroorganismen aktiv bleibt). <b>7. Tag:<\/b> &gt; Geben Sie 20 Tropfen (= ca. 1 ml) Aquarium <strong>Munster Faunamor<\/strong> pro 100 I Aquarienwasser.<br \/>\nDie Dosis kann bei starkem Parasitenbefall verdoppelt werden, wobei darauf zu achten ist, dass sich keine Tiere im Aquarium befinden, die empfindlich auf die Behandlung reagieren (z.B. Corydoras).<br \/>\nF\u00fcttern Sie die Fische nicht.<br \/>\nTrennen Sie den Filter vom Aquarium, aber lassen Sie ihn in einem anderen Beh\u00e4lter laufen, um die Mikroorganismen am Leben zu erhalten.<br \/>\nBel\u00fcften Sie das Aquarienwasser.<br \/>\nWenn dies ohne direkten Betrieb des Filters nicht m\u00f6glich ist, verwenden Sie den Filter selbst, indem Sie nur das Filtermaterial entfernen, damit eine ausreichende Wasserzirkulation gew\u00e4hrleistet ist.<br \/>\nBewahren Sie das Filtermaterial in einem Beh\u00e4lter auf, der mindestens die 20-fache Menge an Aquarienwasser enth\u00e4lt (im Verh\u00e4ltnis zur Masse des Filtermaterials). <b>Tag 8:<\/b> F\u00fcttern Sie nicht.<br \/>\nF\u00fcttern Sie normal.<br \/>\nWechseln Sie etwa 30% des Aquarienwassers.<br \/>\nReaktivieren Sie den Filter.<br \/>\nDie Verwendung von aquavital Conditioner und aquavital Stress-Protect wird empfohlen.<br \/>\nProphylaxe in Stresssituationen: Verwenden Sie die H\u00e4lfte der angegebenen Dosis. <b>Hinweise bei \u00dcberdosierung, Absetzen oder Abbruch der Behandlung:<\/b> Wechseln Sie im Falle einer \u00dcberdosierung die H\u00e4lfte des Aquarienwassers und filtern Sie mit Hilfe von Aktivkohle.<br \/>\nDie gleichzeitige Zugabe von Aquavital Conditioner wird einen Teil der im \u00dcberschuss vorhandenen Wirkstoffe binden.<br \/>\nFalls die Dosierung vergessen wurde, setzen Sie die Behandlung so schnell wie m\u00f6glich mit der angegebenen Dosierung fort.                           <\/p>\n<h3><b>Besondere Hinweise:<\/b><\/h3>\n<ul>\n<li>Aufgrund der Oberfl\u00e4chenspannung des <strong>Aquarium Munster Faunamor<\/strong> kann es bei der Verabreichung von Tropfen zu Problemen kommen.<br \/>\nDamit die Tr\u00f6pfchen entweichen k\u00f6nnen, halten Sie die Flasche schr\u00e4g und geben Sie kleine Schl\u00e4ge auf den Boden.<br \/>\nDie Geschwindigkeit, mit der die Tropfen austreten, h\u00e4ngt von der Neigung ab, die Sie der Flasche geben.  <\/li>\n<li>Wasserpflanzen mit sehr d\u00fcnnen fadenf\u00f6rmigen Bl\u00e4ttern, z.B. Cabomba aquatica, k\u00f6nnen durch die Behandlung gesch\u00e4digt werden.<\/li>\n<li>Jede UV-Bestrahlung, die im Aquarium in Betrieb ist, muss f\u00fcr die Dauer der Behandlung ausgeschaltet werden.<\/li>\n<li>Die intensive F\u00e4rbung des Wassers wird durch die enthaltenen Wirkstoffe verursacht und verschwindet nach ein paar Tagen.<\/li>\n<li>Verwenden Sie es nicht nach dem Verfallsdatum.<\/li>\n<li>Immer au\u00dferhalb der Reichweite von Kindern aufbewahren.<\/li>\n<li>Sch\u00fctzen Sie <strong>Aquarium Munster Faunamor<\/strong> vor Licht und Hitze.<br \/>\nIn der Originalverpackung aufbewahren. <\/li>\n<li>Tier\u00e4rztliche Anwendung.<\/li>\n<li>Nicht bei Tieren anwenden, die der Lebensmittelgewinnung dienen.<\/li>\n<\/ul>\n<h3><b>Warnungen:<\/b><\/h3>\n<p>  Wirbellose Tiere wie Anemonen, Schnecken oder Muscheln vertragen keine Behandlung mit <strong>Aquarium Munster Faunamor <\/strong>und m\u00fcssen vor der Behandlung aus dem Becken entfernt werden.  <\/p>\n<h4><b>Interaktion mit anderen Agenten:<\/b><\/h4>\n<p>  Die gleichzeitige Anwendung des Produkts mit Wasseraufbereitungspr\u00e4paraten kann die Wirksamkeit von <strong>Aquarium<\/strong><strong>Munster Faunamor <\/strong>verringern<strong>. Aquarium Munster Faunamor <\/strong>sollte daher nicht zusammen mit anderen Pr\u00e4paraten verabreicht werden.  <\/p>\n<h4><b>Qualitativ-quantitative Zusammensetzung:<\/b><\/h4>\n<p>  1 ml enth\u00e4lt: 2,5 mg Tetramethylthioninchlorid 1,0 mg Tetramethyl-4,4-diamino-triphenol-carbinol 0,5 mg Hexamethyl-pararosanilindorid 0,3 mg Acriflavinchlorid <b>Hilfsstoffe:<\/b> Propylenglykol, gereinigtes Wasser <b>Nebenwirkungen:<\/b> Nicht bekannt <b>.<\/b><br \/>\nWenn Nebenwirkungen bei Fischen auftreten, benachrichtigen Sie. <\/p>\n","protected":false},"excerpt":{"rendered":"<p><strong>Aquarium Munster Faunamor<\/strong> ist ein pharmazeutisches Produkt gegen Ichthyophthirius (Wei\u00dfp\u00fcnktchenkrankheit) und damit verbundene bakterielle Infektionen, das sowohl in Meer- als auch in S\u00fc\u00dfwasseraquarien eingesetzt werden kann.<\/p>\n","protected":false},"featured_media":17630,"comment_status":"open","ping_status":"closed","template":"","meta":{"_et_pb_use_builder":"","_et_pb_old_content":"","_et_gb_content_width":""},"pwb-brand":[2324],"product_brand":[],"product_cat":[2502,2516,2262],"product_tag":[2517,2511,2503,2518],"woo-feed-brand":[2325],"class_list":{"0":"post-17928","1":"product","2":"type-product","3":"status-publish","4":"has-post-thumbnail","6":"pwb-brand-aquarium-munster","7":"product_cat-heilmittel","8":"product_cat-pflege-und-wartung","9":"product_cat-aquarium-hobby-de","10":"product_tag-faunamor-de","11":"product_tag-fischpflege","12":"product_tag-medizin-fur-bakterielle-infektionen-fisch","13":"product_tag-medizin-fur-weise-flecken","14":"product_shipping_class-0-3-kg-de","15":"woo-feed-brand-aquarium-munster","17":"first","18":"instock","19":"sale","20":"taxable","21":"shipping-taxable","22":"purchasable","23":"product-type-simple"},"yoast_head":"<!-- This site is optimized with the Yoast SEO plugin v26.7 - https:\/\/yoast.com\/wordpress\/plugins\/seo\/ -->\n<title>Aquarium Munster Faunamor 20 ml - Ulisse Quality Shop<\/title>\n<meta name=\"description\" content=\"Aquarium Munster Faunamor ist ein pharmazeutisches Produkt gegen Ichthyophthirius (Wei\u00dfp\u00fcnktchenkrankheit) und bakterielle Infektionen. Erfahren Sie mehr.\" \/>\n<meta name=\"robots\" content=\"index, follow, max-snippet:-1, max-image-preview:large, max-video-preview:-1\" \/>\n<link rel=\"canonical\" href=\"https:\/\/www.ulissequalityshop.com\/de\/prodotto\/aquarium-munster-faunamor-20-ml\/\" \/>\n<meta property=\"og:locale\" content=\"de_DE\" \/>\n<meta property=\"og:type\" content=\"article\" \/>\n<meta property=\"og:title\" content=\"Aquarium Munster Faunamor 20 ml - Ulisse Quality Shop\" \/>\n<meta property=\"og:description\" content=\"Aquarium Munster Faunamor ist ein pharmazeutisches Produkt gegen Ichthyophthirius (Wei\u00dfp\u00fcnktchenkrankheit) und bakterielle Infektionen. Erfahren Sie mehr.\" \/>\n<meta property=\"og:url\" content=\"https:\/\/www.ulissequalityshop.com\/de\/prodotto\/aquarium-munster-faunamor-20-ml\/\" \/>\n<meta property=\"og:site_name\" content=\"Ulisse Quality Shop\" \/>\n<meta property=\"article:publisher\" content=\"https:\/\/www.facebook.com\/ulissequalityshop\/\" \/>\n<meta property=\"og:image\" content=\"https:\/\/www.ulissequalityshop.com\/wp-content\/uploads\/2024\/03\/aquariummunster-faunamor.jpg\" \/>\n\t<meta property=\"og:image:width\" content=\"1200\" \/>\n\t<meta property=\"og:image:height\" content=\"1200\" \/>\n\t<meta property=\"og:image:type\" content=\"image\/jpeg\" \/>\n<meta name=\"twitter:card\" content=\"summary_large_image\" \/>\n<meta name=\"twitter:site\" content=\"@UlisseQualoitySh\" \/>\n<meta name=\"twitter:label1\" content=\"Gesch\u00e4tzte Lesezeit\" \/>\n\t<meta name=\"twitter:data1\" content=\"4\u00a0Minuten\" \/>\n<script type=\"application\/ld+json\" class=\"yoast-schema-graph\">{\"@context\":\"https:\/\/schema.org\",\"@graph\":[{\"@type\":\"WebPage\",\"@id\":\"https:\/\/www.ulissequalityshop.com\/de\/prodotto\/aquarium-munster-faunamor-20-ml\/\",\"url\":\"https:\/\/www.ulissequalityshop.com\/de\/prodotto\/aquarium-munster-faunamor-20-ml\/\",\"name\":\"Aquarium Munster Faunamor 20 ml - Ulisse Quality Shop\",\"isPartOf\":{\"@id\":\"https:\/\/www.ulissequalityshop.com\/de\/#website\"},\"primaryImageOfPage\":{\"@id\":\"https:\/\/www.ulissequalityshop.com\/de\/prodotto\/aquarium-munster-faunamor-20-ml\/#primaryimage\"},\"image\":{\"@id\":\"https:\/\/www.ulissequalityshop.com\/de\/prodotto\/aquarium-munster-faunamor-20-ml\/#primaryimage\"},\"thumbnailUrl\":\"https:\/\/i0.wp.com\/www.ulissequalityshop.com\/wp-content\/uploads\/2024\/03\/aquariummunster-faunamor.jpg?fit=1200%2C1200&ssl=1\",\"datePublished\":\"2024-03-26T15:28:25+00:00\",\"description\":\"Aquarium Munster Faunamor ist ein pharmazeutisches Produkt gegen Ichthyophthirius (Wei\u00dfp\u00fcnktchenkrankheit) und bakterielle Infektionen. Erfahren Sie mehr.\",\"breadcrumb\":{\"@id\":\"https:\/\/www.ulissequalityshop.com\/de\/prodotto\/aquarium-munster-faunamor-20-ml\/#breadcrumb\"},\"inLanguage\":\"de\",\"potentialAction\":[{\"@type\":\"ReadAction\",\"target\":[\"https:\/\/www.ulissequalityshop.com\/de\/prodotto\/aquarium-munster-faunamor-20-ml\/\"]}]},{\"@type\":\"ImageObject\",\"inLanguage\":\"de\",\"@id\":\"https:\/\/www.ulissequalityshop.com\/de\/prodotto\/aquarium-munster-faunamor-20-ml\/#primaryimage\",\"url\":\"https:\/\/i0.wp.com\/www.ulissequalityshop.com\/wp-content\/uploads\/2024\/03\/aquariummunster-faunamor.jpg?fit=1200%2C1200&ssl=1\",\"contentUrl\":\"https:\/\/i0.wp.com\/www.ulissequalityshop.com\/wp-content\/uploads\/2024\/03\/aquariummunster-faunamor.jpg?fit=1200%2C1200&ssl=1\",\"width\":1200,\"height\":1200,\"caption\":\"Aquarium Munster Faunamor 20 ml\"},{\"@type\":\"BreadcrumbList\",\"@id\":\"https:\/\/www.ulissequalityshop.com\/de\/prodotto\/aquarium-munster-faunamor-20-ml\/#breadcrumb\",\"itemListElement\":[{\"@type\":\"ListItem\",\"position\":1,\"name\":\"Start\",\"item\":\"https:\/\/www.ulissequalityshop.com\/de\/\"},{\"@type\":\"ListItem\",\"position\":2,\"name\":\"Ulisse Quality Shop\",\"item\":\"https:\/\/www.ulissequalityshop.com\/\"},{\"@type\":\"ListItem\",\"position\":3,\"name\":\"Aquarium Munster Faunamor 20 ml\"}]},{\"@type\":\"WebSite\",\"@id\":\"https:\/\/www.ulissequalityshop.com\/de\/#website\",\"url\":\"https:\/\/www.ulissequalityshop.com\/de\/\",\"name\":\"Ulisse Quality Shop\",\"description\":\"Tutto per i tuoi pets\",\"potentialAction\":[{\"@type\":\"SearchAction\",\"target\":{\"@type\":\"EntryPoint\",\"urlTemplate\":\"https:\/\/www.ulissequalityshop.com\/de\/?s={search_term_string}\"},\"query-input\":{\"@type\":\"PropertyValueSpecification\",\"valueRequired\":true,\"valueName\":\"search_term_string\"}}],\"inLanguage\":\"de\"}]}<\/script>\n<!-- \/ Yoast SEO plugin. -->","yoast_head_json":{"title":"Aquarium Munster Faunamor 20 ml - Ulisse Quality Shop","description":"Aquarium Munster Faunamor ist ein pharmazeutisches Produkt gegen Ichthyophthirius (Wei\u00dfp\u00fcnktchenkrankheit) und bakterielle Infektionen. Erfahren Sie mehr.","robots":{"index":"index","follow":"follow","max-snippet":"max-snippet:-1","max-image-preview":"max-image-preview:large","max-video-preview":"max-video-preview:-1"},"canonical":"https:\/\/www.ulissequalityshop.com\/de\/prodotto\/aquarium-munster-faunamor-20-ml\/","og_locale":"de_DE","og_type":"article","og_title":"Aquarium Munster Faunamor 20 ml - Ulisse Quality Shop","og_description":"Aquarium Munster Faunamor ist ein pharmazeutisches Produkt gegen Ichthyophthirius (Wei\u00dfp\u00fcnktchenkrankheit) und bakterielle Infektionen. Erfahren Sie mehr.","og_url":"https:\/\/www.ulissequalityshop.com\/de\/prodotto\/aquarium-munster-faunamor-20-ml\/","og_site_name":"Ulisse Quality Shop","article_publisher":"https:\/\/www.facebook.com\/ulissequalityshop\/","og_image":[{"width":1200,"height":1200,"url":"https:\/\/www.ulissequalityshop.com\/wp-content\/uploads\/2024\/03\/aquariummunster-faunamor.jpg","type":"image\/jpeg"}],"twitter_card":"summary_large_image","twitter_site":"@UlisseQualoitySh","twitter_misc":{"Gesch\u00e4tzte Lesezeit":"4\u00a0Minuten"},"schema":{"@context":"https:\/\/schema.org","@graph":[{"@type":"WebPage","@id":"https:\/\/www.ulissequalityshop.com\/de\/prodotto\/aquarium-munster-faunamor-20-ml\/","url":"https:\/\/www.ulissequalityshop.com\/de\/prodotto\/aquarium-munster-faunamor-20-ml\/","name":"Aquarium Munster Faunamor 20 ml - Ulisse Quality Shop","isPartOf":{"@id":"https:\/\/www.ulissequalityshop.com\/de\/#website"},"primaryImageOfPage":{"@id":"https:\/\/www.ulissequalityshop.com\/de\/prodotto\/aquarium-munster-faunamor-20-ml\/#primaryimage"},"image":{"@id":"https:\/\/www.ulissequalityshop.com\/de\/prodotto\/aquarium-munster-faunamor-20-ml\/#primaryimage"},"thumbnailUrl":"https:\/\/i0.wp.com\/www.ulissequalityshop.com\/wp-content\/uploads\/2024\/03\/aquariummunster-faunamor.jpg?fit=1200%2C1200&ssl=1","datePublished":"2024-03-26T15:28:25+00:00","description":"Aquarium Munster Faunamor ist ein pharmazeutisches Produkt gegen Ichthyophthirius (Wei\u00dfp\u00fcnktchenkrankheit) und bakterielle Infektionen. Erfahren Sie mehr.","breadcrumb":{"@id":"https:\/\/www.ulissequalityshop.com\/de\/prodotto\/aquarium-munster-faunamor-20-ml\/#breadcrumb"},"inLanguage":"de","potentialAction":[{"@type":"ReadAction","target":["https:\/\/www.ulissequalityshop.com\/de\/prodotto\/aquarium-munster-faunamor-20-ml\/"]}]},{"@type":"ImageObject","inLanguage":"de","@id":"https:\/\/www.ulissequalityshop.com\/de\/prodotto\/aquarium-munster-faunamor-20-ml\/#primaryimage","url":"https:\/\/i0.wp.com\/www.ulissequalityshop.com\/wp-content\/uploads\/2024\/03\/aquariummunster-faunamor.jpg?fit=1200%2C1200&ssl=1","contentUrl":"https:\/\/i0.wp.com\/www.ulissequalityshop.com\/wp-content\/uploads\/2024\/03\/aquariummunster-faunamor.jpg?fit=1200%2C1200&ssl=1","width":1200,"height":1200,"caption":"Aquarium Munster Faunamor 20 ml"},{"@type":"BreadcrumbList","@id":"https:\/\/www.ulissequalityshop.com\/de\/prodotto\/aquarium-munster-faunamor-20-ml\/#breadcrumb","itemListElement":[{"@type":"ListItem","position":1,"name":"Start","item":"https:\/\/www.ulissequalityshop.com\/de\/"},{"@type":"ListItem","position":2,"name":"Ulisse Quality Shop","item":"https:\/\/www.ulissequalityshop.com\/"},{"@type":"ListItem","position":3,"name":"Aquarium Munster Faunamor 20 ml"}]},{"@type":"WebSite","@id":"https:\/\/www.ulissequalityshop.com\/de\/#website","url":"https:\/\/www.ulissequalityshop.com\/de\/","name":"Ulisse Quality Shop","description":"Tutto per i tuoi pets","potentialAction":[{"@type":"SearchAction","target":{"@type":"EntryPoint","urlTemplate":"https:\/\/www.ulissequalityshop.com\/de\/?s={search_term_string}"},"query-input":{"@type":"PropertyValueSpecification","valueRequired":true,"valueName":"search_term_string"}}],"inLanguage":"de"}]}},"jetpack_sharing_enabled":true,"brands":[{"id":2324,"name":"Aquarium Munster","slug":"aquarium-munster"}],"_links":{"self":[{"href":"https:\/\/www.ulissequalityshop.com\/de\/wp-json\/wp\/v2\/product\/17928","targetHints":{"allow":["GET"]}}],"collection":[{"href":"https:\/\/www.ulissequalityshop.com\/de\/wp-json\/wp\/v2\/product"}],"about":[{"href":"https:\/\/www.ulissequalityshop.com\/de\/wp-json\/wp\/v2\/types\/product"}],"replies":[{"embeddable":true,"href":"https:\/\/www.ulissequalityshop.com\/de\/wp-json\/wp\/v2\/comments?post=17928"}],"wp:featuredmedia":[{"embeddable":true,"href":"https:\/\/www.ulissequalityshop.com\/de\/wp-json\/wp\/v2\/media\/17630"}],"wp:attachment":[{"href":"https:\/\/www.ulissequalityshop.com\/de\/wp-json\/wp\/v2\/media?parent=17928"}],"wp:term":[{"taxonomy":"pwb-brand","embeddable":true,"href":"https:\/\/www.ulissequalityshop.com\/de\/wp-json\/wp\/v2\/pwb-brand?post=17928"},{"taxonomy":"product_brand","embeddable":true,"href":"https:\/\/www.ulissequalityshop.com\/de\/wp-json\/wp\/v2\/product_brand?post=17928"},{"taxonomy":"product_cat","embeddable":true,"href":"https:\/\/www.ulissequalityshop.com\/de\/wp-json\/wp\/v2\/product_cat?post=17928"},{"taxonomy":"product_tag","embeddable":true,"href":"https:\/\/www.ulissequalityshop.com\/de\/wp-json\/wp\/v2\/product_tag?post=17928"},{"taxonomy":"woo-feed-brand","embeddable":true,"href":"https:\/\/www.ulissequalityshop.com\/de\/wp-json\/wp\/v2\/woo-feed-brand?post=17928"}],"curies":[{"name":"wp","href":"https:\/\/api.w.org\/{rel}","templated":true}]}}