{"id":17948,"date":"2024-02-22T16:09:39","date_gmt":"2024-02-22T15:09:39","guid":{"rendered":"https:\/\/www.ulissequalityshop.com\/prodotto\/camon-canahelp-paste-100-gr\/"},"modified":"2024-09-29T18:08:33","modified_gmt":"2024-09-29T16:08:33","slug":"camon-canahelp-paste-100-gr","status":"publish","type":"product","link":"https:\/\/www.ulissequalityshop.com\/de\/prodotto\/camon-canahelp-paste-100-gr\/","title":{"rendered":"Camon Canahelp Paste 100 gr."},"content":{"rendered":"<p><strong>Camon Canahelp in Pasta <\/strong>ist das innovative Erg\u00e4nzungsfuttermittel f\u00fcr erwachsene Katzen und Hunde, das auf der Wirkung von Hanfmehl basiert. <strong>Camon Canahelp in Pasta<\/strong>, mit seiner au\u00dfergew\u00f6hnlichen Schmackhaftigkeit, kann leicht an Katzen und kleine Hunde verabreicht werden, unterst\u00fctzt die Verdauung, verbessert den Appetit und hilft dank der enthaltenen Malzpaste, die Bildung von Haarballen zu verhindern.<br \/>\nDie Verwendung von Hanfmehl unterst\u00fctzt die normale Nozizeption (Schmerzwahrnehmung) und die normale Funktion des Endocannabinoid-Systems, d.h. des biologischen Kommunikationssystems zwischen den Zellen, auf zentraler und peripherer Ebene.<br \/>\nEs ist eines der komplexesten und wichtigsten Systeme in unserem K\u00f6rper und tr\u00e4gt zur Regulierung der meisten Lebensfunktionen bei.<br \/>\nDar\u00fcber hinaus hat es die Aufgabe, die Hom\u00f6ostase des K\u00f6rpers aufrechtzuerhalten, d.h. sein empfindliches inneres Gleichgewicht, das durch \u00e4u\u00dfere Umweltbedingungen gef\u00e4hrdet werden kann.<br \/>\nAuch in Tablettenform erh\u00e4ltlich (cod. G706).      <\/p>\n<h2><strong>Camon Canahelp in Pasta, Eigenschaften:<\/strong><\/h2>\n<ul>\n<li>innovatives Erg\u00e4nzungsfuttermittel f\u00fcr ausgewachsene Hunde und Katzen auf der Basis von Hanfmehl<\/li>\n<li>mit seiner au\u00dfergew\u00f6hnlichen Schmackhaftigkeit kann Katzen und kleinen Hunden leicht verabreicht werden. Es unterst\u00fctzt die Verdauung, f\u00f6rdert den Appetit und hilft dank der enthaltenen Malzpaste, die Bildung von Haarballen zu verhindern.<\/li>\n<li>tr\u00e4gt zur normalen Nozizeption (Schmerzwahrnehmung) und zum normalen Funktionieren des Endocannabinoid-Systems, d.h. des biologischen Kommunikationssystems zwischen Zellen, auf zentraler und peripherer Ebene bei<\/li>\n<li>100 g Packung.<\/li>\n<\/ul>\n","protected":false},"excerpt":{"rendered":"<p><strong>Camon Canahelp in Paste <\/strong>mit seiner au\u00dfergew\u00f6hnlichen Schmackhaftigkeit kann leicht an Katzen und kleine Hunde verf\u00fcttert werden. Es unterst\u00fctzt die Verdauung, verbessert den Appetit und hilft, Haarballen durch die damit verbundene Malzpaste zu verhindern.<\/p>\n","protected":false},"featured_media":17541,"comment_status":"open","ping_status":"closed","template":"","meta":{"_et_pb_use_builder":"","_et_pb_old_content":"","_et_gb_content_width":""},"pwb-brand":[1127],"product_brand":[],"product_cat":[2491,2492,2288,2267],"product_tag":[2533,2532,2534],"woo-feed-brand":[1888],"class_list":{"0":"post-17948","1":"product","2":"type-product","3":"status-publish","4":"has-post-thumbnail","6":"pwb-brand-camon","7":"product_cat-gesundheit-und-wohlbefinden","8":"product_cat-gesundheit-und-wohlbefinden-von-hunden","9":"product_cat-katzen","10":"product_cat-hunde","11":"product_tag-camon-canahelp-paste-de","12":"product_tag-camon-canahrlp-de","13":"product_tag-schmerztabletten-katze","14":"product_shipping_class-0-3-kg-de","15":"woo-feed-brand-camon","17":"first","18":"instock","19":"sale","20":"taxable","21":"shipping-taxable","22":"purchasable","23":"product-type-simple"},"yoast_head":"<!-- This site is optimized with the Yoast SEO plugin v26.7 - https:\/\/yoast.com\/wordpress\/plugins\/seo\/ -->\n<title>Camon Canahelp Paste 100 gr. - Ulisse Quality Shop<\/title>\n<meta name=\"description\" content=\"Camon Canahelp in Pasta ist ein innovatives Erg\u00e4nzungsfutter f\u00fcr ausgewachsene Hunde und Katzen, das auf der Wirkung von Hanfmehl basiert. Erfahren Sie mehr.\" \/>\n<meta name=\"robots\" content=\"index, follow, max-snippet:-1, max-image-preview:large, max-video-preview:-1\" \/>\n<link rel=\"canonical\" href=\"https:\/\/www.ulissequalityshop.com\/de\/prodotto\/camon-canahelp-paste-100-gr\/\" \/>\n<meta property=\"og:locale\" content=\"de_DE\" \/>\n<meta property=\"og:type\" content=\"article\" \/>\n<meta property=\"og:title\" content=\"Camon Canahelp Paste 100 gr. - Ulisse Quality Shop\" \/>\n<meta property=\"og:description\" content=\"Camon Canahelp in Pasta ist ein innovatives Erg\u00e4nzungsfutter f\u00fcr ausgewachsene Hunde und Katzen, das auf der Wirkung von Hanfmehl basiert. Erfahren Sie mehr.\" \/>\n<meta property=\"og:url\" content=\"https:\/\/www.ulissequalityshop.com\/de\/prodotto\/camon-canahelp-paste-100-gr\/\" \/>\n<meta property=\"og:site_name\" content=\"Ulisse Quality Shop\" \/>\n<meta property=\"article:publisher\" content=\"https:\/\/www.facebook.com\/ulissequalityshop\/\" \/>\n<meta property=\"article:modified_time\" content=\"2024-09-29T16:08:33+00:00\" \/>\n<meta property=\"og:image\" content=\"https:\/\/www.ulissequalityshop.com\/wp-content\/uploads\/2024\/02\/camon-canahelp-pasta.jpg\" \/>\n\t<meta property=\"og:image:width\" content=\"1200\" \/>\n\t<meta property=\"og:image:height\" content=\"1806\" \/>\n\t<meta property=\"og:image:type\" content=\"image\/jpeg\" \/>\n<meta name=\"twitter:card\" content=\"summary_large_image\" \/>\n<meta name=\"twitter:site\" content=\"@UlisseQualoitySh\" \/>\n<meta name=\"twitter:label1\" content=\"Gesch\u00e4tzte Lesezeit\" \/>\n\t<meta name=\"twitter:data1\" content=\"1\u00a0Minute\" \/>\n<script type=\"application\/ld+json\" class=\"yoast-schema-graph\">{\"@context\":\"https:\/\/schema.org\",\"@graph\":[{\"@type\":\"WebPage\",\"@id\":\"https:\/\/www.ulissequalityshop.com\/de\/prodotto\/camon-canahelp-paste-100-gr\/\",\"url\":\"https:\/\/www.ulissequalityshop.com\/de\/prodotto\/camon-canahelp-paste-100-gr\/\",\"name\":\"Camon Canahelp Paste 100 gr. - Ulisse Quality Shop\",\"isPartOf\":{\"@id\":\"https:\/\/www.ulissequalityshop.com\/de\/#website\"},\"primaryImageOfPage\":{\"@id\":\"https:\/\/www.ulissequalityshop.com\/de\/prodotto\/camon-canahelp-paste-100-gr\/#primaryimage\"},\"image\":{\"@id\":\"https:\/\/www.ulissequalityshop.com\/de\/prodotto\/camon-canahelp-paste-100-gr\/#primaryimage\"},\"thumbnailUrl\":\"https:\/\/i0.wp.com\/www.ulissequalityshop.com\/wp-content\/uploads\/2024\/02\/camon-canahelp-pasta.jpg?fit=1200%2C1806&ssl=1\",\"datePublished\":\"2024-02-22T15:09:39+00:00\",\"dateModified\":\"2024-09-29T16:08:33+00:00\",\"description\":\"Camon Canahelp in Pasta ist ein innovatives Erg\u00e4nzungsfutter f\u00fcr ausgewachsene Hunde und Katzen, das auf der Wirkung von Hanfmehl basiert. Erfahren Sie mehr.\",\"breadcrumb\":{\"@id\":\"https:\/\/www.ulissequalityshop.com\/de\/prodotto\/camon-canahelp-paste-100-gr\/#breadcrumb\"},\"inLanguage\":\"de\",\"potentialAction\":[{\"@type\":\"ReadAction\",\"target\":[\"https:\/\/www.ulissequalityshop.com\/de\/prodotto\/camon-canahelp-paste-100-gr\/\"]}]},{\"@type\":\"ImageObject\",\"inLanguage\":\"de\",\"@id\":\"https:\/\/www.ulissequalityshop.com\/de\/prodotto\/camon-canahelp-paste-100-gr\/#primaryimage\",\"url\":\"https:\/\/i0.wp.com\/www.ulissequalityshop.com\/wp-content\/uploads\/2024\/02\/camon-canahelp-pasta.jpg?fit=1200%2C1806&ssl=1\",\"contentUrl\":\"https:\/\/i0.wp.com\/www.ulissequalityshop.com\/wp-content\/uploads\/2024\/02\/camon-canahelp-pasta.jpg?fit=1200%2C1806&ssl=1\",\"width\":1200,\"height\":1806,\"caption\":\"Camon Canahelp in Pasta 100 gr.\"},{\"@type\":\"BreadcrumbList\",\"@id\":\"https:\/\/www.ulissequalityshop.com\/de\/prodotto\/camon-canahelp-paste-100-gr\/#breadcrumb\",\"itemListElement\":[{\"@type\":\"ListItem\",\"position\":1,\"name\":\"Start\",\"item\":\"https:\/\/www.ulissequalityshop.com\/de\/\"},{\"@type\":\"ListItem\",\"position\":2,\"name\":\"Ulisse Quality Shop\",\"item\":\"https:\/\/www.ulissequalityshop.com\/\"},{\"@type\":\"ListItem\",\"position\":3,\"name\":\"Camon Canahelp Paste 100 gr.\"}]},{\"@type\":\"WebSite\",\"@id\":\"https:\/\/www.ulissequalityshop.com\/de\/#website\",\"url\":\"https:\/\/www.ulissequalityshop.com\/de\/\",\"name\":\"Ulisse Quality Shop\",\"description\":\"Tutto per i tuoi pets\",\"potentialAction\":[{\"@type\":\"SearchAction\",\"target\":{\"@type\":\"EntryPoint\",\"urlTemplate\":\"https:\/\/www.ulissequalityshop.com\/de\/?s={search_term_string}\"},\"query-input\":{\"@type\":\"PropertyValueSpecification\",\"valueRequired\":true,\"valueName\":\"search_term_string\"}}],\"inLanguage\":\"de\"}]}<\/script>\n<!-- \/ Yoast SEO plugin. -->","yoast_head_json":{"title":"Camon Canahelp Paste 100 gr. - Ulisse Quality Shop","description":"Camon Canahelp in Pasta ist ein innovatives Erg\u00e4nzungsfutter f\u00fcr ausgewachsene Hunde und Katzen, das auf der Wirkung von Hanfmehl basiert. Erfahren Sie mehr.","robots":{"index":"index","follow":"follow","max-snippet":"max-snippet:-1","max-image-preview":"max-image-preview:large","max-video-preview":"max-video-preview:-1"},"canonical":"https:\/\/www.ulissequalityshop.com\/de\/prodotto\/camon-canahelp-paste-100-gr\/","og_locale":"de_DE","og_type":"article","og_title":"Camon Canahelp Paste 100 gr. - Ulisse Quality Shop","og_description":"Camon Canahelp in Pasta ist ein innovatives Erg\u00e4nzungsfutter f\u00fcr ausgewachsene Hunde und Katzen, das auf der Wirkung von Hanfmehl basiert. Erfahren Sie mehr.","og_url":"https:\/\/www.ulissequalityshop.com\/de\/prodotto\/camon-canahelp-paste-100-gr\/","og_site_name":"Ulisse Quality Shop","article_publisher":"https:\/\/www.facebook.com\/ulissequalityshop\/","article_modified_time":"2024-09-29T16:08:33+00:00","og_image":[{"width":1200,"height":1806,"url":"https:\/\/www.ulissequalityshop.com\/wp-content\/uploads\/2024\/02\/camon-canahelp-pasta.jpg","type":"image\/jpeg"}],"twitter_card":"summary_large_image","twitter_site":"@UlisseQualoitySh","twitter_misc":{"Gesch\u00e4tzte Lesezeit":"1\u00a0Minute"},"schema":{"@context":"https:\/\/schema.org","@graph":[{"@type":"WebPage","@id":"https:\/\/www.ulissequalityshop.com\/de\/prodotto\/camon-canahelp-paste-100-gr\/","url":"https:\/\/www.ulissequalityshop.com\/de\/prodotto\/camon-canahelp-paste-100-gr\/","name":"Camon Canahelp Paste 100 gr. - Ulisse Quality Shop","isPartOf":{"@id":"https:\/\/www.ulissequalityshop.com\/de\/#website"},"primaryImageOfPage":{"@id":"https:\/\/www.ulissequalityshop.com\/de\/prodotto\/camon-canahelp-paste-100-gr\/#primaryimage"},"image":{"@id":"https:\/\/www.ulissequalityshop.com\/de\/prodotto\/camon-canahelp-paste-100-gr\/#primaryimage"},"thumbnailUrl":"https:\/\/i0.wp.com\/www.ulissequalityshop.com\/wp-content\/uploads\/2024\/02\/camon-canahelp-pasta.jpg?fit=1200%2C1806&ssl=1","datePublished":"2024-02-22T15:09:39+00:00","dateModified":"2024-09-29T16:08:33+00:00","description":"Camon Canahelp in Pasta ist ein innovatives Erg\u00e4nzungsfutter f\u00fcr ausgewachsene Hunde und Katzen, das auf der Wirkung von Hanfmehl basiert. Erfahren Sie mehr.","breadcrumb":{"@id":"https:\/\/www.ulissequalityshop.com\/de\/prodotto\/camon-canahelp-paste-100-gr\/#breadcrumb"},"inLanguage":"de","potentialAction":[{"@type":"ReadAction","target":["https:\/\/www.ulissequalityshop.com\/de\/prodotto\/camon-canahelp-paste-100-gr\/"]}]},{"@type":"ImageObject","inLanguage":"de","@id":"https:\/\/www.ulissequalityshop.com\/de\/prodotto\/camon-canahelp-paste-100-gr\/#primaryimage","url":"https:\/\/i0.wp.com\/www.ulissequalityshop.com\/wp-content\/uploads\/2024\/02\/camon-canahelp-pasta.jpg?fit=1200%2C1806&ssl=1","contentUrl":"https:\/\/i0.wp.com\/www.ulissequalityshop.com\/wp-content\/uploads\/2024\/02\/camon-canahelp-pasta.jpg?fit=1200%2C1806&ssl=1","width":1200,"height":1806,"caption":"Camon Canahelp in Pasta 100 gr."},{"@type":"BreadcrumbList","@id":"https:\/\/www.ulissequalityshop.com\/de\/prodotto\/camon-canahelp-paste-100-gr\/#breadcrumb","itemListElement":[{"@type":"ListItem","position":1,"name":"Start","item":"https:\/\/www.ulissequalityshop.com\/de\/"},{"@type":"ListItem","position":2,"name":"Ulisse Quality Shop","item":"https:\/\/www.ulissequalityshop.com\/"},{"@type":"ListItem","position":3,"name":"Camon Canahelp Paste 100 gr."}]},{"@type":"WebSite","@id":"https:\/\/www.ulissequalityshop.com\/de\/#website","url":"https:\/\/www.ulissequalityshop.com\/de\/","name":"Ulisse Quality Shop","description":"Tutto per i tuoi pets","potentialAction":[{"@type":"SearchAction","target":{"@type":"EntryPoint","urlTemplate":"https:\/\/www.ulissequalityshop.com\/de\/?s={search_term_string}"},"query-input":{"@type":"PropertyValueSpecification","valueRequired":true,"valueName":"search_term_string"}}],"inLanguage":"de"}]}},"jetpack_sharing_enabled":true,"brands":[{"id":1127,"name":"Camon","slug":"camon"}],"_links":{"self":[{"href":"https:\/\/www.ulissequalityshop.com\/de\/wp-json\/wp\/v2\/product\/17948","targetHints":{"allow":["GET"]}}],"collection":[{"href":"https:\/\/www.ulissequalityshop.com\/de\/wp-json\/wp\/v2\/product"}],"about":[{"href":"https:\/\/www.ulissequalityshop.com\/de\/wp-json\/wp\/v2\/types\/product"}],"replies":[{"embeddable":true,"href":"https:\/\/www.ulissequalityshop.com\/de\/wp-json\/wp\/v2\/comments?post=17948"}],"wp:featuredmedia":[{"embeddable":true,"href":"https:\/\/www.ulissequalityshop.com\/de\/wp-json\/wp\/v2\/media\/17541"}],"wp:attachment":[{"href":"https:\/\/www.ulissequalityshop.com\/de\/wp-json\/wp\/v2\/media?parent=17948"}],"wp:term":[{"taxonomy":"pwb-brand","embeddable":true,"href":"https:\/\/www.ulissequalityshop.com\/de\/wp-json\/wp\/v2\/pwb-brand?post=17948"},{"taxonomy":"product_brand","embeddable":true,"href":"https:\/\/www.ulissequalityshop.com\/de\/wp-json\/wp\/v2\/product_brand?post=17948"},{"taxonomy":"product_cat","embeddable":true,"href":"https:\/\/www.ulissequalityshop.com\/de\/wp-json\/wp\/v2\/product_cat?post=17948"},{"taxonomy":"product_tag","embeddable":true,"href":"https:\/\/www.ulissequalityshop.com\/de\/wp-json\/wp\/v2\/product_tag?post=17948"},{"taxonomy":"woo-feed-brand","embeddable":true,"href":"https:\/\/www.ulissequalityshop.com\/de\/wp-json\/wp\/v2\/woo-feed-brand?post=17948"}],"curies":[{"name":"wp","href":"https:\/\/api.w.org\/{rel}","templated":true}]}}