{"id":17950,"date":"2016-07-07T22:53:36","date_gmt":"2016-07-07T20:53:36","guid":{"rendered":"https:\/\/www.ulissequalityshop.com\/prodotto\/camon-schutzlotion-neemoel-fuer-hunde-und-katzen\/"},"modified":"2016-07-07T22:53:36","modified_gmt":"2016-07-07T20:53:36","slug":"camon-schutzlotion-neemoel-fuer-hunde-und-katzen","status":"publish","type":"product","link":"https:\/\/www.ulissequalityshop.com\/de\/prodotto\/camon-schutzlotion-neemoel-fuer-hunde-und-katzen\/","title":{"rendered":"Camon Schutzlotion Neem\u00f6l f\u00fcr Hunde und Katzen"},"content":{"rendered":"<p>Die <strong>sch\u00fctzende Neem-\u00d6l-Lotion<\/strong> f\u00fcr Hunde und Katzen, die Parasiten und Insekten unwillkommen ist, schafft eine Barrierewirkung.<br \/>\nSie beruhigt und reinigt die durch Insektenstiche gereizte Haut dank ihrer speziellen Formel auf der Basis von Neem\u00f6l, Wintergr\u00fcn\u00f6l und Glyzerin.<br \/>\nDie<strong> Neem Oil Protective Lotion<\/strong> ist sowohl f\u00fcr Hunde als auch f\u00fcr Katzen geeignet.<br \/>\nF\u00fcr ein noch effektiveres Ergebnis ist es ratsam, das Tier vor dem Auftragen der Lotion mit <strong>Neem Oil Shampoo<\/strong> zu waschen.     <\/p>\n<h2><strong>Neem\u00f6l-Schutzlotion, Eigenschaften<\/strong><strong>:<\/strong><\/h2>\n<ul>\n<li>Geeignet f\u00fcr Hunde und Katzen;<\/li>\n<li>unwillkommen f\u00fcr Sch\u00e4dlinge und Insekten;<\/li>\n<li>beruhigt und reinigt gereizte Haut;<\/li>\n<li>bevor Sie die Lotion auftragen, ist es ratsam, das Tier mit <strong>Neem Oil Shampoo<\/strong> zu waschen<\/li>\n<\/ul>\n<h3><strong>M<\/strong><strong>odalities of use: <\/strong> <\/h3>\n<ul>\n<li>Vor Gebrauch sch\u00fctteln.<\/li>\n<li>Spr\u00fchen Sie das Produkt gleichm\u00e4\u00dfig auf das Fell des Tieres und vermeiden Sie dabei den Kontakt mit den Augen und Schleimh\u00e4uten.<\/li>\n<li>Um ein noch effektiveres Ergebnis zu erzielen, waschen Sie das Tier vor dem Auftragen der Lotion mit Neem\u00f6l-Shampoo.<br \/>\nDa es sich um ein nat\u00fcrliches Produkt handelt, das keine sch\u00e4dlichen Auswirkungen auf den Menschen, das Tier oder die Umwelt hat, kann die Wirkung sofort oder sogar erst nach 3 oder 4 Tagen eintreten. <\/li>\n<li>Bespr\u00fchen Sie das Tier gleichm\u00e4\u00dfig aus einer Entfernung von ca. 30\/40 cm (bewegen Sie sich etwa alle 30 cm)<\/li>\n<\/ul>\n<p><strong>Schockbehandlung:<\/strong> Spr\u00fchen Sie alle 2 Tage mindestens 2 Anwendungen und stellen Sie sicher, dass das Produkt die Haut des Tieres erreicht. <strong>Vorbeugende Behandlung:<\/strong> Spr\u00fchen Sie alle 10 oder 15 Tage, je nach Wetterbedingungen und Befallsrisiko.<br \/>\nFormat: 300 ml <\/p>\n","protected":false},"excerpt":{"rendered":"<p>Die <strong>sch\u00fctzende Neem-\u00d6l-Lotion f\u00fcr Hunde und Katzen<\/strong>, die Parasiten und Insekten abwehrt, schafft eine Barrierewirkung, beruhigt und reinigt die durch Insektenstiche gereizte Haut.<br \/>\nFormat: 300 ml <\/p>\n","protected":false},"featured_media":17616,"comment_status":"open","ping_status":"closed","template":"","meta":{"_et_pb_use_builder":"","_et_pb_old_content":"","_et_gb_content_width":""},"pwb-brand":[1127],"product_brand":[],"product_cat":[2288,2289,2293,2267],"product_tag":[2420,2381,2295,2537,2538,2291,2290,2296],"woo-feed-brand":[1888],"class_list":{"0":"post-17950","1":"product","2":"type-product","3":"status-publish","4":"has-post-thumbnail","6":"pwb-brand-camon","7":"product_cat-katzen","8":"product_cat-pestizide-fur-hunde","9":"product_cat-pestizide-fur-katzen","10":"product_cat-hunde","11":"product_tag-barriere-linie","12":"product_tag-camon-de","13":"product_tag-linie-protection","14":"product_tag-naturliche-fusabdrucke","15":"product_tag-neemol","16":"product_tag-pestizid","17":"product_tag-pestizide","18":"product_tag-ptotection-linie","19":"product_shipping_class-0-3-kg-de","20":"woo-feed-brand-camon","22":"first","23":"instock","24":"sale","25":"taxable","26":"shipping-taxable","27":"purchasable","28":"product-type-simple"},"yoast_head":"<!-- This site is optimized with the Yoast SEO plugin v26.7 - https:\/\/yoast.com\/wordpress\/plugins\/seo\/ -->\n<title>Camon Schutzlotion Neem\u00f6l f\u00fcr Hunde und Katzen - Ulisse Quality Shop<\/title>\n<meta name=\"description\" content=\"Die sch\u00fctzende Neem\u00f6l-Lotion f\u00fcr Hunde und Katzen von Camon, die Parasiten und Insekten abwehrt, schafft eine wohltuende Barrierewirkung f\u00fcr die Haut. Erfahren Sie mehr!\" \/>\n<meta name=\"robots\" content=\"index, follow, max-snippet:-1, max-image-preview:large, max-video-preview:-1\" \/>\n<link rel=\"canonical\" href=\"https:\/\/www.ulissequalityshop.com\/de\/prodotto\/camon-schutzlotion-neemoel-fuer-hunde-und-katzen\/\" \/>\n<meta property=\"og:locale\" content=\"de_DE\" \/>\n<meta property=\"og:type\" content=\"article\" \/>\n<meta property=\"og:title\" content=\"Camon Schutzlotion Neem\u00f6l f\u00fcr Hunde und Katzen - Ulisse Quality Shop\" \/>\n<meta property=\"og:description\" content=\"Die sch\u00fctzende Neem\u00f6l-Lotion f\u00fcr Hunde und Katzen von Camon, die Parasiten und Insekten abwehrt, schafft eine wohltuende Barrierewirkung f\u00fcr die Haut. Erfahren Sie mehr!\" \/>\n<meta property=\"og:url\" content=\"https:\/\/www.ulissequalityshop.com\/de\/prodotto\/camon-schutzlotion-neemoel-fuer-hunde-und-katzen\/\" \/>\n<meta property=\"og:site_name\" content=\"Ulisse Quality Shop\" \/>\n<meta property=\"article:publisher\" content=\"https:\/\/www.facebook.com\/ulissequalityshop\/\" \/>\n<meta property=\"og:image\" content=\"https:\/\/www.ulissequalityshop.com\/wp-content\/uploads\/2016\/07\/camon-lozione-olio-di-neem-NUOVO.jpg\" \/>\n\t<meta property=\"og:image:width\" content=\"1200\" \/>\n\t<meta property=\"og:image:height\" content=\"2133\" \/>\n\t<meta property=\"og:image:type\" content=\"image\/jpeg\" \/>\n<meta name=\"twitter:card\" content=\"summary_large_image\" \/>\n<meta name=\"twitter:site\" content=\"@UlisseQualoitySh\" \/>\n<meta name=\"twitter:label1\" content=\"Gesch\u00e4tzte Lesezeit\" \/>\n\t<meta name=\"twitter:data1\" content=\"1\u00a0Minute\" \/>\n<script type=\"application\/ld+json\" class=\"yoast-schema-graph\">{\"@context\":\"https:\/\/schema.org\",\"@graph\":[{\"@type\":\"WebPage\",\"@id\":\"https:\/\/www.ulissequalityshop.com\/de\/prodotto\/camon-schutzlotion-neemoel-fuer-hunde-und-katzen\/\",\"url\":\"https:\/\/www.ulissequalityshop.com\/de\/prodotto\/camon-schutzlotion-neemoel-fuer-hunde-und-katzen\/\",\"name\":\"Camon Schutzlotion Neem\u00f6l f\u00fcr Hunde und Katzen - Ulisse Quality Shop\",\"isPartOf\":{\"@id\":\"https:\/\/www.ulissequalityshop.com\/de\/#website\"},\"primaryImageOfPage\":{\"@id\":\"https:\/\/www.ulissequalityshop.com\/de\/prodotto\/camon-schutzlotion-neemoel-fuer-hunde-und-katzen\/#primaryimage\"},\"image\":{\"@id\":\"https:\/\/www.ulissequalityshop.com\/de\/prodotto\/camon-schutzlotion-neemoel-fuer-hunde-und-katzen\/#primaryimage\"},\"thumbnailUrl\":\"https:\/\/i0.wp.com\/www.ulissequalityshop.com\/wp-content\/uploads\/2016\/07\/camon-lozione-olio-di-neem-NUOVO.jpg?fit=1200%2C2133&ssl=1\",\"datePublished\":\"2016-07-07T20:53:36+00:00\",\"description\":\"Die sch\u00fctzende Neem\u00f6l-Lotion f\u00fcr Hunde und Katzen von Camon, die Parasiten und Insekten abwehrt, schafft eine wohltuende Barrierewirkung f\u00fcr die Haut. Erfahren Sie mehr!\",\"breadcrumb\":{\"@id\":\"https:\/\/www.ulissequalityshop.com\/de\/prodotto\/camon-schutzlotion-neemoel-fuer-hunde-und-katzen\/#breadcrumb\"},\"inLanguage\":\"de\",\"potentialAction\":[{\"@type\":\"ReadAction\",\"target\":[\"https:\/\/www.ulissequalityshop.com\/de\/prodotto\/camon-schutzlotion-neemoel-fuer-hunde-und-katzen\/\"]}]},{\"@type\":\"ImageObject\",\"inLanguage\":\"de\",\"@id\":\"https:\/\/www.ulissequalityshop.com\/de\/prodotto\/camon-schutzlotion-neemoel-fuer-hunde-und-katzen\/#primaryimage\",\"url\":\"https:\/\/i0.wp.com\/www.ulissequalityshop.com\/wp-content\/uploads\/2016\/07\/camon-lozione-olio-di-neem-NUOVO.jpg?fit=1200%2C2133&ssl=1\",\"contentUrl\":\"https:\/\/i0.wp.com\/www.ulissequalityshop.com\/wp-content\/uploads\/2016\/07\/camon-lozione-olio-di-neem-NUOVO.jpg?fit=1200%2C2133&ssl=1\",\"width\":1200,\"height\":2133,\"caption\":\"Lozione Protettiva Olio di Neem\"},{\"@type\":\"BreadcrumbList\",\"@id\":\"https:\/\/www.ulissequalityshop.com\/de\/prodotto\/camon-schutzlotion-neemoel-fuer-hunde-und-katzen\/#breadcrumb\",\"itemListElement\":[{\"@type\":\"ListItem\",\"position\":1,\"name\":\"Start\",\"item\":\"https:\/\/www.ulissequalityshop.com\/de\/\"},{\"@type\":\"ListItem\",\"position\":2,\"name\":\"Ulisse Quality Shop\",\"item\":\"https:\/\/www.ulissequalityshop.com\/\"},{\"@type\":\"ListItem\",\"position\":3,\"name\":\"Camon Schutzlotion Neem\u00f6l f\u00fcr Hunde und Katzen\"}]},{\"@type\":\"WebSite\",\"@id\":\"https:\/\/www.ulissequalityshop.com\/de\/#website\",\"url\":\"https:\/\/www.ulissequalityshop.com\/de\/\",\"name\":\"Ulisse Quality Shop\",\"description\":\"Tutto per i tuoi pets\",\"potentialAction\":[{\"@type\":\"SearchAction\",\"target\":{\"@type\":\"EntryPoint\",\"urlTemplate\":\"https:\/\/www.ulissequalityshop.com\/de\/?s={search_term_string}\"},\"query-input\":{\"@type\":\"PropertyValueSpecification\",\"valueRequired\":true,\"valueName\":\"search_term_string\"}}],\"inLanguage\":\"de\"}]}<\/script>\n<!-- \/ Yoast SEO plugin. -->","yoast_head_json":{"title":"Camon Schutzlotion Neem\u00f6l f\u00fcr Hunde und Katzen - Ulisse Quality Shop","description":"Die sch\u00fctzende Neem\u00f6l-Lotion f\u00fcr Hunde und Katzen von Camon, die Parasiten und Insekten abwehrt, schafft eine wohltuende Barrierewirkung f\u00fcr die Haut. Erfahren Sie mehr!","robots":{"index":"index","follow":"follow","max-snippet":"max-snippet:-1","max-image-preview":"max-image-preview:large","max-video-preview":"max-video-preview:-1"},"canonical":"https:\/\/www.ulissequalityshop.com\/de\/prodotto\/camon-schutzlotion-neemoel-fuer-hunde-und-katzen\/","og_locale":"de_DE","og_type":"article","og_title":"Camon Schutzlotion Neem\u00f6l f\u00fcr Hunde und Katzen - Ulisse Quality Shop","og_description":"Die sch\u00fctzende Neem\u00f6l-Lotion f\u00fcr Hunde und Katzen von Camon, die Parasiten und Insekten abwehrt, schafft eine wohltuende Barrierewirkung f\u00fcr die Haut. Erfahren Sie mehr!","og_url":"https:\/\/www.ulissequalityshop.com\/de\/prodotto\/camon-schutzlotion-neemoel-fuer-hunde-und-katzen\/","og_site_name":"Ulisse Quality Shop","article_publisher":"https:\/\/www.facebook.com\/ulissequalityshop\/","og_image":[{"width":1200,"height":2133,"url":"https:\/\/www.ulissequalityshop.com\/wp-content\/uploads\/2016\/07\/camon-lozione-olio-di-neem-NUOVO.jpg","type":"image\/jpeg"}],"twitter_card":"summary_large_image","twitter_site":"@UlisseQualoitySh","twitter_misc":{"Gesch\u00e4tzte Lesezeit":"1\u00a0Minute"},"schema":{"@context":"https:\/\/schema.org","@graph":[{"@type":"WebPage","@id":"https:\/\/www.ulissequalityshop.com\/de\/prodotto\/camon-schutzlotion-neemoel-fuer-hunde-und-katzen\/","url":"https:\/\/www.ulissequalityshop.com\/de\/prodotto\/camon-schutzlotion-neemoel-fuer-hunde-und-katzen\/","name":"Camon Schutzlotion Neem\u00f6l f\u00fcr Hunde und Katzen - Ulisse Quality Shop","isPartOf":{"@id":"https:\/\/www.ulissequalityshop.com\/de\/#website"},"primaryImageOfPage":{"@id":"https:\/\/www.ulissequalityshop.com\/de\/prodotto\/camon-schutzlotion-neemoel-fuer-hunde-und-katzen\/#primaryimage"},"image":{"@id":"https:\/\/www.ulissequalityshop.com\/de\/prodotto\/camon-schutzlotion-neemoel-fuer-hunde-und-katzen\/#primaryimage"},"thumbnailUrl":"https:\/\/i0.wp.com\/www.ulissequalityshop.com\/wp-content\/uploads\/2016\/07\/camon-lozione-olio-di-neem-NUOVO.jpg?fit=1200%2C2133&ssl=1","datePublished":"2016-07-07T20:53:36+00:00","description":"Die sch\u00fctzende Neem\u00f6l-Lotion f\u00fcr Hunde und Katzen von Camon, die Parasiten und Insekten abwehrt, schafft eine wohltuende Barrierewirkung f\u00fcr die Haut. Erfahren Sie mehr!","breadcrumb":{"@id":"https:\/\/www.ulissequalityshop.com\/de\/prodotto\/camon-schutzlotion-neemoel-fuer-hunde-und-katzen\/#breadcrumb"},"inLanguage":"de","potentialAction":[{"@type":"ReadAction","target":["https:\/\/www.ulissequalityshop.com\/de\/prodotto\/camon-schutzlotion-neemoel-fuer-hunde-und-katzen\/"]}]},{"@type":"ImageObject","inLanguage":"de","@id":"https:\/\/www.ulissequalityshop.com\/de\/prodotto\/camon-schutzlotion-neemoel-fuer-hunde-und-katzen\/#primaryimage","url":"https:\/\/i0.wp.com\/www.ulissequalityshop.com\/wp-content\/uploads\/2016\/07\/camon-lozione-olio-di-neem-NUOVO.jpg?fit=1200%2C2133&ssl=1","contentUrl":"https:\/\/i0.wp.com\/www.ulissequalityshop.com\/wp-content\/uploads\/2016\/07\/camon-lozione-olio-di-neem-NUOVO.jpg?fit=1200%2C2133&ssl=1","width":1200,"height":2133,"caption":"Lozione Protettiva Olio di Neem"},{"@type":"BreadcrumbList","@id":"https:\/\/www.ulissequalityshop.com\/de\/prodotto\/camon-schutzlotion-neemoel-fuer-hunde-und-katzen\/#breadcrumb","itemListElement":[{"@type":"ListItem","position":1,"name":"Start","item":"https:\/\/www.ulissequalityshop.com\/de\/"},{"@type":"ListItem","position":2,"name":"Ulisse Quality Shop","item":"https:\/\/www.ulissequalityshop.com\/"},{"@type":"ListItem","position":3,"name":"Camon Schutzlotion Neem\u00f6l f\u00fcr Hunde und Katzen"}]},{"@type":"WebSite","@id":"https:\/\/www.ulissequalityshop.com\/de\/#website","url":"https:\/\/www.ulissequalityshop.com\/de\/","name":"Ulisse Quality Shop","description":"Tutto per i tuoi pets","potentialAction":[{"@type":"SearchAction","target":{"@type":"EntryPoint","urlTemplate":"https:\/\/www.ulissequalityshop.com\/de\/?s={search_term_string}"},"query-input":{"@type":"PropertyValueSpecification","valueRequired":true,"valueName":"search_term_string"}}],"inLanguage":"de"}]}},"jetpack_sharing_enabled":true,"brands":[{"id":1127,"name":"Camon","slug":"camon"}],"_links":{"self":[{"href":"https:\/\/www.ulissequalityshop.com\/de\/wp-json\/wp\/v2\/product\/17950","targetHints":{"allow":["GET"]}}],"collection":[{"href":"https:\/\/www.ulissequalityshop.com\/de\/wp-json\/wp\/v2\/product"}],"about":[{"href":"https:\/\/www.ulissequalityshop.com\/de\/wp-json\/wp\/v2\/types\/product"}],"replies":[{"embeddable":true,"href":"https:\/\/www.ulissequalityshop.com\/de\/wp-json\/wp\/v2\/comments?post=17950"}],"wp:featuredmedia":[{"embeddable":true,"href":"https:\/\/www.ulissequalityshop.com\/de\/wp-json\/wp\/v2\/media\/17616"}],"wp:attachment":[{"href":"https:\/\/www.ulissequalityshop.com\/de\/wp-json\/wp\/v2\/media?parent=17950"}],"wp:term":[{"taxonomy":"pwb-brand","embeddable":true,"href":"https:\/\/www.ulissequalityshop.com\/de\/wp-json\/wp\/v2\/pwb-brand?post=17950"},{"taxonomy":"product_brand","embeddable":true,"href":"https:\/\/www.ulissequalityshop.com\/de\/wp-json\/wp\/v2\/product_brand?post=17950"},{"taxonomy":"product_cat","embeddable":true,"href":"https:\/\/www.ulissequalityshop.com\/de\/wp-json\/wp\/v2\/product_cat?post=17950"},{"taxonomy":"product_tag","embeddable":true,"href":"https:\/\/www.ulissequalityshop.com\/de\/wp-json\/wp\/v2\/product_tag?post=17950"},{"taxonomy":"woo-feed-brand","embeddable":true,"href":"https:\/\/www.ulissequalityshop.com\/de\/wp-json\/wp\/v2\/woo-feed-brand?post=17950"}],"curies":[{"name":"wp","href":"https:\/\/api.w.org\/{rel}","templated":true}]}}