{"id":17953,"date":"2016-07-07T22:36:25","date_gmt":"2016-07-07T20:36:25","guid":{"rendered":"https:\/\/www.ulissequalityshop.com\/prodotto\/camon-antiparasitische-hygienetuecher-neem-oel\/"},"modified":"2016-07-07T22:36:25","modified_gmt":"2016-07-07T20:36:25","slug":"camon-antiparasitische-hygienetuecher-neem-oel","status":"publish","type":"product","link":"https:\/\/www.ulissequalityshop.com\/de\/prodotto\/camon-antiparasitische-hygienetuecher-neem-oel\/","title":{"rendered":"Camon Antiparasitische Hygienet\u00fccher Neem \u00d6l"},"content":{"rendered":"<p>Die <strong>Camon Antiparasit\u00e4ren Hygienet\u00fccher mit Neem\u00f6l<\/strong> sind praktische Reinigungst\u00fccher f\u00fcr Ihr Haustier.<br \/>\nSie sollten immer zur Hand sein: zu Hause und unterwegs, um das Fell und die Pfoten zu reinigen, schlechte Ger\u00fcche zu entfernen, die Schnauze und die Ohren zu s\u00e4ubern. Sie werden zu einem Accessoire, auf das Sie nicht verzichten k\u00f6nnen.   <\/p>\n<div>\n<div>Dar\u00fcber hinaus ist ihre Formulierung mit <a href=\"http:\/\/www.ulissequalityshop.com\/2016\/07\/12\/olio-di-neem-antiparassitario-naturale\/\" target=\"_blank\" rel=\"noopener noreferrer\"><strong>Neem-\u00d6l<\/strong><\/a>das f\u00fcr Sch\u00e4dlinge und Insekten unerw\u00fcnscht ist, erfrischt, pflegt und sch\u00fctzt das Fell vor unerw\u00fcnschten G\u00e4sten.<br \/>\nDiese reinigenden und hygienischen T\u00fccher haben auch eine antiparasit\u00e4re Wirkung f\u00fcr Ihr Haustier. <\/div>\n<div>\n<h2><strong>Camon Hygienische Antiparasitent\u00fccher, Eigenschaften<\/strong>:<\/h2>\n<ul>\n<li>um Fell und Pfoten zu reinigen, Geruch zu entfernen, Schnauze und Ohren zu s\u00e4ubern;<\/li>\n<li>enthalten <a href=\"http:\/\/www.ulissequalityshop.com\/2016\/07\/12\/olio-di-neem-antiparassitario-naturale\/\" target=\"_blank\" rel=\"noopener noreferrer\"><strong>Neem\u00f6l<\/strong><\/a>das f\u00fcr Sch\u00e4dlinge und Insekten unerw\u00fcnscht ist;<\/li>\n<li>erfrischt, n\u00e4hrt und sch\u00fctzt das Haar;<\/li>\n<li>haben auch eine antiparasit\u00e4re Wirkung.<\/li>\n<\/ul>\n<\/div>\n<h3><strong>Methode der Anwendung<\/strong>:<\/h3>\n<ul>\n<li>Entfernen Sie das Tuch, indem Sie die Klebelasche anheben<\/li>\n<li>F\u00fchren Sie es sanft \u00fcber das Tier<\/li>\n<li>Verschlie\u00dfen Sie die Verpackung fest.<\/li>\n<li>Packung mit 20 St\u00fcck<\/li>\n<\/ul>\n<\/div>\n","protected":false},"excerpt":{"rendered":"<p>Die <strong>Camon Antiparasit\u00e4ren Hygienet\u00fccher mit Neem\u00f6l<\/strong> sind praktische Reinigungst\u00fccher f\u00fcr Ihr Haustier, die Sie immer zur Hand haben: zu Hause und auf Reisen.  <\/p>\n<ul>\n<li>Packung mit 20 St\u00fcck<\/li>\n<\/ul>\n","protected":false},"featured_media":17954,"comment_status":"open","ping_status":"closed","template":"","meta":{"_et_pb_use_builder":"","_et_pb_old_content":"","_et_gb_content_width":""},"pwb-brand":[1127],"product_brand":[],"product_cat":[2432,2427,2288,2267],"product_tag":[2420,2381,2541,2415,2537,2538,2290],"woo-feed-brand":[1888],"class_list":{"0":"post-17953","1":"product","2":"type-product","3":"status-publish","4":"has-post-thumbnail","6":"pwb-brand-camon","7":"product_cat-hygiene-und-fellpflege","8":"product_cat-hygiene-und-korperpflege","9":"product_cat-katzen","10":"product_cat-hunde","11":"product_tag-barriere-linie","12":"product_tag-camon-de","13":"product_tag-feuchttucher-de","14":"product_tag-hunde-pestizide","15":"product_tag-naturliche-fusabdrucke","16":"product_tag-neemol","17":"product_tag-pestizide","18":"product_shipping_class-0-3-kg-de","19":"woo-feed-brand-camon","21":"first","22":"instock","23":"sale","24":"taxable","25":"shipping-taxable","26":"purchasable","27":"product-type-simple"},"yoast_head":"<!-- This site is optimized with the Yoast SEO plugin v26.7 - https:\/\/yoast.com\/wordpress\/plugins\/seo\/ -->\n<title>Camon Antiparasitische Hygienet\u00fccher Neem \u00d6l - Ulisse Quality Shop<\/title>\n<meta name=\"description\" content=\"Die Camon Antiparasit\u00e4ren Hygienet\u00fccher mit Neem\u00f6l sind praktische Reinigungst\u00fccher f\u00fcr Ihr Haustier. Erfahren Sie mehr.\" \/>\n<meta name=\"robots\" content=\"index, follow, max-snippet:-1, max-image-preview:large, max-video-preview:-1\" \/>\n<link rel=\"canonical\" href=\"https:\/\/www.ulissequalityshop.com\/de\/prodotto\/camon-antiparasitische-hygienetuecher-neem-oel\/\" \/>\n<meta property=\"og:locale\" content=\"de_DE\" \/>\n<meta property=\"og:type\" content=\"article\" \/>\n<meta property=\"og:title\" content=\"Camon Antiparasitische Hygienet\u00fccher Neem \u00d6l - Ulisse Quality Shop\" \/>\n<meta property=\"og:description\" content=\"Die Camon Antiparasit\u00e4ren Hygienet\u00fccher mit Neem\u00f6l sind praktische Reinigungst\u00fccher f\u00fcr Ihr Haustier. Erfahren Sie mehr.\" \/>\n<meta property=\"og:url\" content=\"https:\/\/www.ulissequalityshop.com\/de\/prodotto\/camon-antiparasitische-hygienetuecher-neem-oel\/\" \/>\n<meta property=\"og:site_name\" content=\"Ulisse Quality Shop\" \/>\n<meta property=\"article:publisher\" content=\"https:\/\/www.facebook.com\/ulissequalityshop\/\" \/>\n<meta property=\"og:image\" content=\"https:\/\/www.ulissequalityshop.com\/wp-content\/uploads\/2016\/07\/camon_salviette_detergenti_LRG.jpg\" \/>\n\t<meta property=\"og:image:width\" content=\"800\" \/>\n\t<meta property=\"og:image:height\" content=\"800\" \/>\n\t<meta property=\"og:image:type\" content=\"image\/jpeg\" \/>\n<meta name=\"twitter:card\" content=\"summary_large_image\" \/>\n<meta name=\"twitter:site\" content=\"@UlisseQualoitySh\" \/>\n<meta name=\"twitter:label1\" content=\"Gesch\u00e4tzte Lesezeit\" \/>\n\t<meta name=\"twitter:data1\" content=\"1\u00a0Minute\" \/>\n<script type=\"application\/ld+json\" class=\"yoast-schema-graph\">{\"@context\":\"https:\/\/schema.org\",\"@graph\":[{\"@type\":\"WebPage\",\"@id\":\"https:\/\/www.ulissequalityshop.com\/de\/prodotto\/camon-antiparasitische-hygienetuecher-neem-oel\/\",\"url\":\"https:\/\/www.ulissequalityshop.com\/de\/prodotto\/camon-antiparasitische-hygienetuecher-neem-oel\/\",\"name\":\"Camon Antiparasitische Hygienet\u00fccher Neem \u00d6l - Ulisse Quality Shop\",\"isPartOf\":{\"@id\":\"https:\/\/www.ulissequalityshop.com\/de\/#website\"},\"primaryImageOfPage\":{\"@id\":\"https:\/\/www.ulissequalityshop.com\/de\/prodotto\/camon-antiparasitische-hygienetuecher-neem-oel\/#primaryimage\"},\"image\":{\"@id\":\"https:\/\/www.ulissequalityshop.com\/de\/prodotto\/camon-antiparasitische-hygienetuecher-neem-oel\/#primaryimage\"},\"thumbnailUrl\":\"https:\/\/i0.wp.com\/www.ulissequalityshop.com\/wp-content\/uploads\/2016\/07\/camon_salviette_detergenti_LRG.jpg?fit=800%2C800&ssl=1\",\"datePublished\":\"2016-07-07T20:36:25+00:00\",\"description\":\"Die Camon Antiparasit\u00e4ren Hygienet\u00fccher mit Neem\u00f6l sind praktische Reinigungst\u00fccher f\u00fcr Ihr Haustier. Erfahren Sie mehr.\",\"breadcrumb\":{\"@id\":\"https:\/\/www.ulissequalityshop.com\/de\/prodotto\/camon-antiparasitische-hygienetuecher-neem-oel\/#breadcrumb\"},\"inLanguage\":\"de\",\"potentialAction\":[{\"@type\":\"ReadAction\",\"target\":[\"https:\/\/www.ulissequalityshop.com\/de\/prodotto\/camon-antiparasitische-hygienetuecher-neem-oel\/\"]}]},{\"@type\":\"ImageObject\",\"inLanguage\":\"de\",\"@id\":\"https:\/\/www.ulissequalityshop.com\/de\/prodotto\/camon-antiparasitische-hygienetuecher-neem-oel\/#primaryimage\",\"url\":\"https:\/\/i0.wp.com\/www.ulissequalityshop.com\/wp-content\/uploads\/2016\/07\/camon_salviette_detergenti_LRG.jpg?fit=800%2C800&ssl=1\",\"contentUrl\":\"https:\/\/i0.wp.com\/www.ulissequalityshop.com\/wp-content\/uploads\/2016\/07\/camon_salviette_detergenti_LRG.jpg?fit=800%2C800&ssl=1\",\"width\":800,\"height\":800,\"caption\":\"Camon Salviette Igieniche Antiparassitarie olio di neem\"},{\"@type\":\"BreadcrumbList\",\"@id\":\"https:\/\/www.ulissequalityshop.com\/de\/prodotto\/camon-antiparasitische-hygienetuecher-neem-oel\/#breadcrumb\",\"itemListElement\":[{\"@type\":\"ListItem\",\"position\":1,\"name\":\"Start\",\"item\":\"https:\/\/www.ulissequalityshop.com\/de\/\"},{\"@type\":\"ListItem\",\"position\":2,\"name\":\"Ulisse Quality Shop\",\"item\":\"https:\/\/www.ulissequalityshop.com\/\"},{\"@type\":\"ListItem\",\"position\":3,\"name\":\"Camon Antiparasitische Hygienet\u00fccher Neem \u00d6l\"}]},{\"@type\":\"WebSite\",\"@id\":\"https:\/\/www.ulissequalityshop.com\/de\/#website\",\"url\":\"https:\/\/www.ulissequalityshop.com\/de\/\",\"name\":\"Ulisse Quality Shop\",\"description\":\"Tutto per i tuoi pets\",\"potentialAction\":[{\"@type\":\"SearchAction\",\"target\":{\"@type\":\"EntryPoint\",\"urlTemplate\":\"https:\/\/www.ulissequalityshop.com\/de\/?s={search_term_string}\"},\"query-input\":{\"@type\":\"PropertyValueSpecification\",\"valueRequired\":true,\"valueName\":\"search_term_string\"}}],\"inLanguage\":\"de\"}]}<\/script>\n<!-- \/ Yoast SEO plugin. -->","yoast_head_json":{"title":"Camon Antiparasitische Hygienet\u00fccher Neem \u00d6l - Ulisse Quality Shop","description":"Die Camon Antiparasit\u00e4ren Hygienet\u00fccher mit Neem\u00f6l sind praktische Reinigungst\u00fccher f\u00fcr Ihr Haustier. Erfahren Sie mehr.","robots":{"index":"index","follow":"follow","max-snippet":"max-snippet:-1","max-image-preview":"max-image-preview:large","max-video-preview":"max-video-preview:-1"},"canonical":"https:\/\/www.ulissequalityshop.com\/de\/prodotto\/camon-antiparasitische-hygienetuecher-neem-oel\/","og_locale":"de_DE","og_type":"article","og_title":"Camon Antiparasitische Hygienet\u00fccher Neem \u00d6l - Ulisse Quality Shop","og_description":"Die Camon Antiparasit\u00e4ren Hygienet\u00fccher mit Neem\u00f6l sind praktische Reinigungst\u00fccher f\u00fcr Ihr Haustier. Erfahren Sie mehr.","og_url":"https:\/\/www.ulissequalityshop.com\/de\/prodotto\/camon-antiparasitische-hygienetuecher-neem-oel\/","og_site_name":"Ulisse Quality Shop","article_publisher":"https:\/\/www.facebook.com\/ulissequalityshop\/","og_image":[{"width":800,"height":800,"url":"https:\/\/www.ulissequalityshop.com\/wp-content\/uploads\/2016\/07\/camon_salviette_detergenti_LRG.jpg","type":"image\/jpeg"}],"twitter_card":"summary_large_image","twitter_site":"@UlisseQualoitySh","twitter_misc":{"Gesch\u00e4tzte Lesezeit":"1\u00a0Minute"},"schema":{"@context":"https:\/\/schema.org","@graph":[{"@type":"WebPage","@id":"https:\/\/www.ulissequalityshop.com\/de\/prodotto\/camon-antiparasitische-hygienetuecher-neem-oel\/","url":"https:\/\/www.ulissequalityshop.com\/de\/prodotto\/camon-antiparasitische-hygienetuecher-neem-oel\/","name":"Camon Antiparasitische Hygienet\u00fccher Neem \u00d6l - Ulisse Quality Shop","isPartOf":{"@id":"https:\/\/www.ulissequalityshop.com\/de\/#website"},"primaryImageOfPage":{"@id":"https:\/\/www.ulissequalityshop.com\/de\/prodotto\/camon-antiparasitische-hygienetuecher-neem-oel\/#primaryimage"},"image":{"@id":"https:\/\/www.ulissequalityshop.com\/de\/prodotto\/camon-antiparasitische-hygienetuecher-neem-oel\/#primaryimage"},"thumbnailUrl":"https:\/\/i0.wp.com\/www.ulissequalityshop.com\/wp-content\/uploads\/2016\/07\/camon_salviette_detergenti_LRG.jpg?fit=800%2C800&ssl=1","datePublished":"2016-07-07T20:36:25+00:00","description":"Die Camon Antiparasit\u00e4ren Hygienet\u00fccher mit Neem\u00f6l sind praktische Reinigungst\u00fccher f\u00fcr Ihr Haustier. Erfahren Sie mehr.","breadcrumb":{"@id":"https:\/\/www.ulissequalityshop.com\/de\/prodotto\/camon-antiparasitische-hygienetuecher-neem-oel\/#breadcrumb"},"inLanguage":"de","potentialAction":[{"@type":"ReadAction","target":["https:\/\/www.ulissequalityshop.com\/de\/prodotto\/camon-antiparasitische-hygienetuecher-neem-oel\/"]}]},{"@type":"ImageObject","inLanguage":"de","@id":"https:\/\/www.ulissequalityshop.com\/de\/prodotto\/camon-antiparasitische-hygienetuecher-neem-oel\/#primaryimage","url":"https:\/\/i0.wp.com\/www.ulissequalityshop.com\/wp-content\/uploads\/2016\/07\/camon_salviette_detergenti_LRG.jpg?fit=800%2C800&ssl=1","contentUrl":"https:\/\/i0.wp.com\/www.ulissequalityshop.com\/wp-content\/uploads\/2016\/07\/camon_salviette_detergenti_LRG.jpg?fit=800%2C800&ssl=1","width":800,"height":800,"caption":"Camon Salviette Igieniche Antiparassitarie olio di neem"},{"@type":"BreadcrumbList","@id":"https:\/\/www.ulissequalityshop.com\/de\/prodotto\/camon-antiparasitische-hygienetuecher-neem-oel\/#breadcrumb","itemListElement":[{"@type":"ListItem","position":1,"name":"Start","item":"https:\/\/www.ulissequalityshop.com\/de\/"},{"@type":"ListItem","position":2,"name":"Ulisse Quality Shop","item":"https:\/\/www.ulissequalityshop.com\/"},{"@type":"ListItem","position":3,"name":"Camon Antiparasitische Hygienet\u00fccher Neem \u00d6l"}]},{"@type":"WebSite","@id":"https:\/\/www.ulissequalityshop.com\/de\/#website","url":"https:\/\/www.ulissequalityshop.com\/de\/","name":"Ulisse Quality Shop","description":"Tutto per i tuoi pets","potentialAction":[{"@type":"SearchAction","target":{"@type":"EntryPoint","urlTemplate":"https:\/\/www.ulissequalityshop.com\/de\/?s={search_term_string}"},"query-input":{"@type":"PropertyValueSpecification","valueRequired":true,"valueName":"search_term_string"}}],"inLanguage":"de"}]}},"jetpack_sharing_enabled":true,"brands":[{"id":1127,"name":"Camon","slug":"camon"}],"_links":{"self":[{"href":"https:\/\/www.ulissequalityshop.com\/de\/wp-json\/wp\/v2\/product\/17953","targetHints":{"allow":["GET"]}}],"collection":[{"href":"https:\/\/www.ulissequalityshop.com\/de\/wp-json\/wp\/v2\/product"}],"about":[{"href":"https:\/\/www.ulissequalityshop.com\/de\/wp-json\/wp\/v2\/types\/product"}],"replies":[{"embeddable":true,"href":"https:\/\/www.ulissequalityshop.com\/de\/wp-json\/wp\/v2\/comments?post=17953"}],"wp:featuredmedia":[{"embeddable":true,"href":"https:\/\/www.ulissequalityshop.com\/de\/wp-json\/wp\/v2\/media\/17954"}],"wp:attachment":[{"href":"https:\/\/www.ulissequalityshop.com\/de\/wp-json\/wp\/v2\/media?parent=17953"}],"wp:term":[{"taxonomy":"pwb-brand","embeddable":true,"href":"https:\/\/www.ulissequalityshop.com\/de\/wp-json\/wp\/v2\/pwb-brand?post=17953"},{"taxonomy":"product_brand","embeddable":true,"href":"https:\/\/www.ulissequalityshop.com\/de\/wp-json\/wp\/v2\/product_brand?post=17953"},{"taxonomy":"product_cat","embeddable":true,"href":"https:\/\/www.ulissequalityshop.com\/de\/wp-json\/wp\/v2\/product_cat?post=17953"},{"taxonomy":"product_tag","embeddable":true,"href":"https:\/\/www.ulissequalityshop.com\/de\/wp-json\/wp\/v2\/product_tag?post=17953"},{"taxonomy":"woo-feed-brand","embeddable":true,"href":"https:\/\/www.ulissequalityshop.com\/de\/wp-json\/wp\/v2\/woo-feed-brand?post=17953"}],"curies":[{"name":"wp","href":"https:\/\/api.w.org\/{rel}","templated":true}]}}