{"id":17956,"date":"2016-07-07T23:03:02","date_gmt":"2016-07-07T21:03:02","guid":{"rendered":"https:\/\/www.ulissequalityshop.com\/prodotto\/camon-raumschutzspray-neemoel\/"},"modified":"2024-09-29T23:36:46","modified_gmt":"2024-09-29T21:36:46","slug":"camon-raumschutzspray-neemoel","status":"publish","type":"product","link":"https:\/\/www.ulissequalityshop.com\/de\/prodotto\/camon-raumschutzspray-neemoel\/","title":{"rendered":"Camon Raumschutzspray Neem\u00f6l"},"content":{"rendered":"<p><strong>Camon Environmental Protection Spray Neem Oil<\/strong> ist ein wirksames <strong>Antiparasitenspray<\/strong> f\u00fcr den Einsatz in der <strong>h\u00e4uslichen<\/strong> Umgebung und auf Oberfl\u00e4chen, die <strong>mit dem Tier<\/strong> in <strong>Kontakt kommen<\/strong>.<br \/>\nDie Synergie von <strong>Neem-\u00d6l<\/strong> und \u00e4therischen \u00d6len aus Minze und Zitrone erzeugt eine sehr effektive Barrierewirkung.<br \/>\nDas Protected Environment Spray kann in der Tat aufgespr\u00fcht werden:    <\/p>\n<ul>\n<li>Hundezwinger<\/li>\n<li>Sofas<\/li>\n<li>Teppiche<\/li>\n<li>Zierpflanzen<\/li>\n<li>Autopolsterung<\/li>\n<\/ul>\n<p>  und auf allen Oberfl\u00e4chen, die mit Kindern und Haustieren in Ber\u00fchrung kommen.<br \/>\n <strong>Room Protection Spray<\/strong> ist ein nat\u00fcrliches Produkt, das f\u00fcr Sch\u00e4dlinge und Insekten unwillkommen ist und keine sch\u00e4dlichen Auswirkungen auf Mensch und Umwelt hat.   <\/p>\n<h2><strong>Camon Raumschutzspray Neem\u00f6l, Eigenschaften:<\/strong><\/h2>\n<ul>\n<li>nat\u00fcrliches Produkt, das f\u00fcr Sch\u00e4dlinge und Insekten unerw\u00fcnscht ist;<\/li>\n<li>hat keine sch\u00e4dlichen Auswirkungen auf Mensch und Umwelt;<\/li>\n<li>zur Verwendung in der <strong>h\u00e4uslichen<\/strong> Umgebung und auf Oberfl\u00e4chen, die <strong>mit dem Tier in Kontakt kommen.<\/strong><\/li>\n<\/ul>\n<h3><strong>Methode der Anwendung:  <\/strong><\/h3>\n<ul>\n<li>vor Gebrauch sch\u00fctteln.<\/li>\n<li>Bespr\u00fchen Sie die zu sch\u00fctzenden Fl\u00e4chen je nach Bedarf aus einem Abstand von ca. 15 cm.<\/li>\n<li>Bevor Sie das Produkt auf besonders wertvolle Stoffe spr\u00fchen, pr\u00fcfen Sie, ob es keine Spuren hinterl\u00e4sst, indem Sie es auf der R\u00fcckseite des Stoffes in einer Ecke ausprobieren.<\/li>\n<\/ul>\n","protected":false},"excerpt":{"rendered":"<p>Die Synergie aus <strong>Neem-\u00d6l<\/strong> und \u00e4therischen \u00d6len aus Minze und Zitrone erzeugt eine Barrierewirkung auf Zwingern, Sofas, Teppichen, Zierpflanzen, Autopolstern und allen Oberfl\u00e4chen, die mit Kindern und Haustieren in Kontakt kommen.<\/p>\n","protected":false},"featured_media":17957,"comment_status":"open","ping_status":"closed","template":"","meta":{"_et_pb_use_builder":"","_et_pb_old_content":"","_et_gb_content_width":""},"pwb-brand":[1127,1124],"product_brand":[],"product_cat":[2288,2289,2293,2267],"product_tag":[2381,2295,2537,2538,2296,2545,2546],"woo-feed-brand":[1888],"class_list":{"0":"post-17956","1":"product","2":"type-product","3":"status-publish","4":"has-post-thumbnail","6":"pwb-brand-camon","7":"pwb-brand-orme-naturali","8":"product_cat-katzen","9":"product_cat-pestizide-fur-hunde","10":"product_cat-pestizide-fur-katzen","11":"product_cat-hunde","12":"product_tag-camon-de","13":"product_tag-linie-protection","14":"product_tag-naturliche-fusabdrucke","15":"product_tag-neemol","16":"product_tag-ptotection-linie","17":"product_tag-schutz-der-umwelt","18":"product_tag-umwelt-linie","19":"product_shipping_class-0-3-kg-de","20":"woo-feed-brand-camon","22":"first","23":"instock","24":"sale","25":"taxable","26":"shipping-taxable","27":"purchasable","28":"product-type-simple"},"yoast_head":"<!-- This site is optimized with the Yoast SEO plugin v26.7 - https:\/\/yoast.com\/wordpress\/plugins\/seo\/ -->\n<title>Camon Raumschutzspray Neem\u00f6l - Ulisse Quality Shop<\/title>\n<meta name=\"description\" content=\"Camon Environmental Protection Spray Neem Oil ist ein wirksames Antiparasitenspray zur Anwendung auf Oberfl\u00e4chen, die mit dem Tier in Kontakt kommen. Erfahren Sie mehr.\" \/>\n<meta name=\"robots\" content=\"index, follow, max-snippet:-1, max-image-preview:large, max-video-preview:-1\" \/>\n<link rel=\"canonical\" href=\"https:\/\/www.ulissequalityshop.com\/de\/prodotto\/camon-raumschutzspray-neemoel\/\" \/>\n<meta property=\"og:locale\" content=\"de_DE\" \/>\n<meta property=\"og:type\" content=\"article\" \/>\n<meta property=\"og:title\" content=\"Camon Raumschutzspray Neem\u00f6l - Ulisse Quality Shop\" \/>\n<meta property=\"og:description\" content=\"Camon Environmental Protection Spray Neem Oil ist ein wirksames Antiparasitenspray zur Anwendung auf Oberfl\u00e4chen, die mit dem Tier in Kontakt kommen. Erfahren Sie mehr.\" \/>\n<meta property=\"og:url\" content=\"https:\/\/www.ulissequalityshop.com\/de\/prodotto\/camon-raumschutzspray-neemoel\/\" \/>\n<meta property=\"og:site_name\" content=\"Ulisse Quality Shop\" \/>\n<meta property=\"article:publisher\" content=\"https:\/\/www.facebook.com\/ulissequalityshop\/\" \/>\n<meta property=\"article:modified_time\" content=\"2024-09-29T21:36:46+00:00\" \/>\n<meta property=\"og:image\" content=\"https:\/\/www.ulissequalityshop.com\/wp-content\/uploads\/2016\/07\/camon_sprayambienteprotetto_ebay.jpg\" \/>\n\t<meta property=\"og:image:width\" content=\"800\" \/>\n\t<meta property=\"og:image:height\" content=\"800\" \/>\n\t<meta property=\"og:image:type\" content=\"image\/jpeg\" \/>\n<meta name=\"twitter:card\" content=\"summary_large_image\" \/>\n<meta name=\"twitter:site\" content=\"@UlisseQualoitySh\" \/>\n<meta name=\"twitter:label1\" content=\"Gesch\u00e4tzte Lesezeit\" \/>\n\t<meta name=\"twitter:data1\" content=\"1\u00a0Minute\" \/>\n<script type=\"application\/ld+json\" class=\"yoast-schema-graph\">{\"@context\":\"https:\/\/schema.org\",\"@graph\":[{\"@type\":\"WebPage\",\"@id\":\"https:\/\/www.ulissequalityshop.com\/de\/prodotto\/camon-raumschutzspray-neemoel\/\",\"url\":\"https:\/\/www.ulissequalityshop.com\/de\/prodotto\/camon-raumschutzspray-neemoel\/\",\"name\":\"Camon Raumschutzspray Neem\u00f6l - Ulisse Quality Shop\",\"isPartOf\":{\"@id\":\"https:\/\/www.ulissequalityshop.com\/de\/#website\"},\"primaryImageOfPage\":{\"@id\":\"https:\/\/www.ulissequalityshop.com\/de\/prodotto\/camon-raumschutzspray-neemoel\/#primaryimage\"},\"image\":{\"@id\":\"https:\/\/www.ulissequalityshop.com\/de\/prodotto\/camon-raumschutzspray-neemoel\/#primaryimage\"},\"thumbnailUrl\":\"https:\/\/i0.wp.com\/www.ulissequalityshop.com\/wp-content\/uploads\/2016\/07\/camon_sprayambienteprotetto_ebay.jpg?fit=800%2C800&ssl=1\",\"datePublished\":\"2016-07-07T21:03:02+00:00\",\"dateModified\":\"2024-09-29T21:36:46+00:00\",\"description\":\"Camon Environmental Protection Spray Neem Oil ist ein wirksames Antiparasitenspray zur Anwendung auf Oberfl\u00e4chen, die mit dem Tier in Kontakt kommen. Erfahren Sie mehr.\",\"breadcrumb\":{\"@id\":\"https:\/\/www.ulissequalityshop.com\/de\/prodotto\/camon-raumschutzspray-neemoel\/#breadcrumb\"},\"inLanguage\":\"de\",\"potentialAction\":[{\"@type\":\"ReadAction\",\"target\":[\"https:\/\/www.ulissequalityshop.com\/de\/prodotto\/camon-raumschutzspray-neemoel\/\"]}]},{\"@type\":\"ImageObject\",\"inLanguage\":\"de\",\"@id\":\"https:\/\/www.ulissequalityshop.com\/de\/prodotto\/camon-raumschutzspray-neemoel\/#primaryimage\",\"url\":\"https:\/\/i0.wp.com\/www.ulissequalityshop.com\/wp-content\/uploads\/2016\/07\/camon_sprayambienteprotetto_ebay.jpg?fit=800%2C800&ssl=1\",\"contentUrl\":\"https:\/\/i0.wp.com\/www.ulissequalityshop.com\/wp-content\/uploads\/2016\/07\/camon_sprayambienteprotetto_ebay.jpg?fit=800%2C800&ssl=1\",\"width\":800,\"height\":800,\"caption\":\"Orme Naturali Spray protettivo ambienti\"},{\"@type\":\"BreadcrumbList\",\"@id\":\"https:\/\/www.ulissequalityshop.com\/de\/prodotto\/camon-raumschutzspray-neemoel\/#breadcrumb\",\"itemListElement\":[{\"@type\":\"ListItem\",\"position\":1,\"name\":\"Start\",\"item\":\"https:\/\/www.ulissequalityshop.com\/de\/\"},{\"@type\":\"ListItem\",\"position\":2,\"name\":\"Ulisse Quality Shop\",\"item\":\"https:\/\/www.ulissequalityshop.com\/\"},{\"@type\":\"ListItem\",\"position\":3,\"name\":\"Camon Raumschutzspray Neem\u00f6l\"}]},{\"@type\":\"WebSite\",\"@id\":\"https:\/\/www.ulissequalityshop.com\/de\/#website\",\"url\":\"https:\/\/www.ulissequalityshop.com\/de\/\",\"name\":\"Ulisse Quality Shop\",\"description\":\"Tutto per i tuoi pets\",\"potentialAction\":[{\"@type\":\"SearchAction\",\"target\":{\"@type\":\"EntryPoint\",\"urlTemplate\":\"https:\/\/www.ulissequalityshop.com\/de\/?s={search_term_string}\"},\"query-input\":{\"@type\":\"PropertyValueSpecification\",\"valueRequired\":true,\"valueName\":\"search_term_string\"}}],\"inLanguage\":\"de\"}]}<\/script>\n<!-- \/ Yoast SEO plugin. -->","yoast_head_json":{"title":"Camon Raumschutzspray Neem\u00f6l - Ulisse Quality Shop","description":"Camon Environmental Protection Spray Neem Oil ist ein wirksames Antiparasitenspray zur Anwendung auf Oberfl\u00e4chen, die mit dem Tier in Kontakt kommen. Erfahren Sie mehr.","robots":{"index":"index","follow":"follow","max-snippet":"max-snippet:-1","max-image-preview":"max-image-preview:large","max-video-preview":"max-video-preview:-1"},"canonical":"https:\/\/www.ulissequalityshop.com\/de\/prodotto\/camon-raumschutzspray-neemoel\/","og_locale":"de_DE","og_type":"article","og_title":"Camon Raumschutzspray Neem\u00f6l - Ulisse Quality Shop","og_description":"Camon Environmental Protection Spray Neem Oil ist ein wirksames Antiparasitenspray zur Anwendung auf Oberfl\u00e4chen, die mit dem Tier in Kontakt kommen. Erfahren Sie mehr.","og_url":"https:\/\/www.ulissequalityshop.com\/de\/prodotto\/camon-raumschutzspray-neemoel\/","og_site_name":"Ulisse Quality Shop","article_publisher":"https:\/\/www.facebook.com\/ulissequalityshop\/","article_modified_time":"2024-09-29T21:36:46+00:00","og_image":[{"width":800,"height":800,"url":"https:\/\/www.ulissequalityshop.com\/wp-content\/uploads\/2016\/07\/camon_sprayambienteprotetto_ebay.jpg","type":"image\/jpeg"}],"twitter_card":"summary_large_image","twitter_site":"@UlisseQualoitySh","twitter_misc":{"Gesch\u00e4tzte Lesezeit":"1\u00a0Minute"},"schema":{"@context":"https:\/\/schema.org","@graph":[{"@type":"WebPage","@id":"https:\/\/www.ulissequalityshop.com\/de\/prodotto\/camon-raumschutzspray-neemoel\/","url":"https:\/\/www.ulissequalityshop.com\/de\/prodotto\/camon-raumschutzspray-neemoel\/","name":"Camon Raumschutzspray Neem\u00f6l - Ulisse Quality Shop","isPartOf":{"@id":"https:\/\/www.ulissequalityshop.com\/de\/#website"},"primaryImageOfPage":{"@id":"https:\/\/www.ulissequalityshop.com\/de\/prodotto\/camon-raumschutzspray-neemoel\/#primaryimage"},"image":{"@id":"https:\/\/www.ulissequalityshop.com\/de\/prodotto\/camon-raumschutzspray-neemoel\/#primaryimage"},"thumbnailUrl":"https:\/\/i0.wp.com\/www.ulissequalityshop.com\/wp-content\/uploads\/2016\/07\/camon_sprayambienteprotetto_ebay.jpg?fit=800%2C800&ssl=1","datePublished":"2016-07-07T21:03:02+00:00","dateModified":"2024-09-29T21:36:46+00:00","description":"Camon Environmental Protection Spray Neem Oil ist ein wirksames Antiparasitenspray zur Anwendung auf Oberfl\u00e4chen, die mit dem Tier in Kontakt kommen. Erfahren Sie mehr.","breadcrumb":{"@id":"https:\/\/www.ulissequalityshop.com\/de\/prodotto\/camon-raumschutzspray-neemoel\/#breadcrumb"},"inLanguage":"de","potentialAction":[{"@type":"ReadAction","target":["https:\/\/www.ulissequalityshop.com\/de\/prodotto\/camon-raumschutzspray-neemoel\/"]}]},{"@type":"ImageObject","inLanguage":"de","@id":"https:\/\/www.ulissequalityshop.com\/de\/prodotto\/camon-raumschutzspray-neemoel\/#primaryimage","url":"https:\/\/i0.wp.com\/www.ulissequalityshop.com\/wp-content\/uploads\/2016\/07\/camon_sprayambienteprotetto_ebay.jpg?fit=800%2C800&ssl=1","contentUrl":"https:\/\/i0.wp.com\/www.ulissequalityshop.com\/wp-content\/uploads\/2016\/07\/camon_sprayambienteprotetto_ebay.jpg?fit=800%2C800&ssl=1","width":800,"height":800,"caption":"Orme Naturali Spray protettivo ambienti"},{"@type":"BreadcrumbList","@id":"https:\/\/www.ulissequalityshop.com\/de\/prodotto\/camon-raumschutzspray-neemoel\/#breadcrumb","itemListElement":[{"@type":"ListItem","position":1,"name":"Start","item":"https:\/\/www.ulissequalityshop.com\/de\/"},{"@type":"ListItem","position":2,"name":"Ulisse Quality Shop","item":"https:\/\/www.ulissequalityshop.com\/"},{"@type":"ListItem","position":3,"name":"Camon Raumschutzspray Neem\u00f6l"}]},{"@type":"WebSite","@id":"https:\/\/www.ulissequalityshop.com\/de\/#website","url":"https:\/\/www.ulissequalityshop.com\/de\/","name":"Ulisse Quality Shop","description":"Tutto per i tuoi pets","potentialAction":[{"@type":"SearchAction","target":{"@type":"EntryPoint","urlTemplate":"https:\/\/www.ulissequalityshop.com\/de\/?s={search_term_string}"},"query-input":{"@type":"PropertyValueSpecification","valueRequired":true,"valueName":"search_term_string"}}],"inLanguage":"de"}]}},"jetpack_sharing_enabled":true,"brands":[{"id":1127,"name":"Camon","slug":"camon"},{"id":1124,"name":"Orme Naturali","slug":"orme-naturali"}],"_links":{"self":[{"href":"https:\/\/www.ulissequalityshop.com\/de\/wp-json\/wp\/v2\/product\/17956","targetHints":{"allow":["GET"]}}],"collection":[{"href":"https:\/\/www.ulissequalityshop.com\/de\/wp-json\/wp\/v2\/product"}],"about":[{"href":"https:\/\/www.ulissequalityshop.com\/de\/wp-json\/wp\/v2\/types\/product"}],"replies":[{"embeddable":true,"href":"https:\/\/www.ulissequalityshop.com\/de\/wp-json\/wp\/v2\/comments?post=17956"}],"wp:featuredmedia":[{"embeddable":true,"href":"https:\/\/www.ulissequalityshop.com\/de\/wp-json\/wp\/v2\/media\/17957"}],"wp:attachment":[{"href":"https:\/\/www.ulissequalityshop.com\/de\/wp-json\/wp\/v2\/media?parent=17956"}],"wp:term":[{"taxonomy":"pwb-brand","embeddable":true,"href":"https:\/\/www.ulissequalityshop.com\/de\/wp-json\/wp\/v2\/pwb-brand?post=17956"},{"taxonomy":"product_brand","embeddable":true,"href":"https:\/\/www.ulissequalityshop.com\/de\/wp-json\/wp\/v2\/product_brand?post=17956"},{"taxonomy":"product_cat","embeddable":true,"href":"https:\/\/www.ulissequalityshop.com\/de\/wp-json\/wp\/v2\/product_cat?post=17956"},{"taxonomy":"product_tag","embeddable":true,"href":"https:\/\/www.ulissequalityshop.com\/de\/wp-json\/wp\/v2\/product_tag?post=17956"},{"taxonomy":"woo-feed-brand","embeddable":true,"href":"https:\/\/www.ulissequalityshop.com\/de\/wp-json\/wp\/v2\/woo-feed-brand?post=17956"}],"curies":[{"name":"wp","href":"https:\/\/api.w.org\/{rel}","templated":true}]}}