{"id":17990,"date":"2024-10-27T16:21:26","date_gmt":"2024-10-27T15:21:26","guid":{"rendered":"https:\/\/www.ulissequalityshop.com\/prodotto\/nyos-magnesium-reefer-50-tests\/"},"modified":"2024-12-22T17:33:34","modified_gmt":"2024-12-22T16:33:34","slug":"nyos-magnesium-reefer-50-tests","status":"publish","type":"product","link":"https:\/\/www.ulissequalityshop.com\/de\/prodotto\/nyos-magnesium-reefer-50-tests\/","title":{"rendered":"Nyos Magnesium Reefer 50 Tests"},"content":{"rendered":"<p>N<strong>yos Magnesium Reefer<\/strong> ist ein chemischer Test zum Nachweis von Magnesium im Meerwasseraquarium. Die NYOS REEFER Testkits erm\u00f6glichen Messungen auf Laborniveau zu einem attraktiven Preis. Nat\u00fcrliche Wasserwerte sind der Schl\u00fcssel zum Erfolg f\u00fcr jedes Aquarium. Aufgrund zahlreicher St\u00f6rungen ist die \u00dcberwachung relevanter Parameter im Meerwasser jedoch problematisch. Genaue Messungen erfordern daher Testsets, die die spezifischen Eigenschaften von Messungen im Meerwasser ber\u00fccksichtigen.  <\/p>\n<h2><strong>Nyos Magnesium, Merkmale:<\/strong><\/h2>\n<ul>\n<li>Hochpr\u00e4zise Labormessungen f\u00fcr Meerwasser. Sie zeichnen sich au\u00dferdem durch ein \u00e4u\u00dferst attraktives Preis-Leistungs-Verh\u00e4ltnis aus und machen Test-Sets in Profi-Qualit\u00e4t auch f\u00fcr normale Amateuranwender wirtschaftlich. <\/li>\n<li>Vom deutschen Hersteller kalibrierter Tropfenz\u00e4hler f\u00fcr eine konstante Tropfengr\u00f6\u00dfe bei wiederholten Messungen.<\/li>\n<li>Einfach zu bedienen mit intuitiven Piktogramm-Anweisungen.<\/li>\n<li>Hochempfindliche Reagenzien, professionell kalibrierte Farbkarte, differenzierte Farbabstufung, pr\u00e4ziser Schiebekomparator, Glasprobengef\u00e4\u00dfe.<\/li>\n<li>Anzahl der Tests: 50.<\/li>\n<\/ul>\n<p>Alle <strong>Nyos-Reagenzien<\/strong> werden in Deutschland gem\u00e4\u00df EN ISO 9001 hergestellt. Die Reagenzien werden gem\u00e4\u00df den AAS- und NIST-Standards kontrolliert. Strenge Chargen- und Qualit\u00e4tskontrolle.<br \/>\nMade in Germany. Mit den NYOS REEFER-Testsets erhalten Sie pr\u00e4zise und vor allem reproduzierbare Messergebnisse (d.h. identische Wiederholungsmessungen).   <\/p>\n","protected":false},"excerpt":{"rendered":"<p>N<strong>yos Magnesium Reefer<\/strong> ist ein chemischer Test zum Nachweis von Magnesium im Meerwasseraquarium.<strong>50 Tests in einer<\/strong><strong>Schachtel.<\/strong><\/p>\n","protected":false},"featured_media":17988,"comment_status":"open","ping_status":"closed","template":"","meta":{"_et_pb_use_builder":"","_et_pb_old_content":"","_et_gb_content_width":""},"pwb-brand":[2547],"product_brand":[],"product_cat":[2558,2262],"product_tag":[2559,2562,2560,2563,2561],"woo-feed-brand":[2548],"class_list":{"0":"post-17990","1":"product","2":"type-product","3":"status-publish","4":"has-post-thumbnail","6":"pwb-brand-nyos","7":"product_cat-chemische-tests","8":"product_cat-aquarium-hobby-de","9":"product_tag-aquarium-tests","10":"product_tag-chemische-tests","11":"product_tag-marine-test-de","12":"product_tag-nyos-de","13":"product_tag-tests-fur-meerwasseraquarien","14":"product_shipping_class-0-3-kg-de","15":"woo-feed-brand-nyos","17":"first","18":"instock","19":"sale","20":"taxable","21":"shipping-taxable","22":"purchasable","23":"product-type-simple"},"yoast_head":"<!-- This site is optimized with the Yoast SEO plugin v26.7 - https:\/\/yoast.com\/wordpress\/plugins\/seo\/ -->\n<title>Nyos Magnesium Reefer 50 Tests - Ulisse Quality Shop<\/title>\n<meta name=\"description\" content=\"Nyos Magnesium Reefer ist ein hochpr\u00e4ziser chemischer Test zum Nachweis von Magnesium im Meerwasseraquarium. Erfahren Sie mehr.\" \/>\n<meta name=\"robots\" content=\"index, follow, max-snippet:-1, max-image-preview:large, max-video-preview:-1\" \/>\n<link rel=\"canonical\" href=\"https:\/\/www.ulissequalityshop.com\/de\/prodotto\/nyos-magnesium-reefer-50-tests\/\" \/>\n<meta property=\"og:locale\" content=\"de_DE\" \/>\n<meta property=\"og:type\" content=\"article\" \/>\n<meta property=\"og:title\" content=\"Nyos Magnesium Reefer 50 Tests - Ulisse Quality Shop\" \/>\n<meta property=\"og:description\" content=\"Nyos Magnesium Reefer ist ein hochpr\u00e4ziser chemischer Test zum Nachweis von Magnesium im Meerwasseraquarium. Erfahren Sie mehr.\" \/>\n<meta property=\"og:url\" content=\"https:\/\/www.ulissequalityshop.com\/de\/prodotto\/nyos-magnesium-reefer-50-tests\/\" \/>\n<meta property=\"og:site_name\" content=\"Ulisse Quality Shop\" \/>\n<meta property=\"article:publisher\" content=\"https:\/\/www.facebook.com\/ulissequalityshop\/\" \/>\n<meta property=\"article:modified_time\" content=\"2024-12-22T16:33:34+00:00\" \/>\n<meta property=\"og:image\" content=\"https:\/\/www.ulissequalityshop.com\/wp-content\/uploads\/2024\/10\/nyos-magnesium-50test-1.png\" \/>\n\t<meta property=\"og:image:width\" content=\"1200\" \/>\n\t<meta property=\"og:image:height\" content=\"1200\" \/>\n\t<meta property=\"og:image:type\" content=\"image\/png\" \/>\n<meta name=\"twitter:card\" content=\"summary_large_image\" \/>\n<meta name=\"twitter:site\" content=\"@UlisseQualoitySh\" \/>\n<meta name=\"twitter:label1\" content=\"Gesch\u00e4tzte Lesezeit\" \/>\n\t<meta name=\"twitter:data1\" content=\"1\u00a0Minute\" \/>\n<script type=\"application\/ld+json\" class=\"yoast-schema-graph\">{\"@context\":\"https:\/\/schema.org\",\"@graph\":[{\"@type\":\"WebPage\",\"@id\":\"https:\/\/www.ulissequalityshop.com\/de\/prodotto\/nyos-magnesium-reefer-50-tests\/\",\"url\":\"https:\/\/www.ulissequalityshop.com\/de\/prodotto\/nyos-magnesium-reefer-50-tests\/\",\"name\":\"Nyos Magnesium Reefer 50 Tests - Ulisse Quality Shop\",\"isPartOf\":{\"@id\":\"https:\/\/www.ulissequalityshop.com\/de\/#website\"},\"primaryImageOfPage\":{\"@id\":\"https:\/\/www.ulissequalityshop.com\/de\/prodotto\/nyos-magnesium-reefer-50-tests\/#primaryimage\"},\"image\":{\"@id\":\"https:\/\/www.ulissequalityshop.com\/de\/prodotto\/nyos-magnesium-reefer-50-tests\/#primaryimage\"},\"thumbnailUrl\":\"https:\/\/i0.wp.com\/www.ulissequalityshop.com\/wp-content\/uploads\/2024\/10\/nyos-magnesium-50test-1.png?fit=1200%2C1200&ssl=1\",\"datePublished\":\"2024-10-27T15:21:26+00:00\",\"dateModified\":\"2024-12-22T16:33:34+00:00\",\"description\":\"Nyos Magnesium Reefer ist ein hochpr\u00e4ziser chemischer Test zum Nachweis von Magnesium im Meerwasseraquarium. Erfahren Sie mehr.\",\"breadcrumb\":{\"@id\":\"https:\/\/www.ulissequalityshop.com\/de\/prodotto\/nyos-magnesium-reefer-50-tests\/#breadcrumb\"},\"inLanguage\":\"de\",\"potentialAction\":[{\"@type\":\"ReadAction\",\"target\":[\"https:\/\/www.ulissequalityshop.com\/de\/prodotto\/nyos-magnesium-reefer-50-tests\/\"]}]},{\"@type\":\"ImageObject\",\"inLanguage\":\"de\",\"@id\":\"https:\/\/www.ulissequalityshop.com\/de\/prodotto\/nyos-magnesium-reefer-50-tests\/#primaryimage\",\"url\":\"https:\/\/i0.wp.com\/www.ulissequalityshop.com\/wp-content\/uploads\/2024\/10\/nyos-magnesium-50test-1.png?fit=1200%2C1200&ssl=1\",\"contentUrl\":\"https:\/\/i0.wp.com\/www.ulissequalityshop.com\/wp-content\/uploads\/2024\/10\/nyos-magnesium-50test-1.png?fit=1200%2C1200&ssl=1\",\"width\":1200,\"height\":1200,\"caption\":\"Nyos Magnesium Reefer 50 Tests\"},{\"@type\":\"BreadcrumbList\",\"@id\":\"https:\/\/www.ulissequalityshop.com\/de\/prodotto\/nyos-magnesium-reefer-50-tests\/#breadcrumb\",\"itemListElement\":[{\"@type\":\"ListItem\",\"position\":1,\"name\":\"Start\",\"item\":\"https:\/\/www.ulissequalityshop.com\/de\/\"},{\"@type\":\"ListItem\",\"position\":2,\"name\":\"Ulisse Quality Shop\",\"item\":\"https:\/\/www.ulissequalityshop.com\/\"},{\"@type\":\"ListItem\",\"position\":3,\"name\":\"Nyos Magnesium Reefer 50 Tests\"}]},{\"@type\":\"WebSite\",\"@id\":\"https:\/\/www.ulissequalityshop.com\/de\/#website\",\"url\":\"https:\/\/www.ulissequalityshop.com\/de\/\",\"name\":\"Ulisse Quality Shop\",\"description\":\"Tutto per i tuoi pets\",\"potentialAction\":[{\"@type\":\"SearchAction\",\"target\":{\"@type\":\"EntryPoint\",\"urlTemplate\":\"https:\/\/www.ulissequalityshop.com\/de\/?s={search_term_string}\"},\"query-input\":{\"@type\":\"PropertyValueSpecification\",\"valueRequired\":true,\"valueName\":\"search_term_string\"}}],\"inLanguage\":\"de\"}]}<\/script>\n<!-- \/ Yoast SEO plugin. -->","yoast_head_json":{"title":"Nyos Magnesium Reefer 50 Tests - Ulisse Quality Shop","description":"Nyos Magnesium Reefer ist ein hochpr\u00e4ziser chemischer Test zum Nachweis von Magnesium im Meerwasseraquarium. Erfahren Sie mehr.","robots":{"index":"index","follow":"follow","max-snippet":"max-snippet:-1","max-image-preview":"max-image-preview:large","max-video-preview":"max-video-preview:-1"},"canonical":"https:\/\/www.ulissequalityshop.com\/de\/prodotto\/nyos-magnesium-reefer-50-tests\/","og_locale":"de_DE","og_type":"article","og_title":"Nyos Magnesium Reefer 50 Tests - Ulisse Quality Shop","og_description":"Nyos Magnesium Reefer ist ein hochpr\u00e4ziser chemischer Test zum Nachweis von Magnesium im Meerwasseraquarium. Erfahren Sie mehr.","og_url":"https:\/\/www.ulissequalityshop.com\/de\/prodotto\/nyos-magnesium-reefer-50-tests\/","og_site_name":"Ulisse Quality Shop","article_publisher":"https:\/\/www.facebook.com\/ulissequalityshop\/","article_modified_time":"2024-12-22T16:33:34+00:00","og_image":[{"width":1200,"height":1200,"url":"https:\/\/www.ulissequalityshop.com\/wp-content\/uploads\/2024\/10\/nyos-magnesium-50test-1.png","type":"image\/png"}],"twitter_card":"summary_large_image","twitter_site":"@UlisseQualoitySh","twitter_misc":{"Gesch\u00e4tzte Lesezeit":"1\u00a0Minute"},"schema":{"@context":"https:\/\/schema.org","@graph":[{"@type":"WebPage","@id":"https:\/\/www.ulissequalityshop.com\/de\/prodotto\/nyos-magnesium-reefer-50-tests\/","url":"https:\/\/www.ulissequalityshop.com\/de\/prodotto\/nyos-magnesium-reefer-50-tests\/","name":"Nyos Magnesium Reefer 50 Tests - Ulisse Quality Shop","isPartOf":{"@id":"https:\/\/www.ulissequalityshop.com\/de\/#website"},"primaryImageOfPage":{"@id":"https:\/\/www.ulissequalityshop.com\/de\/prodotto\/nyos-magnesium-reefer-50-tests\/#primaryimage"},"image":{"@id":"https:\/\/www.ulissequalityshop.com\/de\/prodotto\/nyos-magnesium-reefer-50-tests\/#primaryimage"},"thumbnailUrl":"https:\/\/i0.wp.com\/www.ulissequalityshop.com\/wp-content\/uploads\/2024\/10\/nyos-magnesium-50test-1.png?fit=1200%2C1200&ssl=1","datePublished":"2024-10-27T15:21:26+00:00","dateModified":"2024-12-22T16:33:34+00:00","description":"Nyos Magnesium Reefer ist ein hochpr\u00e4ziser chemischer Test zum Nachweis von Magnesium im Meerwasseraquarium. Erfahren Sie mehr.","breadcrumb":{"@id":"https:\/\/www.ulissequalityshop.com\/de\/prodotto\/nyos-magnesium-reefer-50-tests\/#breadcrumb"},"inLanguage":"de","potentialAction":[{"@type":"ReadAction","target":["https:\/\/www.ulissequalityshop.com\/de\/prodotto\/nyos-magnesium-reefer-50-tests\/"]}]},{"@type":"ImageObject","inLanguage":"de","@id":"https:\/\/www.ulissequalityshop.com\/de\/prodotto\/nyos-magnesium-reefer-50-tests\/#primaryimage","url":"https:\/\/i0.wp.com\/www.ulissequalityshop.com\/wp-content\/uploads\/2024\/10\/nyos-magnesium-50test-1.png?fit=1200%2C1200&ssl=1","contentUrl":"https:\/\/i0.wp.com\/www.ulissequalityshop.com\/wp-content\/uploads\/2024\/10\/nyos-magnesium-50test-1.png?fit=1200%2C1200&ssl=1","width":1200,"height":1200,"caption":"Nyos Magnesium Reefer 50 Tests"},{"@type":"BreadcrumbList","@id":"https:\/\/www.ulissequalityshop.com\/de\/prodotto\/nyos-magnesium-reefer-50-tests\/#breadcrumb","itemListElement":[{"@type":"ListItem","position":1,"name":"Start","item":"https:\/\/www.ulissequalityshop.com\/de\/"},{"@type":"ListItem","position":2,"name":"Ulisse Quality Shop","item":"https:\/\/www.ulissequalityshop.com\/"},{"@type":"ListItem","position":3,"name":"Nyos Magnesium Reefer 50 Tests"}]},{"@type":"WebSite","@id":"https:\/\/www.ulissequalityshop.com\/de\/#website","url":"https:\/\/www.ulissequalityshop.com\/de\/","name":"Ulisse Quality Shop","description":"Tutto per i tuoi pets","potentialAction":[{"@type":"SearchAction","target":{"@type":"EntryPoint","urlTemplate":"https:\/\/www.ulissequalityshop.com\/de\/?s={search_term_string}"},"query-input":{"@type":"PropertyValueSpecification","valueRequired":true,"valueName":"search_term_string"}}],"inLanguage":"de"}]}},"jetpack_sharing_enabled":true,"brands":[{"id":2547,"name":"Nyos","slug":"nyos"}],"_links":{"self":[{"href":"https:\/\/www.ulissequalityshop.com\/de\/wp-json\/wp\/v2\/product\/17990","targetHints":{"allow":["GET"]}}],"collection":[{"href":"https:\/\/www.ulissequalityshop.com\/de\/wp-json\/wp\/v2\/product"}],"about":[{"href":"https:\/\/www.ulissequalityshop.com\/de\/wp-json\/wp\/v2\/types\/product"}],"replies":[{"embeddable":true,"href":"https:\/\/www.ulissequalityshop.com\/de\/wp-json\/wp\/v2\/comments?post=17990"}],"wp:featuredmedia":[{"embeddable":true,"href":"https:\/\/www.ulissequalityshop.com\/de\/wp-json\/wp\/v2\/media\/17988"}],"wp:attachment":[{"href":"https:\/\/www.ulissequalityshop.com\/de\/wp-json\/wp\/v2\/media?parent=17990"}],"wp:term":[{"taxonomy":"pwb-brand","embeddable":true,"href":"https:\/\/www.ulissequalityshop.com\/de\/wp-json\/wp\/v2\/pwb-brand?post=17990"},{"taxonomy":"product_brand","embeddable":true,"href":"https:\/\/www.ulissequalityshop.com\/de\/wp-json\/wp\/v2\/product_brand?post=17990"},{"taxonomy":"product_cat","embeddable":true,"href":"https:\/\/www.ulissequalityshop.com\/de\/wp-json\/wp\/v2\/product_cat?post=17990"},{"taxonomy":"product_tag","embeddable":true,"href":"https:\/\/www.ulissequalityshop.com\/de\/wp-json\/wp\/v2\/product_tag?post=17990"},{"taxonomy":"woo-feed-brand","embeddable":true,"href":"https:\/\/www.ulissequalityshop.com\/de\/wp-json\/wp\/v2\/woo-feed-brand?post=17990"}],"curies":[{"name":"wp","href":"https:\/\/api.w.org\/{rel}","templated":true}]}}