{"id":17996,"date":"2024-10-27T16:45:33","date_gmt":"2024-10-27T15:45:33","guid":{"rendered":"https:\/\/www.ulissequalityshop.com\/prodotto\/nyos-calcium-reefer-50-test\/"},"modified":"2024-12-22T17:32:43","modified_gmt":"2024-12-22T16:32:43","slug":"nyos-calcium-reefer-50-test","status":"publish","type":"product","link":"https:\/\/www.ulissequalityshop.com\/de\/prodotto\/nyos-calcium-reefer-50-test\/","title":{"rendered":"Nyos Calcium Reefer 50 Test"},"content":{"rendered":"<p><strong>Nyos Calcium Reefer<\/strong> ist ein hochpr\u00e4ziser chemischer Test f\u00fcr Meerwasseraquarien.<\/p>\n<p>Der Kalziumgehalt im Meerwasseraquarium ist von gr\u00f6\u00dfter Bedeutung, denn er ist die Grundlage f\u00fcr das \u00dcberleben von Korallen, Wirbellosen und Fischen.<\/p>\n<p><strong>Nyos Calcium Reefer<\/strong> Kits bieten dem Aquarianer zwei wichtige Vorteile: Sie erm\u00f6glichen pr\u00e4zise Messungen relevanter Parameter im Meerwasser. Au\u00dferdem bieten sie ein attraktives Preis-Leistungs-Verh\u00e4ltnis, das Tests in der gleichen Qualit\u00e4t wie im Labor erschwinglich macht. Das deutsche Unternehmen <strong>Nyos Aquatics GmbH<\/strong> in Stuttgart hat eine neue Reihe von meerwasserspezifischen Tests angek\u00fcndigt. NYOS REEFER Tests garantieren genaue Messungen aller wichtigen Wasserparameter zu einem unschlagbaren Preis-Leistungs-Verh\u00e4ltnis.<\/p>\n<h2><strong>Nyos Calcium, Eigenschaften:<\/strong><\/h2>\n<ul>\n<li>Hochpr\u00e4zise Kalziummessungen: Das NYOS REEFER Testkit wurde speziell f\u00fcr Meerwasser entwickelt und erm\u00f6glicht Messungen im Labor.<\/li>\n<li>Bestimmt den Kalziumgehalt mit einer Genauigkeit von 5 mg\/l<\/li>\n<li>Komplettes Set: enth\u00e4lt kalibrierte Tropfer f\u00fcr konsistente Messungen und separate Indikator- und Titrationsl\u00f6sungen.<\/li>\n<li>Einfache Anwendung: Profitieren Sie von einer einfachen Anwendung mit einem klaren Farbwechsel, unterst\u00fctzt durch eine intuitive Piktogrammf\u00fchrung.<\/li>\n<li>Deutsche Qualit\u00e4t: Reagenzien nach EN ISO 9001, hergestellt in Deutschland und getestet nach AAS- und NIST-Standards.<\/li>\n<li>Kosteng\u00fcnstige L\u00f6sung: Sie erhalten 50 hochpr\u00e4zise Tests pro Kit zu einem g\u00fcnstigen Preis.<\/li>\n<\/ul>\n<p>Die Aufrechterhaltung von Wasserbedingungen, die denen in der Natur so nahe wie m\u00f6glich kommen, ist der Schl\u00fcssel zum Erfolg in allen Aquarien. Die Messung der wichtigsten Parameter im Meerwasser ist jedoch aufgrund der zahlreichen Ionen, die st\u00f6ren k\u00f6nnen, schwierig. F\u00fcr genaue Messungen ist es daher notwendig, Tests zu verwenden, die die besonderen Eigenschaften des Meerwassers ber\u00fccksichtigen. Kalibrierte Tropfer, die in Deutschland hergestellt werden, sorgen f\u00fcr einheitliche Tropfen bei allen Tests Die Reagenzien werden in Deutschland gem\u00e4\u00df EN ISO 9001 hergestellt, in kleinen Chargen produziert und einer Qualit\u00e4tskontrolle unterzogen Einfach in der Anwendung, mit intuitiver Bildanleitung. Mit <strong>den NYOS REEFER-Tests<\/strong> erhalten Sie pr\u00e4zise und vor allem reproduzierbare Ergebnisse. Hergestellt in Deutschland.  <\/p>\n","protected":false},"excerpt":{"rendered":"<p>N<strong>yos Calcium Reefer<\/strong> ist ein hochpr\u00e4ziser chemischer Test f\u00fcr Meerwasseraquarien.<strong>50 Tests in einer<\/strong><strong>Packung.<\/strong><\/p>\n","protected":false},"featured_media":17994,"comment_status":"open","ping_status":"closed","template":"","meta":{"_et_pb_use_builder":"","_et_pb_old_content":"","_et_gb_content_width":""},"pwb-brand":[],"product_brand":[],"product_cat":[2558,2262],"product_tag":[2559,2562,2560,2563,2561],"woo-feed-brand":[],"class_list":{"0":"post-17996","1":"product","2":"type-product","3":"status-publish","4":"has-post-thumbnail","6":"product_cat-chemische-tests","7":"product_cat-aquarium-hobby-de","8":"product_tag-aquarium-tests","9":"product_tag-chemische-tests","10":"product_tag-marine-test-de","11":"product_tag-nyos-de","12":"product_tag-tests-fur-meerwasseraquarien","13":"product_shipping_class-0-3-kg-de","15":"first","16":"instock","17":"sale","18":"taxable","19":"shipping-taxable","20":"purchasable","21":"product-type-simple"},"yoast_head":"<!-- This site is optimized with the Yoast SEO plugin v26.7 - https:\/\/yoast.com\/wordpress\/plugins\/seo\/ -->\n<title>Nyos Calcium Reefer 50 Test - Ulisse Quality Shop<\/title>\n<meta name=\"description\" content=\"Nyos Calcium Reefer ist ein hochpr\u00e4ziser chemischer Test f\u00fcr Meerwasseraquarien, mit einer Genauigkeit von 5 mg\/l. Erfahren Sie mehr.\" \/>\n<meta name=\"robots\" content=\"index, follow, max-snippet:-1, max-image-preview:large, max-video-preview:-1\" \/>\n<link rel=\"canonical\" href=\"https:\/\/www.ulissequalityshop.com\/de\/prodotto\/nyos-calcium-reefer-50-test\/\" \/>\n<meta property=\"og:locale\" content=\"de_DE\" \/>\n<meta property=\"og:type\" content=\"article\" \/>\n<meta property=\"og:title\" content=\"Nyos Calcium Reefer 50 Test - Ulisse Quality Shop\" \/>\n<meta property=\"og:description\" content=\"Nyos Calcium Reefer ist ein hochpr\u00e4ziser chemischer Test f\u00fcr Meerwasseraquarien, mit einer Genauigkeit von 5 mg\/l. Erfahren Sie mehr.\" \/>\n<meta property=\"og:url\" content=\"https:\/\/www.ulissequalityshop.com\/de\/prodotto\/nyos-calcium-reefer-50-test\/\" \/>\n<meta property=\"og:site_name\" content=\"Ulisse Quality Shop\" \/>\n<meta property=\"article:publisher\" content=\"https:\/\/www.facebook.com\/ulissequalityshop\/\" \/>\n<meta property=\"article:modified_time\" content=\"2024-12-22T16:32:43+00:00\" \/>\n<meta property=\"og:image\" content=\"https:\/\/www.ulissequalityshop.com\/wp-content\/uploads\/2024\/10\/nyos-calcium-50test.png\" \/>\n\t<meta property=\"og:image:width\" content=\"1200\" \/>\n\t<meta property=\"og:image:height\" content=\"1200\" \/>\n\t<meta property=\"og:image:type\" content=\"image\/png\" \/>\n<meta name=\"twitter:card\" content=\"summary_large_image\" \/>\n<meta name=\"twitter:site\" content=\"@UlisseQualoitySh\" \/>\n<meta name=\"twitter:label1\" content=\"Gesch\u00e4tzte Lesezeit\" \/>\n\t<meta name=\"twitter:data1\" content=\"2\u00a0Minuten\" \/>\n<script type=\"application\/ld+json\" class=\"yoast-schema-graph\">{\"@context\":\"https:\/\/schema.org\",\"@graph\":[{\"@type\":\"WebPage\",\"@id\":\"https:\/\/www.ulissequalityshop.com\/de\/prodotto\/nyos-calcium-reefer-50-test\/\",\"url\":\"https:\/\/www.ulissequalityshop.com\/de\/prodotto\/nyos-calcium-reefer-50-test\/\",\"name\":\"Nyos Calcium Reefer 50 Test - Ulisse Quality Shop\",\"isPartOf\":{\"@id\":\"https:\/\/www.ulissequalityshop.com\/de\/#website\"},\"primaryImageOfPage\":{\"@id\":\"https:\/\/www.ulissequalityshop.com\/de\/prodotto\/nyos-calcium-reefer-50-test\/#primaryimage\"},\"image\":{\"@id\":\"https:\/\/www.ulissequalityshop.com\/de\/prodotto\/nyos-calcium-reefer-50-test\/#primaryimage\"},\"thumbnailUrl\":\"https:\/\/i0.wp.com\/www.ulissequalityshop.com\/wp-content\/uploads\/2024\/10\/nyos-calcium-50test.png?fit=1200%2C1200&ssl=1\",\"datePublished\":\"2024-10-27T15:45:33+00:00\",\"dateModified\":\"2024-12-22T16:32:43+00:00\",\"description\":\"Nyos Calcium Reefer ist ein hochpr\u00e4ziser chemischer Test f\u00fcr Meerwasseraquarien, mit einer Genauigkeit von 5 mg\/l. Erfahren Sie mehr.\",\"breadcrumb\":{\"@id\":\"https:\/\/www.ulissequalityshop.com\/de\/prodotto\/nyos-calcium-reefer-50-test\/#breadcrumb\"},\"inLanguage\":\"de\",\"potentialAction\":[{\"@type\":\"ReadAction\",\"target\":[\"https:\/\/www.ulissequalityshop.com\/de\/prodotto\/nyos-calcium-reefer-50-test\/\"]}]},{\"@type\":\"ImageObject\",\"inLanguage\":\"de\",\"@id\":\"https:\/\/www.ulissequalityshop.com\/de\/prodotto\/nyos-calcium-reefer-50-test\/#primaryimage\",\"url\":\"https:\/\/i0.wp.com\/www.ulissequalityshop.com\/wp-content\/uploads\/2024\/10\/nyos-calcium-50test.png?fit=1200%2C1200&ssl=1\",\"contentUrl\":\"https:\/\/i0.wp.com\/www.ulissequalityshop.com\/wp-content\/uploads\/2024\/10\/nyos-calcium-50test.png?fit=1200%2C1200&ssl=1\",\"width\":1200,\"height\":1200,\"caption\":\"Nyos Calcium Reefer 50 Test\"},{\"@type\":\"BreadcrumbList\",\"@id\":\"https:\/\/www.ulissequalityshop.com\/de\/prodotto\/nyos-calcium-reefer-50-test\/#breadcrumb\",\"itemListElement\":[{\"@type\":\"ListItem\",\"position\":1,\"name\":\"Start\",\"item\":\"https:\/\/www.ulissequalityshop.com\/de\/\"},{\"@type\":\"ListItem\",\"position\":2,\"name\":\"Ulisse Quality Shop\",\"item\":\"https:\/\/www.ulissequalityshop.com\/\"},{\"@type\":\"ListItem\",\"position\":3,\"name\":\"Nyos Calcium Reefer 50 Test\"}]},{\"@type\":\"WebSite\",\"@id\":\"https:\/\/www.ulissequalityshop.com\/de\/#website\",\"url\":\"https:\/\/www.ulissequalityshop.com\/de\/\",\"name\":\"Ulisse Quality Shop\",\"description\":\"Tutto per i tuoi pets\",\"potentialAction\":[{\"@type\":\"SearchAction\",\"target\":{\"@type\":\"EntryPoint\",\"urlTemplate\":\"https:\/\/www.ulissequalityshop.com\/de\/?s={search_term_string}\"},\"query-input\":{\"@type\":\"PropertyValueSpecification\",\"valueRequired\":true,\"valueName\":\"search_term_string\"}}],\"inLanguage\":\"de\"}]}<\/script>\n<!-- \/ Yoast SEO plugin. -->","yoast_head_json":{"title":"Nyos Calcium Reefer 50 Test - Ulisse Quality Shop","description":"Nyos Calcium Reefer ist ein hochpr\u00e4ziser chemischer Test f\u00fcr Meerwasseraquarien, mit einer Genauigkeit von 5 mg\/l. Erfahren Sie mehr.","robots":{"index":"index","follow":"follow","max-snippet":"max-snippet:-1","max-image-preview":"max-image-preview:large","max-video-preview":"max-video-preview:-1"},"canonical":"https:\/\/www.ulissequalityshop.com\/de\/prodotto\/nyos-calcium-reefer-50-test\/","og_locale":"de_DE","og_type":"article","og_title":"Nyos Calcium Reefer 50 Test - Ulisse Quality Shop","og_description":"Nyos Calcium Reefer ist ein hochpr\u00e4ziser chemischer Test f\u00fcr Meerwasseraquarien, mit einer Genauigkeit von 5 mg\/l. Erfahren Sie mehr.","og_url":"https:\/\/www.ulissequalityshop.com\/de\/prodotto\/nyos-calcium-reefer-50-test\/","og_site_name":"Ulisse Quality Shop","article_publisher":"https:\/\/www.facebook.com\/ulissequalityshop\/","article_modified_time":"2024-12-22T16:32:43+00:00","og_image":[{"width":1200,"height":1200,"url":"https:\/\/www.ulissequalityshop.com\/wp-content\/uploads\/2024\/10\/nyos-calcium-50test.png","type":"image\/png"}],"twitter_card":"summary_large_image","twitter_site":"@UlisseQualoitySh","twitter_misc":{"Gesch\u00e4tzte Lesezeit":"2\u00a0Minuten"},"schema":{"@context":"https:\/\/schema.org","@graph":[{"@type":"WebPage","@id":"https:\/\/www.ulissequalityshop.com\/de\/prodotto\/nyos-calcium-reefer-50-test\/","url":"https:\/\/www.ulissequalityshop.com\/de\/prodotto\/nyos-calcium-reefer-50-test\/","name":"Nyos Calcium Reefer 50 Test - Ulisse Quality Shop","isPartOf":{"@id":"https:\/\/www.ulissequalityshop.com\/de\/#website"},"primaryImageOfPage":{"@id":"https:\/\/www.ulissequalityshop.com\/de\/prodotto\/nyos-calcium-reefer-50-test\/#primaryimage"},"image":{"@id":"https:\/\/www.ulissequalityshop.com\/de\/prodotto\/nyos-calcium-reefer-50-test\/#primaryimage"},"thumbnailUrl":"https:\/\/i0.wp.com\/www.ulissequalityshop.com\/wp-content\/uploads\/2024\/10\/nyos-calcium-50test.png?fit=1200%2C1200&ssl=1","datePublished":"2024-10-27T15:45:33+00:00","dateModified":"2024-12-22T16:32:43+00:00","description":"Nyos Calcium Reefer ist ein hochpr\u00e4ziser chemischer Test f\u00fcr Meerwasseraquarien, mit einer Genauigkeit von 5 mg\/l. Erfahren Sie mehr.","breadcrumb":{"@id":"https:\/\/www.ulissequalityshop.com\/de\/prodotto\/nyos-calcium-reefer-50-test\/#breadcrumb"},"inLanguage":"de","potentialAction":[{"@type":"ReadAction","target":["https:\/\/www.ulissequalityshop.com\/de\/prodotto\/nyos-calcium-reefer-50-test\/"]}]},{"@type":"ImageObject","inLanguage":"de","@id":"https:\/\/www.ulissequalityshop.com\/de\/prodotto\/nyos-calcium-reefer-50-test\/#primaryimage","url":"https:\/\/i0.wp.com\/www.ulissequalityshop.com\/wp-content\/uploads\/2024\/10\/nyos-calcium-50test.png?fit=1200%2C1200&ssl=1","contentUrl":"https:\/\/i0.wp.com\/www.ulissequalityshop.com\/wp-content\/uploads\/2024\/10\/nyos-calcium-50test.png?fit=1200%2C1200&ssl=1","width":1200,"height":1200,"caption":"Nyos Calcium Reefer 50 Test"},{"@type":"BreadcrumbList","@id":"https:\/\/www.ulissequalityshop.com\/de\/prodotto\/nyos-calcium-reefer-50-test\/#breadcrumb","itemListElement":[{"@type":"ListItem","position":1,"name":"Start","item":"https:\/\/www.ulissequalityshop.com\/de\/"},{"@type":"ListItem","position":2,"name":"Ulisse Quality Shop","item":"https:\/\/www.ulissequalityshop.com\/"},{"@type":"ListItem","position":3,"name":"Nyos Calcium Reefer 50 Test"}]},{"@type":"WebSite","@id":"https:\/\/www.ulissequalityshop.com\/de\/#website","url":"https:\/\/www.ulissequalityshop.com\/de\/","name":"Ulisse Quality Shop","description":"Tutto per i tuoi pets","potentialAction":[{"@type":"SearchAction","target":{"@type":"EntryPoint","urlTemplate":"https:\/\/www.ulissequalityshop.com\/de\/?s={search_term_string}"},"query-input":{"@type":"PropertyValueSpecification","valueRequired":true,"valueName":"search_term_string"}}],"inLanguage":"de"}]}},"jetpack_sharing_enabled":true,"brands":[],"_links":{"self":[{"href":"https:\/\/www.ulissequalityshop.com\/de\/wp-json\/wp\/v2\/product\/17996","targetHints":{"allow":["GET"]}}],"collection":[{"href":"https:\/\/www.ulissequalityshop.com\/de\/wp-json\/wp\/v2\/product"}],"about":[{"href":"https:\/\/www.ulissequalityshop.com\/de\/wp-json\/wp\/v2\/types\/product"}],"replies":[{"embeddable":true,"href":"https:\/\/www.ulissequalityshop.com\/de\/wp-json\/wp\/v2\/comments?post=17996"}],"wp:featuredmedia":[{"embeddable":true,"href":"https:\/\/www.ulissequalityshop.com\/de\/wp-json\/wp\/v2\/media\/17994"}],"wp:attachment":[{"href":"https:\/\/www.ulissequalityshop.com\/de\/wp-json\/wp\/v2\/media?parent=17996"}],"wp:term":[{"taxonomy":"pwb-brand","embeddable":true,"href":"https:\/\/www.ulissequalityshop.com\/de\/wp-json\/wp\/v2\/pwb-brand?post=17996"},{"taxonomy":"product_brand","embeddable":true,"href":"https:\/\/www.ulissequalityshop.com\/de\/wp-json\/wp\/v2\/product_brand?post=17996"},{"taxonomy":"product_cat","embeddable":true,"href":"https:\/\/www.ulissequalityshop.com\/de\/wp-json\/wp\/v2\/product_cat?post=17996"},{"taxonomy":"product_tag","embeddable":true,"href":"https:\/\/www.ulissequalityshop.com\/de\/wp-json\/wp\/v2\/product_tag?post=17996"},{"taxonomy":"woo-feed-brand","embeddable":true,"href":"https:\/\/www.ulissequalityshop.com\/de\/wp-json\/wp\/v2\/woo-feed-brand?post=17996"}],"curies":[{"name":"wp","href":"https:\/\/api.w.org\/{rel}","templated":true}]}}