{"id":18010,"date":"2024-10-27T16:57:36","date_gmt":"2024-10-27T15:57:36","guid":{"rendered":"https:\/\/www.ulissequalityshop.com\/prodotto\/nyos-nitrat-reefer-50-test\/"},"modified":"2024-12-22T17:30:37","modified_gmt":"2024-12-22T16:30:37","slug":"nyos-nitrat-reefer-50-test","status":"publish","type":"product","link":"https:\/\/www.ulissequalityshop.com\/de\/prodotto\/nyos-nitrat-reefer-50-test\/","title":{"rendered":"Nyos Nitrat Reefer 50 Test"},"content":{"rendered":"<p><strong>Nyos Nitrate Reefer<\/strong> ist ein hochpr\u00e4ziser chemischer Test zur Messung von Nitrat in Meerwasseraquarien.<\/p>\n<p>Der Kalziumgehalt im Meerwasseraquarium ist von gr\u00f6\u00dfter Bedeutung, denn er ist die Grundlage f\u00fcr das \u00dcberleben von Korallen, Wirbellosen und Fischen.<\/p>\n<p><strong>Nyos Nitrate Reefer<\/strong> Kits bieten dem Aquarianer zwei wichtige Vorteile: Sie erm\u00f6glichen pr\u00e4zise Messungen relevanter Parameter im Meerwasser. Au\u00dferdem bieten sie ein attraktives Preis-Leistungs-Verh\u00e4ltnis, das Tests in der gleichen Qualit\u00e4t wie im Labor erschwinglich macht. Das deutsche Unternehmen <strong>Nyos Aquatics GmbH<\/strong> in Stuttgart hat eine neue Reihe von meerwasserspezifischen Tests angek\u00fcndigt. NYOS REEFER Tests garantieren genaue Messungen aller wichtigen Wasserparameter zu einem unschlagbaren Preis-Leistungs-Verh\u00e4ltnis.<\/p>\n<h2><strong>Nyos Nitrat, Eigenschaften:<\/strong><\/h2>\n<ul>\n<li>Hochpr\u00e4zise <strong>Nitratmessungen<\/strong>: Das NYOS REEFER Testkit wurde speziell f\u00fcr Meerwasser entwickelt und erm\u00f6glicht Messungen im Labor.<\/li>\n<li>Komplettes Set: enth\u00e4lt kalibrierte Tropfer f\u00fcr konsistente Messungen und separate Indikator- und Titrationsl\u00f6sungen.<\/li>\n<li>Einfache Anwendung: Profitieren Sie von einer einfachen Anwendung mit einem klaren Farbwechsel, unterst\u00fctzt durch eine intuitive Piktogrammf\u00fchrung.<\/li>\n<li>Deutsche Qualit\u00e4t: Reagenzien nach EN ISO 9001, hergestellt in Deutschland und getestet nach AAS- und NIST-Standards.<\/li>\n<li>Kosteng\u00fcnstige L\u00f6sung: Sie erhalten 50 hochpr\u00e4zise Tests pro Kit zu einem g\u00fcnstigen Preis.<\/li>\n<\/ul>\n<p>Der Schl\u00fcssel zum Erfolg in allen Aquarien liegt darin, die Wasserbedingungen so nah wie m\u00f6glich an denen in der Natur zu halten. Die Messung der wichtigsten Parameter im Meerwasser ist jedoch aufgrund der zahlreichen Ionen, die st\u00f6ren k\u00f6nnen, schwierig. F\u00fcr genaue Messungen ist es daher notwendig, Tests zu verwenden, die die besonderen Eigenschaften des Meerwassers ber\u00fccksichtigen.<\/p>\n<p>Kalibrierte Tropfer, hergestellt in Deutschland, sorgen f\u00fcr gleichm\u00e4\u00dfige Tropfen bei allen Tests Reagenzien werden in Deutschland gem\u00e4\u00df EN ISO 9001 hergestellt, in kleinen Chargen produziert und qualit\u00e4tskontrolliert Einfach zu verwenden, mit intuitiver Bildanleitung<\/p>\n<p>Mit <strong>NYOS REEFER-Tests<\/strong> erhalten Sie pr\u00e4zise und vor allem reproduzierbare Ergebnisse.<\/p>\n<p>Hergestellt in Deutschland.<\/p>\n","protected":false},"excerpt":{"rendered":"<p>N<strong>yos Nitrate Reefer<\/strong> ist ein hochpr\u00e4ziser chemischer Test zur Messung von Nitrat in Meerwasseraquarien.<strong>50 Tests im<\/strong><strong>Pack.<\/strong><\/p>\n","protected":false},"featured_media":18000,"comment_status":"open","ping_status":"closed","template":"","meta":{"_et_pb_use_builder":"","_et_pb_old_content":"","_et_gb_content_width":""},"pwb-brand":[2547],"product_brand":[],"product_cat":[2558,2262],"product_tag":[2559,2562,2560,2563,2561],"woo-feed-brand":[2548],"class_list":{"0":"post-18010","1":"product","2":"type-product","3":"status-publish","4":"has-post-thumbnail","6":"pwb-brand-nyos","7":"product_cat-chemische-tests","8":"product_cat-aquarium-hobby-de","9":"product_tag-aquarium-tests","10":"product_tag-chemische-tests","11":"product_tag-marine-test-de","12":"product_tag-nyos-de","13":"product_tag-tests-fur-meerwasseraquarien","14":"product_shipping_class-0-3-kg-de","15":"woo-feed-brand-nyos","17":"first","18":"instock","19":"sale","20":"taxable","21":"shipping-taxable","22":"purchasable","23":"product-type-simple"},"yoast_head":"<!-- This site is optimized with the Yoast SEO plugin v26.7 - https:\/\/yoast.com\/wordpress\/plugins\/seo\/ -->\n<title>Nyos Nitrat Reefer 50 Test - Ulisse Quality Shop<\/title>\n<meta name=\"description\" content=\"Nyos Nitrate Reefer ist ein hochpr\u00e4ziser chemischer Test zur Messung von Nitrat in Meerwasseraquarien. Erfahren Sie mehr.\" \/>\n<meta name=\"robots\" content=\"index, follow, max-snippet:-1, max-image-preview:large, max-video-preview:-1\" \/>\n<link rel=\"canonical\" href=\"https:\/\/www.ulissequalityshop.com\/de\/prodotto\/nyos-nitrat-reefer-50-test\/\" \/>\n<meta property=\"og:locale\" content=\"de_DE\" \/>\n<meta property=\"og:type\" content=\"article\" \/>\n<meta property=\"og:title\" content=\"Nyos Nitrat Reefer 50 Test - Ulisse Quality Shop\" \/>\n<meta property=\"og:description\" content=\"Nyos Nitrate Reefer ist ein hochpr\u00e4ziser chemischer Test zur Messung von Nitrat in Meerwasseraquarien. Erfahren Sie mehr.\" \/>\n<meta property=\"og:url\" content=\"https:\/\/www.ulissequalityshop.com\/de\/prodotto\/nyos-nitrat-reefer-50-test\/\" \/>\n<meta property=\"og:site_name\" content=\"Ulisse Quality Shop\" \/>\n<meta property=\"article:publisher\" content=\"https:\/\/www.facebook.com\/ulissequalityshop\/\" \/>\n<meta property=\"article:modified_time\" content=\"2024-12-22T16:30:37+00:00\" \/>\n<meta property=\"og:image\" content=\"https:\/\/www.ulissequalityshop.com\/wp-content\/uploads\/2024\/10\/nyos-nitrate-50test.png\" \/>\n\t<meta property=\"og:image:width\" content=\"1200\" \/>\n\t<meta property=\"og:image:height\" content=\"1200\" \/>\n\t<meta property=\"og:image:type\" content=\"image\/png\" \/>\n<meta name=\"twitter:card\" content=\"summary_large_image\" \/>\n<meta name=\"twitter:site\" content=\"@UlisseQualoitySh\" \/>\n<meta name=\"twitter:label1\" content=\"Gesch\u00e4tzte Lesezeit\" \/>\n\t<meta name=\"twitter:data1\" content=\"2\u00a0Minuten\" \/>\n<script type=\"application\/ld+json\" class=\"yoast-schema-graph\">{\"@context\":\"https:\/\/schema.org\",\"@graph\":[{\"@type\":\"WebPage\",\"@id\":\"https:\/\/www.ulissequalityshop.com\/de\/prodotto\/nyos-nitrat-reefer-50-test\/\",\"url\":\"https:\/\/www.ulissequalityshop.com\/de\/prodotto\/nyos-nitrat-reefer-50-test\/\",\"name\":\"Nyos Nitrat Reefer 50 Test - Ulisse Quality Shop\",\"isPartOf\":{\"@id\":\"https:\/\/www.ulissequalityshop.com\/de\/#website\"},\"primaryImageOfPage\":{\"@id\":\"https:\/\/www.ulissequalityshop.com\/de\/prodotto\/nyos-nitrat-reefer-50-test\/#primaryimage\"},\"image\":{\"@id\":\"https:\/\/www.ulissequalityshop.com\/de\/prodotto\/nyos-nitrat-reefer-50-test\/#primaryimage\"},\"thumbnailUrl\":\"https:\/\/i0.wp.com\/www.ulissequalityshop.com\/wp-content\/uploads\/2024\/10\/nyos-nitrate-50test.png?fit=1200%2C1200&ssl=1\",\"datePublished\":\"2024-10-27T15:57:36+00:00\",\"dateModified\":\"2024-12-22T16:30:37+00:00\",\"description\":\"Nyos Nitrate Reefer ist ein hochpr\u00e4ziser chemischer Test zur Messung von Nitrat in Meerwasseraquarien. Erfahren Sie mehr.\",\"breadcrumb\":{\"@id\":\"https:\/\/www.ulissequalityshop.com\/de\/prodotto\/nyos-nitrat-reefer-50-test\/#breadcrumb\"},\"inLanguage\":\"de\",\"potentialAction\":[{\"@type\":\"ReadAction\",\"target\":[\"https:\/\/www.ulissequalityshop.com\/de\/prodotto\/nyos-nitrat-reefer-50-test\/\"]}]},{\"@type\":\"ImageObject\",\"inLanguage\":\"de\",\"@id\":\"https:\/\/www.ulissequalityshop.com\/de\/prodotto\/nyos-nitrat-reefer-50-test\/#primaryimage\",\"url\":\"https:\/\/i0.wp.com\/www.ulissequalityshop.com\/wp-content\/uploads\/2024\/10\/nyos-nitrate-50test.png?fit=1200%2C1200&ssl=1\",\"contentUrl\":\"https:\/\/i0.wp.com\/www.ulissequalityshop.com\/wp-content\/uploads\/2024\/10\/nyos-nitrate-50test.png?fit=1200%2C1200&ssl=1\",\"width\":1200,\"height\":1200,\"caption\":\"Nyos Nitrate Reefer 50 Test\"},{\"@type\":\"BreadcrumbList\",\"@id\":\"https:\/\/www.ulissequalityshop.com\/de\/prodotto\/nyos-nitrat-reefer-50-test\/#breadcrumb\",\"itemListElement\":[{\"@type\":\"ListItem\",\"position\":1,\"name\":\"Start\",\"item\":\"https:\/\/www.ulissequalityshop.com\/de\/\"},{\"@type\":\"ListItem\",\"position\":2,\"name\":\"Ulisse Quality Shop\",\"item\":\"https:\/\/www.ulissequalityshop.com\/\"},{\"@type\":\"ListItem\",\"position\":3,\"name\":\"Nyos Nitrat Reefer 50 Test\"}]},{\"@type\":\"WebSite\",\"@id\":\"https:\/\/www.ulissequalityshop.com\/de\/#website\",\"url\":\"https:\/\/www.ulissequalityshop.com\/de\/\",\"name\":\"Ulisse Quality Shop\",\"description\":\"Tutto per i tuoi pets\",\"potentialAction\":[{\"@type\":\"SearchAction\",\"target\":{\"@type\":\"EntryPoint\",\"urlTemplate\":\"https:\/\/www.ulissequalityshop.com\/de\/?s={search_term_string}\"},\"query-input\":{\"@type\":\"PropertyValueSpecification\",\"valueRequired\":true,\"valueName\":\"search_term_string\"}}],\"inLanguage\":\"de\"}]}<\/script>\n<!-- \/ Yoast SEO plugin. -->","yoast_head_json":{"title":"Nyos Nitrat Reefer 50 Test - Ulisse Quality Shop","description":"Nyos Nitrate Reefer ist ein hochpr\u00e4ziser chemischer Test zur Messung von Nitrat in Meerwasseraquarien. Erfahren Sie mehr.","robots":{"index":"index","follow":"follow","max-snippet":"max-snippet:-1","max-image-preview":"max-image-preview:large","max-video-preview":"max-video-preview:-1"},"canonical":"https:\/\/www.ulissequalityshop.com\/de\/prodotto\/nyos-nitrat-reefer-50-test\/","og_locale":"de_DE","og_type":"article","og_title":"Nyos Nitrat Reefer 50 Test - Ulisse Quality Shop","og_description":"Nyos Nitrate Reefer ist ein hochpr\u00e4ziser chemischer Test zur Messung von Nitrat in Meerwasseraquarien. Erfahren Sie mehr.","og_url":"https:\/\/www.ulissequalityshop.com\/de\/prodotto\/nyos-nitrat-reefer-50-test\/","og_site_name":"Ulisse Quality Shop","article_publisher":"https:\/\/www.facebook.com\/ulissequalityshop\/","article_modified_time":"2024-12-22T16:30:37+00:00","og_image":[{"width":1200,"height":1200,"url":"https:\/\/www.ulissequalityshop.com\/wp-content\/uploads\/2024\/10\/nyos-nitrate-50test.png","type":"image\/png"}],"twitter_card":"summary_large_image","twitter_site":"@UlisseQualoitySh","twitter_misc":{"Gesch\u00e4tzte Lesezeit":"2\u00a0Minuten"},"schema":{"@context":"https:\/\/schema.org","@graph":[{"@type":"WebPage","@id":"https:\/\/www.ulissequalityshop.com\/de\/prodotto\/nyos-nitrat-reefer-50-test\/","url":"https:\/\/www.ulissequalityshop.com\/de\/prodotto\/nyos-nitrat-reefer-50-test\/","name":"Nyos Nitrat Reefer 50 Test - Ulisse Quality Shop","isPartOf":{"@id":"https:\/\/www.ulissequalityshop.com\/de\/#website"},"primaryImageOfPage":{"@id":"https:\/\/www.ulissequalityshop.com\/de\/prodotto\/nyos-nitrat-reefer-50-test\/#primaryimage"},"image":{"@id":"https:\/\/www.ulissequalityshop.com\/de\/prodotto\/nyos-nitrat-reefer-50-test\/#primaryimage"},"thumbnailUrl":"https:\/\/i0.wp.com\/www.ulissequalityshop.com\/wp-content\/uploads\/2024\/10\/nyos-nitrate-50test.png?fit=1200%2C1200&ssl=1","datePublished":"2024-10-27T15:57:36+00:00","dateModified":"2024-12-22T16:30:37+00:00","description":"Nyos Nitrate Reefer ist ein hochpr\u00e4ziser chemischer Test zur Messung von Nitrat in Meerwasseraquarien. Erfahren Sie mehr.","breadcrumb":{"@id":"https:\/\/www.ulissequalityshop.com\/de\/prodotto\/nyos-nitrat-reefer-50-test\/#breadcrumb"},"inLanguage":"de","potentialAction":[{"@type":"ReadAction","target":["https:\/\/www.ulissequalityshop.com\/de\/prodotto\/nyos-nitrat-reefer-50-test\/"]}]},{"@type":"ImageObject","inLanguage":"de","@id":"https:\/\/www.ulissequalityshop.com\/de\/prodotto\/nyos-nitrat-reefer-50-test\/#primaryimage","url":"https:\/\/i0.wp.com\/www.ulissequalityshop.com\/wp-content\/uploads\/2024\/10\/nyos-nitrate-50test.png?fit=1200%2C1200&ssl=1","contentUrl":"https:\/\/i0.wp.com\/www.ulissequalityshop.com\/wp-content\/uploads\/2024\/10\/nyos-nitrate-50test.png?fit=1200%2C1200&ssl=1","width":1200,"height":1200,"caption":"Nyos Nitrate Reefer 50 Test"},{"@type":"BreadcrumbList","@id":"https:\/\/www.ulissequalityshop.com\/de\/prodotto\/nyos-nitrat-reefer-50-test\/#breadcrumb","itemListElement":[{"@type":"ListItem","position":1,"name":"Start","item":"https:\/\/www.ulissequalityshop.com\/de\/"},{"@type":"ListItem","position":2,"name":"Ulisse Quality Shop","item":"https:\/\/www.ulissequalityshop.com\/"},{"@type":"ListItem","position":3,"name":"Nyos Nitrat Reefer 50 Test"}]},{"@type":"WebSite","@id":"https:\/\/www.ulissequalityshop.com\/de\/#website","url":"https:\/\/www.ulissequalityshop.com\/de\/","name":"Ulisse Quality Shop","description":"Tutto per i tuoi pets","potentialAction":[{"@type":"SearchAction","target":{"@type":"EntryPoint","urlTemplate":"https:\/\/www.ulissequalityshop.com\/de\/?s={search_term_string}"},"query-input":{"@type":"PropertyValueSpecification","valueRequired":true,"valueName":"search_term_string"}}],"inLanguage":"de"}]}},"jetpack_sharing_enabled":true,"brands":[{"id":2547,"name":"Nyos","slug":"nyos"}],"_links":{"self":[{"href":"https:\/\/www.ulissequalityshop.com\/de\/wp-json\/wp\/v2\/product\/18010","targetHints":{"allow":["GET"]}}],"collection":[{"href":"https:\/\/www.ulissequalityshop.com\/de\/wp-json\/wp\/v2\/product"}],"about":[{"href":"https:\/\/www.ulissequalityshop.com\/de\/wp-json\/wp\/v2\/types\/product"}],"replies":[{"embeddable":true,"href":"https:\/\/www.ulissequalityshop.com\/de\/wp-json\/wp\/v2\/comments?post=18010"}],"wp:featuredmedia":[{"embeddable":true,"href":"https:\/\/www.ulissequalityshop.com\/de\/wp-json\/wp\/v2\/media\/18000"}],"wp:attachment":[{"href":"https:\/\/www.ulissequalityshop.com\/de\/wp-json\/wp\/v2\/media?parent=18010"}],"wp:term":[{"taxonomy":"pwb-brand","embeddable":true,"href":"https:\/\/www.ulissequalityshop.com\/de\/wp-json\/wp\/v2\/pwb-brand?post=18010"},{"taxonomy":"product_brand","embeddable":true,"href":"https:\/\/www.ulissequalityshop.com\/de\/wp-json\/wp\/v2\/product_brand?post=18010"},{"taxonomy":"product_cat","embeddable":true,"href":"https:\/\/www.ulissequalityshop.com\/de\/wp-json\/wp\/v2\/product_cat?post=18010"},{"taxonomy":"product_tag","embeddable":true,"href":"https:\/\/www.ulissequalityshop.com\/de\/wp-json\/wp\/v2\/product_tag?post=18010"},{"taxonomy":"woo-feed-brand","embeddable":true,"href":"https:\/\/www.ulissequalityshop.com\/de\/wp-json\/wp\/v2\/woo-feed-brand?post=18010"}],"curies":[{"name":"wp","href":"https:\/\/api.w.org\/{rel}","templated":true}]}}