{"id":18036,"date":"2023-03-15T22:58:52","date_gmt":"2023-03-15T21:58:52","guid":{"rendered":"https:\/\/www.ulissequalityshop.com\/prodotto\/bonsaipro-pumex-optima-bimsstein-waschmittel\/"},"modified":"2026-02-17T22:39:56","modified_gmt":"2026-02-17T21:39:56","slug":"bonsaipro-pumex-optima-bimsstein-waschmittel","status":"publish","type":"product","link":"https:\/\/www.ulissequalityshop.com\/de\/prodotto\/bonsaipro-pumex-optima-bimsstein-waschmittel\/","title":{"rendered":"BonsaiPro Pumex Optima Bimsstein Waschmittel"},"content":{"rendered":"<p><strong>Ulisse BonsaiPro Pumex Optima Washed Pumice <\/strong>ist ein hochwertiger Bimsstein, der vor dem Verpacken gesiebt, gewaschen und getrocknet wurde. Ein ausgezeichnetes inertes Substrat f\u00fcr die Anzucht von Bonsai und anderen Pflanzen, gebrauchsfertig verpackt. <\/p>\n<p>Die Qualit\u00e4ten von Bimsstein im Anbau h\u00e4ngen mit seiner Porosit\u00e4t und seiner F\u00e4higkeit, Wasser zu speichern, zusammen. Die besonders harte Konsistenz dieses Materials sorgt au\u00dferdem daf\u00fcr, dass seine physikalischen Eigenschaften im Laufe der Zeit erhalten bleiben, so dass sich die Wurzeln gut entwickeln k\u00f6nnen und im Laufe der Zeit weiterhin f\u00fcr Sauerstoffzufuhr und Gasaustausch sorgen. <\/p>\n<p><strong>Pumex Optima<\/strong> Bimsstein, gemischt in verschiedenen Prozentanteilen mit <a href=\"https:\/\/www.ulissequalityshop.com\/prodotto\/ulisse-bonsaipro-akadama-optima-grano-fine\/\" target=\"_blank\" rel=\"noopener\"><strong>Akadama Optima<\/strong><\/a> oder mit <a href=\"https:\/\/www.ulissequalityshop.com\/de\/prodotto\/bonsaipro-lapillus-optima-vulkanischer-lapillus\/\" target=\"_blank\" rel=\"noopener\"><strong>Lapillus Optima<\/strong><\/a>ist ein perfektes Substrat f\u00fcr die meisten Pflanzen, sowohl f\u00fcr Nadelb\u00e4ume als auch f\u00fcr Laubb\u00e4ume.<\/p>\n<h2><strong>BonsaiPro Pumex Optima Bimsstein Waschmittel, Eigenschaften:<\/strong><\/h2>\n<ul>\n<li>durchschnittliche Korngr\u00f6\u00dfe: 3-6 mm<\/li>\n<li>Produkt bereits gewaschen und einsatzbereit<\/li>\n<li>beh\u00e4lt seine physischen Eigenschaften \u00fcber die Zeit bei<\/li>\n<li>hervorragende Luft- und Wasserr\u00fcckhaltung<\/li>\n<li>setzt Natrium frei<\/li>\n<li>f\u00f6rdert die Aufnahme von Kalzium und Magnesium<\/li>\n<li>geringer Kationenaustausch<\/li>\n<\/ul>\n<h4><strong>Verf\u00fcgbare Formate:<\/strong><\/h4>\n<ul>\n<li><strong>1,5 Liter<\/strong><\/li>\n<li><strong>3 Liter<\/strong><\/li>\n<\/ul>\n","protected":false},"excerpt":{"rendered":"<p><strong>Ulisse BonsaiPro Pumex Optima Washed Pumice <\/strong>ist ein hochwertiger Bimsstein, der vor dem Verpacken gesiebt, gewaschen und getrocknet wurde. Ein ausgezeichnetes inertes Substrat f\u00fcr die Anzucht von Bonsai und anderen Pflanzen, gebrauchsfertig verpackt. <\/p>\n<h4><strong>Verf\u00fcgbare Formate:<\/strong><\/h4>\n<ul>\n<li><strong>1,5 Liter<\/strong><\/li>\n<li><strong>3 Liter<\/strong><\/li>\n<\/ul>\n","protected":false},"featured_media":18890,"comment_status":"open","ping_status":"closed","template":"","meta":{"_et_pb_use_builder":"","_et_pb_old_content":"","_et_gb_content_width":""},"pwb-brand":[2107,2066],"product_brand":[],"product_cat":[2351,2461,2271],"product_tag":[2573],"woo-feed-brand":[2108],"class_list":{"0":"post-18036","1":"product","2":"type-product","3":"status-publish","4":"has-post-thumbnail","6":"pwb-brand-bonsaipro","7":"pwb-brand-ulisse","8":"product_cat-substrate","9":"product_cat-substrate-de","10":"product_cat-bonsai-de","11":"product_tag-substrate-fur-bonsai","12":"product_shipping_class-0-3-kg-de","13":"woo-feed-brand-bonsaipro","15":"first","16":"instock","17":"sale","18":"taxable","19":"shipping-taxable","20":"purchasable","21":"product-type-variable","22":"has-default-attributes"},"yoast_head":"<!-- This site is optimized with the Yoast SEO plugin v26.7 - https:\/\/yoast.com\/wordpress\/plugins\/seo\/ -->\n<title>BonsaiPro Pumex Optima Bimsstein Waschmittel - Ulisse Quality Shop<\/title>\n<meta name=\"description\" content=\"Ulisse BonsaiPro Pumex Optima Washed Pumice ist ein hochwertiger Bimsstein, der vor dem Verpacken gesiebt, gewaschen und getrocknet wurde. Erfahren Sie mehr.\" \/>\n<meta name=\"robots\" content=\"index, follow, max-snippet:-1, max-image-preview:large, max-video-preview:-1\" \/>\n<link rel=\"canonical\" href=\"https:\/\/www.ulissequalityshop.com\/de\/prodotto\/bonsaipro-pumex-optima-bimsstein-waschmittel\/\" \/>\n<meta property=\"og:locale\" content=\"de_DE\" \/>\n<meta property=\"og:type\" content=\"article\" \/>\n<meta property=\"og:title\" content=\"BonsaiPro Pumex Optima Bimsstein Waschmittel - Ulisse Quality Shop\" \/>\n<meta property=\"og:description\" content=\"Ulisse BonsaiPro Pumex Optima Washed Pumice ist ein hochwertiger Bimsstein, der vor dem Verpacken gesiebt, gewaschen und getrocknet wurde. Erfahren Sie mehr.\" \/>\n<meta property=\"og:url\" content=\"https:\/\/www.ulissequalityshop.com\/de\/prodotto\/bonsaipro-pumex-optima-bimsstein-waschmittel\/\" \/>\n<meta property=\"og:site_name\" content=\"Ulisse Quality Shop\" \/>\n<meta property=\"article:publisher\" content=\"https:\/\/www.facebook.com\/ulissequalityshop\/\" \/>\n<meta property=\"article:modified_time\" content=\"2026-02-17T21:39:56+00:00\" \/>\n<meta property=\"og:image\" content=\"https:\/\/i0.wp.com\/www.ulissequalityshop.com\/wp-content\/uploads\/2023\/03\/BonsaiPro-Pumex-Optima-15l-Media.webp?fit=1000%2C1000&ssl=1\" \/>\n\t<meta property=\"og:image:width\" content=\"1000\" \/>\n\t<meta property=\"og:image:height\" content=\"1000\" \/>\n\t<meta property=\"og:image:type\" content=\"image\/webp\" \/>\n<meta name=\"twitter:card\" content=\"summary_large_image\" \/>\n<meta name=\"twitter:site\" content=\"@UlisseQualoitySh\" \/>\n<meta name=\"twitter:label1\" content=\"Gesch\u00e4tzte Lesezeit\" \/>\n\t<meta name=\"twitter:data1\" content=\"1\u00a0Minute\" \/>\n<script type=\"application\/ld+json\" class=\"yoast-schema-graph\">{\"@context\":\"https:\/\/schema.org\",\"@graph\":[{\"@type\":\"WebPage\",\"@id\":\"https:\/\/www.ulissequalityshop.com\/de\/prodotto\/bonsaipro-pumex-optima-bimsstein-waschmittel\/\",\"url\":\"https:\/\/www.ulissequalityshop.com\/de\/prodotto\/bonsaipro-pumex-optima-bimsstein-waschmittel\/\",\"name\":\"BonsaiPro Pumex Optima Bimsstein Waschmittel - Ulisse Quality Shop\",\"isPartOf\":{\"@id\":\"https:\/\/www.ulissequalityshop.com\/de\/#website\"},\"primaryImageOfPage\":{\"@id\":\"https:\/\/www.ulissequalityshop.com\/de\/prodotto\/bonsaipro-pumex-optima-bimsstein-waschmittel\/#primaryimage\"},\"image\":{\"@id\":\"https:\/\/www.ulissequalityshop.com\/de\/prodotto\/bonsaipro-pumex-optima-bimsstein-waschmittel\/#primaryimage\"},\"thumbnailUrl\":\"https:\/\/i0.wp.com\/www.ulissequalityshop.com\/wp-content\/uploads\/2023\/03\/BonsaiPro-Pumex-Optima-15l-Media.webp?fit=1000%2C1000&ssl=1\",\"datePublished\":\"2023-03-15T21:58:52+00:00\",\"dateModified\":\"2026-02-17T21:39:56+00:00\",\"description\":\"Ulisse BonsaiPro Pumex Optima Washed Pumice ist ein hochwertiger Bimsstein, der vor dem Verpacken gesiebt, gewaschen und getrocknet wurde. Erfahren Sie mehr.\",\"breadcrumb\":{\"@id\":\"https:\/\/www.ulissequalityshop.com\/de\/prodotto\/bonsaipro-pumex-optima-bimsstein-waschmittel\/#breadcrumb\"},\"inLanguage\":\"de\",\"potentialAction\":[{\"@type\":\"ReadAction\",\"target\":[\"https:\/\/www.ulissequalityshop.com\/de\/prodotto\/bonsaipro-pumex-optima-bimsstein-waschmittel\/\"]}]},{\"@type\":\"ImageObject\",\"inLanguage\":\"de\",\"@id\":\"https:\/\/www.ulissequalityshop.com\/de\/prodotto\/bonsaipro-pumex-optima-bimsstein-waschmittel\/#primaryimage\",\"url\":\"https:\/\/i0.wp.com\/www.ulissequalityshop.com\/wp-content\/uploads\/2023\/03\/BonsaiPro-Pumex-Optima-15l-Media.webp?fit=1000%2C1000&ssl=1\",\"contentUrl\":\"https:\/\/i0.wp.com\/www.ulissequalityshop.com\/wp-content\/uploads\/2023\/03\/BonsaiPro-Pumex-Optima-15l-Media.webp?fit=1000%2C1000&ssl=1\",\"width\":1000,\"height\":1000,\"caption\":\"BonsaiPro Pumex Optima Bimsstein Waschmittel\"},{\"@type\":\"BreadcrumbList\",\"@id\":\"https:\/\/www.ulissequalityshop.com\/de\/prodotto\/bonsaipro-pumex-optima-bimsstein-waschmittel\/#breadcrumb\",\"itemListElement\":[{\"@type\":\"ListItem\",\"position\":1,\"name\":\"Start\",\"item\":\"https:\/\/www.ulissequalityshop.com\/de\/\"},{\"@type\":\"ListItem\",\"position\":2,\"name\":\"Ulisse Quality Shop\",\"item\":\"https:\/\/www.ulissequalityshop.com\/\"},{\"@type\":\"ListItem\",\"position\":3,\"name\":\"BonsaiPro Pumex Optima Bimsstein Waschmittel\"}]},{\"@type\":\"WebSite\",\"@id\":\"https:\/\/www.ulissequalityshop.com\/de\/#website\",\"url\":\"https:\/\/www.ulissequalityshop.com\/de\/\",\"name\":\"Ulisse Quality Shop\",\"description\":\"Tutto per i tuoi pets\",\"potentialAction\":[{\"@type\":\"SearchAction\",\"target\":{\"@type\":\"EntryPoint\",\"urlTemplate\":\"https:\/\/www.ulissequalityshop.com\/de\/?s={search_term_string}\"},\"query-input\":{\"@type\":\"PropertyValueSpecification\",\"valueRequired\":true,\"valueName\":\"search_term_string\"}}],\"inLanguage\":\"de\"}]}<\/script>\n<!-- \/ Yoast SEO plugin. -->","yoast_head_json":{"title":"BonsaiPro Pumex Optima Bimsstein Waschmittel - Ulisse Quality Shop","description":"Ulisse BonsaiPro Pumex Optima Washed Pumice ist ein hochwertiger Bimsstein, der vor dem Verpacken gesiebt, gewaschen und getrocknet wurde. Erfahren Sie mehr.","robots":{"index":"index","follow":"follow","max-snippet":"max-snippet:-1","max-image-preview":"max-image-preview:large","max-video-preview":"max-video-preview:-1"},"canonical":"https:\/\/www.ulissequalityshop.com\/de\/prodotto\/bonsaipro-pumex-optima-bimsstein-waschmittel\/","og_locale":"de_DE","og_type":"article","og_title":"BonsaiPro Pumex Optima Bimsstein Waschmittel - Ulisse Quality Shop","og_description":"Ulisse BonsaiPro Pumex Optima Washed Pumice ist ein hochwertiger Bimsstein, der vor dem Verpacken gesiebt, gewaschen und getrocknet wurde. Erfahren Sie mehr.","og_url":"https:\/\/www.ulissequalityshop.com\/de\/prodotto\/bonsaipro-pumex-optima-bimsstein-waschmittel\/","og_site_name":"Ulisse Quality Shop","article_publisher":"https:\/\/www.facebook.com\/ulissequalityshop\/","article_modified_time":"2026-02-17T21:39:56+00:00","og_image":[{"width":1000,"height":1000,"url":"https:\/\/i0.wp.com\/www.ulissequalityshop.com\/wp-content\/uploads\/2023\/03\/BonsaiPro-Pumex-Optima-15l-Media.webp?fit=1000%2C1000&ssl=1","type":"image\/webp"}],"twitter_card":"summary_large_image","twitter_site":"@UlisseQualoitySh","twitter_misc":{"Gesch\u00e4tzte Lesezeit":"1\u00a0Minute"},"schema":{"@context":"https:\/\/schema.org","@graph":[{"@type":"WebPage","@id":"https:\/\/www.ulissequalityshop.com\/de\/prodotto\/bonsaipro-pumex-optima-bimsstein-waschmittel\/","url":"https:\/\/www.ulissequalityshop.com\/de\/prodotto\/bonsaipro-pumex-optima-bimsstein-waschmittel\/","name":"BonsaiPro Pumex Optima Bimsstein Waschmittel - Ulisse Quality Shop","isPartOf":{"@id":"https:\/\/www.ulissequalityshop.com\/de\/#website"},"primaryImageOfPage":{"@id":"https:\/\/www.ulissequalityshop.com\/de\/prodotto\/bonsaipro-pumex-optima-bimsstein-waschmittel\/#primaryimage"},"image":{"@id":"https:\/\/www.ulissequalityshop.com\/de\/prodotto\/bonsaipro-pumex-optima-bimsstein-waschmittel\/#primaryimage"},"thumbnailUrl":"https:\/\/i0.wp.com\/www.ulissequalityshop.com\/wp-content\/uploads\/2023\/03\/BonsaiPro-Pumex-Optima-15l-Media.webp?fit=1000%2C1000&ssl=1","datePublished":"2023-03-15T21:58:52+00:00","dateModified":"2026-02-17T21:39:56+00:00","description":"Ulisse BonsaiPro Pumex Optima Washed Pumice ist ein hochwertiger Bimsstein, der vor dem Verpacken gesiebt, gewaschen und getrocknet wurde. Erfahren Sie mehr.","breadcrumb":{"@id":"https:\/\/www.ulissequalityshop.com\/de\/prodotto\/bonsaipro-pumex-optima-bimsstein-waschmittel\/#breadcrumb"},"inLanguage":"de","potentialAction":[{"@type":"ReadAction","target":["https:\/\/www.ulissequalityshop.com\/de\/prodotto\/bonsaipro-pumex-optima-bimsstein-waschmittel\/"]}]},{"@type":"ImageObject","inLanguage":"de","@id":"https:\/\/www.ulissequalityshop.com\/de\/prodotto\/bonsaipro-pumex-optima-bimsstein-waschmittel\/#primaryimage","url":"https:\/\/i0.wp.com\/www.ulissequalityshop.com\/wp-content\/uploads\/2023\/03\/BonsaiPro-Pumex-Optima-15l-Media.webp?fit=1000%2C1000&ssl=1","contentUrl":"https:\/\/i0.wp.com\/www.ulissequalityshop.com\/wp-content\/uploads\/2023\/03\/BonsaiPro-Pumex-Optima-15l-Media.webp?fit=1000%2C1000&ssl=1","width":1000,"height":1000,"caption":"BonsaiPro Pumex Optima Bimsstein Waschmittel"},{"@type":"BreadcrumbList","@id":"https:\/\/www.ulissequalityshop.com\/de\/prodotto\/bonsaipro-pumex-optima-bimsstein-waschmittel\/#breadcrumb","itemListElement":[{"@type":"ListItem","position":1,"name":"Start","item":"https:\/\/www.ulissequalityshop.com\/de\/"},{"@type":"ListItem","position":2,"name":"Ulisse Quality Shop","item":"https:\/\/www.ulissequalityshop.com\/"},{"@type":"ListItem","position":3,"name":"BonsaiPro Pumex Optima Bimsstein Waschmittel"}]},{"@type":"WebSite","@id":"https:\/\/www.ulissequalityshop.com\/de\/#website","url":"https:\/\/www.ulissequalityshop.com\/de\/","name":"Ulisse Quality Shop","description":"Tutto per i tuoi pets","potentialAction":[{"@type":"SearchAction","target":{"@type":"EntryPoint","urlTemplate":"https:\/\/www.ulissequalityshop.com\/de\/?s={search_term_string}"},"query-input":{"@type":"PropertyValueSpecification","valueRequired":true,"valueName":"search_term_string"}}],"inLanguage":"de"}]}},"jetpack_sharing_enabled":true,"brands":[{"id":2107,"name":"BonsaiPro","slug":"bonsaipro"},{"id":2066,"name":"Ulisse","slug":"ulisse"}],"_links":{"self":[{"href":"https:\/\/www.ulissequalityshop.com\/de\/wp-json\/wp\/v2\/product\/18036","targetHints":{"allow":["GET"]}}],"collection":[{"href":"https:\/\/www.ulissequalityshop.com\/de\/wp-json\/wp\/v2\/product"}],"about":[{"href":"https:\/\/www.ulissequalityshop.com\/de\/wp-json\/wp\/v2\/types\/product"}],"replies":[{"embeddable":true,"href":"https:\/\/www.ulissequalityshop.com\/de\/wp-json\/wp\/v2\/comments?post=18036"}],"wp:featuredmedia":[{"embeddable":true,"href":"https:\/\/www.ulissequalityshop.com\/de\/wp-json\/wp\/v2\/media\/18890"}],"wp:attachment":[{"href":"https:\/\/www.ulissequalityshop.com\/de\/wp-json\/wp\/v2\/media?parent=18036"}],"wp:term":[{"taxonomy":"pwb-brand","embeddable":true,"href":"https:\/\/www.ulissequalityshop.com\/de\/wp-json\/wp\/v2\/pwb-brand?post=18036"},{"taxonomy":"product_brand","embeddable":true,"href":"https:\/\/www.ulissequalityshop.com\/de\/wp-json\/wp\/v2\/product_brand?post=18036"},{"taxonomy":"product_cat","embeddable":true,"href":"https:\/\/www.ulissequalityshop.com\/de\/wp-json\/wp\/v2\/product_cat?post=18036"},{"taxonomy":"product_tag","embeddable":true,"href":"https:\/\/www.ulissequalityshop.com\/de\/wp-json\/wp\/v2\/product_tag?post=18036"},{"taxonomy":"woo-feed-brand","embeddable":true,"href":"https:\/\/www.ulissequalityshop.com\/de\/wp-json\/wp\/v2\/woo-feed-brand?post=18036"}],"curies":[{"name":"wp","href":"https:\/\/api.w.org\/{rel}","templated":true}]}}