{"id":18066,"date":"2024-12-15T17:58:35","date_gmt":"2024-12-15T16:58:35","guid":{"rendered":"https:\/\/www.ulissequalityshop.com\/prodotto\/ocean-live-weiche-filterwatte-fuer-aquarium-37x50\/"},"modified":"2024-12-15T17:58:35","modified_gmt":"2024-12-15T16:58:35","slug":"ocean-live-weiche-filterwatte-fuer-aquarium-37x50","status":"publish","type":"product","link":"https:\/\/www.ulissequalityshop.com\/de\/prodotto\/ocean-live-weiche-filterwatte-fuer-aquarium-37x50\/","title":{"rendered":"Ocean Live Weiche Filterwatte f\u00fcr Aquarium 37&#215;50"},"content":{"rendered":"<p><strong>Ocean Live Soft Filter Cotton<\/strong> ist eine weiche Synthetikfaser zum Einsetzen in den Aquarienfilter. Wie synthetische Wolle kann sie am Einlass des Filters, aber auch am Auslass verwendet werden, um zu verhindern, dass Makroverunreinigungen wieder in das Becken gelangen. Die spezielle Struktur erm\u00f6glicht eine hervorragende mechanische und biologische Filterung im Aquarium, wodurch das Wasser kristallklar wird. Die Ocean Live Filterwatte kann mehrmals wiederverwendet werden. Sp\u00fclen Sie sie regelm\u00e4\u00dfig aus, um alle angesammelten Verunreinigungen zu entfernen.  <\/p>\n<h2><strong>Ocean Live Filter Cotton, Merkmale:<\/strong><\/h2>\n<ul>\n<li>zum Einsetzen in den Aquarienfilter<\/li>\n<li>verhindert das Eindringen von Makroschadstoffen<\/li>\n<li>hat eine mechanische und biologische Wirkung<\/li>\n<li>kann ausgesp\u00fclt und wiederverwendet werden<\/li>\n<li>hilft, das Wasser kristallklar zu machen<\/li>\n<li>Ma\u00dfe: 37x50x2,5 cm<\/li>\n<\/ul>\n","protected":false},"excerpt":{"rendered":"<p><strong>Ocean Live Soft Filter Cotton<\/strong> ist eine weiche Synthetikfaser zum Einsetzen in den Aquarienfilter. Sie kann am Einlass des Filters, aber auch am Auslass verwendet werden, um zu verhindern, dass Makroverunreinigungen in das Aquarium zur\u00fcckkehren. <\/p>\n","protected":false},"featured_media":18067,"comment_status":"open","ping_status":"closed","template":"","meta":{"_et_pb_use_builder":"","_et_pb_old_content":"","_et_gb_content_width":""},"pwb-brand":[1745],"product_brand":[],"product_cat":[2577,2262,2273],"product_tag":[2580,2578,2579],"woo-feed-brand":[1950],"class_list":{"0":"post-18066","1":"product","2":"type-product","3":"status-publish","4":"has-post-thumbnail","6":"pwb-brand-ocean-live","7":"product_cat-materialien-filtern","8":"product_cat-aquarium-hobby-de","9":"product_cat-filter-und-filtermaterialien","10":"product_tag-filter-baumwolle","11":"product_tag-ozean-live","12":"product_tag-wolle","13":"product_shipping_class-0-3-kg-de","14":"woo-feed-brand-ocean-live","16":"first","17":"instock","18":"sale","19":"taxable","20":"shipping-taxable","21":"purchasable","22":"product-type-simple"},"yoast_head":"<!-- This site is optimized with the Yoast SEO plugin v26.7 - https:\/\/yoast.com\/wordpress\/plugins\/seo\/ -->\n<title>Ocean Live Weiche Filterwatte f\u00fcr Aquarium 37x50 - Ulisse Quality Shop<\/title>\n<meta name=\"description\" content=\"Ocean Live Soft Filter Cotton ist eine weiche synthetische Filterfaser zum Einsetzen in den Aquarienfilter. Erfahren Sie mehr.\" \/>\n<meta name=\"robots\" content=\"index, follow, max-snippet:-1, max-image-preview:large, max-video-preview:-1\" \/>\n<link rel=\"canonical\" href=\"https:\/\/www.ulissequalityshop.com\/de\/prodotto\/ocean-live-weiche-filterwatte-fuer-aquarium-37x50\/\" \/>\n<meta property=\"og:locale\" content=\"de_DE\" \/>\n<meta property=\"og:type\" content=\"article\" \/>\n<meta property=\"og:title\" content=\"Ocean Live Weiche Filterwatte f\u00fcr Aquarium 37x50 - Ulisse Quality Shop\" \/>\n<meta property=\"og:description\" content=\"Ocean Live Soft Filter Cotton ist eine weiche synthetische Filterfaser zum Einsetzen in den Aquarienfilter. Erfahren Sie mehr.\" \/>\n<meta property=\"og:url\" content=\"https:\/\/www.ulissequalityshop.com\/de\/prodotto\/ocean-live-weiche-filterwatte-fuer-aquarium-37x50\/\" \/>\n<meta property=\"og:site_name\" content=\"Ulisse Quality Shop\" \/>\n<meta property=\"article:publisher\" content=\"https:\/\/www.facebook.com\/ulissequalityshop\/\" \/>\n<meta property=\"og:image\" content=\"https:\/\/www.ulissequalityshop.com\/wp-content\/uploads\/2021\/10\/oceanlive-cotonefiltrante.png\" \/>\n\t<meta property=\"og:image:width\" content=\"1200\" \/>\n\t<meta property=\"og:image:height\" content=\"1200\" \/>\n\t<meta property=\"og:image:type\" content=\"image\/png\" \/>\n<meta name=\"twitter:card\" content=\"summary_large_image\" \/>\n<meta name=\"twitter:site\" content=\"@UlisseQualoitySh\" \/>\n<meta name=\"twitter:label1\" content=\"Gesch\u00e4tzte Lesezeit\" \/>\n\t<meta name=\"twitter:data1\" content=\"1\u00a0Minute\" \/>\n<script type=\"application\/ld+json\" class=\"yoast-schema-graph\">{\"@context\":\"https:\/\/schema.org\",\"@graph\":[{\"@type\":\"WebPage\",\"@id\":\"https:\/\/www.ulissequalityshop.com\/de\/prodotto\/ocean-live-weiche-filterwatte-fuer-aquarium-37x50\/\",\"url\":\"https:\/\/www.ulissequalityshop.com\/de\/prodotto\/ocean-live-weiche-filterwatte-fuer-aquarium-37x50\/\",\"name\":\"Ocean Live Weiche Filterwatte f\u00fcr Aquarium 37x50 - Ulisse Quality Shop\",\"isPartOf\":{\"@id\":\"https:\/\/www.ulissequalityshop.com\/de\/#website\"},\"primaryImageOfPage\":{\"@id\":\"https:\/\/www.ulissequalityshop.com\/de\/prodotto\/ocean-live-weiche-filterwatte-fuer-aquarium-37x50\/#primaryimage\"},\"image\":{\"@id\":\"https:\/\/www.ulissequalityshop.com\/de\/prodotto\/ocean-live-weiche-filterwatte-fuer-aquarium-37x50\/#primaryimage\"},\"thumbnailUrl\":\"https:\/\/i0.wp.com\/www.ulissequalityshop.com\/wp-content\/uploads\/2021\/10\/oceanlive-cotonefiltrante.png?fit=1200%2C1200&ssl=1\",\"datePublished\":\"2024-12-15T16:58:35+00:00\",\"description\":\"Ocean Live Soft Filter Cotton ist eine weiche synthetische Filterfaser zum Einsetzen in den Aquarienfilter. Erfahren Sie mehr.\",\"breadcrumb\":{\"@id\":\"https:\/\/www.ulissequalityshop.com\/de\/prodotto\/ocean-live-weiche-filterwatte-fuer-aquarium-37x50\/#breadcrumb\"},\"inLanguage\":\"de\",\"potentialAction\":[{\"@type\":\"ReadAction\",\"target\":[\"https:\/\/www.ulissequalityshop.com\/de\/prodotto\/ocean-live-weiche-filterwatte-fuer-aquarium-37x50\/\"]}]},{\"@type\":\"ImageObject\",\"inLanguage\":\"de\",\"@id\":\"https:\/\/www.ulissequalityshop.com\/de\/prodotto\/ocean-live-weiche-filterwatte-fuer-aquarium-37x50\/#primaryimage\",\"url\":\"https:\/\/i0.wp.com\/www.ulissequalityshop.com\/wp-content\/uploads\/2021\/10\/oceanlive-cotonefiltrante.png?fit=1200%2C1200&ssl=1\",\"contentUrl\":\"https:\/\/i0.wp.com\/www.ulissequalityshop.com\/wp-content\/uploads\/2021\/10\/oceanlive-cotonefiltrante.png?fit=1200%2C1200&ssl=1\",\"width\":1200,\"height\":1200,\"caption\":\"Ocean Live Cotone Filtrante Morbido per Acquario\"},{\"@type\":\"BreadcrumbList\",\"@id\":\"https:\/\/www.ulissequalityshop.com\/de\/prodotto\/ocean-live-weiche-filterwatte-fuer-aquarium-37x50\/#breadcrumb\",\"itemListElement\":[{\"@type\":\"ListItem\",\"position\":1,\"name\":\"Start\",\"item\":\"https:\/\/www.ulissequalityshop.com\/de\/\"},{\"@type\":\"ListItem\",\"position\":2,\"name\":\"Ulisse Quality Shop\",\"item\":\"https:\/\/www.ulissequalityshop.com\/\"},{\"@type\":\"ListItem\",\"position\":3,\"name\":\"Ocean Live Weiche Filterwatte f\u00fcr Aquarium 37&#215;50\"}]},{\"@type\":\"WebSite\",\"@id\":\"https:\/\/www.ulissequalityshop.com\/de\/#website\",\"url\":\"https:\/\/www.ulissequalityshop.com\/de\/\",\"name\":\"Ulisse Quality Shop\",\"description\":\"Tutto per i tuoi pets\",\"potentialAction\":[{\"@type\":\"SearchAction\",\"target\":{\"@type\":\"EntryPoint\",\"urlTemplate\":\"https:\/\/www.ulissequalityshop.com\/de\/?s={search_term_string}\"},\"query-input\":{\"@type\":\"PropertyValueSpecification\",\"valueRequired\":true,\"valueName\":\"search_term_string\"}}],\"inLanguage\":\"de\"}]}<\/script>\n<!-- \/ Yoast SEO plugin. -->","yoast_head_json":{"title":"Ocean Live Weiche Filterwatte f\u00fcr Aquarium 37x50 - Ulisse Quality Shop","description":"Ocean Live Soft Filter Cotton ist eine weiche synthetische Filterfaser zum Einsetzen in den Aquarienfilter. Erfahren Sie mehr.","robots":{"index":"index","follow":"follow","max-snippet":"max-snippet:-1","max-image-preview":"max-image-preview:large","max-video-preview":"max-video-preview:-1"},"canonical":"https:\/\/www.ulissequalityshop.com\/de\/prodotto\/ocean-live-weiche-filterwatte-fuer-aquarium-37x50\/","og_locale":"de_DE","og_type":"article","og_title":"Ocean Live Weiche Filterwatte f\u00fcr Aquarium 37x50 - Ulisse Quality Shop","og_description":"Ocean Live Soft Filter Cotton ist eine weiche synthetische Filterfaser zum Einsetzen in den Aquarienfilter. Erfahren Sie mehr.","og_url":"https:\/\/www.ulissequalityshop.com\/de\/prodotto\/ocean-live-weiche-filterwatte-fuer-aquarium-37x50\/","og_site_name":"Ulisse Quality Shop","article_publisher":"https:\/\/www.facebook.com\/ulissequalityshop\/","og_image":[{"width":1200,"height":1200,"url":"https:\/\/www.ulissequalityshop.com\/wp-content\/uploads\/2021\/10\/oceanlive-cotonefiltrante.png","type":"image\/png"}],"twitter_card":"summary_large_image","twitter_site":"@UlisseQualoitySh","twitter_misc":{"Gesch\u00e4tzte Lesezeit":"1\u00a0Minute"},"schema":{"@context":"https:\/\/schema.org","@graph":[{"@type":"WebPage","@id":"https:\/\/www.ulissequalityshop.com\/de\/prodotto\/ocean-live-weiche-filterwatte-fuer-aquarium-37x50\/","url":"https:\/\/www.ulissequalityshop.com\/de\/prodotto\/ocean-live-weiche-filterwatte-fuer-aquarium-37x50\/","name":"Ocean Live Weiche Filterwatte f\u00fcr Aquarium 37x50 - Ulisse Quality Shop","isPartOf":{"@id":"https:\/\/www.ulissequalityshop.com\/de\/#website"},"primaryImageOfPage":{"@id":"https:\/\/www.ulissequalityshop.com\/de\/prodotto\/ocean-live-weiche-filterwatte-fuer-aquarium-37x50\/#primaryimage"},"image":{"@id":"https:\/\/www.ulissequalityshop.com\/de\/prodotto\/ocean-live-weiche-filterwatte-fuer-aquarium-37x50\/#primaryimage"},"thumbnailUrl":"https:\/\/i0.wp.com\/www.ulissequalityshop.com\/wp-content\/uploads\/2021\/10\/oceanlive-cotonefiltrante.png?fit=1200%2C1200&ssl=1","datePublished":"2024-12-15T16:58:35+00:00","description":"Ocean Live Soft Filter Cotton ist eine weiche synthetische Filterfaser zum Einsetzen in den Aquarienfilter. Erfahren Sie mehr.","breadcrumb":{"@id":"https:\/\/www.ulissequalityshop.com\/de\/prodotto\/ocean-live-weiche-filterwatte-fuer-aquarium-37x50\/#breadcrumb"},"inLanguage":"de","potentialAction":[{"@type":"ReadAction","target":["https:\/\/www.ulissequalityshop.com\/de\/prodotto\/ocean-live-weiche-filterwatte-fuer-aquarium-37x50\/"]}]},{"@type":"ImageObject","inLanguage":"de","@id":"https:\/\/www.ulissequalityshop.com\/de\/prodotto\/ocean-live-weiche-filterwatte-fuer-aquarium-37x50\/#primaryimage","url":"https:\/\/i0.wp.com\/www.ulissequalityshop.com\/wp-content\/uploads\/2021\/10\/oceanlive-cotonefiltrante.png?fit=1200%2C1200&ssl=1","contentUrl":"https:\/\/i0.wp.com\/www.ulissequalityshop.com\/wp-content\/uploads\/2021\/10\/oceanlive-cotonefiltrante.png?fit=1200%2C1200&ssl=1","width":1200,"height":1200,"caption":"Ocean Live Cotone Filtrante Morbido per Acquario"},{"@type":"BreadcrumbList","@id":"https:\/\/www.ulissequalityshop.com\/de\/prodotto\/ocean-live-weiche-filterwatte-fuer-aquarium-37x50\/#breadcrumb","itemListElement":[{"@type":"ListItem","position":1,"name":"Start","item":"https:\/\/www.ulissequalityshop.com\/de\/"},{"@type":"ListItem","position":2,"name":"Ulisse Quality Shop","item":"https:\/\/www.ulissequalityshop.com\/"},{"@type":"ListItem","position":3,"name":"Ocean Live Weiche Filterwatte f\u00fcr Aquarium 37&#215;50"}]},{"@type":"WebSite","@id":"https:\/\/www.ulissequalityshop.com\/de\/#website","url":"https:\/\/www.ulissequalityshop.com\/de\/","name":"Ulisse Quality Shop","description":"Tutto per i tuoi pets","potentialAction":[{"@type":"SearchAction","target":{"@type":"EntryPoint","urlTemplate":"https:\/\/www.ulissequalityshop.com\/de\/?s={search_term_string}"},"query-input":{"@type":"PropertyValueSpecification","valueRequired":true,"valueName":"search_term_string"}}],"inLanguage":"de"}]}},"jetpack_sharing_enabled":true,"brands":[{"id":1745,"name":"Ocean Live","slug":"ocean-live"}],"_links":{"self":[{"href":"https:\/\/www.ulissequalityshop.com\/de\/wp-json\/wp\/v2\/product\/18066","targetHints":{"allow":["GET"]}}],"collection":[{"href":"https:\/\/www.ulissequalityshop.com\/de\/wp-json\/wp\/v2\/product"}],"about":[{"href":"https:\/\/www.ulissequalityshop.com\/de\/wp-json\/wp\/v2\/types\/product"}],"replies":[{"embeddable":true,"href":"https:\/\/www.ulissequalityshop.com\/de\/wp-json\/wp\/v2\/comments?post=18066"}],"wp:featuredmedia":[{"embeddable":true,"href":"https:\/\/www.ulissequalityshop.com\/de\/wp-json\/wp\/v2\/media\/18067"}],"wp:attachment":[{"href":"https:\/\/www.ulissequalityshop.com\/de\/wp-json\/wp\/v2\/media?parent=18066"}],"wp:term":[{"taxonomy":"pwb-brand","embeddable":true,"href":"https:\/\/www.ulissequalityshop.com\/de\/wp-json\/wp\/v2\/pwb-brand?post=18066"},{"taxonomy":"product_brand","embeddable":true,"href":"https:\/\/www.ulissequalityshop.com\/de\/wp-json\/wp\/v2\/product_brand?post=18066"},{"taxonomy":"product_cat","embeddable":true,"href":"https:\/\/www.ulissequalityshop.com\/de\/wp-json\/wp\/v2\/product_cat?post=18066"},{"taxonomy":"product_tag","embeddable":true,"href":"https:\/\/www.ulissequalityshop.com\/de\/wp-json\/wp\/v2\/product_tag?post=18066"},{"taxonomy":"woo-feed-brand","embeddable":true,"href":"https:\/\/www.ulissequalityshop.com\/de\/wp-json\/wp\/v2\/woo-feed-brand?post=18066"}],"curies":[{"name":"wp","href":"https:\/\/api.w.org\/{rel}","templated":true}]}}