{"id":18077,"date":"2021-10-17T15:17:08","date_gmt":"2021-10-17T13:17:08","guid":{"rendered":"https:\/\/www.ulissequalityshop.com\/prodotto\/camon-ersatz-haarsammelbuerste-fuer-kleber\/"},"modified":"2021-10-17T15:17:08","modified_gmt":"2021-10-17T13:17:08","slug":"camon-ersatz-haarsammelbuerste-fuer-kleber","status":"publish","type":"product","link":"https:\/\/www.ulissequalityshop.com\/de\/prodotto\/camon-ersatz-haarsammelbuerste-fuer-kleber\/","title":{"rendered":"Camon Ersatz-Haarsammelb\u00fcrste f\u00fcr Kleber"},"content":{"rendered":"<p>Die <strong>Camon<\/strong> <strong>Ersatz-Rollerb\u00fcrste<\/strong> ist der unverzichtbare Ersatz f\u00fcr Ihre <strong>Teleskop-Haarsammelb\u00fcrste.<\/strong><\/p>\n<h2><strong>Ersatz-Haarsammelb\u00fcrste, Merkmale:<\/strong><\/h2>\n<ul>\n<li>Einzelne Packung<\/li>\n<li>Spezieller Ersatz f\u00fcr die <a href=\"https:\/\/www.ulissequalityshop.com\/prodotto\/camon-spazzola-adesiva-raccogli-pelo-grande\/\" target=\"_blank\" rel=\"noopener noreferrer\"><strong>Camon Teleskop-Haarentfernungsb\u00fcrste<\/strong><\/a><\/li>\n<li>30-Blatt-Rolle 22 x 28 cm<\/li>\n<\/ul>\n","protected":false},"excerpt":{"rendered":"<p>Die <strong>Camon<\/strong> <strong>Ersatz-Rollerb\u00fcrste<\/strong> ist der unverzichtbare Ersatz f\u00fcr Ihre <strong>Teleskop-Haarsammelb\u00fcrste.<\/strong><\/p>\n<ul>\n<li>30-Blatt-Rolle 22 x 28 cm<\/li>\n<\/ul>\n<p><strong>Auf dieses Produkt <span style=\"color: #ff0000;\">erhalten Sie Mengenrabatte<\/span>, wenn Sie 4 oder 6 St\u00fcck kaufen.<\/strong><\/p>\n","protected":false},"featured_media":18078,"comment_status":"open","ping_status":"closed","template":"","meta":{"_et_pb_use_builder":"","_et_pb_old_content":"","_et_gb_content_width":""},"pwb-brand":[1127],"product_brand":[],"product_cat":[2585,2288,2586,2267],"product_tag":[2381,2588,2587],"woo-feed-brand":[1888],"class_list":{"0":"post-18077","1":"product","2":"type-product","3":"status-publish","4":"has-post-thumbnail","6":"pwb-brand-camon","7":"product_cat-hundezubehor","8":"product_cat-katzen","9":"product_cat-katzen-zubehor","10":"product_cat-hunde","11":"product_tag-camon-de","12":"product_tag-ersatzrolle","13":"product_tag-klebepinsel","14":"product_shipping_class-0-3-kg-de","15":"woo-feed-brand-camon","17":"first","18":"outofstock","19":"sale","20":"taxable","21":"shipping-taxable","22":"purchasable","23":"product-type-simple"},"yoast_head":"<!-- This site is optimized with the Yoast SEO plugin v26.7 - https:\/\/yoast.com\/wordpress\/plugins\/seo\/ -->\n<title>- Ersatzb\u00fcrste Kleber Haarsammler Ulisse Quality Shop<\/title>\n<meta name=\"description\" content=\"Die Camon Ersatz-Rollerb\u00fcrste ist der unverzichtbare Ersatz f\u00fcr Ihre Teleskop-Haarsammelb\u00fcrste. Erfahren Sie mehr.\" \/>\n<meta name=\"robots\" content=\"index, follow, max-snippet:-1, max-image-preview:large, max-video-preview:-1\" \/>\n<link rel=\"canonical\" href=\"https:\/\/www.ulissequalityshop.com\/de\/prodotto\/camon-ersatz-haarsammelbuerste-fuer-kleber\/\" \/>\n<meta property=\"og:locale\" content=\"de_DE\" \/>\n<meta property=\"og:type\" content=\"article\" \/>\n<meta property=\"og:title\" content=\"- Ersatzb\u00fcrste Kleber Haarsammler Ulisse Quality Shop\" \/>\n<meta property=\"og:description\" content=\"Die Camon Ersatz-Rollerb\u00fcrste ist der unverzichtbare Ersatz f\u00fcr Ihre Teleskop-Haarsammelb\u00fcrste. Erfahren Sie mehr.\" \/>\n<meta property=\"og:url\" content=\"https:\/\/www.ulissequalityshop.com\/de\/prodotto\/camon-ersatz-haarsammelbuerste-fuer-kleber\/\" \/>\n<meta property=\"og:site_name\" content=\"Ulisse Quality Shop\" \/>\n<meta property=\"article:publisher\" content=\"https:\/\/www.facebook.com\/ulissequalityshop\/\" \/>\n<meta property=\"og:image\" content=\"https:\/\/www.ulissequalityshop.com\/wp-content\/uploads\/2021\/10\/camon-rullo-ricambio-f.jpg\" \/>\n\t<meta property=\"og:image:width\" content=\"1200\" \/>\n\t<meta property=\"og:image:height\" content=\"1200\" \/>\n\t<meta property=\"og:image:type\" content=\"image\/jpeg\" \/>\n<meta name=\"twitter:card\" content=\"summary_large_image\" \/>\n<meta name=\"twitter:site\" content=\"@UlisseQualoitySh\" \/>\n<script type=\"application\/ld+json\" class=\"yoast-schema-graph\">{\"@context\":\"https:\/\/schema.org\",\"@graph\":[{\"@type\":\"WebPage\",\"@id\":\"https:\/\/www.ulissequalityshop.com\/de\/prodotto\/camon-ersatz-haarsammelbuerste-fuer-kleber\/\",\"url\":\"https:\/\/www.ulissequalityshop.com\/de\/prodotto\/camon-ersatz-haarsammelbuerste-fuer-kleber\/\",\"name\":\"- Ersatzb\u00fcrste Kleber Haarsammler Ulisse Quality Shop\",\"isPartOf\":{\"@id\":\"https:\/\/www.ulissequalityshop.com\/de\/#website\"},\"primaryImageOfPage\":{\"@id\":\"https:\/\/www.ulissequalityshop.com\/de\/prodotto\/camon-ersatz-haarsammelbuerste-fuer-kleber\/#primaryimage\"},\"image\":{\"@id\":\"https:\/\/www.ulissequalityshop.com\/de\/prodotto\/camon-ersatz-haarsammelbuerste-fuer-kleber\/#primaryimage\"},\"thumbnailUrl\":\"https:\/\/i0.wp.com\/www.ulissequalityshop.com\/wp-content\/uploads\/2021\/10\/camon-rullo-ricambio-f.jpg?fit=1200%2C1200&ssl=1\",\"datePublished\":\"2021-10-17T13:17:08+00:00\",\"description\":\"Die Camon Ersatz-Rollerb\u00fcrste ist der unverzichtbare Ersatz f\u00fcr Ihre Teleskop-Haarsammelb\u00fcrste. Erfahren Sie mehr.\",\"breadcrumb\":{\"@id\":\"https:\/\/www.ulissequalityshop.com\/de\/prodotto\/camon-ersatz-haarsammelbuerste-fuer-kleber\/#breadcrumb\"},\"inLanguage\":\"de\",\"potentialAction\":[{\"@type\":\"ReadAction\",\"target\":[\"https:\/\/www.ulissequalityshop.com\/de\/prodotto\/camon-ersatz-haarsammelbuerste-fuer-kleber\/\"]}]},{\"@type\":\"ImageObject\",\"inLanguage\":\"de\",\"@id\":\"https:\/\/www.ulissequalityshop.com\/de\/prodotto\/camon-ersatz-haarsammelbuerste-fuer-kleber\/#primaryimage\",\"url\":\"https:\/\/i0.wp.com\/www.ulissequalityshop.com\/wp-content\/uploads\/2021\/10\/camon-rullo-ricambio-f.jpg?fit=1200%2C1200&ssl=1\",\"contentUrl\":\"https:\/\/i0.wp.com\/www.ulissequalityshop.com\/wp-content\/uploads\/2021\/10\/camon-rullo-ricambio-f.jpg?fit=1200%2C1200&ssl=1\",\"width\":1200,\"height\":1200,\"caption\":\"Camon Rullo Ricambio Spazzola Adesiva Raccogli Pelo\"},{\"@type\":\"BreadcrumbList\",\"@id\":\"https:\/\/www.ulissequalityshop.com\/de\/prodotto\/camon-ersatz-haarsammelbuerste-fuer-kleber\/#breadcrumb\",\"itemListElement\":[{\"@type\":\"ListItem\",\"position\":1,\"name\":\"Start\",\"item\":\"https:\/\/www.ulissequalityshop.com\/de\/\"},{\"@type\":\"ListItem\",\"position\":2,\"name\":\"Ulisse Quality Shop\",\"item\":\"https:\/\/www.ulissequalityshop.com\/\"},{\"@type\":\"ListItem\",\"position\":3,\"name\":\"Camon Ersatz-Haarsammelb\u00fcrste f\u00fcr Kleber\"}]},{\"@type\":\"WebSite\",\"@id\":\"https:\/\/www.ulissequalityshop.com\/de\/#website\",\"url\":\"https:\/\/www.ulissequalityshop.com\/de\/\",\"name\":\"Ulisse Quality Shop\",\"description\":\"Tutto per i tuoi pets\",\"potentialAction\":[{\"@type\":\"SearchAction\",\"target\":{\"@type\":\"EntryPoint\",\"urlTemplate\":\"https:\/\/www.ulissequalityshop.com\/de\/?s={search_term_string}\"},\"query-input\":{\"@type\":\"PropertyValueSpecification\",\"valueRequired\":true,\"valueName\":\"search_term_string\"}}],\"inLanguage\":\"de\"}]}<\/script>\n<!-- \/ Yoast SEO plugin. -->","yoast_head_json":{"title":"- Ersatzb\u00fcrste Kleber Haarsammler Ulisse Quality Shop","description":"Die Camon Ersatz-Rollerb\u00fcrste ist der unverzichtbare Ersatz f\u00fcr Ihre Teleskop-Haarsammelb\u00fcrste. Erfahren Sie mehr.","robots":{"index":"index","follow":"follow","max-snippet":"max-snippet:-1","max-image-preview":"max-image-preview:large","max-video-preview":"max-video-preview:-1"},"canonical":"https:\/\/www.ulissequalityshop.com\/de\/prodotto\/camon-ersatz-haarsammelbuerste-fuer-kleber\/","og_locale":"de_DE","og_type":"article","og_title":"- Ersatzb\u00fcrste Kleber Haarsammler Ulisse Quality Shop","og_description":"Die Camon Ersatz-Rollerb\u00fcrste ist der unverzichtbare Ersatz f\u00fcr Ihre Teleskop-Haarsammelb\u00fcrste. Erfahren Sie mehr.","og_url":"https:\/\/www.ulissequalityshop.com\/de\/prodotto\/camon-ersatz-haarsammelbuerste-fuer-kleber\/","og_site_name":"Ulisse Quality Shop","article_publisher":"https:\/\/www.facebook.com\/ulissequalityshop\/","og_image":[{"width":1200,"height":1200,"url":"https:\/\/www.ulissequalityshop.com\/wp-content\/uploads\/2021\/10\/camon-rullo-ricambio-f.jpg","type":"image\/jpeg"}],"twitter_card":"summary_large_image","twitter_site":"@UlisseQualoitySh","schema":{"@context":"https:\/\/schema.org","@graph":[{"@type":"WebPage","@id":"https:\/\/www.ulissequalityshop.com\/de\/prodotto\/camon-ersatz-haarsammelbuerste-fuer-kleber\/","url":"https:\/\/www.ulissequalityshop.com\/de\/prodotto\/camon-ersatz-haarsammelbuerste-fuer-kleber\/","name":"- Ersatzb\u00fcrste Kleber Haarsammler Ulisse Quality Shop","isPartOf":{"@id":"https:\/\/www.ulissequalityshop.com\/de\/#website"},"primaryImageOfPage":{"@id":"https:\/\/www.ulissequalityshop.com\/de\/prodotto\/camon-ersatz-haarsammelbuerste-fuer-kleber\/#primaryimage"},"image":{"@id":"https:\/\/www.ulissequalityshop.com\/de\/prodotto\/camon-ersatz-haarsammelbuerste-fuer-kleber\/#primaryimage"},"thumbnailUrl":"https:\/\/i0.wp.com\/www.ulissequalityshop.com\/wp-content\/uploads\/2021\/10\/camon-rullo-ricambio-f.jpg?fit=1200%2C1200&ssl=1","datePublished":"2021-10-17T13:17:08+00:00","description":"Die Camon Ersatz-Rollerb\u00fcrste ist der unverzichtbare Ersatz f\u00fcr Ihre Teleskop-Haarsammelb\u00fcrste. Erfahren Sie mehr.","breadcrumb":{"@id":"https:\/\/www.ulissequalityshop.com\/de\/prodotto\/camon-ersatz-haarsammelbuerste-fuer-kleber\/#breadcrumb"},"inLanguage":"de","potentialAction":[{"@type":"ReadAction","target":["https:\/\/www.ulissequalityshop.com\/de\/prodotto\/camon-ersatz-haarsammelbuerste-fuer-kleber\/"]}]},{"@type":"ImageObject","inLanguage":"de","@id":"https:\/\/www.ulissequalityshop.com\/de\/prodotto\/camon-ersatz-haarsammelbuerste-fuer-kleber\/#primaryimage","url":"https:\/\/i0.wp.com\/www.ulissequalityshop.com\/wp-content\/uploads\/2021\/10\/camon-rullo-ricambio-f.jpg?fit=1200%2C1200&ssl=1","contentUrl":"https:\/\/i0.wp.com\/www.ulissequalityshop.com\/wp-content\/uploads\/2021\/10\/camon-rullo-ricambio-f.jpg?fit=1200%2C1200&ssl=1","width":1200,"height":1200,"caption":"Camon Rullo Ricambio Spazzola Adesiva Raccogli Pelo"},{"@type":"BreadcrumbList","@id":"https:\/\/www.ulissequalityshop.com\/de\/prodotto\/camon-ersatz-haarsammelbuerste-fuer-kleber\/#breadcrumb","itemListElement":[{"@type":"ListItem","position":1,"name":"Start","item":"https:\/\/www.ulissequalityshop.com\/de\/"},{"@type":"ListItem","position":2,"name":"Ulisse Quality Shop","item":"https:\/\/www.ulissequalityshop.com\/"},{"@type":"ListItem","position":3,"name":"Camon Ersatz-Haarsammelb\u00fcrste f\u00fcr Kleber"}]},{"@type":"WebSite","@id":"https:\/\/www.ulissequalityshop.com\/de\/#website","url":"https:\/\/www.ulissequalityshop.com\/de\/","name":"Ulisse Quality Shop","description":"Tutto per i tuoi pets","potentialAction":[{"@type":"SearchAction","target":{"@type":"EntryPoint","urlTemplate":"https:\/\/www.ulissequalityshop.com\/de\/?s={search_term_string}"},"query-input":{"@type":"PropertyValueSpecification","valueRequired":true,"valueName":"search_term_string"}}],"inLanguage":"de"}]}},"jetpack_sharing_enabled":true,"brands":[{"id":1127,"name":"Camon","slug":"camon"}],"_links":{"self":[{"href":"https:\/\/www.ulissequalityshop.com\/de\/wp-json\/wp\/v2\/product\/18077","targetHints":{"allow":["GET"]}}],"collection":[{"href":"https:\/\/www.ulissequalityshop.com\/de\/wp-json\/wp\/v2\/product"}],"about":[{"href":"https:\/\/www.ulissequalityshop.com\/de\/wp-json\/wp\/v2\/types\/product"}],"replies":[{"embeddable":true,"href":"https:\/\/www.ulissequalityshop.com\/de\/wp-json\/wp\/v2\/comments?post=18077"}],"wp:featuredmedia":[{"embeddable":true,"href":"https:\/\/www.ulissequalityshop.com\/de\/wp-json\/wp\/v2\/media\/18078"}],"wp:attachment":[{"href":"https:\/\/www.ulissequalityshop.com\/de\/wp-json\/wp\/v2\/media?parent=18077"}],"wp:term":[{"taxonomy":"pwb-brand","embeddable":true,"href":"https:\/\/www.ulissequalityshop.com\/de\/wp-json\/wp\/v2\/pwb-brand?post=18077"},{"taxonomy":"product_brand","embeddable":true,"href":"https:\/\/www.ulissequalityshop.com\/de\/wp-json\/wp\/v2\/product_brand?post=18077"},{"taxonomy":"product_cat","embeddable":true,"href":"https:\/\/www.ulissequalityshop.com\/de\/wp-json\/wp\/v2\/product_cat?post=18077"},{"taxonomy":"product_tag","embeddable":true,"href":"https:\/\/www.ulissequalityshop.com\/de\/wp-json\/wp\/v2\/product_tag?post=18077"},{"taxonomy":"woo-feed-brand","embeddable":true,"href":"https:\/\/www.ulissequalityshop.com\/de\/wp-json\/wp\/v2\/woo-feed-brand?post=18077"}],"curies":[{"name":"wp","href":"https:\/\/api.w.org\/{rel}","templated":true}]}}