{"id":18080,"date":"2024-01-19T16:43:41","date_gmt":"2024-01-19T15:43:41","guid":{"rendered":"https:\/\/www.ulissequalityshop.com\/prodotto\/aquili-coral-vitamine-aminosaeuren\/"},"modified":"2024-01-19T16:43:41","modified_gmt":"2024-01-19T15:43:41","slug":"aquili-coral-vitamine-aminosaeuren","status":"publish","type":"product","link":"https:\/\/www.ulissequalityshop.com\/de\/prodotto\/aquili-coral-vitamine-aminosaeuren\/","title":{"rendered":"Aquili Coral Vitamine &amp; Aminos\u00e4uren"},"content":{"rendered":"<p><strong>Aquili Coral Vitamins &amp; Amino <\/strong>Acids ist eine Verbindung aus Vitaminen und Aminos\u00e4uren, die f\u00fcr das Leben von Fischen, Pflanzen und wirbellosen Meerestieren unerl\u00e4sslich ist. Die im Wasser und in der Nahrung verf\u00fcgbaren Vitamine sind oft unzureichend und Aminos\u00e4uren k\u00f6nnen von den Organismen im Aquarium nicht selbst produziert werden.<br \/>\n<strong>Aquili Coral Vitamins &amp; Amino Acids<\/strong> wurde speziell f\u00fcr alle Fische und wirbellosen Meerestiere entwickelt und gew\u00e4hrleistet eine ausgewogene und korrekte Versorgung mit diesen Stoffen, die f\u00fcr ein sch\u00f6nes und lebendiges Aquarium unerl\u00e4sslich sind.<\/p>\n<p>A<strong>quili Coral Vitamins &amp; Amino Acids <\/strong>erh\u00f6ht die Vitalit\u00e4t &#8211; Stimuliert das Wachstum &#8211; Verbessert die F\u00e4rbung &#8211; Erh\u00f6ht die Widerstandsf\u00e4higkeit gegen Krankheiten und hilft so, alle Aquarienbewohner gesund zu halten &#8211; F\u00f6rdert die Fortpflanzungsaktivit\u00e4t Das Produkt ist mit IODIUM angereichert, dessen Mangel ernsthafte Probleme f\u00fcr Lebewesen verursacht.<\/p>\n<p>Z<strong>usammensetzung<\/strong> Vitamine &#8211; A &#8211; D &#8211; E &#8211; C &#8211; B1 &#8211; B2 &#8211; B3 &#8211; B5 &#8211; B6 &#8211; B12 &#8211; Ac. <\/p>\n<p>Fols\u00e4ure &#8211; Biotin &#8211; Aminos\u00e4uren &#8211; 20 verschiedene Sorten &#8211; Jod<\/p>\n<h2><strong>Aquili Coral Vitamins &amp; Amino Acids, Eigenschaften:<\/strong><\/h2>\n<ul>\n<li>erh\u00f6ht die Vitalit\u00e4t<\/li>\n<li>stimuliert das Wachstum<\/li>\n<li>akzentuiert die F\u00e4rbung<\/li>\n<li>erh\u00f6ht die Widerstandsf\u00e4higkeit gegen Krankheiten<\/li>\n<li>hilft, alle Aquarienbewohner gesund zu halten, f\u00f6rdert die Fortpflanzungsaktivit\u00e4t<\/li>\n<li>250 ml Packung<\/li>\n<\/ul>\n<h2><\/h2>\n","protected":false},"excerpt":{"rendered":"<p><strong>Aquili Coral Vitamins &amp; Amino <\/strong>Acids ist eine Verbindung aus Vitaminen und Aminos\u00e4uren, die f\u00fcr das Leben von Fischen, Pflanzen und wirbellosen Meerestieren unerl\u00e4sslich ist. Die im Wasser und in der Nahrung verf\u00fcgbaren Vitamine sind oft unzureichend und Aminos\u00e4uren k\u00f6nnen von den Organismen im Aquarium nicht selbst produziert werden.<\/p>\n","protected":false},"featured_media":18081,"comment_status":"open","ping_status":"closed","template":"","meta":{"_et_pb_use_builder":"","_et_pb_old_content":"","_et_gb_content_width":""},"pwb-brand":[1755],"product_brand":[],"product_cat":[2459,2469,2262],"product_tag":[2589,2591,2590,2592],"woo-feed-brand":[1906],"class_list":{"0":"post-18080","1":"product","2":"type-product","3":"status-publish","4":"has-post-thumbnail","6":"pwb-brand-aquili","7":"product_cat-uncategorized-de","8":"product_cat-wasseraufbereitung","9":"product_cat-aquarium-hobby-de","10":"product_tag-aquarienvitamine","11":"product_tag-aquili-vitamine-aminosauren","12":"product_tag-aquili-koralle","13":"product_tag-fischvitamine","14":"product_shipping_class-0-3-kg-de","15":"woo-feed-brand-aquili","17":"first","18":"instock","19":"sale","20":"taxable","21":"shipping-taxable","22":"purchasable","23":"product-type-simple"},"yoast_head":"<!-- This site is optimized with the Yoast SEO plugin v26.7 - https:\/\/yoast.com\/wordpress\/plugins\/seo\/ -->\n<title>Aquili Coral Vitamine &amp; Aminos\u00e4uren - Ulisse Quality Shop<\/title>\n<meta name=\"description\" content=\"Aquili Coral Vitamins &amp; Amino Acids ist eine Verbindung aus Vitaminen und Aminos\u00e4uren, die f\u00fcr das Leben von Fischen, Pflanzen und wirbellosen Meerestieren unerl\u00e4sslich ist. Erfahren Sie mehr.\" \/>\n<meta name=\"robots\" content=\"index, follow, max-snippet:-1, max-image-preview:large, max-video-preview:-1\" \/>\n<link rel=\"canonical\" href=\"https:\/\/www.ulissequalityshop.com\/de\/prodotto\/aquili-coral-vitamine-aminosaeuren\/\" \/>\n<meta property=\"og:locale\" content=\"de_DE\" \/>\n<meta property=\"og:type\" content=\"article\" \/>\n<meta property=\"og:title\" content=\"Aquili Coral Vitamine &amp; Aminos\u00e4uren - Ulisse Quality Shop\" \/>\n<meta property=\"og:description\" content=\"Aquili Coral Vitamins &amp; Amino Acids ist eine Verbindung aus Vitaminen und Aminos\u00e4uren, die f\u00fcr das Leben von Fischen, Pflanzen und wirbellosen Meerestieren unerl\u00e4sslich ist. Erfahren Sie mehr.\" \/>\n<meta property=\"og:url\" content=\"https:\/\/www.ulissequalityshop.com\/de\/prodotto\/aquili-coral-vitamine-aminosaeuren\/\" \/>\n<meta property=\"og:site_name\" content=\"Ulisse Quality Shop\" \/>\n<meta property=\"article:publisher\" content=\"https:\/\/www.facebook.com\/ulissequalityshop\/\" \/>\n<meta property=\"og:image\" content=\"https:\/\/www.ulissequalityshop.com\/wp-content\/uploads\/2024\/01\/aquili-coral-2.jpg\" \/>\n\t<meta property=\"og:image:width\" content=\"1200\" \/>\n\t<meta property=\"og:image:height\" content=\"2226\" \/>\n\t<meta property=\"og:image:type\" content=\"image\/jpeg\" \/>\n<meta name=\"twitter:card\" content=\"summary_large_image\" \/>\n<meta name=\"twitter:site\" content=\"@UlisseQualoitySh\" \/>\n<meta name=\"twitter:label1\" content=\"Gesch\u00e4tzte Lesezeit\" \/>\n\t<meta name=\"twitter:data1\" content=\"1\u00a0Minute\" \/>\n<script type=\"application\/ld+json\" class=\"yoast-schema-graph\">{\"@context\":\"https:\/\/schema.org\",\"@graph\":[{\"@type\":\"WebPage\",\"@id\":\"https:\/\/www.ulissequalityshop.com\/de\/prodotto\/aquili-coral-vitamine-aminosaeuren\/\",\"url\":\"https:\/\/www.ulissequalityshop.com\/de\/prodotto\/aquili-coral-vitamine-aminosaeuren\/\",\"name\":\"Aquili Coral Vitamine &amp; Aminos\u00e4uren - Ulisse Quality Shop\",\"isPartOf\":{\"@id\":\"https:\/\/www.ulissequalityshop.com\/de\/#website\"},\"primaryImageOfPage\":{\"@id\":\"https:\/\/www.ulissequalityshop.com\/de\/prodotto\/aquili-coral-vitamine-aminosaeuren\/#primaryimage\"},\"image\":{\"@id\":\"https:\/\/www.ulissequalityshop.com\/de\/prodotto\/aquili-coral-vitamine-aminosaeuren\/#primaryimage\"},\"thumbnailUrl\":\"https:\/\/i0.wp.com\/www.ulissequalityshop.com\/wp-content\/uploads\/2024\/01\/aquili-coral-2.jpg?fit=1200%2C2226&ssl=1\",\"datePublished\":\"2024-01-19T15:43:41+00:00\",\"description\":\"Aquili Coral Vitamins & Amino Acids ist eine Verbindung aus Vitaminen und Aminos\u00e4uren, die f\u00fcr das Leben von Fischen, Pflanzen und wirbellosen Meerestieren unerl\u00e4sslich ist. Erfahren Sie mehr.\",\"breadcrumb\":{\"@id\":\"https:\/\/www.ulissequalityshop.com\/de\/prodotto\/aquili-coral-vitamine-aminosaeuren\/#breadcrumb\"},\"inLanguage\":\"de\",\"potentialAction\":[{\"@type\":\"ReadAction\",\"target\":[\"https:\/\/www.ulissequalityshop.com\/de\/prodotto\/aquili-coral-vitamine-aminosaeuren\/\"]}]},{\"@type\":\"ImageObject\",\"inLanguage\":\"de\",\"@id\":\"https:\/\/www.ulissequalityshop.com\/de\/prodotto\/aquili-coral-vitamine-aminosaeuren\/#primaryimage\",\"url\":\"https:\/\/i0.wp.com\/www.ulissequalityshop.com\/wp-content\/uploads\/2024\/01\/aquili-coral-2.jpg?fit=1200%2C2226&ssl=1\",\"contentUrl\":\"https:\/\/i0.wp.com\/www.ulissequalityshop.com\/wp-content\/uploads\/2024\/01\/aquili-coral-2.jpg?fit=1200%2C2226&ssl=1\",\"width\":1200,\"height\":2226,\"caption\":\"Aquili Coral Vitamins & Aminoacids\"},{\"@type\":\"BreadcrumbList\",\"@id\":\"https:\/\/www.ulissequalityshop.com\/de\/prodotto\/aquili-coral-vitamine-aminosaeuren\/#breadcrumb\",\"itemListElement\":[{\"@type\":\"ListItem\",\"position\":1,\"name\":\"Start\",\"item\":\"https:\/\/www.ulissequalityshop.com\/de\/\"},{\"@type\":\"ListItem\",\"position\":2,\"name\":\"Ulisse Quality Shop\",\"item\":\"https:\/\/www.ulissequalityshop.com\/\"},{\"@type\":\"ListItem\",\"position\":3,\"name\":\"Aquili Coral Vitamine &amp; Aminos\u00e4uren\"}]},{\"@type\":\"WebSite\",\"@id\":\"https:\/\/www.ulissequalityshop.com\/de\/#website\",\"url\":\"https:\/\/www.ulissequalityshop.com\/de\/\",\"name\":\"Ulisse Quality Shop\",\"description\":\"Tutto per i tuoi pets\",\"potentialAction\":[{\"@type\":\"SearchAction\",\"target\":{\"@type\":\"EntryPoint\",\"urlTemplate\":\"https:\/\/www.ulissequalityshop.com\/de\/?s={search_term_string}\"},\"query-input\":{\"@type\":\"PropertyValueSpecification\",\"valueRequired\":true,\"valueName\":\"search_term_string\"}}],\"inLanguage\":\"de\"}]}<\/script>\n<!-- \/ Yoast SEO plugin. -->","yoast_head_json":{"title":"Aquili Coral Vitamine &amp; Aminos\u00e4uren - Ulisse Quality Shop","description":"Aquili Coral Vitamins & Amino Acids ist eine Verbindung aus Vitaminen und Aminos\u00e4uren, die f\u00fcr das Leben von Fischen, Pflanzen und wirbellosen Meerestieren unerl\u00e4sslich ist. Erfahren Sie mehr.","robots":{"index":"index","follow":"follow","max-snippet":"max-snippet:-1","max-image-preview":"max-image-preview:large","max-video-preview":"max-video-preview:-1"},"canonical":"https:\/\/www.ulissequalityshop.com\/de\/prodotto\/aquili-coral-vitamine-aminosaeuren\/","og_locale":"de_DE","og_type":"article","og_title":"Aquili Coral Vitamine &amp; Aminos\u00e4uren - Ulisse Quality Shop","og_description":"Aquili Coral Vitamins & Amino Acids ist eine Verbindung aus Vitaminen und Aminos\u00e4uren, die f\u00fcr das Leben von Fischen, Pflanzen und wirbellosen Meerestieren unerl\u00e4sslich ist. Erfahren Sie mehr.","og_url":"https:\/\/www.ulissequalityshop.com\/de\/prodotto\/aquili-coral-vitamine-aminosaeuren\/","og_site_name":"Ulisse Quality Shop","article_publisher":"https:\/\/www.facebook.com\/ulissequalityshop\/","og_image":[{"width":1200,"height":2226,"url":"https:\/\/www.ulissequalityshop.com\/wp-content\/uploads\/2024\/01\/aquili-coral-2.jpg","type":"image\/jpeg"}],"twitter_card":"summary_large_image","twitter_site":"@UlisseQualoitySh","twitter_misc":{"Gesch\u00e4tzte Lesezeit":"1\u00a0Minute"},"schema":{"@context":"https:\/\/schema.org","@graph":[{"@type":"WebPage","@id":"https:\/\/www.ulissequalityshop.com\/de\/prodotto\/aquili-coral-vitamine-aminosaeuren\/","url":"https:\/\/www.ulissequalityshop.com\/de\/prodotto\/aquili-coral-vitamine-aminosaeuren\/","name":"Aquili Coral Vitamine &amp; Aminos\u00e4uren - Ulisse Quality Shop","isPartOf":{"@id":"https:\/\/www.ulissequalityshop.com\/de\/#website"},"primaryImageOfPage":{"@id":"https:\/\/www.ulissequalityshop.com\/de\/prodotto\/aquili-coral-vitamine-aminosaeuren\/#primaryimage"},"image":{"@id":"https:\/\/www.ulissequalityshop.com\/de\/prodotto\/aquili-coral-vitamine-aminosaeuren\/#primaryimage"},"thumbnailUrl":"https:\/\/i0.wp.com\/www.ulissequalityshop.com\/wp-content\/uploads\/2024\/01\/aquili-coral-2.jpg?fit=1200%2C2226&ssl=1","datePublished":"2024-01-19T15:43:41+00:00","description":"Aquili Coral Vitamins & Amino Acids ist eine Verbindung aus Vitaminen und Aminos\u00e4uren, die f\u00fcr das Leben von Fischen, Pflanzen und wirbellosen Meerestieren unerl\u00e4sslich ist. Erfahren Sie mehr.","breadcrumb":{"@id":"https:\/\/www.ulissequalityshop.com\/de\/prodotto\/aquili-coral-vitamine-aminosaeuren\/#breadcrumb"},"inLanguage":"de","potentialAction":[{"@type":"ReadAction","target":["https:\/\/www.ulissequalityshop.com\/de\/prodotto\/aquili-coral-vitamine-aminosaeuren\/"]}]},{"@type":"ImageObject","inLanguage":"de","@id":"https:\/\/www.ulissequalityshop.com\/de\/prodotto\/aquili-coral-vitamine-aminosaeuren\/#primaryimage","url":"https:\/\/i0.wp.com\/www.ulissequalityshop.com\/wp-content\/uploads\/2024\/01\/aquili-coral-2.jpg?fit=1200%2C2226&ssl=1","contentUrl":"https:\/\/i0.wp.com\/www.ulissequalityshop.com\/wp-content\/uploads\/2024\/01\/aquili-coral-2.jpg?fit=1200%2C2226&ssl=1","width":1200,"height":2226,"caption":"Aquili Coral Vitamins & Aminoacids"},{"@type":"BreadcrumbList","@id":"https:\/\/www.ulissequalityshop.com\/de\/prodotto\/aquili-coral-vitamine-aminosaeuren\/#breadcrumb","itemListElement":[{"@type":"ListItem","position":1,"name":"Start","item":"https:\/\/www.ulissequalityshop.com\/de\/"},{"@type":"ListItem","position":2,"name":"Ulisse Quality Shop","item":"https:\/\/www.ulissequalityshop.com\/"},{"@type":"ListItem","position":3,"name":"Aquili Coral Vitamine &amp; Aminos\u00e4uren"}]},{"@type":"WebSite","@id":"https:\/\/www.ulissequalityshop.com\/de\/#website","url":"https:\/\/www.ulissequalityshop.com\/de\/","name":"Ulisse Quality Shop","description":"Tutto per i tuoi pets","potentialAction":[{"@type":"SearchAction","target":{"@type":"EntryPoint","urlTemplate":"https:\/\/www.ulissequalityshop.com\/de\/?s={search_term_string}"},"query-input":{"@type":"PropertyValueSpecification","valueRequired":true,"valueName":"search_term_string"}}],"inLanguage":"de"}]}},"jetpack_sharing_enabled":true,"brands":[{"id":1755,"name":"Aquili","slug":"aquili"}],"_links":{"self":[{"href":"https:\/\/www.ulissequalityshop.com\/de\/wp-json\/wp\/v2\/product\/18080","targetHints":{"allow":["GET"]}}],"collection":[{"href":"https:\/\/www.ulissequalityshop.com\/de\/wp-json\/wp\/v2\/product"}],"about":[{"href":"https:\/\/www.ulissequalityshop.com\/de\/wp-json\/wp\/v2\/types\/product"}],"replies":[{"embeddable":true,"href":"https:\/\/www.ulissequalityshop.com\/de\/wp-json\/wp\/v2\/comments?post=18080"}],"wp:featuredmedia":[{"embeddable":true,"href":"https:\/\/www.ulissequalityshop.com\/de\/wp-json\/wp\/v2\/media\/18081"}],"wp:attachment":[{"href":"https:\/\/www.ulissequalityshop.com\/de\/wp-json\/wp\/v2\/media?parent=18080"}],"wp:term":[{"taxonomy":"pwb-brand","embeddable":true,"href":"https:\/\/www.ulissequalityshop.com\/de\/wp-json\/wp\/v2\/pwb-brand?post=18080"},{"taxonomy":"product_brand","embeddable":true,"href":"https:\/\/www.ulissequalityshop.com\/de\/wp-json\/wp\/v2\/product_brand?post=18080"},{"taxonomy":"product_cat","embeddable":true,"href":"https:\/\/www.ulissequalityshop.com\/de\/wp-json\/wp\/v2\/product_cat?post=18080"},{"taxonomy":"product_tag","embeddable":true,"href":"https:\/\/www.ulissequalityshop.com\/de\/wp-json\/wp\/v2\/product_tag?post=18080"},{"taxonomy":"woo-feed-brand","embeddable":true,"href":"https:\/\/www.ulissequalityshop.com\/de\/wp-json\/wp\/v2\/woo-feed-brand?post=18080"}],"curies":[{"name":"wp","href":"https:\/\/api.w.org\/{rel}","templated":true}]}}