{"id":18087,"date":"2024-02-15T12:50:42","date_gmt":"2024-02-15T11:50:42","guid":{"rendered":"https:\/\/www.ulissequalityshop.com\/prodotto\/camon-flogostop-60-tabletten\/"},"modified":"2025-05-01T01:00:28","modified_gmt":"2025-04-30T23:00:28","slug":"camon-flogostop-60-tabletten","status":"publish","type":"product","link":"https:\/\/www.ulissequalityshop.com\/de\/prodotto\/camon-flogostop-60-tabletten\/","title":{"rendered":"Camon Flogostop Anti-Dermatose"},"content":{"rendered":"<p class=\"\" data-start=\"270\" data-end=\"602\"><strong data-start=\"270\" data-end=\"289\">Camon Flogostop<\/strong> ist ein di\u00e4tetisches Erg\u00e4nzungsfuttermittel f\u00fcr das Wohlbefinden der Haut von Hunden und Katzen. Es wurde zur Unterst\u00fctzung der Hautfunktion bei <strong data-start=\"436\" data-end=\"449\">Dermatose<\/strong>, Juckreiz, Schuppung, R\u00f6tung und \u00fcberm\u00e4\u00dfigem Haarausfall entwickelt und ist die ideale Unterst\u00fctzung bei l\u00e4stigen und wiederkehrenden Hauterscheinungen. <\/p>\n<p class=\"\" data-start=\"604\" data-end=\"900\">Dank seiner <strong data-start=\"620\" data-end=\"645\">nat\u00fcrlichen Formulierung<\/strong> wirkt Camon Flogostop gezielt auf Hautst\u00f6rungen und hilft, Entz\u00fcndungen und Irritationen zu reduzieren. <strong data-start=\"767\" data-end=\"800\">Ausgew\u00e4hlte Pflanzenextrakte<\/strong> wirken synergetisch, st\u00e4rken die nat\u00fcrlichen Abwehrkr\u00e4fte der Haut und verbessern ihr Aussehen. <\/p>\n<p class=\"\" data-start=\"902\" data-end=\"1221\"><strong data-start=\"902\" data-end=\"921\">Camon Flogostop<\/strong> ist besonders geeignet f\u00fcr alle F\u00e4lle, in denen Symptome wie R\u00f6tung, Trockenheit, Schuppung, Sekretion und schlechter Hautgeruch auftreten. Seine Wirkung beruht auf nat\u00fcrlichen Substanzen, die f\u00fcr ihre entz\u00fcndungshemmenden, beruhigenden und ausgleichenden Eigenschaften bekannt sind. <\/p>\n<p class=\"\" data-start=\"1223\" data-end=\"1486\">Dieses Erg\u00e4nzungsmittel wird in praktischen, <strong data-start=\"1266\" data-end=\"1290\">schmackhaften Tabletten<\/strong> geliefert, die sowohl Hunden als auch Katzen leicht zu verabreichen sind. Die regelm\u00e4\u00dfige Einnahme hilft, die Gesundheit der Haut zu erhalten und die Qualit\u00e4t des Fells zu verbessern, damit es gl\u00e4nzender, kr\u00e4ftiger und ges\u00fcnder wird. <\/p>\n<h2><strong>Camon Flogostop, Merkmale:<\/strong><\/h2>\n<ul>\n<li class=\"\" data-start=\"1545\" data-end=\"1633\">\n<p class=\"\" data-start=\"1547\" data-end=\"1633\">\u2705 <strong data-start=\"1549\" data-end=\"1581\">Unterst\u00fctzt die Funktion<\/strong> der Haut bei Dermatose und \u00fcberm\u00e4\u00dfigem Haarausfall<\/p>\n<\/li>\n<li class=\"\" data-start=\"1634\" data-end=\"1695\">\n<p class=\"\" data-start=\"1636\" data-end=\"1695\">\u2705 Nat\u00fcrliche Formulierung mit ausgew\u00e4hlten Pflanzenextrakten<\/p>\n<\/li>\n<li class=\"\" data-start=\"1696\" data-end=\"1761\">\n<p class=\"\" data-start=\"1698\" data-end=\"1761\">\u2705 Reduziert R\u00f6tungen, Juckreiz, Schuppenbildung und Geruch<\/p>\n<\/li>\n<li class=\"\" data-start=\"1762\" data-end=\"1797\">\n<p class=\"\" data-start=\"1764\" data-end=\"1797\">\u2705 Sowohl f\u00fcr Hunde als auch f\u00fcr Katzen geeignet<\/p>\n<\/li>\n<li class=\"\" data-start=\"1798\" data-end=\"1849\">\n<p class=\"\" data-start=\"1800\" data-end=\"1849\">\u2705 Schmackhafte, leicht zu verabreichende Tabletten<\/p>\n<\/li>\n<li class=\"\" data-start=\"1850\" data-end=\"1909\">\n<p class=\"\" data-start=\"1852\" data-end=\"1909\">\u2705 Packung mit 60 Tabletten f\u00fcr die Langzeitbehandlung<\/p>\n<\/li>\n<li class=\"\" data-start=\"1910\" data-end=\"1989\">\n<p class=\"\" data-start=\"1912\" data-end=\"1989\">\u2705 Angezeigt bei wiederkehrenden Hautproblemen und zur Unterst\u00fctzung bei saisonalen Ver\u00e4nderungen<\/p>\n<\/li>\n<li class=\"\" data-start=\"1990\" data-end=\"2072\">\n<p class=\"\" data-start=\"1992\" data-end=\"2072\">\u2705 Erg\u00e4nzendes di\u00e4tetisches Lebensmittel, das der t\u00e4glichen Ern\u00e4hrung hinzugef\u00fcgt werden kann<\/p>\n<\/li>\n<\/ul>\n<h3 class=\"\" data-start=\"2079\" data-end=\"2106\"><strong>Wichtigste Zutaten:<\/strong><\/h3>\n<ul data-start=\"2108\" data-end=\"2457\">\n<li class=\"\" data-start=\"2108\" data-end=\"2163\">\n<p class=\"\" data-start=\"2110\" data-end=\"2163\"><strong data-start=\"2110\" data-end=\"2124\">Schwarze Johannisbeere<\/strong> &#8211; Entz\u00fcndungshemmende und beruhigende Wirkung<\/p>\n<\/li>\n<li class=\"\" data-start=\"2164\" data-end=\"2222\">\n<p class=\"\" data-start=\"2166\" data-end=\"2222\"><strong data-start=\"2166\" data-end=\"2184\">Nigella Sativa<\/strong> &#8211; Rebalanciert die Mikrobiota der Haut<\/p>\n<\/li>\n<li class=\"\" data-start=\"2223\" data-end=\"2286\">\n<p class=\"\" data-start=\"2225\" data-end=\"2286\"><strong data-start=\"2225\" data-end=\"2246\">Boswellia Serrata<\/strong> &#8211; Wirkt chronischen Entz\u00fcndungen entgegen<\/p>\n<\/li>\n<li class=\"\" data-start=\"2287\" data-end=\"2356\">\n<p class=\"\" data-start=\"2289\" data-end=\"2356\"><strong data-start=\"2289\" data-end=\"2312\">Helichrysum und Parthenium<\/strong> &#8211; Nat\u00fcrliche Beruhigungsmittel f\u00fcr gereizte Haut<\/p>\n<\/li>\n<li class=\"\" data-start=\"2357\" data-end=\"2457\">\n<p class=\"\" data-start=\"2359\" data-end=\"2457\"><strong data-start=\"2359\" data-end=\"2389\">Buche, Klette, Borretsch<\/strong> &#8211; Unterst\u00fctzt das Wohlbefinden der Haut und die Zellregeneration<\/p>\n<\/li>\n<\/ul>\n<p><strong data-start=\"2464\" data-end=\"2483\">Camon Flogostop<\/strong> ist ein wertvoller Verb\u00fcndeter f\u00fcr alle Tierhalter, die <strong data-start=\"2564\" data-end=\"2610\">Hauterkrankungen<\/strong> auf nat\u00fcrliche, wirksame und gut vertr\u00e4gliche Weise <strong data-start=\"2564\" data-end=\"2610\">vorbeugen und bek\u00e4mpfen<\/strong> m\u00f6chten.<br data-start=\"2663\" data-end=\"2666\">Verlassen Sie sich auf die Qualit\u00e4t von Camon f\u00fcr die Gesundheit und das Wohlbefinden Ihres Tieres.<\/p>\n<h3><strong>Methode der Anwendung<\/strong>:<\/h3>\n<p>Verabreichen Sie 1 Tablette pro 10 kg K\u00f6rpergewicht an 30 aufeinanderfolgenden Tagen. Erg\u00e4nzen Sie die t\u00e4gliche Ration mit dem \u00fcblichen Futter. Halten Sie immer frisches Wasser bereit.<\/p>\n","protected":false},"excerpt":{"rendered":"<p><strong>Camon Flogostop <\/strong>ist ein di\u00e4tetisches Erg\u00e4nzungsfuttermittel f\u00fcr Hunde und Katzen zur Unterst\u00fctzung der Hautfunktion bei Dermatose und \u00fcberm\u00e4\u00dfigem Haarausfall, R\u00f6tungen, Juckreiz und schlechtem Hautgeruch.<\/p>\n<p><strong>Packung mit 60 Tabletten<\/strong><\/p>\n","protected":false},"featured_media":18232,"comment_status":"open","ping_status":"closed","template":"","meta":{"_et_pb_use_builder":"","_et_pb_old_content":"","_et_gb_content_width":""},"pwb-brand":[1127],"product_brand":[],"product_cat":[2492,2432,2288,2648,2267],"product_tag":[2617,2618,2620,2619],"woo-feed-brand":[1888],"class_list":{"0":"post-18087","1":"product","2":"type-product","3":"status-publish","4":"has-post-thumbnail","6":"pwb-brand-camon","7":"product_cat-gesundheit-und-wohlbefinden-von-hunden","8":"product_cat-hygiene-und-fellpflege","9":"product_cat-katzen","10":"product_cat-sonderangebot-april25","11":"product_cat-hunde","12":"product_tag-camon-flogostop-de","13":"product_tag-camon-flogostop-60-tabletten","14":"product_tag-hundehaarpflegeprodukt","15":"product_tag-produkt-gegen-hundedermatitis","16":"product_shipping_class-0-3-kg-de","17":"woo-feed-brand-camon","19":"first","20":"instock","21":"taxable","22":"shipping-taxable","23":"purchasable","24":"product-type-simple"},"yoast_head":"<!-- This site is optimized with the Yoast SEO plugin v26.7 - https:\/\/yoast.com\/wordpress\/plugins\/seo\/ -->\n<title>Camon Flogostop Anti-Dermatose - Ulisse Quality Shop<\/title>\n<meta name=\"description\" content=\"Camon Flogostop, Erg\u00e4nzungsfuttermittel f\u00fcr Hunde und Katzen, das bei Dermatose und \u00fcberm\u00e4\u00dfigem Haarausfall, R\u00f6tungen und Juckreiz hilft. Erfahren Sie mehr.\" \/>\n<meta name=\"robots\" content=\"index, follow, max-snippet:-1, max-image-preview:large, max-video-preview:-1\" \/>\n<link rel=\"canonical\" href=\"https:\/\/www.ulissequalityshop.com\/de\/prodotto\/camon-flogostop-60-tabletten\/\" \/>\n<meta property=\"og:locale\" content=\"de_DE\" \/>\n<meta property=\"og:type\" content=\"article\" \/>\n<meta property=\"og:title\" content=\"Camon Flogostop Anti-Dermatose - Ulisse Quality Shop\" \/>\n<meta property=\"og:description\" content=\"Camon Flogostop, Erg\u00e4nzungsfuttermittel f\u00fcr Hunde und Katzen, das bei Dermatose und \u00fcberm\u00e4\u00dfigem Haarausfall, R\u00f6tungen und Juckreiz hilft. Erfahren Sie mehr.\" \/>\n<meta property=\"og:url\" content=\"https:\/\/www.ulissequalityshop.com\/de\/prodotto\/camon-flogostop-60-tabletten\/\" \/>\n<meta property=\"og:site_name\" content=\"Ulisse Quality Shop\" \/>\n<meta property=\"article:publisher\" content=\"https:\/\/www.facebook.com\/ulissequalityshop\/\" \/>\n<meta property=\"article:modified_time\" content=\"2025-04-30T23:00:28+00:00\" \/>\n<meta property=\"og:image\" content=\"https:\/\/www.ulissequalityshop.com\/wp-content\/uploads\/2024\/02\/camon-flogostop-1.jpg\" \/>\n\t<meta property=\"og:image:width\" content=\"1200\" \/>\n\t<meta property=\"og:image:height\" content=\"1231\" \/>\n\t<meta property=\"og:image:type\" content=\"image\/jpeg\" \/>\n<meta name=\"twitter:card\" content=\"summary_large_image\" \/>\n<meta name=\"twitter:site\" content=\"@UlisseQualoitySh\" \/>\n<meta name=\"twitter:label1\" content=\"Gesch\u00e4tzte Lesezeit\" \/>\n\t<meta name=\"twitter:data1\" content=\"2\u00a0Minuten\" \/>\n<script type=\"application\/ld+json\" class=\"yoast-schema-graph\">{\"@context\":\"https:\/\/schema.org\",\"@graph\":[{\"@type\":\"WebPage\",\"@id\":\"https:\/\/www.ulissequalityshop.com\/de\/prodotto\/camon-flogostop-60-tabletten\/\",\"url\":\"https:\/\/www.ulissequalityshop.com\/de\/prodotto\/camon-flogostop-60-tabletten\/\",\"name\":\"Camon Flogostop Anti-Dermatose - Ulisse Quality Shop\",\"isPartOf\":{\"@id\":\"https:\/\/www.ulissequalityshop.com\/de\/#website\"},\"primaryImageOfPage\":{\"@id\":\"https:\/\/www.ulissequalityshop.com\/de\/prodotto\/camon-flogostop-60-tabletten\/#primaryimage\"},\"image\":{\"@id\":\"https:\/\/www.ulissequalityshop.com\/de\/prodotto\/camon-flogostop-60-tabletten\/#primaryimage\"},\"thumbnailUrl\":\"https:\/\/i0.wp.com\/www.ulissequalityshop.com\/wp-content\/uploads\/2024\/02\/camon-flogostop-1.jpg?fit=1200%2C1231&ssl=1\",\"datePublished\":\"2024-02-15T11:50:42+00:00\",\"dateModified\":\"2025-04-30T23:00:28+00:00\",\"description\":\"Camon Flogostop, Erg\u00e4nzungsfuttermittel f\u00fcr Hunde und Katzen, das bei Dermatose und \u00fcberm\u00e4\u00dfigem Haarausfall, R\u00f6tungen und Juckreiz hilft. Erfahren Sie mehr.\",\"breadcrumb\":{\"@id\":\"https:\/\/www.ulissequalityshop.com\/de\/prodotto\/camon-flogostop-60-tabletten\/#breadcrumb\"},\"inLanguage\":\"de\",\"potentialAction\":[{\"@type\":\"ReadAction\",\"target\":[\"https:\/\/www.ulissequalityshop.com\/de\/prodotto\/camon-flogostop-60-tabletten\/\"]}]},{\"@type\":\"ImageObject\",\"inLanguage\":\"de\",\"@id\":\"https:\/\/www.ulissequalityshop.com\/de\/prodotto\/camon-flogostop-60-tabletten\/#primaryimage\",\"url\":\"https:\/\/i0.wp.com\/www.ulissequalityshop.com\/wp-content\/uploads\/2024\/02\/camon-flogostop-1.jpg?fit=1200%2C1231&ssl=1\",\"contentUrl\":\"https:\/\/i0.wp.com\/www.ulissequalityshop.com\/wp-content\/uploads\/2024\/02\/camon-flogostop-1.jpg?fit=1200%2C1231&ssl=1\",\"width\":1200,\"height\":1231,\"caption\":\"Camon Flogostop 60 Compresse\"},{\"@type\":\"BreadcrumbList\",\"@id\":\"https:\/\/www.ulissequalityshop.com\/de\/prodotto\/camon-flogostop-60-tabletten\/#breadcrumb\",\"itemListElement\":[{\"@type\":\"ListItem\",\"position\":1,\"name\":\"Start\",\"item\":\"https:\/\/www.ulissequalityshop.com\/de\/\"},{\"@type\":\"ListItem\",\"position\":2,\"name\":\"Ulisse Quality Shop\",\"item\":\"https:\/\/www.ulissequalityshop.com\/\"},{\"@type\":\"ListItem\",\"position\":3,\"name\":\"Camon Flogostop Anti-Dermatose\"}]},{\"@type\":\"WebSite\",\"@id\":\"https:\/\/www.ulissequalityshop.com\/de\/#website\",\"url\":\"https:\/\/www.ulissequalityshop.com\/de\/\",\"name\":\"Ulisse Quality Shop\",\"description\":\"Tutto per i tuoi pets\",\"potentialAction\":[{\"@type\":\"SearchAction\",\"target\":{\"@type\":\"EntryPoint\",\"urlTemplate\":\"https:\/\/www.ulissequalityshop.com\/de\/?s={search_term_string}\"},\"query-input\":{\"@type\":\"PropertyValueSpecification\",\"valueRequired\":true,\"valueName\":\"search_term_string\"}}],\"inLanguage\":\"de\"}]}<\/script>\n<!-- \/ Yoast SEO plugin. -->","yoast_head_json":{"title":"Camon Flogostop Anti-Dermatose - Ulisse Quality Shop","description":"Camon Flogostop, Erg\u00e4nzungsfuttermittel f\u00fcr Hunde und Katzen, das bei Dermatose und \u00fcberm\u00e4\u00dfigem Haarausfall, R\u00f6tungen und Juckreiz hilft. Erfahren Sie mehr.","robots":{"index":"index","follow":"follow","max-snippet":"max-snippet:-1","max-image-preview":"max-image-preview:large","max-video-preview":"max-video-preview:-1"},"canonical":"https:\/\/www.ulissequalityshop.com\/de\/prodotto\/camon-flogostop-60-tabletten\/","og_locale":"de_DE","og_type":"article","og_title":"Camon Flogostop Anti-Dermatose - Ulisse Quality Shop","og_description":"Camon Flogostop, Erg\u00e4nzungsfuttermittel f\u00fcr Hunde und Katzen, das bei Dermatose und \u00fcberm\u00e4\u00dfigem Haarausfall, R\u00f6tungen und Juckreiz hilft. Erfahren Sie mehr.","og_url":"https:\/\/www.ulissequalityshop.com\/de\/prodotto\/camon-flogostop-60-tabletten\/","og_site_name":"Ulisse Quality Shop","article_publisher":"https:\/\/www.facebook.com\/ulissequalityshop\/","article_modified_time":"2025-04-30T23:00:28+00:00","og_image":[{"width":1200,"height":1231,"url":"https:\/\/www.ulissequalityshop.com\/wp-content\/uploads\/2024\/02\/camon-flogostop-1.jpg","type":"image\/jpeg"}],"twitter_card":"summary_large_image","twitter_site":"@UlisseQualoitySh","twitter_misc":{"Gesch\u00e4tzte Lesezeit":"2\u00a0Minuten"},"schema":{"@context":"https:\/\/schema.org","@graph":[{"@type":"WebPage","@id":"https:\/\/www.ulissequalityshop.com\/de\/prodotto\/camon-flogostop-60-tabletten\/","url":"https:\/\/www.ulissequalityshop.com\/de\/prodotto\/camon-flogostop-60-tabletten\/","name":"Camon Flogostop Anti-Dermatose - Ulisse Quality Shop","isPartOf":{"@id":"https:\/\/www.ulissequalityshop.com\/de\/#website"},"primaryImageOfPage":{"@id":"https:\/\/www.ulissequalityshop.com\/de\/prodotto\/camon-flogostop-60-tabletten\/#primaryimage"},"image":{"@id":"https:\/\/www.ulissequalityshop.com\/de\/prodotto\/camon-flogostop-60-tabletten\/#primaryimage"},"thumbnailUrl":"https:\/\/i0.wp.com\/www.ulissequalityshop.com\/wp-content\/uploads\/2024\/02\/camon-flogostop-1.jpg?fit=1200%2C1231&ssl=1","datePublished":"2024-02-15T11:50:42+00:00","dateModified":"2025-04-30T23:00:28+00:00","description":"Camon Flogostop, Erg\u00e4nzungsfuttermittel f\u00fcr Hunde und Katzen, das bei Dermatose und \u00fcberm\u00e4\u00dfigem Haarausfall, R\u00f6tungen und Juckreiz hilft. Erfahren Sie mehr.","breadcrumb":{"@id":"https:\/\/www.ulissequalityshop.com\/de\/prodotto\/camon-flogostop-60-tabletten\/#breadcrumb"},"inLanguage":"de","potentialAction":[{"@type":"ReadAction","target":["https:\/\/www.ulissequalityshop.com\/de\/prodotto\/camon-flogostop-60-tabletten\/"]}]},{"@type":"ImageObject","inLanguage":"de","@id":"https:\/\/www.ulissequalityshop.com\/de\/prodotto\/camon-flogostop-60-tabletten\/#primaryimage","url":"https:\/\/i0.wp.com\/www.ulissequalityshop.com\/wp-content\/uploads\/2024\/02\/camon-flogostop-1.jpg?fit=1200%2C1231&ssl=1","contentUrl":"https:\/\/i0.wp.com\/www.ulissequalityshop.com\/wp-content\/uploads\/2024\/02\/camon-flogostop-1.jpg?fit=1200%2C1231&ssl=1","width":1200,"height":1231,"caption":"Camon Flogostop 60 Compresse"},{"@type":"BreadcrumbList","@id":"https:\/\/www.ulissequalityshop.com\/de\/prodotto\/camon-flogostop-60-tabletten\/#breadcrumb","itemListElement":[{"@type":"ListItem","position":1,"name":"Start","item":"https:\/\/www.ulissequalityshop.com\/de\/"},{"@type":"ListItem","position":2,"name":"Ulisse Quality Shop","item":"https:\/\/www.ulissequalityshop.com\/"},{"@type":"ListItem","position":3,"name":"Camon Flogostop Anti-Dermatose"}]},{"@type":"WebSite","@id":"https:\/\/www.ulissequalityshop.com\/de\/#website","url":"https:\/\/www.ulissequalityshop.com\/de\/","name":"Ulisse Quality Shop","description":"Tutto per i tuoi pets","potentialAction":[{"@type":"SearchAction","target":{"@type":"EntryPoint","urlTemplate":"https:\/\/www.ulissequalityshop.com\/de\/?s={search_term_string}"},"query-input":{"@type":"PropertyValueSpecification","valueRequired":true,"valueName":"search_term_string"}}],"inLanguage":"de"}]}},"jetpack_sharing_enabled":true,"brands":[{"id":1127,"name":"Camon","slug":"camon"}],"_links":{"self":[{"href":"https:\/\/www.ulissequalityshop.com\/de\/wp-json\/wp\/v2\/product\/18087","targetHints":{"allow":["GET"]}}],"collection":[{"href":"https:\/\/www.ulissequalityshop.com\/de\/wp-json\/wp\/v2\/product"}],"about":[{"href":"https:\/\/www.ulissequalityshop.com\/de\/wp-json\/wp\/v2\/types\/product"}],"replies":[{"embeddable":true,"href":"https:\/\/www.ulissequalityshop.com\/de\/wp-json\/wp\/v2\/comments?post=18087"}],"wp:featuredmedia":[{"embeddable":true,"href":"https:\/\/www.ulissequalityshop.com\/de\/wp-json\/wp\/v2\/media\/18232"}],"wp:attachment":[{"href":"https:\/\/www.ulissequalityshop.com\/de\/wp-json\/wp\/v2\/media?parent=18087"}],"wp:term":[{"taxonomy":"pwb-brand","embeddable":true,"href":"https:\/\/www.ulissequalityshop.com\/de\/wp-json\/wp\/v2\/pwb-brand?post=18087"},{"taxonomy":"product_brand","embeddable":true,"href":"https:\/\/www.ulissequalityshop.com\/de\/wp-json\/wp\/v2\/product_brand?post=18087"},{"taxonomy":"product_cat","embeddable":true,"href":"https:\/\/www.ulissequalityshop.com\/de\/wp-json\/wp\/v2\/product_cat?post=18087"},{"taxonomy":"product_tag","embeddable":true,"href":"https:\/\/www.ulissequalityshop.com\/de\/wp-json\/wp\/v2\/product_tag?post=18087"},{"taxonomy":"woo-feed-brand","embeddable":true,"href":"https:\/\/www.ulissequalityshop.com\/de\/wp-json\/wp\/v2\/woo-feed-brand?post=18087"}],"curies":[{"name":"wp","href":"https:\/\/api.w.org\/{rel}","templated":true}]}}