{"id":18136,"date":"2023-03-14T23:59:11","date_gmt":"2023-03-14T22:59:11","guid":{"rendered":"https:\/\/www.ulissequalityshop.com\/prodotto\/bonsaipro-akadama-optima-akadama-ibaraki\/"},"modified":"2026-02-17T22:42:56","modified_gmt":"2026-02-17T21:42:56","slug":"bonsaipro-akadama-optima-akadama-ibaraki","status":"publish","type":"product","link":"https:\/\/www.ulissequalityshop.com\/de\/prodotto\/bonsaipro-akadama-optima-akadama-ibaraki\/","title":{"rendered":"BonsaiPro Akadama Optima Akadama Ibaraki"},"content":{"rendered":"<p><strong>Ulisse BonsaiPro Akadama Optima <\/strong>ist <strong>Akadama<\/strong> <strong>Ibaraki Hard Quality<\/strong> aus <strong>Japan<\/strong>, das Substrat par excellence f\u00fcr Ihren <strong>Bonsai<\/strong>. Dieses Substrat, das aus inerten Stoffen besteht, hat optimale Eigenschaften f\u00fcr die Anzucht von kleinen und gro\u00dfen <strong>Topfpflanzen<\/strong>. <\/p>\n<p>Allein oder in Prozentanteilen zusammen mit anderen Substraten wie <a href=\"https:\/\/www.ulissequalityshop.com\/de\/prodotto\/bonsaipro-pumex-optima-bimsstein-waschmittel\/\" target=\"_blank\" rel=\"noopener\"><strong>Pumex Optima<\/strong><\/a> oder dem <a href=\"https:\/\/www.ulissequalityshop.com\/de\/prodotto\/bonsaipro-lapillus-optima-vulkanischer-lapillus\/\" target=\"_blank\" rel=\"noopener\"><strong>Lapillus Optima<\/strong><\/a> ist das Medium schlechthin f\u00fcr die <strong>Bonsai-Zucht<\/strong>.<\/p>\n<p>Es verf\u00fcgt \u00fcber ein ausgezeichnetes Wasserr\u00fcckhalteverm\u00f6gen und erm\u00f6glicht die korrekte Hydratation der Wurzeln und, dank seiner Makroporosit\u00e4t, die korrekte Zirkulation von Gasen, Sauerstoff und Kohlendioxid.<\/p>\n<p>Die Mikroporosit\u00e4t erm\u00f6glicht die Speicherung und langsame Abgabe von Feuchtigkeit, w\u00e4hrend der hervorragende Kationenaustausch es ideal f\u00fcr die Pflanzend\u00fcngung macht.<\/p>\n<p>Aufgrund seiner physikalischen und chemischen Eigenschaften wird dieses Substrat auch oft als optimal f\u00fcr die Kultivierung von Wasserpflanzen angesehen und als <strong>Substrat<\/strong> in <strong>Aquarien<\/strong> verwendet, insbesondere in <strong>niederl\u00e4ndischen Aquarien<\/strong>. Seine Form und Farbe machen es auch <strong>\u00e4sthetisch ansprechend<\/strong>, sowohl in T\u00f6pfen als auch in Aquarien. <\/p>\n<p><strong>Fine Grain Akadama Optima<\/strong> ist besonders geeignet f\u00fcr die Herstellung von <strong>Bonsai Shohin<\/strong> und <strong>Bonsai Mame<\/strong>.<\/p>\n<p>Das<strong>Akadama Ibaraki BonsaiPro<\/strong> wurde vor dem Verpacken gesiebt, um \u00fcbersch\u00fcssigen Staub zu entfernen und die richtige Korngr\u00f6\u00dfe zu w\u00e4hlen.<\/p>\n<h2><strong>BonsaiPro Akadama Optima, Merkmale:<\/strong><\/h2>\n<ul>\n<li>Feine Korngr\u00f6\u00dfe: 2-5 mm<\/li>\n<li>vor dem Verpacken gesiebt<\/li>\n<li>ausgezeichneter Kationenaustausch<\/li>\n<li>hervorragende Wasserr\u00fcckhaltung<\/li>\n<li>geeignet f\u00fcr die Aufzucht von Pflanzen, insbesondere Bonsai<\/li>\n<li>geeignet als Substrat in S\u00fc\u00dfwasseraquarien<\/li>\n<\/ul>\n<h4><strong>Verf\u00fcgbare Formate:<\/strong><\/h4>\n<ul>\n<li><strong>1 Liter<\/strong><\/li>\n<li><strong>1,5 Liter<\/strong><\/li>\n<li><strong>3 Liter<\/strong><\/li>\n<\/ul>\n","protected":false},"excerpt":{"rendered":"<p><strong>Ulisse BonsaiPro Akadama Optima <\/strong>ist <strong>Akadama<\/strong> <strong>Ibaraki Hard Quality<\/strong> aus <strong>Japan<\/strong>, das Substrat par excellence f\u00fcr Ihren <strong>Bonsai<\/strong>. Dieses Substrat, das aus inerten Stoffen besteht, hat optimale Eigenschaften f\u00fcr die Anzucht von kleinen und gro\u00dfen <strong>Topfpflanzen<\/strong>. <\/p>\n","protected":false},"featured_media":18124,"comment_status":"open","ping_status":"closed","template":"","meta":{"_et_pb_use_builder":"","_et_pb_old_content":"","_et_gb_content_width":""},"pwb-brand":[2107,2066],"product_brand":[],"product_cat":[2351,2461,2271],"product_tag":[2462,2637,2352,2353,2629],"woo-feed-brand":[2067],"class_list":{"0":"post-18136","1":"product","2":"type-product","3":"status-publish","4":"has-post-thumbnail","6":"pwb-brand-bonsaipro","7":"pwb-brand-ulisse","8":"product_cat-substrate","9":"product_cat-substrate-de","10":"product_cat-bonsai-de","11":"product_tag-aquarium-substrat","12":"product_tag-blumenerde","13":"product_tag-bonsai-erde","14":"product_tag-bonsai-substrat","15":"product_tag-substrat","16":"product_shipping_class-0-3-kg-de","17":"woo-feed-brand-ulisse","19":"first","20":"instock","21":"sale","22":"taxable","23":"shipping-taxable","24":"purchasable","25":"product-type-variable","26":"has-default-attributes"},"yoast_head":"<!-- This site is optimized with the Yoast SEO plugin v26.7 - https:\/\/yoast.com\/wordpress\/plugins\/seo\/ -->\n<title>BonsaiPro Akadama Optima Akadama Ibaraki - Ulisse Quality Shop<\/title>\n<meta name=\"description\" content=\"Ulisse BonsaiPro Akadama Optima ist ein inertes Wachstumssubstrat, das perfekt f\u00fcr Bonsai und niederl\u00e4ndische Weichaquarien geeignet ist. Erfahren Sie mehr.\" \/>\n<meta name=\"robots\" content=\"index, follow, max-snippet:-1, max-image-preview:large, max-video-preview:-1\" \/>\n<link rel=\"canonical\" href=\"https:\/\/www.ulissequalityshop.com\/de\/prodotto\/bonsaipro-akadama-optima-akadama-ibaraki\/\" \/>\n<meta property=\"og:locale\" content=\"de_DE\" \/>\n<meta property=\"og:type\" content=\"article\" \/>\n<meta property=\"og:title\" content=\"BonsaiPro Akadama Optima Akadama Ibaraki - Ulisse Quality Shop\" \/>\n<meta property=\"og:description\" content=\"Ulisse BonsaiPro Akadama Optima ist ein inertes Wachstumssubstrat, das perfekt f\u00fcr Bonsai und niederl\u00e4ndische Weichaquarien geeignet ist. Erfahren Sie mehr.\" \/>\n<meta property=\"og:url\" content=\"https:\/\/www.ulissequalityshop.com\/de\/prodotto\/bonsaipro-akadama-optima-akadama-ibaraki\/\" \/>\n<meta property=\"og:site_name\" content=\"Ulisse Quality Shop\" \/>\n<meta property=\"article:publisher\" content=\"https:\/\/www.facebook.com\/ulissequalityshop\/\" \/>\n<meta property=\"article:modified_time\" content=\"2026-02-17T21:42:56+00:00\" \/>\n<meta property=\"og:image\" content=\"https:\/\/i0.wp.com\/www.ulissequalityshop.com\/wp-content\/uploads\/2025\/02\/bonsaipro-akadama-optima-fine-3LT.png?fit=1000%2C1000&ssl=1\" \/>\n\t<meta property=\"og:image:width\" content=\"1000\" \/>\n\t<meta property=\"og:image:height\" content=\"1000\" \/>\n\t<meta property=\"og:image:type\" content=\"image\/png\" \/>\n<meta name=\"twitter:card\" content=\"summary_large_image\" \/>\n<meta name=\"twitter:site\" content=\"@UlisseQualoitySh\" \/>\n<meta name=\"twitter:label1\" content=\"Gesch\u00e4tzte Lesezeit\" \/>\n\t<meta name=\"twitter:data1\" content=\"1\u00a0Minute\" \/>\n<script type=\"application\/ld+json\" class=\"yoast-schema-graph\">{\"@context\":\"https:\/\/schema.org\",\"@graph\":[{\"@type\":\"WebPage\",\"@id\":\"https:\/\/www.ulissequalityshop.com\/de\/prodotto\/bonsaipro-akadama-optima-akadama-ibaraki\/\",\"url\":\"https:\/\/www.ulissequalityshop.com\/de\/prodotto\/bonsaipro-akadama-optima-akadama-ibaraki\/\",\"name\":\"BonsaiPro Akadama Optima Akadama Ibaraki - Ulisse Quality Shop\",\"isPartOf\":{\"@id\":\"https:\/\/www.ulissequalityshop.com\/de\/#website\"},\"primaryImageOfPage\":{\"@id\":\"https:\/\/www.ulissequalityshop.com\/de\/prodotto\/bonsaipro-akadama-optima-akadama-ibaraki\/#primaryimage\"},\"image\":{\"@id\":\"https:\/\/www.ulissequalityshop.com\/de\/prodotto\/bonsaipro-akadama-optima-akadama-ibaraki\/#primaryimage\"},\"thumbnailUrl\":\"https:\/\/i0.wp.com\/www.ulissequalityshop.com\/wp-content\/uploads\/2025\/02\/bonsaipro-akadama-optima-fine-3LT.png?fit=1000%2C1000&ssl=1\",\"datePublished\":\"2023-03-14T22:59:11+00:00\",\"dateModified\":\"2026-02-17T21:42:56+00:00\",\"description\":\"Ulisse BonsaiPro Akadama Optima ist ein inertes Wachstumssubstrat, das perfekt f\u00fcr Bonsai und niederl\u00e4ndische Weichaquarien geeignet ist. Erfahren Sie mehr.\",\"breadcrumb\":{\"@id\":\"https:\/\/www.ulissequalityshop.com\/de\/prodotto\/bonsaipro-akadama-optima-akadama-ibaraki\/#breadcrumb\"},\"inLanguage\":\"de\",\"potentialAction\":[{\"@type\":\"ReadAction\",\"target\":[\"https:\/\/www.ulissequalityshop.com\/de\/prodotto\/bonsaipro-akadama-optima-akadama-ibaraki\/\"]}]},{\"@type\":\"ImageObject\",\"inLanguage\":\"de\",\"@id\":\"https:\/\/www.ulissequalityshop.com\/de\/prodotto\/bonsaipro-akadama-optima-akadama-ibaraki\/#primaryimage\",\"url\":\"https:\/\/i0.wp.com\/www.ulissequalityshop.com\/wp-content\/uploads\/2025\/02\/bonsaipro-akadama-optima-fine-3LT.png?fit=1000%2C1000&ssl=1\",\"contentUrl\":\"https:\/\/i0.wp.com\/www.ulissequalityshop.com\/wp-content\/uploads\/2025\/02\/bonsaipro-akadama-optima-fine-3LT.png?fit=1000%2C1000&ssl=1\",\"width\":1000,\"height\":1000,\"caption\":\"BonsaiPro Akadama Optima 3 LT\"},{\"@type\":\"BreadcrumbList\",\"@id\":\"https:\/\/www.ulissequalityshop.com\/de\/prodotto\/bonsaipro-akadama-optima-akadama-ibaraki\/#breadcrumb\",\"itemListElement\":[{\"@type\":\"ListItem\",\"position\":1,\"name\":\"Start\",\"item\":\"https:\/\/www.ulissequalityshop.com\/de\/\"},{\"@type\":\"ListItem\",\"position\":2,\"name\":\"Ulisse Quality Shop\",\"item\":\"https:\/\/www.ulissequalityshop.com\/\"},{\"@type\":\"ListItem\",\"position\":3,\"name\":\"BonsaiPro Akadama Optima Akadama Ibaraki\"}]},{\"@type\":\"WebSite\",\"@id\":\"https:\/\/www.ulissequalityshop.com\/de\/#website\",\"url\":\"https:\/\/www.ulissequalityshop.com\/de\/\",\"name\":\"Ulisse Quality Shop\",\"description\":\"Tutto per i tuoi pets\",\"potentialAction\":[{\"@type\":\"SearchAction\",\"target\":{\"@type\":\"EntryPoint\",\"urlTemplate\":\"https:\/\/www.ulissequalityshop.com\/de\/?s={search_term_string}\"},\"query-input\":{\"@type\":\"PropertyValueSpecification\",\"valueRequired\":true,\"valueName\":\"search_term_string\"}}],\"inLanguage\":\"de\"}]}<\/script>\n<!-- \/ Yoast SEO plugin. -->","yoast_head_json":{"title":"BonsaiPro Akadama Optima Akadama Ibaraki - Ulisse Quality Shop","description":"Ulisse BonsaiPro Akadama Optima ist ein inertes Wachstumssubstrat, das perfekt f\u00fcr Bonsai und niederl\u00e4ndische Weichaquarien geeignet ist. Erfahren Sie mehr.","robots":{"index":"index","follow":"follow","max-snippet":"max-snippet:-1","max-image-preview":"max-image-preview:large","max-video-preview":"max-video-preview:-1"},"canonical":"https:\/\/www.ulissequalityshop.com\/de\/prodotto\/bonsaipro-akadama-optima-akadama-ibaraki\/","og_locale":"de_DE","og_type":"article","og_title":"BonsaiPro Akadama Optima Akadama Ibaraki - Ulisse Quality Shop","og_description":"Ulisse BonsaiPro Akadama Optima ist ein inertes Wachstumssubstrat, das perfekt f\u00fcr Bonsai und niederl\u00e4ndische Weichaquarien geeignet ist. Erfahren Sie mehr.","og_url":"https:\/\/www.ulissequalityshop.com\/de\/prodotto\/bonsaipro-akadama-optima-akadama-ibaraki\/","og_site_name":"Ulisse Quality Shop","article_publisher":"https:\/\/www.facebook.com\/ulissequalityshop\/","article_modified_time":"2026-02-17T21:42:56+00:00","og_image":[{"width":1000,"height":1000,"url":"https:\/\/i0.wp.com\/www.ulissequalityshop.com\/wp-content\/uploads\/2025\/02\/bonsaipro-akadama-optima-fine-3LT.png?fit=1000%2C1000&ssl=1","type":"image\/png"}],"twitter_card":"summary_large_image","twitter_site":"@UlisseQualoitySh","twitter_misc":{"Gesch\u00e4tzte Lesezeit":"1\u00a0Minute"},"schema":{"@context":"https:\/\/schema.org","@graph":[{"@type":"WebPage","@id":"https:\/\/www.ulissequalityshop.com\/de\/prodotto\/bonsaipro-akadama-optima-akadama-ibaraki\/","url":"https:\/\/www.ulissequalityshop.com\/de\/prodotto\/bonsaipro-akadama-optima-akadama-ibaraki\/","name":"BonsaiPro Akadama Optima Akadama Ibaraki - Ulisse Quality Shop","isPartOf":{"@id":"https:\/\/www.ulissequalityshop.com\/de\/#website"},"primaryImageOfPage":{"@id":"https:\/\/www.ulissequalityshop.com\/de\/prodotto\/bonsaipro-akadama-optima-akadama-ibaraki\/#primaryimage"},"image":{"@id":"https:\/\/www.ulissequalityshop.com\/de\/prodotto\/bonsaipro-akadama-optima-akadama-ibaraki\/#primaryimage"},"thumbnailUrl":"https:\/\/i0.wp.com\/www.ulissequalityshop.com\/wp-content\/uploads\/2025\/02\/bonsaipro-akadama-optima-fine-3LT.png?fit=1000%2C1000&ssl=1","datePublished":"2023-03-14T22:59:11+00:00","dateModified":"2026-02-17T21:42:56+00:00","description":"Ulisse BonsaiPro Akadama Optima ist ein inertes Wachstumssubstrat, das perfekt f\u00fcr Bonsai und niederl\u00e4ndische Weichaquarien geeignet ist. Erfahren Sie mehr.","breadcrumb":{"@id":"https:\/\/www.ulissequalityshop.com\/de\/prodotto\/bonsaipro-akadama-optima-akadama-ibaraki\/#breadcrumb"},"inLanguage":"de","potentialAction":[{"@type":"ReadAction","target":["https:\/\/www.ulissequalityshop.com\/de\/prodotto\/bonsaipro-akadama-optima-akadama-ibaraki\/"]}]},{"@type":"ImageObject","inLanguage":"de","@id":"https:\/\/www.ulissequalityshop.com\/de\/prodotto\/bonsaipro-akadama-optima-akadama-ibaraki\/#primaryimage","url":"https:\/\/i0.wp.com\/www.ulissequalityshop.com\/wp-content\/uploads\/2025\/02\/bonsaipro-akadama-optima-fine-3LT.png?fit=1000%2C1000&ssl=1","contentUrl":"https:\/\/i0.wp.com\/www.ulissequalityshop.com\/wp-content\/uploads\/2025\/02\/bonsaipro-akadama-optima-fine-3LT.png?fit=1000%2C1000&ssl=1","width":1000,"height":1000,"caption":"BonsaiPro Akadama Optima 3 LT"},{"@type":"BreadcrumbList","@id":"https:\/\/www.ulissequalityshop.com\/de\/prodotto\/bonsaipro-akadama-optima-akadama-ibaraki\/#breadcrumb","itemListElement":[{"@type":"ListItem","position":1,"name":"Start","item":"https:\/\/www.ulissequalityshop.com\/de\/"},{"@type":"ListItem","position":2,"name":"Ulisse Quality Shop","item":"https:\/\/www.ulissequalityshop.com\/"},{"@type":"ListItem","position":3,"name":"BonsaiPro Akadama Optima Akadama Ibaraki"}]},{"@type":"WebSite","@id":"https:\/\/www.ulissequalityshop.com\/de\/#website","url":"https:\/\/www.ulissequalityshop.com\/de\/","name":"Ulisse Quality Shop","description":"Tutto per i tuoi pets","potentialAction":[{"@type":"SearchAction","target":{"@type":"EntryPoint","urlTemplate":"https:\/\/www.ulissequalityshop.com\/de\/?s={search_term_string}"},"query-input":{"@type":"PropertyValueSpecification","valueRequired":true,"valueName":"search_term_string"}}],"inLanguage":"de"}]}},"jetpack_sharing_enabled":true,"brands":[{"id":2107,"name":"BonsaiPro","slug":"bonsaipro"},{"id":2066,"name":"Ulisse","slug":"ulisse"}],"_links":{"self":[{"href":"https:\/\/www.ulissequalityshop.com\/de\/wp-json\/wp\/v2\/product\/18136","targetHints":{"allow":["GET"]}}],"collection":[{"href":"https:\/\/www.ulissequalityshop.com\/de\/wp-json\/wp\/v2\/product"}],"about":[{"href":"https:\/\/www.ulissequalityshop.com\/de\/wp-json\/wp\/v2\/types\/product"}],"replies":[{"embeddable":true,"href":"https:\/\/www.ulissequalityshop.com\/de\/wp-json\/wp\/v2\/comments?post=18136"}],"wp:featuredmedia":[{"embeddable":true,"href":"https:\/\/www.ulissequalityshop.com\/de\/wp-json\/wp\/v2\/media\/18124"}],"wp:attachment":[{"href":"https:\/\/www.ulissequalityshop.com\/de\/wp-json\/wp\/v2\/media?parent=18136"}],"wp:term":[{"taxonomy":"pwb-brand","embeddable":true,"href":"https:\/\/www.ulissequalityshop.com\/de\/wp-json\/wp\/v2\/pwb-brand?post=18136"},{"taxonomy":"product_brand","embeddable":true,"href":"https:\/\/www.ulissequalityshop.com\/de\/wp-json\/wp\/v2\/product_brand?post=18136"},{"taxonomy":"product_cat","embeddable":true,"href":"https:\/\/www.ulissequalityshop.com\/de\/wp-json\/wp\/v2\/product_cat?post=18136"},{"taxonomy":"product_tag","embeddable":true,"href":"https:\/\/www.ulissequalityshop.com\/de\/wp-json\/wp\/v2\/product_tag?post=18136"},{"taxonomy":"woo-feed-brand","embeddable":true,"href":"https:\/\/www.ulissequalityshop.com\/de\/wp-json\/wp\/v2\/woo-feed-brand?post=18136"}],"curies":[{"name":"wp","href":"https:\/\/api.w.org\/{rel}","templated":true}]}}