{"id":18265,"date":"2016-09-20T18:15:37","date_gmt":"2016-09-20T16:15:37","guid":{"rendered":"https:\/\/www.ulissequalityshop.com\/prodotto\/camon-condrosalus-60-tabletten\/"},"modified":"2025-05-01T01:00:28","modified_gmt":"2025-04-30T23:00:28","slug":"camon-condrosalus-60-tabletten","status":"publish","type":"product","link":"https:\/\/www.ulissequalityshop.com\/de\/prodotto\/camon-condrosalus-60-tabletten\/","title":{"rendered":"Camon Condrosalus 60 Tabletten"},"content":{"rendered":"<p class=\"\" data-start=\"332\" data-end=\"389\"><strong data-start=\"332\" data-end=\"389\">Camon Condrosalus 60 Tabletten ist ein nat\u00fcrlicher Schutz f\u00fcr die Gelenke Ihres Hundes<\/strong><\/p>\n<p class=\"\" data-start=\"391\" data-end=\"721\"><strong>Camon Condrosalus 60 Tabletten<\/strong> ist die ideale Erg\u00e4nzung zur Unterst\u00fctzung der Gelenkgesundheit von Hunden in jeder Lebensphase. Dieses nat\u00fcrliche Produkt wurde entwickelt, um den elastischen Knorpel zu st\u00e4rken und zu erhalten. Es eignet sich daher sowohl f\u00fcr heranwachsende Welpen als auch f\u00fcr \u00e4ltere Hunde oder Erwachsene, die von Gelenkproblemen bedroht sind. <\/p>\n<p class=\"\" data-start=\"723\" data-end=\"1158\">Dank seiner hoch bioverf\u00fcgbaren Formel sorgt <strong>Camon Condrosalus<\/strong> f\u00fcr eine optimale Aufnahme der Wirkstoffe, die tief im Gelenksystem des Tieres wirken. Bei Welpen unterst\u00fctzt es die gesunde Entwicklung der Gelenke, indem es strukturellen Defekten vorbeugt. Bei \u00e4lteren Hunden hingegen hilft es, degenerativen Prozessen entgegenzuwirken, indem es den Knorpelabbau und die Zellalterung verlangsamt.  <\/p>\n<p class=\"\" data-start=\"1160\" data-end=\"1423\">Die regelm\u00e4\u00dfige Einnahme dieses Nahrungserg\u00e4nzungsmittels f\u00f6rdert die Beweglichkeit und reduziert Gelenkschmerzen und Steifheit. Es wird besonders f\u00fcr gro\u00dfe Rassen empfohlen, die einer st\u00e4rkeren Belastung der Gelenke ausgesetzt sind, oder f\u00fcr sportliche und sehr aktive Hunde. <\/p>\n<h2><strong>Camon Condrosalus 60 Tabletten, Merkmale:<\/strong><\/h2>\n<ul>\n<li class=\"\" data-start=\"1485\" data-end=\"1559\">\n<p class=\"\" data-start=\"1487\" data-end=\"1559\">\u2705 <strong data-start=\"1489\" data-end=\"1509\">Nat\u00fcrliche Formel<\/strong>: ausgew\u00e4hlte Inhaltsstoffe mit hoher Bioverf\u00fcgbarkeit<\/p>\n<\/li>\n<li class=\"\" data-start=\"1560\" data-end=\"1640\">\n<p class=\"\" data-start=\"1562\" data-end=\"1640\">\u2705 <strong data-start=\"1564\" data-end=\"1596\">Vollst\u00e4ndige Unterst\u00fctzung der Gelenke<\/strong>: ideal f\u00fcr Welpen, erwachsene Hunde und \u00e4ltere Menschen<\/p>\n<\/li>\n<li class=\"\" data-start=\"1641\" data-end=\"1720\">\n<p class=\"\" data-start=\"1643\" data-end=\"1720\">\u2705 <strong data-start=\"1645\" data-end=\"1685\">Wirkt der Zellalterung entgegen<\/strong>: sch\u00fctzt den Knorpel im Laufe der Zeit<\/p>\n<\/li>\n<li class=\"\" data-start=\"1721\" data-end=\"1804\">\n<p class=\"\" data-start=\"1723\" data-end=\"1804\">\u2705 <strong data-start=\"1725\" data-end=\"1757\">Beugt Gelenkproblemen vor<\/strong>: perfekt f\u00fcr anf\u00e4llige oder sehr aktive Rassen<\/p>\n<\/li>\n<li class=\"\" data-start=\"1805\" data-end=\"1870\">\n<p class=\"\" data-start=\"1807\" data-end=\"1870\">\u2705 <strong data-start=\"1809\" data-end=\"1836\">Einfache Verabreichung<\/strong>: in praktischen, schmackhaften Tabletten<\/p>\n<\/li>\n<li class=\"\" data-start=\"1871\" data-end=\"1940\">\n<p class=\"\" data-start=\"1873\" data-end=\"1940\">\u2705 <strong data-start=\"1875\" data-end=\"1892\">Made in Italy<\/strong>: garantierte Qualit\u00e4t von Camon, einer vertrauensw\u00fcrdigen Marke<\/p>\n<\/li>\n<\/ul>\n<p class=\"\" data-start=\"1947\" data-end=\"2071\"><strong data-start=\"1947\" data-end=\"1981\">Camon Condrosalus<\/strong> ist die intelligente Wahl, um das Wohlbefinden der Gelenke Ihres Hundes jeden Tag zu sch\u00fctzen.<\/p>\n<p class=\"\" data-start=\"2073\" data-end=\"2167\">Bestellen Sie noch heute und entdecken Sie die Vorteile einer nat\u00fcrlichen, sicheren und hochwirksamen Unterst\u00fctzung.<\/p>\n<div class=\"row-fluid\">\n<div class=\"span12 module_cont module_feature_posts\">\n<div class=\"product-description\">\n<h3><strong>Camon Condrosalus 60 Tabletten, <\/strong><strong>Wie zu verwenden: <\/strong> <\/h3>\n<p>1 Tablette pro Tag pro 10 kg Gewicht des Tieres.<\/p>\n<h3><strong>Zutaten:<\/strong><\/h3>\n<ul>\n<li>Glucosamin,<\/li>\n<li>Chondroitin-Sulfat,<\/li>\n<li>Methylsulfonylmethan (MSM),<\/li>\n<li>Hyalurons\u00e4ure,<\/li>\n<li>Mischung aus trockenen Pflanzenextrakten.<\/li>\n<\/ul>\n<\/div>\n<\/div>\n<\/div>\n<div class=\"row-fluid\">\n<div class=\"span12 module_cont module_feature_posts\">\n<h3><strong>Packung mit 60 Tabletten<\/strong><\/h3>\n<\/div>\n<\/div>\n","protected":false},"excerpt":{"rendered":"<p><strong>Camon Condrosalus <\/strong>ist das ideale Erg\u00e4nzungsfuttermittel zur Unterst\u00fctzung der Gelenkgesundheit von Hunden in jeder Lebensphase. Dieses nat\u00fcrliche Produkt wurde entwickelt, um den elastischen Knorpel zu st\u00e4rken und zu erhalten. Es eignet sich daher sowohl f\u00fcr heranwachsende Welpen als auch f\u00fcr \u00e4ltere Hunde oder Erwachsene, die von Gelenkproblemen bedroht sind. <\/p>\n<p><strong>Packung mit 60 Tabletten.<\/strong><\/p>\n","protected":false},"featured_media":18301,"comment_status":"open","ping_status":"closed","template":"","meta":{"_et_pb_use_builder":"","_et_pb_old_content":"","_et_gb_content_width":""},"pwb-brand":[1127,1124],"product_brand":[],"product_cat":[2492,2267],"product_tag":[2381,2643,2294,2641],"woo-feed-brand":[1888],"class_list":{"0":"post-18265","1":"product","2":"type-product","3":"status-publish","4":"has-post-thumbnail","6":"pwb-brand-camon","7":"pwb-brand-orme-naturali","8":"product_cat-gesundheit-und-wohlbefinden-von-hunden","9":"product_cat-hunde","10":"product_tag-camon-de","11":"product_tag-camon-chondrosalus-de","12":"product_tag-erganzungsfuttermittel","13":"product_tag-gesundheit-des-hundes","14":"product_shipping_class-0-3-kg-de","15":"woo-feed-brand-camon","17":"first","18":"instock","19":"taxable","20":"shipping-taxable","21":"purchasable","22":"product-type-simple"},"yoast_head":"<!-- This site is optimized with the Yoast SEO plugin v26.7 - https:\/\/yoast.com\/wordpress\/plugins\/seo\/ -->\n<title>Camon Condrosalus 60 Tabletten - Ulisse Quality Shop<\/title>\n<meta name=\"description\" content=\"Camon Condrosalus 60 Tabletten k\u00f6nnen dazu beitragen, zellul\u00e4re Alterungsprozesse zu begrenzen, insbesondere bei Welpen und \u00e4lteren Hunden.\" \/>\n<meta name=\"robots\" content=\"index, follow, max-snippet:-1, max-image-preview:large, max-video-preview:-1\" \/>\n<link rel=\"canonical\" href=\"https:\/\/www.ulissequalityshop.com\/de\/prodotto\/camon-condrosalus-60-tabletten\/\" \/>\n<meta property=\"og:locale\" content=\"de_DE\" \/>\n<meta property=\"og:type\" content=\"article\" \/>\n<meta property=\"og:title\" content=\"Camon Condrosalus 60 Tabletten - Ulisse Quality Shop\" \/>\n<meta property=\"og:description\" content=\"Camon Condrosalus 60 Tabletten k\u00f6nnen dazu beitragen, zellul\u00e4re Alterungsprozesse zu begrenzen, insbesondere bei Welpen und \u00e4lteren Hunden.\" \/>\n<meta property=\"og:url\" content=\"https:\/\/www.ulissequalityshop.com\/de\/prodotto\/camon-condrosalus-60-tabletten\/\" \/>\n<meta property=\"og:site_name\" content=\"Ulisse Quality Shop\" \/>\n<meta property=\"article:publisher\" content=\"https:\/\/www.facebook.com\/ulissequalityshop\/\" \/>\n<meta property=\"article:modified_time\" content=\"2025-04-30T23:00:28+00:00\" \/>\n<meta property=\"og:image\" content=\"https:\/\/www.ulissequalityshop.com\/wp-content\/uploads\/2017\/01\/camon-condrosalus.jpg\" \/>\n\t<meta property=\"og:image:width\" content=\"1000\" \/>\n\t<meta property=\"og:image:height\" content=\"1000\" \/>\n\t<meta property=\"og:image:type\" content=\"image\/jpeg\" \/>\n<meta name=\"twitter:card\" content=\"summary_large_image\" \/>\n<meta name=\"twitter:site\" content=\"@UlisseQualoitySh\" \/>\n<meta name=\"twitter:label1\" content=\"Gesch\u00e4tzte Lesezeit\" \/>\n\t<meta name=\"twitter:data1\" content=\"2\u00a0Minuten\" \/>\n<script type=\"application\/ld+json\" class=\"yoast-schema-graph\">{\"@context\":\"https:\/\/schema.org\",\"@graph\":[{\"@type\":\"WebPage\",\"@id\":\"https:\/\/www.ulissequalityshop.com\/de\/prodotto\/camon-condrosalus-60-tabletten\/\",\"url\":\"https:\/\/www.ulissequalityshop.com\/de\/prodotto\/camon-condrosalus-60-tabletten\/\",\"name\":\"Camon Condrosalus 60 Tabletten - Ulisse Quality Shop\",\"isPartOf\":{\"@id\":\"https:\/\/www.ulissequalityshop.com\/de\/#website\"},\"primaryImageOfPage\":{\"@id\":\"https:\/\/www.ulissequalityshop.com\/de\/prodotto\/camon-condrosalus-60-tabletten\/#primaryimage\"},\"image\":{\"@id\":\"https:\/\/www.ulissequalityshop.com\/de\/prodotto\/camon-condrosalus-60-tabletten\/#primaryimage\"},\"thumbnailUrl\":\"https:\/\/i0.wp.com\/www.ulissequalityshop.com\/wp-content\/uploads\/2017\/01\/camon-condrosalus-front.jpg?fit=1036%2C1070&ssl=1\",\"datePublished\":\"2016-09-20T16:15:37+00:00\",\"dateModified\":\"2025-04-30T23:00:28+00:00\",\"description\":\"Camon Condrosalus 60 Tabletten k\u00f6nnen dazu beitragen, zellul\u00e4re Alterungsprozesse zu begrenzen, insbesondere bei Welpen und \u00e4lteren Hunden.\",\"breadcrumb\":{\"@id\":\"https:\/\/www.ulissequalityshop.com\/de\/prodotto\/camon-condrosalus-60-tabletten\/#breadcrumb\"},\"inLanguage\":\"de\",\"potentialAction\":[{\"@type\":\"ReadAction\",\"target\":[\"https:\/\/www.ulissequalityshop.com\/de\/prodotto\/camon-condrosalus-60-tabletten\/\"]}]},{\"@type\":\"ImageObject\",\"inLanguage\":\"de\",\"@id\":\"https:\/\/www.ulissequalityshop.com\/de\/prodotto\/camon-condrosalus-60-tabletten\/#primaryimage\",\"url\":\"https:\/\/i0.wp.com\/www.ulissequalityshop.com\/wp-content\/uploads\/2017\/01\/camon-condrosalus-front.jpg?fit=1036%2C1070&ssl=1\",\"contentUrl\":\"https:\/\/i0.wp.com\/www.ulissequalityshop.com\/wp-content\/uploads\/2017\/01\/camon-condrosalus-front.jpg?fit=1036%2C1070&ssl=1\",\"width\":1036,\"height\":1070,\"caption\":\"Camon Condrosalus Compresse per Cani e Gatti\"},{\"@type\":\"BreadcrumbList\",\"@id\":\"https:\/\/www.ulissequalityshop.com\/de\/prodotto\/camon-condrosalus-60-tabletten\/#breadcrumb\",\"itemListElement\":[{\"@type\":\"ListItem\",\"position\":1,\"name\":\"Start\",\"item\":\"https:\/\/www.ulissequalityshop.com\/de\/\"},{\"@type\":\"ListItem\",\"position\":2,\"name\":\"Ulisse Quality Shop\",\"item\":\"https:\/\/www.ulissequalityshop.com\/\"},{\"@type\":\"ListItem\",\"position\":3,\"name\":\"Camon Condrosalus 60 Tabletten\"}]},{\"@type\":\"WebSite\",\"@id\":\"https:\/\/www.ulissequalityshop.com\/de\/#website\",\"url\":\"https:\/\/www.ulissequalityshop.com\/de\/\",\"name\":\"Ulisse Quality Shop\",\"description\":\"Tutto per i tuoi pets\",\"potentialAction\":[{\"@type\":\"SearchAction\",\"target\":{\"@type\":\"EntryPoint\",\"urlTemplate\":\"https:\/\/www.ulissequalityshop.com\/de\/?s={search_term_string}\"},\"query-input\":{\"@type\":\"PropertyValueSpecification\",\"valueRequired\":true,\"valueName\":\"search_term_string\"}}],\"inLanguage\":\"de\"}]}<\/script>\n<!-- \/ Yoast SEO plugin. -->","yoast_head_json":{"title":"Camon Condrosalus 60 Tabletten - Ulisse Quality Shop","description":"Camon Condrosalus 60 Tabletten k\u00f6nnen dazu beitragen, zellul\u00e4re Alterungsprozesse zu begrenzen, insbesondere bei Welpen und \u00e4lteren Hunden.","robots":{"index":"index","follow":"follow","max-snippet":"max-snippet:-1","max-image-preview":"max-image-preview:large","max-video-preview":"max-video-preview:-1"},"canonical":"https:\/\/www.ulissequalityshop.com\/de\/prodotto\/camon-condrosalus-60-tabletten\/","og_locale":"de_DE","og_type":"article","og_title":"Camon Condrosalus 60 Tabletten - Ulisse Quality Shop","og_description":"Camon Condrosalus 60 Tabletten k\u00f6nnen dazu beitragen, zellul\u00e4re Alterungsprozesse zu begrenzen, insbesondere bei Welpen und \u00e4lteren Hunden.","og_url":"https:\/\/www.ulissequalityshop.com\/de\/prodotto\/camon-condrosalus-60-tabletten\/","og_site_name":"Ulisse Quality Shop","article_publisher":"https:\/\/www.facebook.com\/ulissequalityshop\/","article_modified_time":"2025-04-30T23:00:28+00:00","og_image":[{"width":1000,"height":1000,"url":"https:\/\/www.ulissequalityshop.com\/wp-content\/uploads\/2017\/01\/camon-condrosalus.jpg","type":"image\/jpeg"}],"twitter_card":"summary_large_image","twitter_site":"@UlisseQualoitySh","twitter_misc":{"Gesch\u00e4tzte Lesezeit":"2\u00a0Minuten"},"schema":{"@context":"https:\/\/schema.org","@graph":[{"@type":"WebPage","@id":"https:\/\/www.ulissequalityshop.com\/de\/prodotto\/camon-condrosalus-60-tabletten\/","url":"https:\/\/www.ulissequalityshop.com\/de\/prodotto\/camon-condrosalus-60-tabletten\/","name":"Camon Condrosalus 60 Tabletten - Ulisse Quality Shop","isPartOf":{"@id":"https:\/\/www.ulissequalityshop.com\/de\/#website"},"primaryImageOfPage":{"@id":"https:\/\/www.ulissequalityshop.com\/de\/prodotto\/camon-condrosalus-60-tabletten\/#primaryimage"},"image":{"@id":"https:\/\/www.ulissequalityshop.com\/de\/prodotto\/camon-condrosalus-60-tabletten\/#primaryimage"},"thumbnailUrl":"https:\/\/i0.wp.com\/www.ulissequalityshop.com\/wp-content\/uploads\/2017\/01\/camon-condrosalus-front.jpg?fit=1036%2C1070&ssl=1","datePublished":"2016-09-20T16:15:37+00:00","dateModified":"2025-04-30T23:00:28+00:00","description":"Camon Condrosalus 60 Tabletten k\u00f6nnen dazu beitragen, zellul\u00e4re Alterungsprozesse zu begrenzen, insbesondere bei Welpen und \u00e4lteren Hunden.","breadcrumb":{"@id":"https:\/\/www.ulissequalityshop.com\/de\/prodotto\/camon-condrosalus-60-tabletten\/#breadcrumb"},"inLanguage":"de","potentialAction":[{"@type":"ReadAction","target":["https:\/\/www.ulissequalityshop.com\/de\/prodotto\/camon-condrosalus-60-tabletten\/"]}]},{"@type":"ImageObject","inLanguage":"de","@id":"https:\/\/www.ulissequalityshop.com\/de\/prodotto\/camon-condrosalus-60-tabletten\/#primaryimage","url":"https:\/\/i0.wp.com\/www.ulissequalityshop.com\/wp-content\/uploads\/2017\/01\/camon-condrosalus-front.jpg?fit=1036%2C1070&ssl=1","contentUrl":"https:\/\/i0.wp.com\/www.ulissequalityshop.com\/wp-content\/uploads\/2017\/01\/camon-condrosalus-front.jpg?fit=1036%2C1070&ssl=1","width":1036,"height":1070,"caption":"Camon Condrosalus Compresse per Cani e Gatti"},{"@type":"BreadcrumbList","@id":"https:\/\/www.ulissequalityshop.com\/de\/prodotto\/camon-condrosalus-60-tabletten\/#breadcrumb","itemListElement":[{"@type":"ListItem","position":1,"name":"Start","item":"https:\/\/www.ulissequalityshop.com\/de\/"},{"@type":"ListItem","position":2,"name":"Ulisse Quality Shop","item":"https:\/\/www.ulissequalityshop.com\/"},{"@type":"ListItem","position":3,"name":"Camon Condrosalus 60 Tabletten"}]},{"@type":"WebSite","@id":"https:\/\/www.ulissequalityshop.com\/de\/#website","url":"https:\/\/www.ulissequalityshop.com\/de\/","name":"Ulisse Quality Shop","description":"Tutto per i tuoi pets","potentialAction":[{"@type":"SearchAction","target":{"@type":"EntryPoint","urlTemplate":"https:\/\/www.ulissequalityshop.com\/de\/?s={search_term_string}"},"query-input":{"@type":"PropertyValueSpecification","valueRequired":true,"valueName":"search_term_string"}}],"inLanguage":"de"}]}},"jetpack_sharing_enabled":true,"brands":[{"id":1127,"name":"Camon","slug":"camon"},{"id":1124,"name":"Orme Naturali","slug":"orme-naturali"}],"_links":{"self":[{"href":"https:\/\/www.ulissequalityshop.com\/de\/wp-json\/wp\/v2\/product\/18265","targetHints":{"allow":["GET"]}}],"collection":[{"href":"https:\/\/www.ulissequalityshop.com\/de\/wp-json\/wp\/v2\/product"}],"about":[{"href":"https:\/\/www.ulissequalityshop.com\/de\/wp-json\/wp\/v2\/types\/product"}],"replies":[{"embeddable":true,"href":"https:\/\/www.ulissequalityshop.com\/de\/wp-json\/wp\/v2\/comments?post=18265"}],"wp:featuredmedia":[{"embeddable":true,"href":"https:\/\/www.ulissequalityshop.com\/de\/wp-json\/wp\/v2\/media\/18301"}],"wp:attachment":[{"href":"https:\/\/www.ulissequalityshop.com\/de\/wp-json\/wp\/v2\/media?parent=18265"}],"wp:term":[{"taxonomy":"pwb-brand","embeddable":true,"href":"https:\/\/www.ulissequalityshop.com\/de\/wp-json\/wp\/v2\/pwb-brand?post=18265"},{"taxonomy":"product_brand","embeddable":true,"href":"https:\/\/www.ulissequalityshop.com\/de\/wp-json\/wp\/v2\/product_brand?post=18265"},{"taxonomy":"product_cat","embeddable":true,"href":"https:\/\/www.ulissequalityshop.com\/de\/wp-json\/wp\/v2\/product_cat?post=18265"},{"taxonomy":"product_tag","embeddable":true,"href":"https:\/\/www.ulissequalityshop.com\/de\/wp-json\/wp\/v2\/product_tag?post=18265"},{"taxonomy":"woo-feed-brand","embeddable":true,"href":"https:\/\/www.ulissequalityshop.com\/de\/wp-json\/wp\/v2\/woo-feed-brand?post=18265"}],"curies":[{"name":"wp","href":"https:\/\/api.w.org\/{rel}","templated":true}]}}