{"id":18295,"date":"2018-04-16T22:25:21","date_gmt":"2018-04-16T20:25:21","guid":{"rendered":"https:\/\/www.ulissequalityshop.com\/prodotto\/camon-hybrid-60-tabletten\/"},"modified":"2025-05-01T01:00:28","modified_gmt":"2025-04-30T23:00:28","slug":"camon-hybrid-60-tabletten","status":"publish","type":"product","link":"https:\/\/www.ulissequalityshop.com\/de\/prodotto\/camon-hybrid-60-tabletten\/","title":{"rendered":"Camon Hybrid 60 Tabletten"},"content":{"rendered":"<p><strong>Camon Hybrid 60 Tabletten f\u00fcr Hunde und Katzen<\/strong> ist Natural Wellness, von Kopf bis Schwanz.<\/p>\n<p class=\"\" data-start=\"283\" data-end=\"778\"><strong data-start=\"283\" data-end=\"309\">Camon Hybrid <\/strong>ist ein 100% nat\u00fcrliches Erg\u00e4nzungsfuttermittel f\u00fcr das gesamte Wohlbefinden von Hunden und Katzen. Es ist ideal zur Bek\u00e4mpfung von h\u00e4ufigen Problemen wie Epiphora, Mundgeruch und Wei\u00dfhaarigkeit. Es wirkt in der Tiefe, indem es den korrekten pH-Wert der Tr\u00e4nen- und Speicheldr\u00fcsen wiederherstellt.  Dank der Synergie hochwertiger nat\u00fcrlicher Inhaltsstoffe, darunter wertvolle Spirulina, unterst\u00fctzen diese Tabletten die Verdauung, st\u00e4rken das Immunsystem und bek\u00e4mpfen Entz\u00fcndungen.<\/p>\n<p class=\"\" data-start=\"780\" data-end=\"1081\">Im Gegensatz zu vielen anderen Nahrungserg\u00e4nzungsmitteln sind die <strong data-start=\"821\" data-end=\"847\">Camon Hybrid Tabletten<\/strong> so formuliert, dass sie sehr gut vertr\u00e4glich sind, f\u00fcr alle Rassen geeignet und auch f\u00fcr lange Anwendungszyklen perfekt geeignet. Die Wirksamkeit ist bereits nach wenigen Wochen sichtbar: sauberere Augen, frischerer Atem und ein sichtbar ges\u00fcnderes Fell. <\/p>\n<p class=\"\" data-start=\"1083\" data-end=\"1237\">Ob es sich um einen kleinen Chihuahua oder einen majest\u00e4tischen Maine Coon handelt, die L\u00f6sung f\u00fcr ihr Wohlbefinden ist eine Tablette pro Tag f\u00fcr jeweils 10 kg Gewicht.<\/p>\n<h2><strong>Camon <\/strong><strong>Hybrid 60 <\/strong><strong>Tabletten, Merkmale:<\/strong><\/h2>\n<ul>\n<li class=\"\" data-start=\"1180\" data-end=\"1251\">\n<p class=\"\" data-start=\"1182\" data-end=\"1251\">\u2714\ufe0f <strong data-start=\"1185\" data-end=\"1205\">100%<\/strong> nat\u00fcrlich &#8211; ausgew\u00e4hlte Zutaten nat\u00fcrlichen Ursprungs<\/p>\n<\/li>\n<li class=\"\" data-start=\"1252\" data-end=\"1343\">\n<p class=\"\" data-start=\"1254\" data-end=\"1343\">\u2714\ufe0f <strong data-start=\"1257\" data-end=\"1277\">Reduziert Epiphora<\/strong> &#8211; wirkt Tr\u00e4nenfluss und dunklen Flecken um die Augen entgegen<\/p>\n<\/li>\n<li class=\"\" data-start=\"1344\" data-end=\"1416\">\n<p class=\"\" data-start=\"1346\" data-end=\"1416\">\u2714\ufe0f <strong data-start=\"1349\" data-end=\"1365\">Frischer Atem<\/strong> &#8211; dank Spirulina, wirksam gegen Mundgeruch<\/p>\n<\/li>\n<li class=\"\" data-start=\"1417\" data-end=\"1487\">\n<p class=\"\" data-start=\"1419\" data-end=\"1487\">\u2714\ufe0f <strong data-start=\"1422\" data-end=\"1447\">Verbesserte Verdauung<\/strong> &#8211; unterst\u00fctzt das Magen-Darm-System<\/p>\n<\/li>\n<li class=\"\" data-start=\"1488\" data-end=\"1552\">\n<p class=\"\" data-start=\"1490\" data-end=\"1552\">\u2714\ufe0f <strong data-start=\"1493\" data-end=\"1522\">Starkes Immunsystem<\/strong> &#8211; st\u00e4rkt die nat\u00fcrlichen Abwehrkr\u00e4fte<\/p>\n<\/li>\n<li class=\"\" data-start=\"1553\" data-end=\"1620\">\n<p class=\"\" data-start=\"1555\" data-end=\"1620\">\u2714\ufe0f Geeignet f\u00fcr <strong data-start=\"1558\" data-end=\"1583\">Hunde und Katzen<\/strong> &#8211; f\u00fcr Tiere aller Gr\u00f6\u00dfen und Rassen<\/p>\n<\/li>\n<li class=\"\" data-start=\"1621\" data-end=\"1686\">\n<p class=\"\" data-start=\"1623\" data-end=\"1686\">\u2714\ufe0f <strong data-start=\"1626\" data-end=\"1653\">Einfache t\u00e4gliche Anwendung<\/strong> &#8211; 1 Tablette pro 10 kg Gewicht<\/p>\n<\/li>\n<\/ul>\n<h3 data-start=\"1749\" data-end=\"1768\"><strong>Art der Anwendung:<\/strong><\/h3>\n<p class=\"\" data-start=\"1769\" data-end=\"1898\">Verabreichen Sie <strong data-start=\"1783\" data-end=\"1819\">1 Tablette pro Tag pro 10 kg<\/strong> K\u00f6rpergewicht. Kann direkt oder zerkleinert mit dem Futter verabreicht werden. <\/p>\n<p><strong data-start=\"1903\" data-end=\"1929\">Camon Hybrid<\/strong>: die nat\u00fcrliche Wahl f\u00fcr das t\u00e4gliche Wohlbefinden Ihres Haustieres.<\/p>\n<h4><strong>Verf\u00fcgbare Formate:<\/strong><\/h4>\n<div class=\"row-fluid\">\n<div class=\"span12 module_cont module_feature_posts\">\n<ul>\n<li>Packung mit 60 Tabletten<\/li>\n<\/ul>\n<\/div>\n<\/div>\n<p class=\"\" data-start=\"1693\" data-end=\"1811\">Entscheiden Sie sich f\u00fcr <strong data-start=\"1700\" data-end=\"1726\">Camon Hybrid <\/strong>und geben Sie Ihrem Haustier eine neue, nat\u00fcrliche und vollst\u00e4ndige t\u00e4gliche Wellness-Routine.<\/p>\n<p class=\"\" data-start=\"1813\" data-end=\"1948\">Bestellen Sie jetzt und sehen Sie den Unterschied: Ihr Hund oder Ihre Katze wird es Ihnen mit neuer Vitalit\u00e4t und einem noch strahlenderen Aussehen danken!<\/p>\n<p>&nbsp;<\/p>\n","protected":false},"excerpt":{"rendered":"<p><strong data-start=\"283\" data-end=\"309\">Camon Hybrid <\/strong>ist ein 100% nat\u00fcrliches Erg\u00e4nzungsfuttermittel f\u00fcr das gesamte Wohlbefinden von Hunden und Katzen. Es ist ideal zur Bek\u00e4mpfung von h\u00e4ufigen Problemen wie Epiphora, Mundgeruch und Wei\u00dfhaarigkeit. Es wirkt in der Tiefe, indem es den korrekten pH-Wert der Tr\u00e4nen- und Speicheldr\u00fcsen wiederherstellt. <\/p>\n<p class=\"headInModule\"><strong>Format<\/strong>: Packung mit 60 Tabletten<\/p>\n","protected":false},"featured_media":18289,"comment_status":"open","ping_status":"closed","template":"","meta":{"_et_pb_use_builder":"","_et_pb_old_content":"","_et_gb_content_width":""},"pwb-brand":[1127,1124],"product_brand":[],"product_cat":[2491,2492,2288,2648,2267],"product_tag":[2381,2294,2647,2641],"woo-feed-brand":[1888],"class_list":{"0":"post-18295","1":"product","2":"type-product","3":"status-publish","4":"has-post-thumbnail","6":"pwb-brand-camon","7":"pwb-brand-orme-naturali","8":"product_cat-gesundheit-und-wohlbefinden","9":"product_cat-gesundheit-und-wohlbefinden-von-hunden","10":"product_cat-katzen","11":"product_cat-sonderangebot-april25","12":"product_cat-hunde","13":"product_tag-camon-de","14":"product_tag-erganzungsfuttermittel","15":"product_tag-gesundheit-der-katze","16":"product_tag-gesundheit-des-hundes","17":"product_shipping_class-0-3-kg-de","18":"woo-feed-brand-camon","20":"first","21":"instock","22":"taxable","23":"shipping-taxable","24":"purchasable","25":"product-type-simple"},"yoast_head":"<!-- This site is optimized with the Yoast SEO plugin v26.7 - https:\/\/yoast.com\/wordpress\/plugins\/seo\/ -->\n<title>Camon Hybrid 60 Tabletten - Ulisse Quality Shop<\/title>\n<meta name=\"description\" content=\"Camon Hybrid 60 ist ein Erg\u00e4nzungsfuttermittel, das den pH-Wert der Tr\u00e4nen- und Speicheldr\u00fcsen Ihres Tieres wiederherstellt. Erfahren Sie mehr.\" \/>\n<meta name=\"robots\" content=\"index, follow, max-snippet:-1, max-image-preview:large, max-video-preview:-1\" \/>\n<link rel=\"canonical\" href=\"https:\/\/www.ulissequalityshop.com\/de\/prodotto\/camon-hybrid-60-tabletten\/\" \/>\n<meta property=\"og:locale\" content=\"de_DE\" \/>\n<meta property=\"og:type\" content=\"article\" \/>\n<meta property=\"og:title\" content=\"Camon Hybrid 60 Tabletten - Ulisse Quality Shop\" \/>\n<meta property=\"og:description\" content=\"Camon Hybrid 60 ist ein Erg\u00e4nzungsfuttermittel, das den pH-Wert der Tr\u00e4nen- und Speicheldr\u00fcsen Ihres Tieres wiederherstellt. Erfahren Sie mehr.\" \/>\n<meta property=\"og:url\" content=\"https:\/\/www.ulissequalityshop.com\/de\/prodotto\/camon-hybrid-60-tabletten\/\" \/>\n<meta property=\"og:site_name\" content=\"Ulisse Quality Shop\" \/>\n<meta property=\"article:publisher\" content=\"https:\/\/www.facebook.com\/ulissequalityshop\/\" \/>\n<meta property=\"article:modified_time\" content=\"2025-04-30T23:00:28+00:00\" \/>\n<meta property=\"og:image\" content=\"https:\/\/www.ulissequalityshop.com\/wp-content\/uploads\/2016\/09\/camon-hybrid-compresse-1.jpg\" \/>\n\t<meta property=\"og:image:width\" content=\"1051\" \/>\n\t<meta property=\"og:image:height\" content=\"1059\" \/>\n\t<meta property=\"og:image:type\" content=\"image\/jpeg\" \/>\n<meta name=\"twitter:card\" content=\"summary_large_image\" \/>\n<meta name=\"twitter:site\" content=\"@UlisseQualoitySh\" \/>\n<meta name=\"twitter:label1\" content=\"Gesch\u00e4tzte Lesezeit\" \/>\n\t<meta name=\"twitter:data1\" content=\"2\u00a0Minuten\" \/>\n<script type=\"application\/ld+json\" class=\"yoast-schema-graph\">{\"@context\":\"https:\/\/schema.org\",\"@graph\":[{\"@type\":\"WebPage\",\"@id\":\"https:\/\/www.ulissequalityshop.com\/de\/prodotto\/camon-hybrid-60-tabletten\/\",\"url\":\"https:\/\/www.ulissequalityshop.com\/de\/prodotto\/camon-hybrid-60-tabletten\/\",\"name\":\"Camon Hybrid 60 Tabletten - Ulisse Quality Shop\",\"isPartOf\":{\"@id\":\"https:\/\/www.ulissequalityshop.com\/de\/#website\"},\"primaryImageOfPage\":{\"@id\":\"https:\/\/www.ulissequalityshop.com\/de\/prodotto\/camon-hybrid-60-tabletten\/#primaryimage\"},\"image\":{\"@id\":\"https:\/\/www.ulissequalityshop.com\/de\/prodotto\/camon-hybrid-60-tabletten\/#primaryimage\"},\"thumbnailUrl\":\"https:\/\/i0.wp.com\/www.ulissequalityshop.com\/wp-content\/uploads\/2016\/09\/camon-hybrid-compresse-1.jpg?fit=1051%2C1059&ssl=1\",\"datePublished\":\"2018-04-16T20:25:21+00:00\",\"dateModified\":\"2025-04-30T23:00:28+00:00\",\"description\":\"Camon Hybrid 60 ist ein Erg\u00e4nzungsfuttermittel, das den pH-Wert der Tr\u00e4nen- und Speicheldr\u00fcsen Ihres Tieres wiederherstellt. Erfahren Sie mehr.\",\"breadcrumb\":{\"@id\":\"https:\/\/www.ulissequalityshop.com\/de\/prodotto\/camon-hybrid-60-tabletten\/#breadcrumb\"},\"inLanguage\":\"de\",\"potentialAction\":[{\"@type\":\"ReadAction\",\"target\":[\"https:\/\/www.ulissequalityshop.com\/de\/prodotto\/camon-hybrid-60-tabletten\/\"]}]},{\"@type\":\"ImageObject\",\"inLanguage\":\"de\",\"@id\":\"https:\/\/www.ulissequalityshop.com\/de\/prodotto\/camon-hybrid-60-tabletten\/#primaryimage\",\"url\":\"https:\/\/i0.wp.com\/www.ulissequalityshop.com\/wp-content\/uploads\/2016\/09\/camon-hybrid-compresse-1.jpg?fit=1051%2C1059&ssl=1\",\"contentUrl\":\"https:\/\/i0.wp.com\/www.ulissequalityshop.com\/wp-content\/uploads\/2016\/09\/camon-hybrid-compresse-1.jpg?fit=1051%2C1059&ssl=1\",\"width\":1051,\"height\":1059,\"caption\":\"Camon Hybrid compresse\"},{\"@type\":\"BreadcrumbList\",\"@id\":\"https:\/\/www.ulissequalityshop.com\/de\/prodotto\/camon-hybrid-60-tabletten\/#breadcrumb\",\"itemListElement\":[{\"@type\":\"ListItem\",\"position\":1,\"name\":\"Start\",\"item\":\"https:\/\/www.ulissequalityshop.com\/de\/\"},{\"@type\":\"ListItem\",\"position\":2,\"name\":\"Ulisse Quality Shop\",\"item\":\"https:\/\/www.ulissequalityshop.com\/\"},{\"@type\":\"ListItem\",\"position\":3,\"name\":\"Camon Hybrid 60 Tabletten\"}]},{\"@type\":\"WebSite\",\"@id\":\"https:\/\/www.ulissequalityshop.com\/de\/#website\",\"url\":\"https:\/\/www.ulissequalityshop.com\/de\/\",\"name\":\"Ulisse Quality Shop\",\"description\":\"Tutto per i tuoi pets\",\"potentialAction\":[{\"@type\":\"SearchAction\",\"target\":{\"@type\":\"EntryPoint\",\"urlTemplate\":\"https:\/\/www.ulissequalityshop.com\/de\/?s={search_term_string}\"},\"query-input\":{\"@type\":\"PropertyValueSpecification\",\"valueRequired\":true,\"valueName\":\"search_term_string\"}}],\"inLanguage\":\"de\"}]}<\/script>\n<!-- \/ Yoast SEO plugin. -->","yoast_head_json":{"title":"Camon Hybrid 60 Tabletten - Ulisse Quality Shop","description":"Camon Hybrid 60 ist ein Erg\u00e4nzungsfuttermittel, das den pH-Wert der Tr\u00e4nen- und Speicheldr\u00fcsen Ihres Tieres wiederherstellt. Erfahren Sie mehr.","robots":{"index":"index","follow":"follow","max-snippet":"max-snippet:-1","max-image-preview":"max-image-preview:large","max-video-preview":"max-video-preview:-1"},"canonical":"https:\/\/www.ulissequalityshop.com\/de\/prodotto\/camon-hybrid-60-tabletten\/","og_locale":"de_DE","og_type":"article","og_title":"Camon Hybrid 60 Tabletten - Ulisse Quality Shop","og_description":"Camon Hybrid 60 ist ein Erg\u00e4nzungsfuttermittel, das den pH-Wert der Tr\u00e4nen- und Speicheldr\u00fcsen Ihres Tieres wiederherstellt. Erfahren Sie mehr.","og_url":"https:\/\/www.ulissequalityshop.com\/de\/prodotto\/camon-hybrid-60-tabletten\/","og_site_name":"Ulisse Quality Shop","article_publisher":"https:\/\/www.facebook.com\/ulissequalityshop\/","article_modified_time":"2025-04-30T23:00:28+00:00","og_image":[{"width":1051,"height":1059,"url":"https:\/\/www.ulissequalityshop.com\/wp-content\/uploads\/2016\/09\/camon-hybrid-compresse-1.jpg","type":"image\/jpeg"}],"twitter_card":"summary_large_image","twitter_site":"@UlisseQualoitySh","twitter_misc":{"Gesch\u00e4tzte Lesezeit":"2\u00a0Minuten"},"schema":{"@context":"https:\/\/schema.org","@graph":[{"@type":"WebPage","@id":"https:\/\/www.ulissequalityshop.com\/de\/prodotto\/camon-hybrid-60-tabletten\/","url":"https:\/\/www.ulissequalityshop.com\/de\/prodotto\/camon-hybrid-60-tabletten\/","name":"Camon Hybrid 60 Tabletten - Ulisse Quality Shop","isPartOf":{"@id":"https:\/\/www.ulissequalityshop.com\/de\/#website"},"primaryImageOfPage":{"@id":"https:\/\/www.ulissequalityshop.com\/de\/prodotto\/camon-hybrid-60-tabletten\/#primaryimage"},"image":{"@id":"https:\/\/www.ulissequalityshop.com\/de\/prodotto\/camon-hybrid-60-tabletten\/#primaryimage"},"thumbnailUrl":"https:\/\/i0.wp.com\/www.ulissequalityshop.com\/wp-content\/uploads\/2016\/09\/camon-hybrid-compresse-1.jpg?fit=1051%2C1059&ssl=1","datePublished":"2018-04-16T20:25:21+00:00","dateModified":"2025-04-30T23:00:28+00:00","description":"Camon Hybrid 60 ist ein Erg\u00e4nzungsfuttermittel, das den pH-Wert der Tr\u00e4nen- und Speicheldr\u00fcsen Ihres Tieres wiederherstellt. Erfahren Sie mehr.","breadcrumb":{"@id":"https:\/\/www.ulissequalityshop.com\/de\/prodotto\/camon-hybrid-60-tabletten\/#breadcrumb"},"inLanguage":"de","potentialAction":[{"@type":"ReadAction","target":["https:\/\/www.ulissequalityshop.com\/de\/prodotto\/camon-hybrid-60-tabletten\/"]}]},{"@type":"ImageObject","inLanguage":"de","@id":"https:\/\/www.ulissequalityshop.com\/de\/prodotto\/camon-hybrid-60-tabletten\/#primaryimage","url":"https:\/\/i0.wp.com\/www.ulissequalityshop.com\/wp-content\/uploads\/2016\/09\/camon-hybrid-compresse-1.jpg?fit=1051%2C1059&ssl=1","contentUrl":"https:\/\/i0.wp.com\/www.ulissequalityshop.com\/wp-content\/uploads\/2016\/09\/camon-hybrid-compresse-1.jpg?fit=1051%2C1059&ssl=1","width":1051,"height":1059,"caption":"Camon Hybrid compresse"},{"@type":"BreadcrumbList","@id":"https:\/\/www.ulissequalityshop.com\/de\/prodotto\/camon-hybrid-60-tabletten\/#breadcrumb","itemListElement":[{"@type":"ListItem","position":1,"name":"Start","item":"https:\/\/www.ulissequalityshop.com\/de\/"},{"@type":"ListItem","position":2,"name":"Ulisse Quality Shop","item":"https:\/\/www.ulissequalityshop.com\/"},{"@type":"ListItem","position":3,"name":"Camon Hybrid 60 Tabletten"}]},{"@type":"WebSite","@id":"https:\/\/www.ulissequalityshop.com\/de\/#website","url":"https:\/\/www.ulissequalityshop.com\/de\/","name":"Ulisse Quality Shop","description":"Tutto per i tuoi pets","potentialAction":[{"@type":"SearchAction","target":{"@type":"EntryPoint","urlTemplate":"https:\/\/www.ulissequalityshop.com\/de\/?s={search_term_string}"},"query-input":{"@type":"PropertyValueSpecification","valueRequired":true,"valueName":"search_term_string"}}],"inLanguage":"de"}]}},"jetpack_sharing_enabled":true,"brands":[{"id":1127,"name":"Camon","slug":"camon"},{"id":1124,"name":"Orme Naturali","slug":"orme-naturali"}],"_links":{"self":[{"href":"https:\/\/www.ulissequalityshop.com\/de\/wp-json\/wp\/v2\/product\/18295","targetHints":{"allow":["GET"]}}],"collection":[{"href":"https:\/\/www.ulissequalityshop.com\/de\/wp-json\/wp\/v2\/product"}],"about":[{"href":"https:\/\/www.ulissequalityshop.com\/de\/wp-json\/wp\/v2\/types\/product"}],"replies":[{"embeddable":true,"href":"https:\/\/www.ulissequalityshop.com\/de\/wp-json\/wp\/v2\/comments?post=18295"}],"wp:featuredmedia":[{"embeddable":true,"href":"https:\/\/www.ulissequalityshop.com\/de\/wp-json\/wp\/v2\/media\/18289"}],"wp:attachment":[{"href":"https:\/\/www.ulissequalityshop.com\/de\/wp-json\/wp\/v2\/media?parent=18295"}],"wp:term":[{"taxonomy":"pwb-brand","embeddable":true,"href":"https:\/\/www.ulissequalityshop.com\/de\/wp-json\/wp\/v2\/pwb-brand?post=18295"},{"taxonomy":"product_brand","embeddable":true,"href":"https:\/\/www.ulissequalityshop.com\/de\/wp-json\/wp\/v2\/product_brand?post=18295"},{"taxonomy":"product_cat","embeddable":true,"href":"https:\/\/www.ulissequalityshop.com\/de\/wp-json\/wp\/v2\/product_cat?post=18295"},{"taxonomy":"product_tag","embeddable":true,"href":"https:\/\/www.ulissequalityshop.com\/de\/wp-json\/wp\/v2\/product_tag?post=18295"},{"taxonomy":"woo-feed-brand","embeddable":true,"href":"https:\/\/www.ulissequalityshop.com\/de\/wp-json\/wp\/v2\/woo-feed-brand?post=18295"}],"curies":[{"name":"wp","href":"https:\/\/api.w.org\/{rel}","templated":true}]}}