{"id":18303,"date":"2017-01-29T15:16:25","date_gmt":"2017-01-29T14:16:25","guid":{"rendered":"https:\/\/www.ulissequalityshop.com\/prodotto\/camon-condrosalus-tabletten-fuer-hunde-und-katzen\/"},"modified":"2017-01-29T15:16:25","modified_gmt":"2017-01-29T14:16:25","slug":"camon-condrosalus-tabletten-fuer-hunde-und-katzen","status":"publish","type":"product","link":"https:\/\/www.ulissequalityshop.com\/de\/prodotto\/camon-condrosalus-tabletten-fuer-hunde-und-katzen\/","title":{"rendered":"Camon Condrosalus Tabletten f\u00fcr Hunde und Katzen"},"content":{"rendered":"<p class=\"\" data-start=\"332\" data-end=\"389\"><strong data-start=\"332\" data-end=\"389\">Camon Condrosalus Tabletten f\u00fcr Hunde und Katzen ist ein nat\u00fcrlicher Schutz f\u00fcr die Gelenke Ihres Hundes und Ihrer Katze<\/strong><\/p>\n<p class=\"\" data-start=\"391\" data-end=\"721\"><strong>Camon Condrosalus Tabletten<\/strong> sind das ideale Erg\u00e4nzungsfuttermittel zur Unterst\u00fctzung der Gelenkgesundheit von Hunden in jeder Lebensphase. Dieses nat\u00fcrliche Produkt wurde entwickelt, um den elastischen Knorpel zu st\u00e4rken und zu erhalten. Es eignet sich daher sowohl f\u00fcr heranwachsende Welpen als auch f\u00fcr \u00e4ltere Hunde oder Erwachsene, bei denen ein Risiko f\u00fcr Gelenkprobleme besteht. <\/p>\n<p class=\"\" data-start=\"723\" data-end=\"1158\">Dank seiner hoch bioverf\u00fcgbaren Formel sorgt <strong>Camon Condrosalus<\/strong> f\u00fcr eine optimale Aufnahme der Wirkstoffe, die tief im Gelenksystem des Tieres wirken. Bei Welpen unterst\u00fctzt es die gesunde Entwicklung der Gelenke, indem es strukturellen Defekten vorbeugt. Bei \u00e4lteren Hunden hingegen hilft es, degenerativen Prozessen entgegenzuwirken, indem es den Knorpelabbau und die Zellalterung verlangsamt.  <\/p>\n<p class=\"\" data-start=\"1160\" data-end=\"1423\">Die regelm\u00e4\u00dfige Einnahme dieses Nahrungserg\u00e4nzungsmittels f\u00f6rdert die Beweglichkeit und reduziert Gelenkschmerzen und Steifheit. Es wird besonders f\u00fcr gro\u00dfe Rassen empfohlen, die einer st\u00e4rkeren Belastung der Gelenke ausgesetzt sind, oder f\u00fcr sportliche und sehr aktive Hunde. <\/p>\n<h2><strong>Camon Condrosalus Tabletten, Eigenschaften:<\/strong><\/h2>\n<ul>\n<li class=\"\" data-start=\"1485\" data-end=\"1559\">\n<p class=\"\" data-start=\"1487\" data-end=\"1559\">\u2705 <strong data-start=\"1489\" data-end=\"1509\">Nat\u00fcrliche Formel<\/strong>: ausgew\u00e4hlte Inhaltsstoffe mit hoher Bioverf\u00fcgbarkeit<\/p>\n<\/li>\n<li class=\"\" data-start=\"1560\" data-end=\"1640\">\n<p class=\"\" data-start=\"1562\" data-end=\"1640\">\u2705 <strong data-start=\"1564\" data-end=\"1596\">Vollst\u00e4ndige Unterst\u00fctzung der Gelenke<\/strong>: ideal f\u00fcr Welpen, erwachsene Hunde und \u00e4ltere Menschen<\/p>\n<\/li>\n<li class=\"\" data-start=\"1641\" data-end=\"1720\">\n<p class=\"\" data-start=\"1643\" data-end=\"1720\">\u2705 <strong data-start=\"1645\" data-end=\"1685\">Wirkt der Zellalterung entgegen<\/strong>: sch\u00fctzt den Knorpel im Laufe der Zeit<\/p>\n<\/li>\n<li class=\"\" data-start=\"1721\" data-end=\"1804\">\n<p class=\"\" data-start=\"1723\" data-end=\"1804\">\u2705 <strong data-start=\"1725\" data-end=\"1757\">Beugt Gelenkproblemen vor<\/strong>: perfekt f\u00fcr anf\u00e4llige oder sehr aktive Rassen<\/p>\n<\/li>\n<li class=\"\" data-start=\"1805\" data-end=\"1870\">\n<p class=\"\" data-start=\"1807\" data-end=\"1870\">\u2705 <strong data-start=\"1809\" data-end=\"1836\">Einfache Verabreichung<\/strong>: in praktischen, schmackhaften Tabletten<\/p>\n<\/li>\n<li class=\"\" data-start=\"1871\" data-end=\"1940\">\n<p class=\"\" data-start=\"1873\" data-end=\"1940\">\u2705 <strong data-start=\"1875\" data-end=\"1892\">Made in Italy<\/strong>: garantierte Qualit\u00e4t von Camon, einer vertrauensw\u00fcrdigen Marke<\/p>\n<\/li>\n<\/ul>\n<p class=\"\" data-start=\"1947\" data-end=\"2071\"><strong data-start=\"1947\" data-end=\"1981\">Camon Condrosalus<\/strong> ist die intelligente Wahl, um das Wohlbefinden der Gelenke Ihres Hundes jeden Tag zu sch\u00fctzen.<\/p>\n<p class=\"\" data-start=\"2073\" data-end=\"2167\">Bestellen Sie noch heute und entdecken Sie die Vorteile einer nat\u00fcrlichen, sicheren und hochwirksamen Unterst\u00fctzung.<\/p>\n<div class=\"row-fluid\">\n<div class=\"span12 module_cont module_feature_posts\">\n<div class=\"product-description\">\n<h3><strong>Camon Condrosalus Tabletten, <\/strong><strong>Wie zu verwenden: <\/strong> <\/h3>\n<p>1 Tablette pro Tag pro 10 kg Gewicht des Tieres.<\/p>\n<h3><strong>Zutaten:<\/strong><\/h3>\n<ul>\n<li>Glucosamin,<\/li>\n<li>Chondroitin-Sulfat,<\/li>\n<li>Methylsulfonylmethan (MSM),<\/li>\n<li>Hyalurons\u00e4ure,<\/li>\n<li>Mischung aus trockenen Pflanzenextrakten.<\/li>\n<\/ul>\n<\/div>\n<\/div>\n<\/div>\n<div class=\"row-fluid\">\n<div class=\"span12 module_cont module_feature_posts\"><\/div>\n<\/div>\n<div class=\"row-fluid\">\n<div class=\"span12 module_cont module_feature_posts\">\n<div class=\"product-description\">\n<h4><strong><span style=\"color: #333333; font-size: 22px;\">Verf\u00fcgbare Formate:<\/span><\/strong><\/h4>\n<\/div>\n<\/div>\n<\/div>\n<div class=\"row-fluid\">\n<div class=\"span12 module_cont module_feature_posts\">\n<ul>\n<li>Packung mit 30 Tabletten<\/li>\n<li>Packung mit 60 Tabletten<\/li>\n<\/ul>\n<\/div>\n<\/div>\n","protected":false},"excerpt":{"rendered":"<p><strong>Camon Condrosalus Tabletten f\u00fcr Hunde<\/strong> hilft, den Knorpel zu st\u00e4rken und zu sch\u00fctzen, insbesondere bei Welpen und \u00e4lteren Hunden, da es sich um ein nat\u00fcrliches Produkt handelt und es aufgrund seiner molekularen Form f\u00fcr den K\u00f6rper gut verf\u00fcgbar ist.<\/p>\n<h3 class=\"headInModule\"><strong>Verf\u00fcgbare Formate:<\/strong><\/h3>\n<ul>\n<li>Packung mit 30 Tabletten<\/li>\n<li>Packung mit 60 Tabletten<\/li>\n<\/ul>\n","protected":false},"featured_media":18301,"comment_status":"open","ping_status":"closed","template":"","meta":{"_et_pb_use_builder":"","_et_pb_old_content":"","_et_gb_content_width":""},"pwb-brand":[1127,1124],"product_brand":[],"product_cat":[2492,2648,2267],"product_tag":[2381,2294,2641],"woo-feed-brand":[1888],"class_list":{"0":"post-18303","1":"product","2":"type-product","3":"status-publish","4":"has-post-thumbnail","6":"pwb-brand-camon","7":"pwb-brand-orme-naturali","8":"product_cat-gesundheit-und-wohlbefinden-von-hunden","9":"product_cat-sonderangebot-april25","10":"product_cat-hunde","11":"product_tag-camon-de","12":"product_tag-erganzungsfuttermittel","13":"product_tag-gesundheit-des-hundes","14":"product_shipping_class-0-3-kg-de","15":"woo-feed-brand-camon","17":"first","18":"instock","19":"sold-individually","20":"taxable","21":"shipping-taxable","22":"product-type-grouped"},"yoast_head":"<!-- This site is optimized with the Yoast SEO plugin v26.7 - https:\/\/yoast.com\/wordpress\/plugins\/seo\/ -->\n<title>Camon Condrosalus Tabletten f\u00fcr Hunde und Katzen - Ulisse Quality Shop<\/title>\n<meta name=\"description\" content=\"Camon Condrosalus Tabletten f\u00fcr Hunde und Katzen tragen dazu bei, zellul\u00e4re Alterungsprozesse bei Welpen und \u00e4lteren Hunden zu begrenzen. Erfahren Sie mehr.\" \/>\n<meta name=\"robots\" content=\"index, follow, max-snippet:-1, max-image-preview:large, max-video-preview:-1\" \/>\n<link rel=\"canonical\" href=\"https:\/\/www.ulissequalityshop.com\/de\/prodotto\/camon-condrosalus-tabletten-fuer-hunde-und-katzen\/\" \/>\n<meta property=\"og:locale\" content=\"de_DE\" \/>\n<meta property=\"og:type\" content=\"article\" \/>\n<meta property=\"og:title\" content=\"Camon Condrosalus Tabletten f\u00fcr Hunde und Katzen - Ulisse Quality Shop\" \/>\n<meta property=\"og:description\" content=\"Camon Condrosalus Tabletten f\u00fcr Hunde und Katzen tragen dazu bei, zellul\u00e4re Alterungsprozesse bei Welpen und \u00e4lteren Hunden zu begrenzen. Erfahren Sie mehr.\" \/>\n<meta property=\"og:url\" content=\"https:\/\/www.ulissequalityshop.com\/de\/prodotto\/camon-condrosalus-tabletten-fuer-hunde-und-katzen\/\" \/>\n<meta property=\"og:site_name\" content=\"Ulisse Quality Shop\" \/>\n<meta property=\"article:publisher\" content=\"https:\/\/www.facebook.com\/ulissequalityshop\/\" \/>\n<meta property=\"og:image\" content=\"https:\/\/www.ulissequalityshop.com\/wp-content\/uploads\/2017\/01\/camon-condrosalus-front.jpg\" \/>\n\t<meta property=\"og:image:width\" content=\"1036\" \/>\n\t<meta property=\"og:image:height\" content=\"1070\" \/>\n\t<meta property=\"og:image:type\" content=\"image\/jpeg\" \/>\n<meta name=\"twitter:card\" content=\"summary_large_image\" \/>\n<meta name=\"twitter:site\" content=\"@UlisseQualoitySh\" \/>\n<meta name=\"twitter:label1\" content=\"Gesch\u00e4tzte Lesezeit\" \/>\n\t<meta name=\"twitter:data1\" content=\"2\u00a0Minuten\" \/>\n<script type=\"application\/ld+json\" class=\"yoast-schema-graph\">{\"@context\":\"https:\/\/schema.org\",\"@graph\":[{\"@type\":\"WebPage\",\"@id\":\"https:\/\/www.ulissequalityshop.com\/de\/prodotto\/camon-condrosalus-tabletten-fuer-hunde-und-katzen\/\",\"url\":\"https:\/\/www.ulissequalityshop.com\/de\/prodotto\/camon-condrosalus-tabletten-fuer-hunde-und-katzen\/\",\"name\":\"Camon Condrosalus Tabletten f\u00fcr Hunde und Katzen - Ulisse Quality Shop\",\"isPartOf\":{\"@id\":\"https:\/\/www.ulissequalityshop.com\/de\/#website\"},\"primaryImageOfPage\":{\"@id\":\"https:\/\/www.ulissequalityshop.com\/de\/prodotto\/camon-condrosalus-tabletten-fuer-hunde-und-katzen\/#primaryimage\"},\"image\":{\"@id\":\"https:\/\/www.ulissequalityshop.com\/de\/prodotto\/camon-condrosalus-tabletten-fuer-hunde-und-katzen\/#primaryimage\"},\"thumbnailUrl\":\"https:\/\/i0.wp.com\/www.ulissequalityshop.com\/wp-content\/uploads\/2017\/01\/camon-condrosalus-front.jpg?fit=1036%2C1070&ssl=1\",\"datePublished\":\"2017-01-29T14:16:25+00:00\",\"description\":\"Camon Condrosalus Tabletten f\u00fcr Hunde und Katzen tragen dazu bei, zellul\u00e4re Alterungsprozesse bei Welpen und \u00e4lteren Hunden zu begrenzen. Erfahren Sie mehr.\",\"breadcrumb\":{\"@id\":\"https:\/\/www.ulissequalityshop.com\/de\/prodotto\/camon-condrosalus-tabletten-fuer-hunde-und-katzen\/#breadcrumb\"},\"inLanguage\":\"de\",\"potentialAction\":[{\"@type\":\"ReadAction\",\"target\":[\"https:\/\/www.ulissequalityshop.com\/de\/prodotto\/camon-condrosalus-tabletten-fuer-hunde-und-katzen\/\"]}]},{\"@type\":\"ImageObject\",\"inLanguage\":\"de\",\"@id\":\"https:\/\/www.ulissequalityshop.com\/de\/prodotto\/camon-condrosalus-tabletten-fuer-hunde-und-katzen\/#primaryimage\",\"url\":\"https:\/\/i0.wp.com\/www.ulissequalityshop.com\/wp-content\/uploads\/2017\/01\/camon-condrosalus-front.jpg?fit=1036%2C1070&ssl=1\",\"contentUrl\":\"https:\/\/i0.wp.com\/www.ulissequalityshop.com\/wp-content\/uploads\/2017\/01\/camon-condrosalus-front.jpg?fit=1036%2C1070&ssl=1\",\"width\":1036,\"height\":1070,\"caption\":\"Camon Condrosalus Compresse per Cani e Gatti\"},{\"@type\":\"BreadcrumbList\",\"@id\":\"https:\/\/www.ulissequalityshop.com\/de\/prodotto\/camon-condrosalus-tabletten-fuer-hunde-und-katzen\/#breadcrumb\",\"itemListElement\":[{\"@type\":\"ListItem\",\"position\":1,\"name\":\"Start\",\"item\":\"https:\/\/www.ulissequalityshop.com\/de\/\"},{\"@type\":\"ListItem\",\"position\":2,\"name\":\"Ulisse Quality Shop\",\"item\":\"https:\/\/www.ulissequalityshop.com\/\"},{\"@type\":\"ListItem\",\"position\":3,\"name\":\"Camon Condrosalus Tabletten f\u00fcr Hunde und Katzen\"}]},{\"@type\":\"WebSite\",\"@id\":\"https:\/\/www.ulissequalityshop.com\/de\/#website\",\"url\":\"https:\/\/www.ulissequalityshop.com\/de\/\",\"name\":\"Ulisse Quality Shop\",\"description\":\"Tutto per i tuoi pets\",\"potentialAction\":[{\"@type\":\"SearchAction\",\"target\":{\"@type\":\"EntryPoint\",\"urlTemplate\":\"https:\/\/www.ulissequalityshop.com\/de\/?s={search_term_string}\"},\"query-input\":{\"@type\":\"PropertyValueSpecification\",\"valueRequired\":true,\"valueName\":\"search_term_string\"}}],\"inLanguage\":\"de\"}]}<\/script>\n<!-- \/ Yoast SEO plugin. -->","yoast_head_json":{"title":"Camon Condrosalus Tabletten f\u00fcr Hunde und Katzen - Ulisse Quality Shop","description":"Camon Condrosalus Tabletten f\u00fcr Hunde und Katzen tragen dazu bei, zellul\u00e4re Alterungsprozesse bei Welpen und \u00e4lteren Hunden zu begrenzen. Erfahren Sie mehr.","robots":{"index":"index","follow":"follow","max-snippet":"max-snippet:-1","max-image-preview":"max-image-preview:large","max-video-preview":"max-video-preview:-1"},"canonical":"https:\/\/www.ulissequalityshop.com\/de\/prodotto\/camon-condrosalus-tabletten-fuer-hunde-und-katzen\/","og_locale":"de_DE","og_type":"article","og_title":"Camon Condrosalus Tabletten f\u00fcr Hunde und Katzen - Ulisse Quality Shop","og_description":"Camon Condrosalus Tabletten f\u00fcr Hunde und Katzen tragen dazu bei, zellul\u00e4re Alterungsprozesse bei Welpen und \u00e4lteren Hunden zu begrenzen. Erfahren Sie mehr.","og_url":"https:\/\/www.ulissequalityshop.com\/de\/prodotto\/camon-condrosalus-tabletten-fuer-hunde-und-katzen\/","og_site_name":"Ulisse Quality Shop","article_publisher":"https:\/\/www.facebook.com\/ulissequalityshop\/","og_image":[{"width":1036,"height":1070,"url":"https:\/\/www.ulissequalityshop.com\/wp-content\/uploads\/2017\/01\/camon-condrosalus-front.jpg","type":"image\/jpeg"}],"twitter_card":"summary_large_image","twitter_site":"@UlisseQualoitySh","twitter_misc":{"Gesch\u00e4tzte Lesezeit":"2\u00a0Minuten"},"schema":{"@context":"https:\/\/schema.org","@graph":[{"@type":"WebPage","@id":"https:\/\/www.ulissequalityshop.com\/de\/prodotto\/camon-condrosalus-tabletten-fuer-hunde-und-katzen\/","url":"https:\/\/www.ulissequalityshop.com\/de\/prodotto\/camon-condrosalus-tabletten-fuer-hunde-und-katzen\/","name":"Camon Condrosalus Tabletten f\u00fcr Hunde und Katzen - Ulisse Quality Shop","isPartOf":{"@id":"https:\/\/www.ulissequalityshop.com\/de\/#website"},"primaryImageOfPage":{"@id":"https:\/\/www.ulissequalityshop.com\/de\/prodotto\/camon-condrosalus-tabletten-fuer-hunde-und-katzen\/#primaryimage"},"image":{"@id":"https:\/\/www.ulissequalityshop.com\/de\/prodotto\/camon-condrosalus-tabletten-fuer-hunde-und-katzen\/#primaryimage"},"thumbnailUrl":"https:\/\/i0.wp.com\/www.ulissequalityshop.com\/wp-content\/uploads\/2017\/01\/camon-condrosalus-front.jpg?fit=1036%2C1070&ssl=1","datePublished":"2017-01-29T14:16:25+00:00","description":"Camon Condrosalus Tabletten f\u00fcr Hunde und Katzen tragen dazu bei, zellul\u00e4re Alterungsprozesse bei Welpen und \u00e4lteren Hunden zu begrenzen. Erfahren Sie mehr.","breadcrumb":{"@id":"https:\/\/www.ulissequalityshop.com\/de\/prodotto\/camon-condrosalus-tabletten-fuer-hunde-und-katzen\/#breadcrumb"},"inLanguage":"de","potentialAction":[{"@type":"ReadAction","target":["https:\/\/www.ulissequalityshop.com\/de\/prodotto\/camon-condrosalus-tabletten-fuer-hunde-und-katzen\/"]}]},{"@type":"ImageObject","inLanguage":"de","@id":"https:\/\/www.ulissequalityshop.com\/de\/prodotto\/camon-condrosalus-tabletten-fuer-hunde-und-katzen\/#primaryimage","url":"https:\/\/i0.wp.com\/www.ulissequalityshop.com\/wp-content\/uploads\/2017\/01\/camon-condrosalus-front.jpg?fit=1036%2C1070&ssl=1","contentUrl":"https:\/\/i0.wp.com\/www.ulissequalityshop.com\/wp-content\/uploads\/2017\/01\/camon-condrosalus-front.jpg?fit=1036%2C1070&ssl=1","width":1036,"height":1070,"caption":"Camon Condrosalus Compresse per Cani e Gatti"},{"@type":"BreadcrumbList","@id":"https:\/\/www.ulissequalityshop.com\/de\/prodotto\/camon-condrosalus-tabletten-fuer-hunde-und-katzen\/#breadcrumb","itemListElement":[{"@type":"ListItem","position":1,"name":"Start","item":"https:\/\/www.ulissequalityshop.com\/de\/"},{"@type":"ListItem","position":2,"name":"Ulisse Quality Shop","item":"https:\/\/www.ulissequalityshop.com\/"},{"@type":"ListItem","position":3,"name":"Camon Condrosalus Tabletten f\u00fcr Hunde und Katzen"}]},{"@type":"WebSite","@id":"https:\/\/www.ulissequalityshop.com\/de\/#website","url":"https:\/\/www.ulissequalityshop.com\/de\/","name":"Ulisse Quality Shop","description":"Tutto per i tuoi pets","potentialAction":[{"@type":"SearchAction","target":{"@type":"EntryPoint","urlTemplate":"https:\/\/www.ulissequalityshop.com\/de\/?s={search_term_string}"},"query-input":{"@type":"PropertyValueSpecification","valueRequired":true,"valueName":"search_term_string"}}],"inLanguage":"de"}]}},"jetpack_sharing_enabled":true,"brands":[{"id":1127,"name":"Camon","slug":"camon"},{"id":1124,"name":"Orme Naturali","slug":"orme-naturali"}],"_links":{"self":[{"href":"https:\/\/www.ulissequalityshop.com\/de\/wp-json\/wp\/v2\/product\/18303","targetHints":{"allow":["GET"]}}],"collection":[{"href":"https:\/\/www.ulissequalityshop.com\/de\/wp-json\/wp\/v2\/product"}],"about":[{"href":"https:\/\/www.ulissequalityshop.com\/de\/wp-json\/wp\/v2\/types\/product"}],"replies":[{"embeddable":true,"href":"https:\/\/www.ulissequalityshop.com\/de\/wp-json\/wp\/v2\/comments?post=18303"}],"wp:featuredmedia":[{"embeddable":true,"href":"https:\/\/www.ulissequalityshop.com\/de\/wp-json\/wp\/v2\/media\/18301"}],"wp:attachment":[{"href":"https:\/\/www.ulissequalityshop.com\/de\/wp-json\/wp\/v2\/media?parent=18303"}],"wp:term":[{"taxonomy":"pwb-brand","embeddable":true,"href":"https:\/\/www.ulissequalityshop.com\/de\/wp-json\/wp\/v2\/pwb-brand?post=18303"},{"taxonomy":"product_brand","embeddable":true,"href":"https:\/\/www.ulissequalityshop.com\/de\/wp-json\/wp\/v2\/product_brand?post=18303"},{"taxonomy":"product_cat","embeddable":true,"href":"https:\/\/www.ulissequalityshop.com\/de\/wp-json\/wp\/v2\/product_cat?post=18303"},{"taxonomy":"product_tag","embeddable":true,"href":"https:\/\/www.ulissequalityshop.com\/de\/wp-json\/wp\/v2\/product_tag?post=18303"},{"taxonomy":"woo-feed-brand","embeddable":true,"href":"https:\/\/www.ulissequalityshop.com\/de\/wp-json\/wp\/v2\/woo-feed-brand?post=18303"}],"curies":[{"name":"wp","href":"https:\/\/api.w.org\/{rel}","templated":true}]}}