{"id":18318,"date":"2023-05-24T15:23:44","date_gmt":"2023-05-24T13:23:44","guid":{"rendered":"https:\/\/www.ulissequalityshop.com\/prodotto\/camon-help-th1-natuerliche-immunstimulierende-ergaenzung-fuer-hunde-und-katzen-60-tabletten\/"},"modified":"2025-05-01T01:00:28","modified_gmt":"2025-04-30T23:00:28","slug":"camon-help-th1-natuerliche-immunstimulierende-ergaenzung-fuer-hunde-und-katzen-60-tabletten","status":"publish","type":"product","link":"https:\/\/www.ulissequalityshop.com\/de\/prodotto\/camon-help-th1-natuerliche-immunstimulierende-ergaenzung-fuer-hunde-und-katzen-60-tabletten\/","title":{"rendered":"Camon Help TH1 &#8211; Nat\u00fcrliche immunstimulierende Erg\u00e4nzung f\u00fcr Hunde und Katzen &#8211; 60 Tabletten"},"content":{"rendered":"<h2 data-start=\"128\" data-end=\"209\">\ufe0f Camon Help TH1 60 Tabletten &#8211; Nat\u00fcrliche Immunabwehr f\u00fcr Hunde und Katzen<\/h2>\n<p data-start=\"211\" data-end=\"330\"><span class=\"relative -mx-px my-[-0.2rem] rounded px-px py-[0.2rem]\">Camon Help TH1 60 Tabletten ist ein innovatives Erg\u00e4nzungsfuttermittel, das zur St\u00e4rkung des Immunsystems von Hunden, Katzen und K\u00e4tzchen entwickelt wurde.<\/span> <span class=\"relative -mx-px my-[-0.2rem] rounded px-px py-[0.2rem]\">Dank seiner Zusammensetzung auf der Basis von<strong> <a href=\"https:\/\/www.ulissequalityshop.com\/cordyceps-ganoderma-lucidum-e-coriolus-la-salute-nei-funghi\/\" target=\"_blank\" rel=\"noopener\">Heilpilzen<\/a> und <\/strong>gr\u00fcnem Tee unterst\u00fctzt dieses Erg\u00e4nzungsfuttermittel die nat\u00fcrlichen Abwehrkr\u00e4fte des K\u00f6rpers und tr\u00e4gt zum allgemeinen Wohlbefinden Ihres Tieres bei.<\/span><\/p>\n<h3 data-start=\"332\" data-end=\"396\">  Nat\u00fcrliche Inhaltsstoffe f\u00fcr eine wirksame Unterst\u00fctzung des Immunsystems<\/h3>\n<p data-start=\"398\" data-end=\"479\"><span class=\"relative -mx-px my-[-0.2rem] rounded px-px py-[0.2rem]\">Die Formel von <strong>Help TH1<\/strong> enth\u00e4lt <a href=\"https:\/\/www.ulissequalityshop.com\/cordyceps-ganoderma-lucidum-e-coriolus-la-salute-nei-funghi\/\" target=\"_blank\" rel=\"noopener\"><strong>drei adaptogene Pilze<\/strong><\/a>, die vom Europ\u00e4ischen Arzneibuch anerkannt sind.<\/span><\/p>\n<ul data-start=\"481\" data-end=\"801\">\n<li data-start=\"481\" data-end=\"579\"><strong data-start=\"483\" data-end=\"496\">Cordyceps<\/strong>: <span class=\"relative -mx-px my-[-0.2rem] rounded px-px py-[0.2rem]\">bekannt f\u00fcr seine immunstimulierenden Eigenschaften.<\/span><\/li>\n<li data-start=\"580\" data-end=\"699\"><strong data-start=\"582\" data-end=\"612\">Ganoderma Lucidum (Reishi<\/strong>): <span class=\"relative -mx-px my-[-0.2rem] rounded px-px py-[0.2rem]\">wird zur Unterst\u00fctzung der nat\u00fcrlichen Abwehrkr\u00e4fte verwendet<\/span>.<\/li>\n<li data-start=\"700\" data-end=\"801\"><strong data-start=\"702\" data-end=\"714\">Coriolus<\/strong>: <span class=\"relative -mx-px my-[-0.2rem] rounded px-px py-[0.2rem]\">wird wegen seiner positiven Wirkung auf das Immunsystem verwendet.<\/span><\/li>\n<\/ul>\n<p data-start=\"803\" data-end=\"888\"><span class=\"relative -mx-px my-[-0.2rem] rounded px-px py-[0.2rem]\">Dar\u00fcber hinaus wirkt <strong data-start=\"24\" data-end=\"36\">gr\u00fcner Tee<\/strong>, der reich an <strong>Polyphenolen<\/strong> ist, wie ein nat\u00fcrliches St\u00e4rkungsmittel.<\/span><\/p>\n<h3 data-start=\"890\" data-end=\"938\">  Ideal in Situationen der Immundepression<\/h3>\n<p data-start=\"940\" data-end=\"1065\"><span class=\"relative -mx-px my-[-0.2rem] rounded px-px py-[0.2rem]\"><strong>Help TH1<\/strong> ist besonders f\u00fcr Tiere mit <strong>Antik\u00f6rpermangel<\/strong> oder <strong>Immundepression<\/strong> geeignet.<\/span> <span class=\"relative -mx-px my-[-0.2rem] rounded px-px py-[0.2rem]\">Seine gezielte Wirkung stimuliert die Lymphozytenkomponente von T Helper-1, Schl\u00fcsselzellen bei der Aktivierung von Makrophagen f\u00fcr die Immunantwort.<\/span><\/p>\n<h3 data-start=\"1067\" data-end=\"1088\">  Methode der Verwendung<\/h3>\n<ul data-start=\"1090\" data-end=\"1500\">\n<li data-start=\"1090\" data-end=\"1191\"><strong data-start=\"1092\" data-end=\"1104\">Dosierung<\/strong>: <span class=\"relative -mx-px my-[-0.2rem] rounded px-px py-[0.2rem]\">1 Tablette pro 10 kg K\u00f6rpergewicht verabreichen.<\/span><\/li>\n<li data-start=\"1192\" data-end=\"1291\"><strong data-start=\"1194\" data-end=\"1204\">Dauer<\/strong>: <span class=\"relative -mx-px my-[-0.2rem] rounded px-px py-[0.2rem]\">Es wird ein Zyklus von 30 aufeinanderfolgenden Tagen empfohlen<\/span>.<\/li>\n<li data-start=\"1292\" data-end=\"1401\"><strong data-start=\"1294\" data-end=\"1314\">Verabreichung<\/strong>: <span class=\"relative -mx-px my-[-0.2rem] rounded px-px py-[0.2rem]\">Die Tabletten sind schmackhaft und k\u00f6nnen direkt oder mit der \u00fcblichen Nahrung gemischt verabreicht werden.<\/span><\/li>\n<li data-start=\"1402\" data-end=\"1500\"><strong data-start=\"1404\" data-end=\"1413\">Wasser<\/strong>: <span class=\"relative -mx-px my-[-0.2rem] rounded px-px py-[0.2rem]\">Sorgen Sie immer f\u00fcr die Verf\u00fcgbarkeit von frischem Wasser.<\/span><\/li>\n<\/ul>\n<h3 data-start=\"1502\" data-end=\"1534\">\u2705 Hauptmerkmale<\/h3>\n<ul data-start=\"1536\" data-end=\"2063\">\n<li data-start=\"1536\" data-end=\"1623\"><span class=\"relative -mx-px my-[-0.2rem] rounded px-px py-[0.2rem]\">Erg\u00e4nzungsfuttermittel f\u00fcr Hunde, Katzen und K\u00e4tzchen.<\/span><\/li>\n<li data-start=\"1624\" data-end=\"1711\"><span class=\"relative -mx-px my-[-0.2rem] rounded px-px py-[0.2rem]\">Es enth\u00e4lt adaptogene Pilze und gr\u00fcnen Tee.<\/span><\/li>\n<li data-start=\"1712\" data-end=\"1799\"><span class=\"relative -mx-px my-[-0.2rem] rounded px-px py-[0.2rem]\">Unterst\u00fctzt das Immunsystem auf nat\u00fcrliche Art und Weise.<\/span><\/li>\n<li data-start=\"1800\" data-end=\"1887\"><span class=\"relative -mx-px my-[-0.2rem] rounded px-px py-[0.2rem]\">Geeignet bei Immundepressionen oder Antik\u00f6rperdefiziten.<\/span><\/li>\n<li data-start=\"1888\" data-end=\"1975\"><span class=\"relative -mx-px my-[-0.2rem] rounded px-px py-[0.2rem]\">Packung mit 60 Tabletten \u00e0 1 g.<\/span><\/li>\n<li data-start=\"1976\" data-end=\"2063\"><span class=\"relative -mx-px my-[-0.2rem] rounded px-px py-[0.2rem]\">Einfach zu verabreichen dank der Schmackhaftigkeit der Tabletten.<\/span><\/li>\n<\/ul>\n<h3 data-start=\"2065\" data-end=\"2091\">  Format<\/h3>\n<ul data-start=\"2093\" data-end=\"2601\">\n<li data-start=\"2192\" data-end=\"2292\"><strong data-start=\"2194\" data-end=\"2205\">Format<\/strong>: <span class=\"relative -mx-px my-[-0.2rem] rounded px-px py-[0.2rem]\">60 Tabletten<\/span><\/li>\n<\/ul>\n<hr data-start=\"2603\" data-end=\"2606\">\n<h3 data-start=\"2608\" data-end=\"2627\">  Jetzt kaufen<\/h3>\n<p data-start=\"2629\" data-end=\"2754\"><span class=\"relative -mx-px my-[-0.2rem] rounded px-px py-[0.2rem]\">Bieten Sie Ihrem vierbeinigen Freund nat\u00fcrliche Unterst\u00fctzung f\u00fcr sein Immunsystem.<\/span> <span class=\"relative -mx-px my-[-0.2rem] rounded px-px py-[0.2rem]\">Camon Help TH1 ist die ideale Wahl, um Ihr Haustier gesund und vital zu halten.<\/span><\/p>\n","protected":false},"excerpt":{"rendered":"<p><strong>Camon Help TH1 60 Tabletten <\/strong>ist ein innovatives Erg\u00e4nzungsfuttermittel zur Unterst\u00fctzung der Immunabwehr von Hunden, Katzen und K\u00e4tzchen.<br \/>\n<strong>Help-TH1<\/strong> enth\u00e4lt Pilze, die nach dem europ\u00e4ischen Arzneibuch als adaptogen gelten, sowie gr\u00fcnen Tee, der aufgrund seines Polyphenolgehalts traditionell als St\u00e4rkungsmittel verwendet wird. Erfahren Sie mehr.<\/p>\n","protected":false},"featured_media":18319,"comment_status":"open","ping_status":"closed","template":"","meta":{"_et_pb_use_builder":"","_et_pb_old_content":"","_et_gb_content_width":""},"pwb-brand":[1127],"product_brand":[],"product_cat":[2491,2492,2288,2648,2267],"product_tag":[2381,2652,2653,2294,2654],"woo-feed-brand":[1888],"class_list":{"0":"post-18318","1":"product","2":"type-product","3":"status-publish","4":"has-post-thumbnail","6":"pwb-brand-camon","7":"product_cat-gesundheit-und-wohlbefinden","8":"product_cat-gesundheit-und-wohlbefinden-von-hunden","9":"product_cat-katzen","10":"product_cat-sonderangebot-april25","11":"product_cat-hunde","12":"product_tag-camon-de","13":"product_tag-camon-hilfe-th1","14":"product_tag-camon-hilfe-th1-tabletten","15":"product_tag-erganzungsfuttermittel","16":"product_tag-katze-immunsystem-erganzung","17":"product_shipping_class-0-3-kg-de","18":"woo-feed-brand-camon","20":"first","21":"instock","22":"taxable","23":"shipping-taxable","24":"purchasable","25":"product-type-simple"},"yoast_head":"<!-- This site is optimized with the Yoast SEO plugin v26.7 - https:\/\/yoast.com\/wordpress\/plugins\/seo\/ -->\n<title>Camon Help TH1 - Nat\u00fcrliche immunstimulierende Erg\u00e4nzung f\u00fcr Hunde und Katzen - 60 Tabletten - Ulisse Quality Shop<\/title>\n<meta name=\"description\" content=\"Camon Help TH1 60 Tabletten ist ein innovatives Erg\u00e4nzungsfuttermittel zur Unterst\u00fctzung der Immunabwehr von Hunden, Katzen und K\u00e4tzchen. Erfahren Sie mehr.\" \/>\n<meta name=\"robots\" content=\"index, follow, max-snippet:-1, max-image-preview:large, max-video-preview:-1\" \/>\n<link rel=\"canonical\" href=\"https:\/\/www.ulissequalityshop.com\/de\/prodotto\/camon-help-th1-natuerliche-immunstimulierende-ergaenzung-fuer-hunde-und-katzen-60-tabletten\/\" \/>\n<meta property=\"og:locale\" content=\"de_DE\" \/>\n<meta property=\"og:type\" content=\"article\" \/>\n<meta property=\"og:title\" content=\"Camon Help TH1 - Nat\u00fcrliche immunstimulierende Erg\u00e4nzung f\u00fcr Hunde und Katzen - 60 Tabletten - Ulisse Quality Shop\" \/>\n<meta property=\"og:description\" content=\"Camon Help TH1 60 Tabletten ist ein innovatives Erg\u00e4nzungsfuttermittel zur Unterst\u00fctzung der Immunabwehr von Hunden, Katzen und K\u00e4tzchen. Erfahren Sie mehr.\" \/>\n<meta property=\"og:url\" content=\"https:\/\/www.ulissequalityshop.com\/de\/prodotto\/camon-help-th1-natuerliche-immunstimulierende-ergaenzung-fuer-hunde-und-katzen-60-tabletten\/\" \/>\n<meta property=\"og:site_name\" content=\"Ulisse Quality Shop\" \/>\n<meta property=\"article:publisher\" content=\"https:\/\/www.facebook.com\/ulissequalityshop\/\" \/>\n<meta property=\"article:modified_time\" content=\"2025-04-30T23:00:28+00:00\" \/>\n<meta property=\"og:image\" content=\"https:\/\/www.ulissequalityshop.com\/wp-content\/uploads\/2023\/05\/camon-helpth1-compresse.jpg\" \/>\n\t<meta property=\"og:image:width\" content=\"805\" \/>\n\t<meta property=\"og:image:height\" content=\"925\" \/>\n\t<meta property=\"og:image:type\" content=\"image\/jpeg\" \/>\n<meta name=\"twitter:card\" content=\"summary_large_image\" \/>\n<meta name=\"twitter:site\" content=\"@UlisseQualoitySh\" \/>\n<meta name=\"twitter:label1\" content=\"Gesch\u00e4tzte Lesezeit\" \/>\n\t<meta name=\"twitter:data1\" content=\"2\u00a0Minuten\" \/>\n<script type=\"application\/ld+json\" class=\"yoast-schema-graph\">{\"@context\":\"https:\/\/schema.org\",\"@graph\":[{\"@type\":\"WebPage\",\"@id\":\"https:\/\/www.ulissequalityshop.com\/de\/prodotto\/camon-help-th1-natuerliche-immunstimulierende-ergaenzung-fuer-hunde-und-katzen-60-tabletten\/\",\"url\":\"https:\/\/www.ulissequalityshop.com\/de\/prodotto\/camon-help-th1-natuerliche-immunstimulierende-ergaenzung-fuer-hunde-und-katzen-60-tabletten\/\",\"name\":\"Camon Help TH1 - Nat\u00fcrliche immunstimulierende Erg\u00e4nzung f\u00fcr Hunde und Katzen - 60 Tabletten - Ulisse Quality Shop\",\"isPartOf\":{\"@id\":\"https:\/\/www.ulissequalityshop.com\/de\/#website\"},\"primaryImageOfPage\":{\"@id\":\"https:\/\/www.ulissequalityshop.com\/de\/prodotto\/camon-help-th1-natuerliche-immunstimulierende-ergaenzung-fuer-hunde-und-katzen-60-tabletten\/#primaryimage\"},\"image\":{\"@id\":\"https:\/\/www.ulissequalityshop.com\/de\/prodotto\/camon-help-th1-natuerliche-immunstimulierende-ergaenzung-fuer-hunde-und-katzen-60-tabletten\/#primaryimage\"},\"thumbnailUrl\":\"https:\/\/i0.wp.com\/www.ulissequalityshop.com\/wp-content\/uploads\/2023\/05\/camon-helpth1-compresse.jpg?fit=805%2C925&ssl=1\",\"datePublished\":\"2023-05-24T13:23:44+00:00\",\"dateModified\":\"2025-04-30T23:00:28+00:00\",\"description\":\"Camon Help TH1 60 Tabletten ist ein innovatives Erg\u00e4nzungsfuttermittel zur Unterst\u00fctzung der Immunabwehr von Hunden, Katzen und K\u00e4tzchen. Erfahren Sie mehr.\",\"breadcrumb\":{\"@id\":\"https:\/\/www.ulissequalityshop.com\/de\/prodotto\/camon-help-th1-natuerliche-immunstimulierende-ergaenzung-fuer-hunde-und-katzen-60-tabletten\/#breadcrumb\"},\"inLanguage\":\"de\",\"potentialAction\":[{\"@type\":\"ReadAction\",\"target\":[\"https:\/\/www.ulissequalityshop.com\/de\/prodotto\/camon-help-th1-natuerliche-immunstimulierende-ergaenzung-fuer-hunde-und-katzen-60-tabletten\/\"]}]},{\"@type\":\"ImageObject\",\"inLanguage\":\"de\",\"@id\":\"https:\/\/www.ulissequalityshop.com\/de\/prodotto\/camon-help-th1-natuerliche-immunstimulierende-ergaenzung-fuer-hunde-und-katzen-60-tabletten\/#primaryimage\",\"url\":\"https:\/\/i0.wp.com\/www.ulissequalityshop.com\/wp-content\/uploads\/2023\/05\/camon-helpth1-compresse.jpg?fit=805%2C925&ssl=1\",\"contentUrl\":\"https:\/\/i0.wp.com\/www.ulissequalityshop.com\/wp-content\/uploads\/2023\/05\/camon-helpth1-compresse.jpg?fit=805%2C925&ssl=1\",\"width\":805,\"height\":925,\"caption\":\"Camon Help TH1 60 Compresse\"},{\"@type\":\"BreadcrumbList\",\"@id\":\"https:\/\/www.ulissequalityshop.com\/de\/prodotto\/camon-help-th1-natuerliche-immunstimulierende-ergaenzung-fuer-hunde-und-katzen-60-tabletten\/#breadcrumb\",\"itemListElement\":[{\"@type\":\"ListItem\",\"position\":1,\"name\":\"Start\",\"item\":\"https:\/\/www.ulissequalityshop.com\/de\/\"},{\"@type\":\"ListItem\",\"position\":2,\"name\":\"Ulisse Quality Shop\",\"item\":\"https:\/\/www.ulissequalityshop.com\/\"},{\"@type\":\"ListItem\",\"position\":3,\"name\":\"Camon Help TH1 &#8211; Nat\u00fcrliche immunstimulierende Erg\u00e4nzung f\u00fcr Hunde und Katzen &#8211; 60 Tabletten\"}]},{\"@type\":\"WebSite\",\"@id\":\"https:\/\/www.ulissequalityshop.com\/de\/#website\",\"url\":\"https:\/\/www.ulissequalityshop.com\/de\/\",\"name\":\"Ulisse Quality Shop\",\"description\":\"Tutto per i tuoi pets\",\"potentialAction\":[{\"@type\":\"SearchAction\",\"target\":{\"@type\":\"EntryPoint\",\"urlTemplate\":\"https:\/\/www.ulissequalityshop.com\/de\/?s={search_term_string}\"},\"query-input\":{\"@type\":\"PropertyValueSpecification\",\"valueRequired\":true,\"valueName\":\"search_term_string\"}}],\"inLanguage\":\"de\"}]}<\/script>\n<!-- \/ Yoast SEO plugin. -->","yoast_head_json":{"title":"Camon Help TH1 - Nat\u00fcrliche immunstimulierende Erg\u00e4nzung f\u00fcr Hunde und Katzen - 60 Tabletten - Ulisse Quality Shop","description":"Camon Help TH1 60 Tabletten ist ein innovatives Erg\u00e4nzungsfuttermittel zur Unterst\u00fctzung der Immunabwehr von Hunden, Katzen und K\u00e4tzchen. Erfahren Sie mehr.","robots":{"index":"index","follow":"follow","max-snippet":"max-snippet:-1","max-image-preview":"max-image-preview:large","max-video-preview":"max-video-preview:-1"},"canonical":"https:\/\/www.ulissequalityshop.com\/de\/prodotto\/camon-help-th1-natuerliche-immunstimulierende-ergaenzung-fuer-hunde-und-katzen-60-tabletten\/","og_locale":"de_DE","og_type":"article","og_title":"Camon Help TH1 - Nat\u00fcrliche immunstimulierende Erg\u00e4nzung f\u00fcr Hunde und Katzen - 60 Tabletten - Ulisse Quality Shop","og_description":"Camon Help TH1 60 Tabletten ist ein innovatives Erg\u00e4nzungsfuttermittel zur Unterst\u00fctzung der Immunabwehr von Hunden, Katzen und K\u00e4tzchen. Erfahren Sie mehr.","og_url":"https:\/\/www.ulissequalityshop.com\/de\/prodotto\/camon-help-th1-natuerliche-immunstimulierende-ergaenzung-fuer-hunde-und-katzen-60-tabletten\/","og_site_name":"Ulisse Quality Shop","article_publisher":"https:\/\/www.facebook.com\/ulissequalityshop\/","article_modified_time":"2025-04-30T23:00:28+00:00","og_image":[{"width":805,"height":925,"url":"https:\/\/www.ulissequalityshop.com\/wp-content\/uploads\/2023\/05\/camon-helpth1-compresse.jpg","type":"image\/jpeg"}],"twitter_card":"summary_large_image","twitter_site":"@UlisseQualoitySh","twitter_misc":{"Gesch\u00e4tzte Lesezeit":"2\u00a0Minuten"},"schema":{"@context":"https:\/\/schema.org","@graph":[{"@type":"WebPage","@id":"https:\/\/www.ulissequalityshop.com\/de\/prodotto\/camon-help-th1-natuerliche-immunstimulierende-ergaenzung-fuer-hunde-und-katzen-60-tabletten\/","url":"https:\/\/www.ulissequalityshop.com\/de\/prodotto\/camon-help-th1-natuerliche-immunstimulierende-ergaenzung-fuer-hunde-und-katzen-60-tabletten\/","name":"Camon Help TH1 - Nat\u00fcrliche immunstimulierende Erg\u00e4nzung f\u00fcr Hunde und Katzen - 60 Tabletten - Ulisse Quality Shop","isPartOf":{"@id":"https:\/\/www.ulissequalityshop.com\/de\/#website"},"primaryImageOfPage":{"@id":"https:\/\/www.ulissequalityshop.com\/de\/prodotto\/camon-help-th1-natuerliche-immunstimulierende-ergaenzung-fuer-hunde-und-katzen-60-tabletten\/#primaryimage"},"image":{"@id":"https:\/\/www.ulissequalityshop.com\/de\/prodotto\/camon-help-th1-natuerliche-immunstimulierende-ergaenzung-fuer-hunde-und-katzen-60-tabletten\/#primaryimage"},"thumbnailUrl":"https:\/\/i0.wp.com\/www.ulissequalityshop.com\/wp-content\/uploads\/2023\/05\/camon-helpth1-compresse.jpg?fit=805%2C925&ssl=1","datePublished":"2023-05-24T13:23:44+00:00","dateModified":"2025-04-30T23:00:28+00:00","description":"Camon Help TH1 60 Tabletten ist ein innovatives Erg\u00e4nzungsfuttermittel zur Unterst\u00fctzung der Immunabwehr von Hunden, Katzen und K\u00e4tzchen. Erfahren Sie mehr.","breadcrumb":{"@id":"https:\/\/www.ulissequalityshop.com\/de\/prodotto\/camon-help-th1-natuerliche-immunstimulierende-ergaenzung-fuer-hunde-und-katzen-60-tabletten\/#breadcrumb"},"inLanguage":"de","potentialAction":[{"@type":"ReadAction","target":["https:\/\/www.ulissequalityshop.com\/de\/prodotto\/camon-help-th1-natuerliche-immunstimulierende-ergaenzung-fuer-hunde-und-katzen-60-tabletten\/"]}]},{"@type":"ImageObject","inLanguage":"de","@id":"https:\/\/www.ulissequalityshop.com\/de\/prodotto\/camon-help-th1-natuerliche-immunstimulierende-ergaenzung-fuer-hunde-und-katzen-60-tabletten\/#primaryimage","url":"https:\/\/i0.wp.com\/www.ulissequalityshop.com\/wp-content\/uploads\/2023\/05\/camon-helpth1-compresse.jpg?fit=805%2C925&ssl=1","contentUrl":"https:\/\/i0.wp.com\/www.ulissequalityshop.com\/wp-content\/uploads\/2023\/05\/camon-helpth1-compresse.jpg?fit=805%2C925&ssl=1","width":805,"height":925,"caption":"Camon Help TH1 60 Compresse"},{"@type":"BreadcrumbList","@id":"https:\/\/www.ulissequalityshop.com\/de\/prodotto\/camon-help-th1-natuerliche-immunstimulierende-ergaenzung-fuer-hunde-und-katzen-60-tabletten\/#breadcrumb","itemListElement":[{"@type":"ListItem","position":1,"name":"Start","item":"https:\/\/www.ulissequalityshop.com\/de\/"},{"@type":"ListItem","position":2,"name":"Ulisse Quality Shop","item":"https:\/\/www.ulissequalityshop.com\/"},{"@type":"ListItem","position":3,"name":"Camon Help TH1 &#8211; Nat\u00fcrliche immunstimulierende Erg\u00e4nzung f\u00fcr Hunde und Katzen &#8211; 60 Tabletten"}]},{"@type":"WebSite","@id":"https:\/\/www.ulissequalityshop.com\/de\/#website","url":"https:\/\/www.ulissequalityshop.com\/de\/","name":"Ulisse Quality Shop","description":"Tutto per i tuoi pets","potentialAction":[{"@type":"SearchAction","target":{"@type":"EntryPoint","urlTemplate":"https:\/\/www.ulissequalityshop.com\/de\/?s={search_term_string}"},"query-input":{"@type":"PropertyValueSpecification","valueRequired":true,"valueName":"search_term_string"}}],"inLanguage":"de"}]}},"jetpack_sharing_enabled":true,"brands":[{"id":1127,"name":"Camon","slug":"camon"}],"_links":{"self":[{"href":"https:\/\/www.ulissequalityshop.com\/de\/wp-json\/wp\/v2\/product\/18318","targetHints":{"allow":["GET"]}}],"collection":[{"href":"https:\/\/www.ulissequalityshop.com\/de\/wp-json\/wp\/v2\/product"}],"about":[{"href":"https:\/\/www.ulissequalityshop.com\/de\/wp-json\/wp\/v2\/types\/product"}],"replies":[{"embeddable":true,"href":"https:\/\/www.ulissequalityshop.com\/de\/wp-json\/wp\/v2\/comments?post=18318"}],"wp:featuredmedia":[{"embeddable":true,"href":"https:\/\/www.ulissequalityshop.com\/de\/wp-json\/wp\/v2\/media\/18319"}],"wp:attachment":[{"href":"https:\/\/www.ulissequalityshop.com\/de\/wp-json\/wp\/v2\/media?parent=18318"}],"wp:term":[{"taxonomy":"pwb-brand","embeddable":true,"href":"https:\/\/www.ulissequalityshop.com\/de\/wp-json\/wp\/v2\/pwb-brand?post=18318"},{"taxonomy":"product_brand","embeddable":true,"href":"https:\/\/www.ulissequalityshop.com\/de\/wp-json\/wp\/v2\/product_brand?post=18318"},{"taxonomy":"product_cat","embeddable":true,"href":"https:\/\/www.ulissequalityshop.com\/de\/wp-json\/wp\/v2\/product_cat?post=18318"},{"taxonomy":"product_tag","embeddable":true,"href":"https:\/\/www.ulissequalityshop.com\/de\/wp-json\/wp\/v2\/product_tag?post=18318"},{"taxonomy":"woo-feed-brand","embeddable":true,"href":"https:\/\/www.ulissequalityshop.com\/de\/wp-json\/wp\/v2\/woo-feed-brand?post=18318"}],"curies":[{"name":"wp","href":"https:\/\/api.w.org\/{rel}","templated":true}]}}