{"id":18537,"date":"2025-03-22T18:06:02","date_gmt":"2025-03-22T17:06:02","guid":{"rendered":"https:\/\/www.ulissequalityshop.com\/prodotto\/bonsaipro-bonsai-blumenerde-besen\/"},"modified":"2025-03-22T18:06:02","modified_gmt":"2025-03-22T17:06:02","slug":"bonsaipro-bonsai-blumenerde-besen","status":"publish","type":"product","link":"https:\/\/www.ulissequalityshop.com\/de\/prodotto\/bonsaipro-bonsai-blumenerde-besen\/","title":{"rendered":"BonsaiPro Bonsai Blumenerde Besen"},"content":{"rendered":"<p>Der <strong>BonsaiPro<\/strong> <strong>Besen f\u00fcr Blumenerde<\/strong> ist ein n\u00fctzliches Bonsai-Zubeh\u00f6r, um Ihren Arbeitsbereich sauber zu halten, aber vor allem, um die Erde in Ihrem Bonsai-Topf zu verteilen. Dieser Bonsai-Besen ist perfekt, um die Erde im Topf einzuebnen, aber auch um den Topf abzustauben und den Stamm der Pflanze zu reinigen, ohne ihn zu besch\u00e4digen. <\/p>\n<h2><strong>BonsaiPro Besen f\u00fcr Blumenerde, Merkmale:<\/strong><\/h2>\n<ul>\n<li>Erh\u00e4ltlich in zwei Gr\u00f6\u00dfen, f\u00fcr den gezielten Einsatz entsprechend der Gr\u00f6\u00dfe der Pflanze<\/li>\n<li>Gerade Borstenstruktur aus hartem Stroh, hergestellt in Japan<\/li>\n<\/ul>\n<h4><strong>Verf\u00fcgbare Gr\u00f6\u00dfen:<\/strong><\/h4>\n<p>1) Bodenbesen mit geraden Borsten110x50 mm;<\/p>\n<p>2) Bodenbesen mit geraden Borsten 130&#215;50 mm.<\/p>\n","protected":false},"excerpt":{"rendered":"<p>Der <strong>BonsaiPro Besen f\u00fcr Blumenerde<\/strong> ist ein n\u00fctzliches Bonsai-Zubeh\u00f6r, um den Arbeitsplatz sauber zu halten, aber vor allem, um die Erde im Bonsai-Topf zu verteilen.<\/p>\n","protected":false},"featured_media":18244,"comment_status":"open","ping_status":"closed","template":"","meta":{"_et_pb_use_builder":"","_et_pb_old_content":"","_et_gb_content_width":""},"pwb-brand":[2107],"product_brand":[],"product_cat":[2666,2271],"product_tag":[],"woo-feed-brand":[2108],"class_list":{"0":"post-18537","1":"product","2":"type-product","3":"status-publish","4":"has-post-thumbnail","6":"pwb-brand-bonsaipro","7":"product_cat-bonsai-zubehor","8":"product_cat-bonsai-de","9":"woo-feed-brand-bonsaipro","11":"first","12":"instock","13":"taxable","14":"shipping-taxable","15":"purchasable","16":"product-type-variable"},"yoast_head":"<!-- This site is optimized with the Yoast SEO plugin v26.7 - https:\/\/yoast.com\/wordpress\/plugins\/seo\/ -->\n<title>BonsaiPro Bonsai Blumenerde Besen - Ulisse Quality Shop<\/title>\n<meta name=\"description\" content=\"Bonsaipro Besen f\u00fcr Blumenerde, zum Reinigen des Arbeitsplatzes und zum Einbringen der Erde in den Topf. Erfahren Sie mehr.\" \/>\n<meta name=\"robots\" content=\"index, follow, max-snippet:-1, max-image-preview:large, max-video-preview:-1\" \/>\n<link rel=\"canonical\" href=\"https:\/\/www.ulissequalityshop.com\/de\/prodotto\/bonsaipro-bonsai-blumenerde-besen\/\" \/>\n<meta property=\"og:locale\" content=\"de_DE\" \/>\n<meta property=\"og:type\" content=\"article\" \/>\n<meta property=\"og:title\" content=\"BonsaiPro Bonsai Blumenerde Besen - Ulisse Quality Shop\" \/>\n<meta property=\"og:description\" content=\"Bonsaipro Besen f\u00fcr Blumenerde, zum Reinigen des Arbeitsplatzes und zum Einbringen der Erde in den Topf. Erfahren Sie mehr.\" \/>\n<meta property=\"og:url\" content=\"https:\/\/www.ulissequalityshop.com\/de\/prodotto\/bonsaipro-bonsai-blumenerde-besen\/\" \/>\n<meta property=\"og:site_name\" content=\"Ulisse Quality Shop\" \/>\n<meta property=\"article:publisher\" content=\"https:\/\/www.facebook.com\/ulissequalityshop\/\" \/>\n<meta property=\"og:image\" content=\"https:\/\/i0.wp.com\/www.ulissequalityshop.com\/wp-content\/uploads\/2025\/03\/bonsaipro-scopetta-bonsai.png?fit=1000%2C1000&ssl=1\" \/>\n\t<meta property=\"og:image:width\" content=\"1000\" \/>\n\t<meta property=\"og:image:height\" content=\"1000\" \/>\n\t<meta property=\"og:image:type\" content=\"image\/png\" \/>\n<meta name=\"twitter:card\" content=\"summary_large_image\" \/>\n<meta name=\"twitter:site\" content=\"@UlisseQualoitySh\" \/>\n<meta name=\"twitter:label1\" content=\"Gesch\u00e4tzte Lesezeit\" \/>\n\t<meta name=\"twitter:data1\" content=\"1\u00a0Minute\" \/>\n<script type=\"application\/ld+json\" class=\"yoast-schema-graph\">{\"@context\":\"https:\/\/schema.org\",\"@graph\":[{\"@type\":\"WebPage\",\"@id\":\"https:\/\/www.ulissequalityshop.com\/de\/prodotto\/bonsaipro-bonsai-blumenerde-besen\/\",\"url\":\"https:\/\/www.ulissequalityshop.com\/de\/prodotto\/bonsaipro-bonsai-blumenerde-besen\/\",\"name\":\"BonsaiPro Bonsai Blumenerde Besen - Ulisse Quality Shop\",\"isPartOf\":{\"@id\":\"https:\/\/www.ulissequalityshop.com\/de\/#website\"},\"primaryImageOfPage\":{\"@id\":\"https:\/\/www.ulissequalityshop.com\/de\/prodotto\/bonsaipro-bonsai-blumenerde-besen\/#primaryimage\"},\"image\":{\"@id\":\"https:\/\/www.ulissequalityshop.com\/de\/prodotto\/bonsaipro-bonsai-blumenerde-besen\/#primaryimage\"},\"thumbnailUrl\":\"https:\/\/i0.wp.com\/www.ulissequalityshop.com\/wp-content\/uploads\/2025\/03\/bonsaipro-scopetta-bonsai.png?fit=1000%2C1000&ssl=1\",\"datePublished\":\"2025-03-22T17:06:02+00:00\",\"description\":\"Bonsaipro Besen f\u00fcr Blumenerde, zum Reinigen des Arbeitsplatzes und zum Einbringen der Erde in den Topf. Erfahren Sie mehr.\",\"breadcrumb\":{\"@id\":\"https:\/\/www.ulissequalityshop.com\/de\/prodotto\/bonsaipro-bonsai-blumenerde-besen\/#breadcrumb\"},\"inLanguage\":\"de\",\"potentialAction\":[{\"@type\":\"ReadAction\",\"target\":[\"https:\/\/www.ulissequalityshop.com\/de\/prodotto\/bonsaipro-bonsai-blumenerde-besen\/\"]}]},{\"@type\":\"ImageObject\",\"inLanguage\":\"de\",\"@id\":\"https:\/\/www.ulissequalityshop.com\/de\/prodotto\/bonsaipro-bonsai-blumenerde-besen\/#primaryimage\",\"url\":\"https:\/\/i0.wp.com\/www.ulissequalityshop.com\/wp-content\/uploads\/2025\/03\/bonsaipro-scopetta-bonsai.png?fit=1000%2C1000&ssl=1\",\"contentUrl\":\"https:\/\/i0.wp.com\/www.ulissequalityshop.com\/wp-content\/uploads\/2025\/03\/bonsaipro-scopetta-bonsai.png?fit=1000%2C1000&ssl=1\",\"width\":1000,\"height\":1000,\"caption\":\"BonsaiPro Bonsai Blumenerde Besen\"},{\"@type\":\"BreadcrumbList\",\"@id\":\"https:\/\/www.ulissequalityshop.com\/de\/prodotto\/bonsaipro-bonsai-blumenerde-besen\/#breadcrumb\",\"itemListElement\":[{\"@type\":\"ListItem\",\"position\":1,\"name\":\"Start\",\"item\":\"https:\/\/www.ulissequalityshop.com\/de\/\"},{\"@type\":\"ListItem\",\"position\":2,\"name\":\"Ulisse Quality Shop\",\"item\":\"https:\/\/www.ulissequalityshop.com\/\"},{\"@type\":\"ListItem\",\"position\":3,\"name\":\"BonsaiPro Bonsai Blumenerde Besen\"}]},{\"@type\":\"WebSite\",\"@id\":\"https:\/\/www.ulissequalityshop.com\/de\/#website\",\"url\":\"https:\/\/www.ulissequalityshop.com\/de\/\",\"name\":\"Ulisse Quality Shop\",\"description\":\"Tutto per i tuoi pets\",\"potentialAction\":[{\"@type\":\"SearchAction\",\"target\":{\"@type\":\"EntryPoint\",\"urlTemplate\":\"https:\/\/www.ulissequalityshop.com\/de\/?s={search_term_string}\"},\"query-input\":{\"@type\":\"PropertyValueSpecification\",\"valueRequired\":true,\"valueName\":\"search_term_string\"}}],\"inLanguage\":\"de\"}]}<\/script>\n<!-- \/ Yoast SEO plugin. -->","yoast_head_json":{"title":"BonsaiPro Bonsai Blumenerde Besen - Ulisse Quality Shop","description":"Bonsaipro Besen f\u00fcr Blumenerde, zum Reinigen des Arbeitsplatzes und zum Einbringen der Erde in den Topf. Erfahren Sie mehr.","robots":{"index":"index","follow":"follow","max-snippet":"max-snippet:-1","max-image-preview":"max-image-preview:large","max-video-preview":"max-video-preview:-1"},"canonical":"https:\/\/www.ulissequalityshop.com\/de\/prodotto\/bonsaipro-bonsai-blumenerde-besen\/","og_locale":"de_DE","og_type":"article","og_title":"BonsaiPro Bonsai Blumenerde Besen - Ulisse Quality Shop","og_description":"Bonsaipro Besen f\u00fcr Blumenerde, zum Reinigen des Arbeitsplatzes und zum Einbringen der Erde in den Topf. Erfahren Sie mehr.","og_url":"https:\/\/www.ulissequalityshop.com\/de\/prodotto\/bonsaipro-bonsai-blumenerde-besen\/","og_site_name":"Ulisse Quality Shop","article_publisher":"https:\/\/www.facebook.com\/ulissequalityshop\/","og_image":[{"width":1000,"height":1000,"url":"https:\/\/i0.wp.com\/www.ulissequalityshop.com\/wp-content\/uploads\/2025\/03\/bonsaipro-scopetta-bonsai.png?fit=1000%2C1000&ssl=1","type":"image\/png"}],"twitter_card":"summary_large_image","twitter_site":"@UlisseQualoitySh","twitter_misc":{"Gesch\u00e4tzte Lesezeit":"1\u00a0Minute"},"schema":{"@context":"https:\/\/schema.org","@graph":[{"@type":"WebPage","@id":"https:\/\/www.ulissequalityshop.com\/de\/prodotto\/bonsaipro-bonsai-blumenerde-besen\/","url":"https:\/\/www.ulissequalityshop.com\/de\/prodotto\/bonsaipro-bonsai-blumenerde-besen\/","name":"BonsaiPro Bonsai Blumenerde Besen - Ulisse Quality Shop","isPartOf":{"@id":"https:\/\/www.ulissequalityshop.com\/de\/#website"},"primaryImageOfPage":{"@id":"https:\/\/www.ulissequalityshop.com\/de\/prodotto\/bonsaipro-bonsai-blumenerde-besen\/#primaryimage"},"image":{"@id":"https:\/\/www.ulissequalityshop.com\/de\/prodotto\/bonsaipro-bonsai-blumenerde-besen\/#primaryimage"},"thumbnailUrl":"https:\/\/i0.wp.com\/www.ulissequalityshop.com\/wp-content\/uploads\/2025\/03\/bonsaipro-scopetta-bonsai.png?fit=1000%2C1000&ssl=1","datePublished":"2025-03-22T17:06:02+00:00","description":"Bonsaipro Besen f\u00fcr Blumenerde, zum Reinigen des Arbeitsplatzes und zum Einbringen der Erde in den Topf. Erfahren Sie mehr.","breadcrumb":{"@id":"https:\/\/www.ulissequalityshop.com\/de\/prodotto\/bonsaipro-bonsai-blumenerde-besen\/#breadcrumb"},"inLanguage":"de","potentialAction":[{"@type":"ReadAction","target":["https:\/\/www.ulissequalityshop.com\/de\/prodotto\/bonsaipro-bonsai-blumenerde-besen\/"]}]},{"@type":"ImageObject","inLanguage":"de","@id":"https:\/\/www.ulissequalityshop.com\/de\/prodotto\/bonsaipro-bonsai-blumenerde-besen\/#primaryimage","url":"https:\/\/i0.wp.com\/www.ulissequalityshop.com\/wp-content\/uploads\/2025\/03\/bonsaipro-scopetta-bonsai.png?fit=1000%2C1000&ssl=1","contentUrl":"https:\/\/i0.wp.com\/www.ulissequalityshop.com\/wp-content\/uploads\/2025\/03\/bonsaipro-scopetta-bonsai.png?fit=1000%2C1000&ssl=1","width":1000,"height":1000,"caption":"BonsaiPro Bonsai Blumenerde Besen"},{"@type":"BreadcrumbList","@id":"https:\/\/www.ulissequalityshop.com\/de\/prodotto\/bonsaipro-bonsai-blumenerde-besen\/#breadcrumb","itemListElement":[{"@type":"ListItem","position":1,"name":"Start","item":"https:\/\/www.ulissequalityshop.com\/de\/"},{"@type":"ListItem","position":2,"name":"Ulisse Quality Shop","item":"https:\/\/www.ulissequalityshop.com\/"},{"@type":"ListItem","position":3,"name":"BonsaiPro Bonsai Blumenerde Besen"}]},{"@type":"WebSite","@id":"https:\/\/www.ulissequalityshop.com\/de\/#website","url":"https:\/\/www.ulissequalityshop.com\/de\/","name":"Ulisse Quality Shop","description":"Tutto per i tuoi pets","potentialAction":[{"@type":"SearchAction","target":{"@type":"EntryPoint","urlTemplate":"https:\/\/www.ulissequalityshop.com\/de\/?s={search_term_string}"},"query-input":{"@type":"PropertyValueSpecification","valueRequired":true,"valueName":"search_term_string"}}],"inLanguage":"de"}]}},"jetpack_sharing_enabled":true,"brands":[{"id":2107,"name":"BonsaiPro","slug":"bonsaipro"}],"_links":{"self":[{"href":"https:\/\/www.ulissequalityshop.com\/de\/wp-json\/wp\/v2\/product\/18537","targetHints":{"allow":["GET"]}}],"collection":[{"href":"https:\/\/www.ulissequalityshop.com\/de\/wp-json\/wp\/v2\/product"}],"about":[{"href":"https:\/\/www.ulissequalityshop.com\/de\/wp-json\/wp\/v2\/types\/product"}],"replies":[{"embeddable":true,"href":"https:\/\/www.ulissequalityshop.com\/de\/wp-json\/wp\/v2\/comments?post=18537"}],"wp:featuredmedia":[{"embeddable":true,"href":"https:\/\/www.ulissequalityshop.com\/de\/wp-json\/wp\/v2\/media\/18244"}],"wp:attachment":[{"href":"https:\/\/www.ulissequalityshop.com\/de\/wp-json\/wp\/v2\/media?parent=18537"}],"wp:term":[{"taxonomy":"pwb-brand","embeddable":true,"href":"https:\/\/www.ulissequalityshop.com\/de\/wp-json\/wp\/v2\/pwb-brand?post=18537"},{"taxonomy":"product_brand","embeddable":true,"href":"https:\/\/www.ulissequalityshop.com\/de\/wp-json\/wp\/v2\/product_brand?post=18537"},{"taxonomy":"product_cat","embeddable":true,"href":"https:\/\/www.ulissequalityshop.com\/de\/wp-json\/wp\/v2\/product_cat?post=18537"},{"taxonomy":"product_tag","embeddable":true,"href":"https:\/\/www.ulissequalityshop.com\/de\/wp-json\/wp\/v2\/product_tag?post=18537"},{"taxonomy":"woo-feed-brand","embeddable":true,"href":"https:\/\/www.ulissequalityshop.com\/de\/wp-json\/wp\/v2\/woo-feed-brand?post=18537"}],"curies":[{"name":"wp","href":"https:\/\/api.w.org\/{rel}","templated":true}]}}