{"id":18623,"date":"2016-09-23T16:25:11","date_gmt":"2016-09-23T14:25:11","guid":{"rendered":"https:\/\/www.ulissequalityshop.com\/prodotto\/camon-aequilibria-diffusor-fuer-katzen\/"},"modified":"2016-09-23T16:25:11","modified_gmt":"2016-09-23T14:25:11","slug":"camon-aequilibria-diffusor-fuer-katzen","status":"publish","type":"product","link":"https:\/\/www.ulissequalityshop.com\/de\/prodotto\/camon-aequilibria-diffusor-fuer-katzen\/","title":{"rendered":"Camon AEquilibriA Diffusor f\u00fcr Katzen"},"content":{"rendered":"<p><strong>Der AEquilibriA Diffusor <\/strong>f\u00fcr Katzen <strong>von Camon <\/strong>ist eine L\u00f6sung, die Katzen hilft, sich an schwierige Situationen anzupassen und sich in ihrer Umgebung wohl zu f\u00fchlen, wodurch unerw\u00fcnschtes stressbedingtes Verhalten reduziert wird. Der Diffusor setzt eine pflanzliche Substanz frei, das<strong>Nepeta cataria \u00d6l<\/strong>, das Ihre Katze auf<strong> ganz nat\u00fcrliche<\/strong> Weise beruhigt. <\/p>\n<p>Lassen Sie den Diffusor st\u00e4ndig eingeschaltet. Schrauben Sie einfach die Flasche in das Ger\u00e4t und schlie\u00dfen Sie es an eine Steckdose an.<br \/>\nDie Flasche <strong>reicht f\u00fcr 5 Wochen<\/strong> und deckt eine Fl\u00e4che von <strong>50 m2 ab.<\/strong> <\/p>\n<p>Auch verf\u00fcgbar <a href=\"https:\/\/www.ulissequalityshop.com\/de\/prodotto\/camon-nachfuellpackung-fuer-aequilibria-diffusor-fuer-katzen\/\" target=\"_blank\" rel=\"noopener\"><strong>die Aufladung<\/strong><\/a> (cod. G953\/A).<\/p>\n<p><strong>Menge:<\/strong> 45 ml<\/p>\n<div>\n<h2 class=\"headInModule\"><strong>Camon AEquilibriA Diffusor, Merkmale:<\/strong><\/h2>\n<\/div>\n<ul>\n<li>Es ist eine L\u00f6sung, die Katzen hilft, sich an schwierige Situationen anzupassen und sich in ihrer Umgebung wohl zu f\u00fchlen.<\/li>\n<li>Sie setzt eine pflanzliche Substanz frei, das<strong>Nepeta cataria \u00d6l<\/strong>, das eine beruhigende Wirkung hat.<\/li>\n<li>Dauer der Lieferung: 5 Wochen<\/li>\n<li>\u00dcberdachte Fl\u00e4che: ca. 50 m2<\/li>\n<\/ul>\n<h3><strong>Modalit\u00e4ten der Verwendung:<\/strong><\/h3>\n<div class=\"product-description\">\n<ul>\n<li>Lassen Sie den Diffusor dauerhaft eingeschaltet.<\/li>\n<li>Schrauben Sie die Flasche einfach in das Ger\u00e4t und schlie\u00dfen Sie es an eine Steckdose an.<\/li>\n<li>Die Flasche reicht f\u00fcr vier Wochen und deckt eine Fl\u00e4che von 50 Quadratmetern ab.<\/li>\n<li>WICHTIG: Schlie\u00dfen Sie den Diffusor nicht in Reichweite der Katze an.<\/li>\n<li>Format: 30 ml<\/li>\n<\/ul>\n<p>Der<strong> AEquilibriA Diffuser<\/strong> ist Teil einer kompletten Produktlinie, die darauf abzielt, Stress bei unseren Katzenfreunden zu reduzieren.<\/p>\n<h3><strong>Die AEquilibriA Linie umfasst:<\/strong><\/h3>\n<ul>\n<li><strong><a href=\"http:\/\/www.ulissequalityshop.com\/prodotto\/camon-collare-equilibria-gatti\/\" target=\"_blank\" rel=\"noopener\">AEquilibriA Kragen<\/a><\/strong><\/li>\n<li class=\"headInModule\">AEquilibriA Diffusor (und seine <strong><a href=\"http:\/\/www.ulissequalityshop.com\/prodotto\/camon-ricarica-per-diffusore-aequilibria\/\" target=\"_blank\" rel=\"noopener\">Diffusor-Nachf\u00fcllpackung<\/a><\/strong>)<\/li>\n<li class=\"headInModule\"><a href=\"http:\/\/www.ulissequalityshop.com\/prodotto\/camon-equilibria-vet\/\" target=\"_blank\" rel=\"noopener\"><strong>AEquilibriA-Vet<\/strong><\/a> Tabletten<\/li>\n<\/ul>\n<\/div>\n","protected":false},"excerpt":{"rendered":"<p><strong>Der Camon AEquilibriA Diffusor<\/strong> setzt eine Substanz pflanzlichen Ursprungs frei, die Ihre Katze auf ganz nat\u00fcrliche Weise beruhigt.<\/p>\n","protected":false},"featured_media":18620,"comment_status":"open","ping_status":"closed","template":"","meta":{"_et_pb_use_builder":"","_et_pb_old_content":"","_et_gb_content_width":""},"pwb-brand":[1127],"product_brand":[],"product_cat":[2491,2288],"product_tag":[2381,2647,2707],"woo-feed-brand":[1888],"class_list":{"0":"post-18623","1":"product","2":"type-product","3":"status-publish","4":"has-post-thumbnail","6":"pwb-brand-camon","7":"product_cat-gesundheit-und-wohlbefinden","8":"product_cat-katzen","9":"product_tag-camon-de","10":"product_tag-gesundheit-der-katze","11":"product_tag-gleichgewichtslinie","12":"product_shipping_class-0-3-kg-de","13":"woo-feed-brand-camon","15":"first","16":"instock","17":"sale","18":"sold-individually","19":"taxable","20":"shipping-taxable","21":"purchasable","22":"product-type-simple"},"yoast_head":"<!-- This site is optimized with the Yoast SEO plugin v26.7 - https:\/\/yoast.com\/wordpress\/plugins\/seo\/ -->\n<title>Camon AEquilibriA Diffusor f\u00fcr Katzen - Ulisse Quality Shop<\/title>\n<meta name=\"description\" content=\"Der Equilibria Diffusor f\u00fcr Katzen von Camon ist eine L\u00f6sung, die Katzen hilft, sich an schwierige Situationen anzupassen und sich wohl zu f\u00fchlen. Erfahren Sie mehr.\" \/>\n<meta name=\"robots\" content=\"index, follow, max-snippet:-1, max-image-preview:large, max-video-preview:-1\" \/>\n<link rel=\"canonical\" href=\"https:\/\/www.ulissequalityshop.com\/de\/prodotto\/camon-aequilibria-diffusor-fuer-katzen\/\" \/>\n<meta property=\"og:locale\" content=\"de_DE\" \/>\n<meta property=\"og:type\" content=\"article\" \/>\n<meta property=\"og:title\" content=\"Camon AEquilibriA Diffusor f\u00fcr Katzen - Ulisse Quality Shop\" \/>\n<meta property=\"og:description\" content=\"Der Equilibria Diffusor f\u00fcr Katzen von Camon ist eine L\u00f6sung, die Katzen hilft, sich an schwierige Situationen anzupassen und sich wohl zu f\u00fchlen. Erfahren Sie mehr.\" \/>\n<meta property=\"og:url\" content=\"https:\/\/www.ulissequalityshop.com\/de\/prodotto\/camon-aequilibria-diffusor-fuer-katzen\/\" \/>\n<meta property=\"og:site_name\" content=\"Ulisse Quality Shop\" \/>\n<meta property=\"article:publisher\" content=\"https:\/\/www.facebook.com\/ulissequalityshop\/\" \/>\n<meta property=\"og:image\" content=\"https:\/\/i0.wp.com\/www.ulissequalityshop.com\/wp-content\/uploads\/2016\/09\/G952-A-aequilibria_NWH.jpg?fit=1200%2C1200&ssl=1\" \/>\n\t<meta property=\"og:image:width\" content=\"1200\" \/>\n\t<meta property=\"og:image:height\" content=\"1200\" \/>\n\t<meta property=\"og:image:type\" content=\"image\/jpeg\" \/>\n<meta name=\"twitter:card\" content=\"summary_large_image\" \/>\n<meta name=\"twitter:site\" content=\"@UlisseQualoitySh\" \/>\n<meta name=\"twitter:label1\" content=\"Gesch\u00e4tzte Lesezeit\" \/>\n\t<meta name=\"twitter:data1\" content=\"1\u00a0Minute\" \/>\n<script type=\"application\/ld+json\" class=\"yoast-schema-graph\">{\"@context\":\"https:\/\/schema.org\",\"@graph\":[{\"@type\":\"WebPage\",\"@id\":\"https:\/\/www.ulissequalityshop.com\/de\/prodotto\/camon-aequilibria-diffusor-fuer-katzen\/\",\"url\":\"https:\/\/www.ulissequalityshop.com\/de\/prodotto\/camon-aequilibria-diffusor-fuer-katzen\/\",\"name\":\"Camon AEquilibriA Diffusor f\u00fcr Katzen - Ulisse Quality Shop\",\"isPartOf\":{\"@id\":\"https:\/\/www.ulissequalityshop.com\/de\/#website\"},\"primaryImageOfPage\":{\"@id\":\"https:\/\/www.ulissequalityshop.com\/de\/prodotto\/camon-aequilibria-diffusor-fuer-katzen\/#primaryimage\"},\"image\":{\"@id\":\"https:\/\/www.ulissequalityshop.com\/de\/prodotto\/camon-aequilibria-diffusor-fuer-katzen\/#primaryimage\"},\"thumbnailUrl\":\"https:\/\/i0.wp.com\/www.ulissequalityshop.com\/wp-content\/uploads\/2016\/09\/G952-A-aequilibria_NWH.jpg?fit=1200%2C1200&ssl=1\",\"datePublished\":\"2016-09-23T14:25:11+00:00\",\"description\":\"Der Equilibria Diffusor f\u00fcr Katzen von Camon ist eine L\u00f6sung, die Katzen hilft, sich an schwierige Situationen anzupassen und sich wohl zu f\u00fchlen. Erfahren Sie mehr.\",\"breadcrumb\":{\"@id\":\"https:\/\/www.ulissequalityshop.com\/de\/prodotto\/camon-aequilibria-diffusor-fuer-katzen\/#breadcrumb\"},\"inLanguage\":\"de\",\"potentialAction\":[{\"@type\":\"ReadAction\",\"target\":[\"https:\/\/www.ulissequalityshop.com\/de\/prodotto\/camon-aequilibria-diffusor-fuer-katzen\/\"]}]},{\"@type\":\"ImageObject\",\"inLanguage\":\"de\",\"@id\":\"https:\/\/www.ulissequalityshop.com\/de\/prodotto\/camon-aequilibria-diffusor-fuer-katzen\/#primaryimage\",\"url\":\"https:\/\/i0.wp.com\/www.ulissequalityshop.com\/wp-content\/uploads\/2016\/09\/G952-A-aequilibria_NWH.jpg?fit=1200%2C1200&ssl=1\",\"contentUrl\":\"https:\/\/i0.wp.com\/www.ulissequalityshop.com\/wp-content\/uploads\/2016\/09\/G952-A-aequilibria_NWH.jpg?fit=1200%2C1200&ssl=1\",\"width\":1200,\"height\":1200,\"caption\":\"Camon Diffusor AEquilibriA Produkt\"},{\"@type\":\"BreadcrumbList\",\"@id\":\"https:\/\/www.ulissequalityshop.com\/de\/prodotto\/camon-aequilibria-diffusor-fuer-katzen\/#breadcrumb\",\"itemListElement\":[{\"@type\":\"ListItem\",\"position\":1,\"name\":\"Start\",\"item\":\"https:\/\/www.ulissequalityshop.com\/de\/\"},{\"@type\":\"ListItem\",\"position\":2,\"name\":\"Ulisse Quality Shop\",\"item\":\"https:\/\/www.ulissequalityshop.com\/\"},{\"@type\":\"ListItem\",\"position\":3,\"name\":\"Camon AEquilibriA Diffusor f\u00fcr Katzen\"}]},{\"@type\":\"WebSite\",\"@id\":\"https:\/\/www.ulissequalityshop.com\/de\/#website\",\"url\":\"https:\/\/www.ulissequalityshop.com\/de\/\",\"name\":\"Ulisse Quality Shop\",\"description\":\"Tutto per i tuoi pets\",\"potentialAction\":[{\"@type\":\"SearchAction\",\"target\":{\"@type\":\"EntryPoint\",\"urlTemplate\":\"https:\/\/www.ulissequalityshop.com\/de\/?s={search_term_string}\"},\"query-input\":{\"@type\":\"PropertyValueSpecification\",\"valueRequired\":true,\"valueName\":\"search_term_string\"}}],\"inLanguage\":\"de\"}]}<\/script>\n<!-- \/ Yoast SEO plugin. -->","yoast_head_json":{"title":"Camon AEquilibriA Diffusor f\u00fcr Katzen - Ulisse Quality Shop","description":"Der Equilibria Diffusor f\u00fcr Katzen von Camon ist eine L\u00f6sung, die Katzen hilft, sich an schwierige Situationen anzupassen und sich wohl zu f\u00fchlen. Erfahren Sie mehr.","robots":{"index":"index","follow":"follow","max-snippet":"max-snippet:-1","max-image-preview":"max-image-preview:large","max-video-preview":"max-video-preview:-1"},"canonical":"https:\/\/www.ulissequalityshop.com\/de\/prodotto\/camon-aequilibria-diffusor-fuer-katzen\/","og_locale":"de_DE","og_type":"article","og_title":"Camon AEquilibriA Diffusor f\u00fcr Katzen - Ulisse Quality Shop","og_description":"Der Equilibria Diffusor f\u00fcr Katzen von Camon ist eine L\u00f6sung, die Katzen hilft, sich an schwierige Situationen anzupassen und sich wohl zu f\u00fchlen. Erfahren Sie mehr.","og_url":"https:\/\/www.ulissequalityshop.com\/de\/prodotto\/camon-aequilibria-diffusor-fuer-katzen\/","og_site_name":"Ulisse Quality Shop","article_publisher":"https:\/\/www.facebook.com\/ulissequalityshop\/","og_image":[{"width":1200,"height":1200,"url":"https:\/\/i0.wp.com\/www.ulissequalityshop.com\/wp-content\/uploads\/2016\/09\/G952-A-aequilibria_NWH.jpg?fit=1200%2C1200&ssl=1","type":"image\/jpeg"}],"twitter_card":"summary_large_image","twitter_site":"@UlisseQualoitySh","twitter_misc":{"Gesch\u00e4tzte Lesezeit":"1\u00a0Minute"},"schema":{"@context":"https:\/\/schema.org","@graph":[{"@type":"WebPage","@id":"https:\/\/www.ulissequalityshop.com\/de\/prodotto\/camon-aequilibria-diffusor-fuer-katzen\/","url":"https:\/\/www.ulissequalityshop.com\/de\/prodotto\/camon-aequilibria-diffusor-fuer-katzen\/","name":"Camon AEquilibriA Diffusor f\u00fcr Katzen - Ulisse Quality Shop","isPartOf":{"@id":"https:\/\/www.ulissequalityshop.com\/de\/#website"},"primaryImageOfPage":{"@id":"https:\/\/www.ulissequalityshop.com\/de\/prodotto\/camon-aequilibria-diffusor-fuer-katzen\/#primaryimage"},"image":{"@id":"https:\/\/www.ulissequalityshop.com\/de\/prodotto\/camon-aequilibria-diffusor-fuer-katzen\/#primaryimage"},"thumbnailUrl":"https:\/\/i0.wp.com\/www.ulissequalityshop.com\/wp-content\/uploads\/2016\/09\/G952-A-aequilibria_NWH.jpg?fit=1200%2C1200&ssl=1","datePublished":"2016-09-23T14:25:11+00:00","description":"Der Equilibria Diffusor f\u00fcr Katzen von Camon ist eine L\u00f6sung, die Katzen hilft, sich an schwierige Situationen anzupassen und sich wohl zu f\u00fchlen. Erfahren Sie mehr.","breadcrumb":{"@id":"https:\/\/www.ulissequalityshop.com\/de\/prodotto\/camon-aequilibria-diffusor-fuer-katzen\/#breadcrumb"},"inLanguage":"de","potentialAction":[{"@type":"ReadAction","target":["https:\/\/www.ulissequalityshop.com\/de\/prodotto\/camon-aequilibria-diffusor-fuer-katzen\/"]}]},{"@type":"ImageObject","inLanguage":"de","@id":"https:\/\/www.ulissequalityshop.com\/de\/prodotto\/camon-aequilibria-diffusor-fuer-katzen\/#primaryimage","url":"https:\/\/i0.wp.com\/www.ulissequalityshop.com\/wp-content\/uploads\/2016\/09\/G952-A-aequilibria_NWH.jpg?fit=1200%2C1200&ssl=1","contentUrl":"https:\/\/i0.wp.com\/www.ulissequalityshop.com\/wp-content\/uploads\/2016\/09\/G952-A-aequilibria_NWH.jpg?fit=1200%2C1200&ssl=1","width":1200,"height":1200,"caption":"Camon Diffusor AEquilibriA Produkt"},{"@type":"BreadcrumbList","@id":"https:\/\/www.ulissequalityshop.com\/de\/prodotto\/camon-aequilibria-diffusor-fuer-katzen\/#breadcrumb","itemListElement":[{"@type":"ListItem","position":1,"name":"Start","item":"https:\/\/www.ulissequalityshop.com\/de\/"},{"@type":"ListItem","position":2,"name":"Ulisse Quality Shop","item":"https:\/\/www.ulissequalityshop.com\/"},{"@type":"ListItem","position":3,"name":"Camon AEquilibriA Diffusor f\u00fcr Katzen"}]},{"@type":"WebSite","@id":"https:\/\/www.ulissequalityshop.com\/de\/#website","url":"https:\/\/www.ulissequalityshop.com\/de\/","name":"Ulisse Quality Shop","description":"Tutto per i tuoi pets","potentialAction":[{"@type":"SearchAction","target":{"@type":"EntryPoint","urlTemplate":"https:\/\/www.ulissequalityshop.com\/de\/?s={search_term_string}"},"query-input":{"@type":"PropertyValueSpecification","valueRequired":true,"valueName":"search_term_string"}}],"inLanguage":"de"}]}},"jetpack_sharing_enabled":true,"brands":[{"id":1127,"name":"Camon","slug":"camon"}],"_links":{"self":[{"href":"https:\/\/www.ulissequalityshop.com\/de\/wp-json\/wp\/v2\/product\/18623","targetHints":{"allow":["GET"]}}],"collection":[{"href":"https:\/\/www.ulissequalityshop.com\/de\/wp-json\/wp\/v2\/product"}],"about":[{"href":"https:\/\/www.ulissequalityshop.com\/de\/wp-json\/wp\/v2\/types\/product"}],"replies":[{"embeddable":true,"href":"https:\/\/www.ulissequalityshop.com\/de\/wp-json\/wp\/v2\/comments?post=18623"}],"wp:featuredmedia":[{"embeddable":true,"href":"https:\/\/www.ulissequalityshop.com\/de\/wp-json\/wp\/v2\/media\/18620"}],"wp:attachment":[{"href":"https:\/\/www.ulissequalityshop.com\/de\/wp-json\/wp\/v2\/media?parent=18623"}],"wp:term":[{"taxonomy":"pwb-brand","embeddable":true,"href":"https:\/\/www.ulissequalityshop.com\/de\/wp-json\/wp\/v2\/pwb-brand?post=18623"},{"taxonomy":"product_brand","embeddable":true,"href":"https:\/\/www.ulissequalityshop.com\/de\/wp-json\/wp\/v2\/product_brand?post=18623"},{"taxonomy":"product_cat","embeddable":true,"href":"https:\/\/www.ulissequalityshop.com\/de\/wp-json\/wp\/v2\/product_cat?post=18623"},{"taxonomy":"product_tag","embeddable":true,"href":"https:\/\/www.ulissequalityshop.com\/de\/wp-json\/wp\/v2\/product_tag?post=18623"},{"taxonomy":"woo-feed-brand","embeddable":true,"href":"https:\/\/www.ulissequalityshop.com\/de\/wp-json\/wp\/v2\/woo-feed-brand?post=18623"}],"curies":[{"name":"wp","href":"https:\/\/api.w.org\/{rel}","templated":true}]}}