{"id":18868,"date":"2025-02-16T18:28:20","date_gmt":"2025-02-16T17:28:20","guid":{"rendered":"https:\/\/www.ulissequalityshop.com\/prodotto\/bonsaipro-foerderbaender-fuer-kunststoff-blumenerde\/"},"modified":"2025-02-16T18:28:20","modified_gmt":"2025-02-16T17:28:20","slug":"bonsaipro-foerderbaender-fuer-kunststoff-blumenerde","status":"publish","type":"product","link":"https:\/\/www.ulissequalityshop.com\/de\/prodotto\/bonsaipro-foerderbaender-fuer-kunststoff-blumenerde\/","title":{"rendered":"BonsaiPro F\u00f6rderb\u00e4nder f\u00fcr Kunststoff-Blumenerde"},"content":{"rendered":"<p>Die <strong>BonsaiPro<\/strong> F\u00f6rderb\u00e4nder f\u00fcr <strong>Blumenerde aus Kunststoff<\/strong> sind ein n\u00fctzliches und unverzichtbares Zubeh\u00f6r f\u00fcr die Verwaltung von Erde in T\u00f6pfen. Die F\u00f6rderb\u00e4nder in verschiedenen Gr\u00f6\u00dfen werden verwendet, um die Erde zu sammeln und dann in den Topf zu sch\u00fctten. <\/p>\n<p>Sie sind nicht nur bequem in der Anwendung, insbesondere bei k\u00f6rnigen Substraten wie <a href=\"https:\/\/www.ulissequalityshop.com\/de\/prodotto\/substrat-optima-top-qualitaet-bonsai-blumenerde\/\" target=\"_blank\" rel=\"noopener\"><strong>Substrat Optima<\/strong><\/a>, <strong><a href=\"https:\/\/www.ulissequalityshop.com\/de\/prodotto\/bonsaipro-pumex-optima-bimsstein-waschmittel\/\" target=\"_blank\" rel=\"noopener\">Pumex Optima<\/a>, <a href=\"https:\/\/www.ulissequalityshop.com\/de\/prodotto\/bonsaipro-lapillus-optima-vulkanischer-lapillus\/\" target=\"_blank\" rel=\"noopener\">Lapillus Optima<\/a><\/strong> oder <a href=\"https:\/\/www.ulissequalityshop.com\/de\/prodotto\/bonsaipro-akadama-optima-akadama-ibaraki\/\" target=\"_blank\" rel=\"noopener\"><strong>Akadama Optima<\/strong><\/a>erm\u00f6glichen sie eine genaue Dosierung der einzelnen Materialien, um pr\u00e4zise und perfekte Mischungen f\u00fcr jede Essenz zusammenzustellen.<\/p>\n<h2><strong>BonsaiPro F\u00f6rderer f\u00fcr Blumenerde, Merkmale:<\/strong><\/h2>\n<ul>\n<li>Material: Kunststoff<\/li>\n<li>Ma\u00dfe: 17,5 cm<\/li>\n<li>\u00d8 6-7-9 cm<\/li>\n<li>Packung mit: 3 St\u00fcck<\/li>\n<li>Hergestellt in Japan<\/li>\n<\/ul>\n","protected":false},"excerpt":{"rendered":"<p>Die <strong>BonsaiPro<\/strong> F\u00f6rderb\u00e4nder f\u00fcr <strong>Blumenerde aus Kunststoff<\/strong> sind ein n\u00fctzliches Zubeh\u00f6r f\u00fcr die Verwaltung von Erde in T\u00f6pfen. Die F\u00f6rderb\u00e4nder in verschiedenen Gr\u00f6\u00dfen dienen dazu, die Erde zu sammeln und dann in den Topf zu sch\u00fctten. <\/p>\n","protected":false},"featured_media":18867,"comment_status":"open","ping_status":"closed","template":"","meta":{"_et_pb_use_builder":"","_et_pb_old_content":"","_et_gb_content_width":""},"pwb-brand":[2107],"product_brand":[],"product_cat":[2666,2271],"product_tag":[2740],"woo-feed-brand":[2108],"class_list":{"0":"post-18868","1":"product","2":"type-product","3":"status-publish","4":"has-post-thumbnail","6":"pwb-brand-bonsaipro","7":"product_cat-bonsai-zubehor","8":"product_cat-bonsai-de","9":"product_tag-bonsaipro","10":"product_shipping_class-0-3-kg-de","11":"woo-feed-brand-bonsaipro","13":"first","14":"instock","15":"taxable","16":"shipping-taxable","17":"purchasable","18":"product-type-simple"},"yoast_head":"<!-- This site is optimized with the Yoast SEO plugin v26.7 - https:\/\/yoast.com\/wordpress\/plugins\/seo\/ -->\n<title>BonsaiPro F\u00f6rderb\u00e4nder f\u00fcr Kunststoff-Blumenerde - Ulisse Quality Shop<\/title>\n<meta name=\"description\" content=\"Die BonsaiPro F\u00f6rderb\u00e4nder f\u00fcr Blumenerde aus Kunststoff sind ein n\u00fctzliches Zubeh\u00f6r f\u00fcr die Verwaltung von Erde in T\u00f6pfen. Erfahren Sie mehr.\" \/>\n<meta name=\"robots\" content=\"index, follow, max-snippet:-1, max-image-preview:large, max-video-preview:-1\" \/>\n<link rel=\"canonical\" href=\"https:\/\/www.ulissequalityshop.com\/de\/prodotto\/bonsaipro-foerderbaender-fuer-kunststoff-blumenerde\/\" \/>\n<meta property=\"og:locale\" content=\"de_DE\" \/>\n<meta property=\"og:type\" content=\"article\" \/>\n<meta property=\"og:title\" content=\"BonsaiPro F\u00f6rderb\u00e4nder f\u00fcr Kunststoff-Blumenerde - Ulisse Quality Shop\" \/>\n<meta property=\"og:description\" content=\"Die BonsaiPro F\u00f6rderb\u00e4nder f\u00fcr Blumenerde aus Kunststoff sind ein n\u00fctzliches Zubeh\u00f6r f\u00fcr die Verwaltung von Erde in T\u00f6pfen. Erfahren Sie mehr.\" \/>\n<meta property=\"og:url\" content=\"https:\/\/www.ulissequalityshop.com\/de\/prodotto\/bonsaipro-foerderbaender-fuer-kunststoff-blumenerde\/\" \/>\n<meta property=\"og:site_name\" content=\"Ulisse Quality Shop\" \/>\n<meta property=\"article:publisher\" content=\"https:\/\/www.facebook.com\/ulissequalityshop\/\" \/>\n<meta property=\"og:image\" content=\"https:\/\/i0.wp.com\/www.ulissequalityshop.com\/wp-content\/uploads\/2025\/02\/61JApRrwxL._AC_SL1500_.jpg?fit=1485%2C1500&ssl=1\" \/>\n\t<meta property=\"og:image:width\" content=\"1485\" \/>\n\t<meta property=\"og:image:height\" content=\"1500\" \/>\n\t<meta property=\"og:image:type\" content=\"image\/jpeg\" \/>\n<meta name=\"twitter:card\" content=\"summary_large_image\" \/>\n<meta name=\"twitter:site\" content=\"@UlisseQualoitySh\" \/>\n<meta name=\"twitter:label1\" content=\"Gesch\u00e4tzte Lesezeit\" \/>\n\t<meta name=\"twitter:data1\" content=\"1\u00a0Minute\" \/>\n<script type=\"application\/ld+json\" class=\"yoast-schema-graph\">{\"@context\":\"https:\/\/schema.org\",\"@graph\":[{\"@type\":\"WebPage\",\"@id\":\"https:\/\/www.ulissequalityshop.com\/de\/prodotto\/bonsaipro-foerderbaender-fuer-kunststoff-blumenerde\/\",\"url\":\"https:\/\/www.ulissequalityshop.com\/de\/prodotto\/bonsaipro-foerderbaender-fuer-kunststoff-blumenerde\/\",\"name\":\"BonsaiPro F\u00f6rderb\u00e4nder f\u00fcr Kunststoff-Blumenerde - Ulisse Quality Shop\",\"isPartOf\":{\"@id\":\"https:\/\/www.ulissequalityshop.com\/de\/#website\"},\"primaryImageOfPage\":{\"@id\":\"https:\/\/www.ulissequalityshop.com\/de\/prodotto\/bonsaipro-foerderbaender-fuer-kunststoff-blumenerde\/#primaryimage\"},\"image\":{\"@id\":\"https:\/\/www.ulissequalityshop.com\/de\/prodotto\/bonsaipro-foerderbaender-fuer-kunststoff-blumenerde\/#primaryimage\"},\"thumbnailUrl\":\"https:\/\/i0.wp.com\/www.ulissequalityshop.com\/wp-content\/uploads\/2025\/02\/61JApRrwxL._AC_SL1500_.jpg?fit=1485%2C1500&ssl=1\",\"datePublished\":\"2025-02-16T17:28:20+00:00\",\"description\":\"Die BonsaiPro F\u00f6rderb\u00e4nder f\u00fcr Blumenerde aus Kunststoff sind ein n\u00fctzliches Zubeh\u00f6r f\u00fcr die Verwaltung von Erde in T\u00f6pfen. Erfahren Sie mehr.\",\"breadcrumb\":{\"@id\":\"https:\/\/www.ulissequalityshop.com\/de\/prodotto\/bonsaipro-foerderbaender-fuer-kunststoff-blumenerde\/#breadcrumb\"},\"inLanguage\":\"de\",\"potentialAction\":[{\"@type\":\"ReadAction\",\"target\":[\"https:\/\/www.ulissequalityshop.com\/de\/prodotto\/bonsaipro-foerderbaender-fuer-kunststoff-blumenerde\/\"]}]},{\"@type\":\"ImageObject\",\"inLanguage\":\"de\",\"@id\":\"https:\/\/www.ulissequalityshop.com\/de\/prodotto\/bonsaipro-foerderbaender-fuer-kunststoff-blumenerde\/#primaryimage\",\"url\":\"https:\/\/i0.wp.com\/www.ulissequalityshop.com\/wp-content\/uploads\/2025\/02\/61JApRrwxL._AC_SL1500_.jpg?fit=1485%2C1500&ssl=1\",\"contentUrl\":\"https:\/\/i0.wp.com\/www.ulissequalityshop.com\/wp-content\/uploads\/2025\/02\/61JApRrwxL._AC_SL1500_.jpg?fit=1485%2C1500&ssl=1\",\"width\":1485,\"height\":1500,\"caption\":\"BonsaiPro F\u00f6rderb\u00e4nder f\u00fcr Kunststoff-Blumenerde\"},{\"@type\":\"BreadcrumbList\",\"@id\":\"https:\/\/www.ulissequalityshop.com\/de\/prodotto\/bonsaipro-foerderbaender-fuer-kunststoff-blumenerde\/#breadcrumb\",\"itemListElement\":[{\"@type\":\"ListItem\",\"position\":1,\"name\":\"Start\",\"item\":\"https:\/\/www.ulissequalityshop.com\/de\/\"},{\"@type\":\"ListItem\",\"position\":2,\"name\":\"Ulisse Quality Shop\",\"item\":\"https:\/\/www.ulissequalityshop.com\/\"},{\"@type\":\"ListItem\",\"position\":3,\"name\":\"BonsaiPro F\u00f6rderb\u00e4nder f\u00fcr Kunststoff-Blumenerde\"}]},{\"@type\":\"WebSite\",\"@id\":\"https:\/\/www.ulissequalityshop.com\/de\/#website\",\"url\":\"https:\/\/www.ulissequalityshop.com\/de\/\",\"name\":\"Ulisse Quality Shop\",\"description\":\"Tutto per i tuoi pets\",\"potentialAction\":[{\"@type\":\"SearchAction\",\"target\":{\"@type\":\"EntryPoint\",\"urlTemplate\":\"https:\/\/www.ulissequalityshop.com\/de\/?s={search_term_string}\"},\"query-input\":{\"@type\":\"PropertyValueSpecification\",\"valueRequired\":true,\"valueName\":\"search_term_string\"}}],\"inLanguage\":\"de\"}]}<\/script>\n<!-- \/ Yoast SEO plugin. -->","yoast_head_json":{"title":"BonsaiPro F\u00f6rderb\u00e4nder f\u00fcr Kunststoff-Blumenerde - Ulisse Quality Shop","description":"Die BonsaiPro F\u00f6rderb\u00e4nder f\u00fcr Blumenerde aus Kunststoff sind ein n\u00fctzliches Zubeh\u00f6r f\u00fcr die Verwaltung von Erde in T\u00f6pfen. Erfahren Sie mehr.","robots":{"index":"index","follow":"follow","max-snippet":"max-snippet:-1","max-image-preview":"max-image-preview:large","max-video-preview":"max-video-preview:-1"},"canonical":"https:\/\/www.ulissequalityshop.com\/de\/prodotto\/bonsaipro-foerderbaender-fuer-kunststoff-blumenerde\/","og_locale":"de_DE","og_type":"article","og_title":"BonsaiPro F\u00f6rderb\u00e4nder f\u00fcr Kunststoff-Blumenerde - Ulisse Quality Shop","og_description":"Die BonsaiPro F\u00f6rderb\u00e4nder f\u00fcr Blumenerde aus Kunststoff sind ein n\u00fctzliches Zubeh\u00f6r f\u00fcr die Verwaltung von Erde in T\u00f6pfen. Erfahren Sie mehr.","og_url":"https:\/\/www.ulissequalityshop.com\/de\/prodotto\/bonsaipro-foerderbaender-fuer-kunststoff-blumenerde\/","og_site_name":"Ulisse Quality Shop","article_publisher":"https:\/\/www.facebook.com\/ulissequalityshop\/","og_image":[{"width":1485,"height":1500,"url":"https:\/\/i0.wp.com\/www.ulissequalityshop.com\/wp-content\/uploads\/2025\/02\/61JApRrwxL._AC_SL1500_.jpg?fit=1485%2C1500&ssl=1","type":"image\/jpeg"}],"twitter_card":"summary_large_image","twitter_site":"@UlisseQualoitySh","twitter_misc":{"Gesch\u00e4tzte Lesezeit":"1\u00a0Minute"},"schema":{"@context":"https:\/\/schema.org","@graph":[{"@type":"WebPage","@id":"https:\/\/www.ulissequalityshop.com\/de\/prodotto\/bonsaipro-foerderbaender-fuer-kunststoff-blumenerde\/","url":"https:\/\/www.ulissequalityshop.com\/de\/prodotto\/bonsaipro-foerderbaender-fuer-kunststoff-blumenerde\/","name":"BonsaiPro F\u00f6rderb\u00e4nder f\u00fcr Kunststoff-Blumenerde - Ulisse Quality Shop","isPartOf":{"@id":"https:\/\/www.ulissequalityshop.com\/de\/#website"},"primaryImageOfPage":{"@id":"https:\/\/www.ulissequalityshop.com\/de\/prodotto\/bonsaipro-foerderbaender-fuer-kunststoff-blumenerde\/#primaryimage"},"image":{"@id":"https:\/\/www.ulissequalityshop.com\/de\/prodotto\/bonsaipro-foerderbaender-fuer-kunststoff-blumenerde\/#primaryimage"},"thumbnailUrl":"https:\/\/i0.wp.com\/www.ulissequalityshop.com\/wp-content\/uploads\/2025\/02\/61JApRrwxL._AC_SL1500_.jpg?fit=1485%2C1500&ssl=1","datePublished":"2025-02-16T17:28:20+00:00","description":"Die BonsaiPro F\u00f6rderb\u00e4nder f\u00fcr Blumenerde aus Kunststoff sind ein n\u00fctzliches Zubeh\u00f6r f\u00fcr die Verwaltung von Erde in T\u00f6pfen. Erfahren Sie mehr.","breadcrumb":{"@id":"https:\/\/www.ulissequalityshop.com\/de\/prodotto\/bonsaipro-foerderbaender-fuer-kunststoff-blumenerde\/#breadcrumb"},"inLanguage":"de","potentialAction":[{"@type":"ReadAction","target":["https:\/\/www.ulissequalityshop.com\/de\/prodotto\/bonsaipro-foerderbaender-fuer-kunststoff-blumenerde\/"]}]},{"@type":"ImageObject","inLanguage":"de","@id":"https:\/\/www.ulissequalityshop.com\/de\/prodotto\/bonsaipro-foerderbaender-fuer-kunststoff-blumenerde\/#primaryimage","url":"https:\/\/i0.wp.com\/www.ulissequalityshop.com\/wp-content\/uploads\/2025\/02\/61JApRrwxL._AC_SL1500_.jpg?fit=1485%2C1500&ssl=1","contentUrl":"https:\/\/i0.wp.com\/www.ulissequalityshop.com\/wp-content\/uploads\/2025\/02\/61JApRrwxL._AC_SL1500_.jpg?fit=1485%2C1500&ssl=1","width":1485,"height":1500,"caption":"BonsaiPro F\u00f6rderb\u00e4nder f\u00fcr Kunststoff-Blumenerde"},{"@type":"BreadcrumbList","@id":"https:\/\/www.ulissequalityshop.com\/de\/prodotto\/bonsaipro-foerderbaender-fuer-kunststoff-blumenerde\/#breadcrumb","itemListElement":[{"@type":"ListItem","position":1,"name":"Start","item":"https:\/\/www.ulissequalityshop.com\/de\/"},{"@type":"ListItem","position":2,"name":"Ulisse Quality Shop","item":"https:\/\/www.ulissequalityshop.com\/"},{"@type":"ListItem","position":3,"name":"BonsaiPro F\u00f6rderb\u00e4nder f\u00fcr Kunststoff-Blumenerde"}]},{"@type":"WebSite","@id":"https:\/\/www.ulissequalityshop.com\/de\/#website","url":"https:\/\/www.ulissequalityshop.com\/de\/","name":"Ulisse Quality Shop","description":"Tutto per i tuoi pets","potentialAction":[{"@type":"SearchAction","target":{"@type":"EntryPoint","urlTemplate":"https:\/\/www.ulissequalityshop.com\/de\/?s={search_term_string}"},"query-input":{"@type":"PropertyValueSpecification","valueRequired":true,"valueName":"search_term_string"}}],"inLanguage":"de"}]}},"jetpack_sharing_enabled":true,"brands":[{"id":2107,"name":"BonsaiPro","slug":"bonsaipro"}],"_links":{"self":[{"href":"https:\/\/www.ulissequalityshop.com\/de\/wp-json\/wp\/v2\/product\/18868","targetHints":{"allow":["GET"]}}],"collection":[{"href":"https:\/\/www.ulissequalityshop.com\/de\/wp-json\/wp\/v2\/product"}],"about":[{"href":"https:\/\/www.ulissequalityshop.com\/de\/wp-json\/wp\/v2\/types\/product"}],"replies":[{"embeddable":true,"href":"https:\/\/www.ulissequalityshop.com\/de\/wp-json\/wp\/v2\/comments?post=18868"}],"wp:featuredmedia":[{"embeddable":true,"href":"https:\/\/www.ulissequalityshop.com\/de\/wp-json\/wp\/v2\/media\/18867"}],"wp:attachment":[{"href":"https:\/\/www.ulissequalityshop.com\/de\/wp-json\/wp\/v2\/media?parent=18868"}],"wp:term":[{"taxonomy":"pwb-brand","embeddable":true,"href":"https:\/\/www.ulissequalityshop.com\/de\/wp-json\/wp\/v2\/pwb-brand?post=18868"},{"taxonomy":"product_brand","embeddable":true,"href":"https:\/\/www.ulissequalityshop.com\/de\/wp-json\/wp\/v2\/product_brand?post=18868"},{"taxonomy":"product_cat","embeddable":true,"href":"https:\/\/www.ulissequalityshop.com\/de\/wp-json\/wp\/v2\/product_cat?post=18868"},{"taxonomy":"product_tag","embeddable":true,"href":"https:\/\/www.ulissequalityshop.com\/de\/wp-json\/wp\/v2\/product_tag?post=18868"},{"taxonomy":"woo-feed-brand","embeddable":true,"href":"https:\/\/www.ulissequalityshop.com\/de\/wp-json\/wp\/v2\/woo-feed-brand?post=18868"}],"curies":[{"name":"wp","href":"https:\/\/api.w.org\/{rel}","templated":true}]}}