{"id":18959,"date":"2025-02-16T18:29:38","date_gmt":"2025-02-16T17:29:38","guid":{"rendered":"https:\/\/www.ulissequalityshop.com\/prodotto\/bonsaipro-aluminium-foerderbaender-fuer-blumenerde\/"},"modified":"2025-02-16T18:29:38","modified_gmt":"2025-02-16T17:29:38","slug":"bonsaipro-aluminium-foerderbaender-fuer-blumenerde","status":"publish","type":"product","link":"https:\/\/www.ulissequalityshop.com\/de\/prodotto\/bonsaipro-aluminium-foerderbaender-fuer-blumenerde\/","title":{"rendered":"BonsaiPro Aluminium F\u00f6rderb\u00e4nder f\u00fcr Blumenerde"},"content":{"rendered":"<p>Die <strong>BonsaiPro Aluminium-Topferdef\u00f6rderer<\/strong> sind ein n\u00fctzliches Zubeh\u00f6r f\u00fcr die Verwaltung der Erde in T\u00f6pfen. Die F\u00f6rderb\u00e4nder in verschiedenen Gr\u00f6\u00dfen werden verwendet, um die Erde zu sammeln und dann in den Topf zu sch\u00fctten. <\/p>\n<p>Perfekt f\u00fcr die Verwendung mit k\u00f6rnigen Substraten wie z.B. <a href=\"https:\/\/www.ulissequalityshop.com\/de\/prodotto\/substrat-optima-top-qualitaet-bonsai-blumenerde\/\" target=\"_blank\" rel=\"noopener\"><strong>Substrat Optima<\/strong><\/a>, <a href=\"https:\/\/www.ulissequalityshop.com\/de\/prodotto\/bonsaipro-pumex-optima-bimsstein-waschmittel\/\" target=\"_blank\" rel=\"noopener\"><strong>Pumex Optima<\/strong><\/a>, <a href=\"https:\/\/www.ulissequalityshop.com\/de\/prodotto\/bonsaipro-akadama-optima-akadama-ibaraki\/\" target=\"_blank\" rel=\"noopener\"><strong>Akadama Optima<\/strong><\/a> e <a href=\"https:\/\/www.ulissequalityshop.com\/de\/prodotto\/bonsaipro-lapillus-optima-vulkanischer-lapillus\/\" target=\"_blank\" rel=\"noopener\"><strong>Lapillus Optima<\/strong><\/a>sind das beste System f\u00fcr die Dosierung der richtigen Mengen jedes Substrats, um perfekte Mischungen f\u00fcr jede Essenz zu erstellen.<\/p>\n<h2><strong>BonsaiPro Aluminium-Topferdef\u00f6rderer, Merkmale:<\/strong><\/h2>\n<ul>\n<li>Material: Aluminium<\/li>\n<li>Ma\u00dfe: 17,5 cm<\/li>\n<li>Durchmesser \u00d8 6-7-9 cm<\/li>\n<li>Packung mit: 3 St\u00fcck<\/li>\n<li>Hergestellt in Japan<\/li>\n<\/ul>\n","protected":false},"excerpt":{"rendered":"<p>Die <strong>BonsaiPro Aluminium-Topferdef\u00f6rderer<\/strong> sind ein n\u00fctzliches Zubeh\u00f6r f\u00fcr die Verwaltung der Erde in T\u00f6pfen. Die F\u00f6rderb\u00e4nder in verschiedenen Gr\u00f6\u00dfen werden verwendet, um die Erde zu sammeln und dann in den Topf zu sch\u00fctten. <\/p>\n","protected":false},"featured_media":18188,"comment_status":"open","ping_status":"closed","template":"","meta":{"_et_pb_use_builder":"","_et_pb_old_content":"","_et_gb_content_width":""},"pwb-brand":[2107],"product_brand":[],"product_cat":[2666,2271],"product_tag":[2740],"woo-feed-brand":[2108],"class_list":{"0":"post-18959","1":"product","2":"type-product","3":"status-publish","4":"has-post-thumbnail","6":"pwb-brand-bonsaipro","7":"product_cat-bonsai-zubehor","8":"product_cat-bonsai-de","9":"product_tag-bonsaipro","10":"product_shipping_class-0-3-kg-de","11":"woo-feed-brand-bonsaipro","13":"first","14":"instock","15":"taxable","16":"shipping-taxable","17":"purchasable","18":"product-type-simple"},"yoast_head":"<!-- This site is optimized with the Yoast SEO plugin v26.7 - https:\/\/yoast.com\/wordpress\/plugins\/seo\/ -->\n<title>BonsaiPro Aluminium F\u00f6rderb\u00e4nder f\u00fcr Blumenerde - Ulisse Quality Shop<\/title>\n<meta name=\"description\" content=\"Die BonsaiPro Aluminium-Topferdef\u00f6rderer sind ein n\u00fctzliches Zubeh\u00f6r f\u00fcr die Verwaltung von Erde in T\u00f6pfen. Erfahren Sie mehr.\" \/>\n<meta name=\"robots\" content=\"index, follow, max-snippet:-1, max-image-preview:large, max-video-preview:-1\" \/>\n<link rel=\"canonical\" href=\"https:\/\/www.ulissequalityshop.com\/de\/prodotto\/bonsaipro-aluminium-foerderbaender-fuer-blumenerde\/\" \/>\n<meta property=\"og:locale\" content=\"de_DE\" \/>\n<meta property=\"og:type\" content=\"article\" \/>\n<meta property=\"og:title\" content=\"BonsaiPro Aluminium F\u00f6rderb\u00e4nder f\u00fcr Blumenerde - Ulisse Quality Shop\" \/>\n<meta property=\"og:description\" content=\"Die BonsaiPro Aluminium-Topferdef\u00f6rderer sind ein n\u00fctzliches Zubeh\u00f6r f\u00fcr die Verwaltung von Erde in T\u00f6pfen. Erfahren Sie mehr.\" \/>\n<meta property=\"og:url\" content=\"https:\/\/www.ulissequalityshop.com\/de\/prodotto\/bonsaipro-aluminium-foerderbaender-fuer-blumenerde\/\" \/>\n<meta property=\"og:site_name\" content=\"Ulisse Quality Shop\" \/>\n<meta property=\"article:publisher\" content=\"https:\/\/www.facebook.com\/ulissequalityshop\/\" \/>\n<meta property=\"og:image\" content=\"https:\/\/i0.wp.com\/www.ulissequalityshop.com\/wp-content\/uploads\/2025\/02\/bonsaipro-convogliatore-alluminio-front.png?fit=1000%2C1000&ssl=1\" \/>\n\t<meta property=\"og:image:width\" content=\"1000\" \/>\n\t<meta property=\"og:image:height\" content=\"1000\" \/>\n\t<meta property=\"og:image:type\" content=\"image\/png\" \/>\n<meta name=\"twitter:card\" content=\"summary_large_image\" \/>\n<meta name=\"twitter:site\" content=\"@UlisseQualoitySh\" \/>\n<meta name=\"twitter:label1\" content=\"Gesch\u00e4tzte Lesezeit\" \/>\n\t<meta name=\"twitter:data1\" content=\"1\u00a0Minute\" \/>\n<script type=\"application\/ld+json\" class=\"yoast-schema-graph\">{\"@context\":\"https:\/\/schema.org\",\"@graph\":[{\"@type\":\"WebPage\",\"@id\":\"https:\/\/www.ulissequalityshop.com\/de\/prodotto\/bonsaipro-aluminium-foerderbaender-fuer-blumenerde\/\",\"url\":\"https:\/\/www.ulissequalityshop.com\/de\/prodotto\/bonsaipro-aluminium-foerderbaender-fuer-blumenerde\/\",\"name\":\"BonsaiPro Aluminium F\u00f6rderb\u00e4nder f\u00fcr Blumenerde - Ulisse Quality Shop\",\"isPartOf\":{\"@id\":\"https:\/\/www.ulissequalityshop.com\/de\/#website\"},\"primaryImageOfPage\":{\"@id\":\"https:\/\/www.ulissequalityshop.com\/de\/prodotto\/bonsaipro-aluminium-foerderbaender-fuer-blumenerde\/#primaryimage\"},\"image\":{\"@id\":\"https:\/\/www.ulissequalityshop.com\/de\/prodotto\/bonsaipro-aluminium-foerderbaender-fuer-blumenerde\/#primaryimage\"},\"thumbnailUrl\":\"https:\/\/i0.wp.com\/www.ulissequalityshop.com\/wp-content\/uploads\/2025\/02\/bonsaipro-convogliatore-alluminio-front.png?fit=1000%2C1000&ssl=1\",\"datePublished\":\"2025-02-16T17:29:38+00:00\",\"description\":\"Die BonsaiPro Aluminium-Topferdef\u00f6rderer sind ein n\u00fctzliches Zubeh\u00f6r f\u00fcr die Verwaltung von Erde in T\u00f6pfen. Erfahren Sie mehr.\",\"breadcrumb\":{\"@id\":\"https:\/\/www.ulissequalityshop.com\/de\/prodotto\/bonsaipro-aluminium-foerderbaender-fuer-blumenerde\/#breadcrumb\"},\"inLanguage\":\"de\",\"potentialAction\":[{\"@type\":\"ReadAction\",\"target\":[\"https:\/\/www.ulissequalityshop.com\/de\/prodotto\/bonsaipro-aluminium-foerderbaender-fuer-blumenerde\/\"]}]},{\"@type\":\"ImageObject\",\"inLanguage\":\"de\",\"@id\":\"https:\/\/www.ulissequalityshop.com\/de\/prodotto\/bonsaipro-aluminium-foerderbaender-fuer-blumenerde\/#primaryimage\",\"url\":\"https:\/\/i0.wp.com\/www.ulissequalityshop.com\/wp-content\/uploads\/2025\/02\/bonsaipro-convogliatore-alluminio-front.png?fit=1000%2C1000&ssl=1\",\"contentUrl\":\"https:\/\/i0.wp.com\/www.ulissequalityshop.com\/wp-content\/uploads\/2025\/02\/bonsaipro-convogliatore-alluminio-front.png?fit=1000%2C1000&ssl=1\",\"width\":1000,\"height\":1000,\"caption\":\"BonsaiPro Aluminium F\u00f6rderb\u00e4nder f\u00fcr Blumenerde\"},{\"@type\":\"BreadcrumbList\",\"@id\":\"https:\/\/www.ulissequalityshop.com\/de\/prodotto\/bonsaipro-aluminium-foerderbaender-fuer-blumenerde\/#breadcrumb\",\"itemListElement\":[{\"@type\":\"ListItem\",\"position\":1,\"name\":\"Start\",\"item\":\"https:\/\/www.ulissequalityshop.com\/de\/\"},{\"@type\":\"ListItem\",\"position\":2,\"name\":\"Ulisse Quality Shop\",\"item\":\"https:\/\/www.ulissequalityshop.com\/\"},{\"@type\":\"ListItem\",\"position\":3,\"name\":\"BonsaiPro Aluminium F\u00f6rderb\u00e4nder f\u00fcr Blumenerde\"}]},{\"@type\":\"WebSite\",\"@id\":\"https:\/\/www.ulissequalityshop.com\/de\/#website\",\"url\":\"https:\/\/www.ulissequalityshop.com\/de\/\",\"name\":\"Ulisse Quality Shop\",\"description\":\"Tutto per i tuoi pets\",\"potentialAction\":[{\"@type\":\"SearchAction\",\"target\":{\"@type\":\"EntryPoint\",\"urlTemplate\":\"https:\/\/www.ulissequalityshop.com\/de\/?s={search_term_string}\"},\"query-input\":{\"@type\":\"PropertyValueSpecification\",\"valueRequired\":true,\"valueName\":\"search_term_string\"}}],\"inLanguage\":\"de\"}]}<\/script>\n<!-- \/ Yoast SEO plugin. -->","yoast_head_json":{"title":"BonsaiPro Aluminium F\u00f6rderb\u00e4nder f\u00fcr Blumenerde - Ulisse Quality Shop","description":"Die BonsaiPro Aluminium-Topferdef\u00f6rderer sind ein n\u00fctzliches Zubeh\u00f6r f\u00fcr die Verwaltung von Erde in T\u00f6pfen. Erfahren Sie mehr.","robots":{"index":"index","follow":"follow","max-snippet":"max-snippet:-1","max-image-preview":"max-image-preview:large","max-video-preview":"max-video-preview:-1"},"canonical":"https:\/\/www.ulissequalityshop.com\/de\/prodotto\/bonsaipro-aluminium-foerderbaender-fuer-blumenerde\/","og_locale":"de_DE","og_type":"article","og_title":"BonsaiPro Aluminium F\u00f6rderb\u00e4nder f\u00fcr Blumenerde - Ulisse Quality Shop","og_description":"Die BonsaiPro Aluminium-Topferdef\u00f6rderer sind ein n\u00fctzliches Zubeh\u00f6r f\u00fcr die Verwaltung von Erde in T\u00f6pfen. Erfahren Sie mehr.","og_url":"https:\/\/www.ulissequalityshop.com\/de\/prodotto\/bonsaipro-aluminium-foerderbaender-fuer-blumenerde\/","og_site_name":"Ulisse Quality Shop","article_publisher":"https:\/\/www.facebook.com\/ulissequalityshop\/","og_image":[{"width":1000,"height":1000,"url":"https:\/\/i0.wp.com\/www.ulissequalityshop.com\/wp-content\/uploads\/2025\/02\/bonsaipro-convogliatore-alluminio-front.png?fit=1000%2C1000&ssl=1","type":"image\/png"}],"twitter_card":"summary_large_image","twitter_site":"@UlisseQualoitySh","twitter_misc":{"Gesch\u00e4tzte Lesezeit":"1\u00a0Minute"},"schema":{"@context":"https:\/\/schema.org","@graph":[{"@type":"WebPage","@id":"https:\/\/www.ulissequalityshop.com\/de\/prodotto\/bonsaipro-aluminium-foerderbaender-fuer-blumenerde\/","url":"https:\/\/www.ulissequalityshop.com\/de\/prodotto\/bonsaipro-aluminium-foerderbaender-fuer-blumenerde\/","name":"BonsaiPro Aluminium F\u00f6rderb\u00e4nder f\u00fcr Blumenerde - Ulisse Quality Shop","isPartOf":{"@id":"https:\/\/www.ulissequalityshop.com\/de\/#website"},"primaryImageOfPage":{"@id":"https:\/\/www.ulissequalityshop.com\/de\/prodotto\/bonsaipro-aluminium-foerderbaender-fuer-blumenerde\/#primaryimage"},"image":{"@id":"https:\/\/www.ulissequalityshop.com\/de\/prodotto\/bonsaipro-aluminium-foerderbaender-fuer-blumenerde\/#primaryimage"},"thumbnailUrl":"https:\/\/i0.wp.com\/www.ulissequalityshop.com\/wp-content\/uploads\/2025\/02\/bonsaipro-convogliatore-alluminio-front.png?fit=1000%2C1000&ssl=1","datePublished":"2025-02-16T17:29:38+00:00","description":"Die BonsaiPro Aluminium-Topferdef\u00f6rderer sind ein n\u00fctzliches Zubeh\u00f6r f\u00fcr die Verwaltung von Erde in T\u00f6pfen. Erfahren Sie mehr.","breadcrumb":{"@id":"https:\/\/www.ulissequalityshop.com\/de\/prodotto\/bonsaipro-aluminium-foerderbaender-fuer-blumenerde\/#breadcrumb"},"inLanguage":"de","potentialAction":[{"@type":"ReadAction","target":["https:\/\/www.ulissequalityshop.com\/de\/prodotto\/bonsaipro-aluminium-foerderbaender-fuer-blumenerde\/"]}]},{"@type":"ImageObject","inLanguage":"de","@id":"https:\/\/www.ulissequalityshop.com\/de\/prodotto\/bonsaipro-aluminium-foerderbaender-fuer-blumenerde\/#primaryimage","url":"https:\/\/i0.wp.com\/www.ulissequalityshop.com\/wp-content\/uploads\/2025\/02\/bonsaipro-convogliatore-alluminio-front.png?fit=1000%2C1000&ssl=1","contentUrl":"https:\/\/i0.wp.com\/www.ulissequalityshop.com\/wp-content\/uploads\/2025\/02\/bonsaipro-convogliatore-alluminio-front.png?fit=1000%2C1000&ssl=1","width":1000,"height":1000,"caption":"BonsaiPro Aluminium F\u00f6rderb\u00e4nder f\u00fcr Blumenerde"},{"@type":"BreadcrumbList","@id":"https:\/\/www.ulissequalityshop.com\/de\/prodotto\/bonsaipro-aluminium-foerderbaender-fuer-blumenerde\/#breadcrumb","itemListElement":[{"@type":"ListItem","position":1,"name":"Start","item":"https:\/\/www.ulissequalityshop.com\/de\/"},{"@type":"ListItem","position":2,"name":"Ulisse Quality Shop","item":"https:\/\/www.ulissequalityshop.com\/"},{"@type":"ListItem","position":3,"name":"BonsaiPro Aluminium F\u00f6rderb\u00e4nder f\u00fcr Blumenerde"}]},{"@type":"WebSite","@id":"https:\/\/www.ulissequalityshop.com\/de\/#website","url":"https:\/\/www.ulissequalityshop.com\/de\/","name":"Ulisse Quality Shop","description":"Tutto per i tuoi pets","potentialAction":[{"@type":"SearchAction","target":{"@type":"EntryPoint","urlTemplate":"https:\/\/www.ulissequalityshop.com\/de\/?s={search_term_string}"},"query-input":{"@type":"PropertyValueSpecification","valueRequired":true,"valueName":"search_term_string"}}],"inLanguage":"de"}]}},"jetpack_sharing_enabled":true,"brands":[{"id":2107,"name":"BonsaiPro","slug":"bonsaipro"}],"_links":{"self":[{"href":"https:\/\/www.ulissequalityshop.com\/de\/wp-json\/wp\/v2\/product\/18959","targetHints":{"allow":["GET"]}}],"collection":[{"href":"https:\/\/www.ulissequalityshop.com\/de\/wp-json\/wp\/v2\/product"}],"about":[{"href":"https:\/\/www.ulissequalityshop.com\/de\/wp-json\/wp\/v2\/types\/product"}],"replies":[{"embeddable":true,"href":"https:\/\/www.ulissequalityshop.com\/de\/wp-json\/wp\/v2\/comments?post=18959"}],"wp:featuredmedia":[{"embeddable":true,"href":"https:\/\/www.ulissequalityshop.com\/de\/wp-json\/wp\/v2\/media\/18188"}],"wp:attachment":[{"href":"https:\/\/www.ulissequalityshop.com\/de\/wp-json\/wp\/v2\/media?parent=18959"}],"wp:term":[{"taxonomy":"pwb-brand","embeddable":true,"href":"https:\/\/www.ulissequalityshop.com\/de\/wp-json\/wp\/v2\/pwb-brand?post=18959"},{"taxonomy":"product_brand","embeddable":true,"href":"https:\/\/www.ulissequalityshop.com\/de\/wp-json\/wp\/v2\/product_brand?post=18959"},{"taxonomy":"product_cat","embeddable":true,"href":"https:\/\/www.ulissequalityshop.com\/de\/wp-json\/wp\/v2\/product_cat?post=18959"},{"taxonomy":"product_tag","embeddable":true,"href":"https:\/\/www.ulissequalityshop.com\/de\/wp-json\/wp\/v2\/product_tag?post=18959"},{"taxonomy":"woo-feed-brand","embeddable":true,"href":"https:\/\/www.ulissequalityshop.com\/de\/wp-json\/wp\/v2\/woo-feed-brand?post=18959"}],"curies":[{"name":"wp","href":"https:\/\/api.w.org\/{rel}","templated":true}]}}