{"id":18967,"date":"2023-03-15T23:43:02","date_gmt":"2023-03-15T22:43:02","guid":{"rendered":"https:\/\/www.ulissequalityshop.com\/prodotto\/bonsaipro-lapillus-optima-vulkanischer-lapillus\/"},"modified":"2023-03-15T23:43:02","modified_gmt":"2023-03-15T22:43:02","slug":"bonsaipro-lapillus-optima-vulkanischer-lapillus","status":"publish","type":"product","link":"https:\/\/www.ulissequalityshop.com\/de\/prodotto\/bonsaipro-lapillus-optima-vulkanischer-lapillus\/","title":{"rendered":"BonsaiPro Lapillus Optima Vulkanischer Lapillus"},"content":{"rendered":"<p><strong>Ulisse BonsaiPro Lapillus Optima<\/strong> ist <strong>vulkanischer Lapillus<\/strong> von auff\u00e4lliger rot-brauner Farbe, der sich sowohl als Teil des Kultursubstrats f\u00fcr Pflanzen als auch zum Mulchen eignet, da er sowohl n\u00fctzlich als auch dekorativ ist.<\/p>\n<p>Als Kultursubstrat wird es in der Regel in Kombination mit <a href=\"https:\/\/www.ulissequalityshop.com\/de\/prodotto\/bonsaipro-akadama-optima-akadama-ibaraki\/\" target=\"_blank\" rel=\"noopener\"><strong>Akadama Optima<\/strong><\/a> oder mit Bimsstein wie z.B. <a href=\"https:\/\/www.ulissequalityshop.com\/de\/prodotto\/bonsaipro-pumex-optima-bimsstein-waschmittel\/\" target=\"_blank\" rel=\"noopener\"><strong>Pumex Optima<\/strong><\/a>.<\/p>\n<p>Dieses Substrat verliert mit der Zeit nicht seine physikalischen Eigenschaften und gibt gleichzeitig Eisen und Kalium ab, zwei Elemente, die f\u00fcr ein gutes Pflanzenwachstum notwendig sind. Au\u00dferdem kann es aufgrund seiner physikalischen Struktur das Wasser sehr gut zur\u00fcckhalten und einen guten Kationenaustausch mit den Wurzeln gew\u00e4hrleisten. <\/p>\n<h2><strong>BonsaiPro Lapillus Optima, Merkmale:<\/strong><\/h2>\n<ul>\n<li>rot-braune Farbe<\/li>\n<li>als Kultursubstrat, aber auch zum Mulchen verwendbar<\/li>\n<li>gutes Wasserr\u00fcckhalteverm\u00f6gen<\/li>\n<li>guter Kationenaustausch<\/li>\n<li>setzt Eisen und Kalium frei<\/li>\n<\/ul>\n","protected":false},"excerpt":{"rendered":"<p><strong>Ulisse BonsaiPro Lapillus Optima<\/strong> ist mittelgro\u00dfer <strong>vulkanischer Lapillus<\/strong> in einer auff\u00e4lligen rotbraunen Farbe, der sich sowohl als Teil des Pflanzensubstrats als auch zum Mulchen eignet, da er sowohl n\u00fctzlich als auch dekorativ ist.<\/p>\n","protected":false},"featured_media":18325,"comment_status":"open","ping_status":"closed","template":"","meta":{"_et_pb_use_builder":"","_et_pb_old_content":"","_et_gb_content_width":""},"pwb-brand":[2107,2066],"product_brand":[],"product_cat":[2351,2461,2271],"product_tag":[2637,2752,2352,2573],"woo-feed-brand":[2067],"class_list":{"0":"post-18967","1":"product","2":"type-product","3":"status-publish","4":"has-post-thumbnail","6":"pwb-brand-bonsaipro","7":"pwb-brand-ulisse","8":"product_cat-substrate","9":"product_cat-substrate-de","10":"product_cat-bonsai-de","11":"product_tag-blumenerde","12":"product_tag-blumenerde-fur-bonsai","13":"product_tag-bonsai-erde","14":"product_tag-substrate-fur-bonsai","15":"product_shipping_class-0-3-kg-de","16":"woo-feed-brand-ulisse","18":"first","19":"instock","20":"sale","21":"taxable","22":"shipping-taxable","23":"purchasable","24":"product-type-variable"},"yoast_head":"<!-- This site is optimized with the Yoast SEO plugin v26.7 - https:\/\/yoast.com\/wordpress\/plugins\/seo\/ -->\n<title>BonsaiPro Lapillus Optima Vulkanischer Lapillus - Ulisse Quality Shop<\/title>\n<meta name=\"description\" content=\"Ulisse BonsaiPro Lapillus Optima ist vulkanischer Lapillus mit einer auff\u00e4lligen rotbraunen Farbe, der sich sowohl als Substrat als auch zum Mulchen eignet. Erfahren Sie mehr.\" \/>\n<meta name=\"robots\" content=\"index, follow, max-snippet:-1, max-image-preview:large, max-video-preview:-1\" \/>\n<link rel=\"canonical\" href=\"https:\/\/www.ulissequalityshop.com\/de\/prodotto\/bonsaipro-lapillus-optima-vulkanischer-lapillus\/\" \/>\n<meta property=\"og:locale\" content=\"de_DE\" \/>\n<meta property=\"og:type\" content=\"article\" \/>\n<meta property=\"og:title\" content=\"BonsaiPro Lapillus Optima Vulkanischer Lapillus - Ulisse Quality Shop\" \/>\n<meta property=\"og:description\" content=\"Ulisse BonsaiPro Lapillus Optima ist vulkanischer Lapillus mit einer auff\u00e4lligen rotbraunen Farbe, der sich sowohl als Substrat als auch zum Mulchen eignet. Erfahren Sie mehr.\" \/>\n<meta property=\"og:url\" content=\"https:\/\/www.ulissequalityshop.com\/de\/prodotto\/bonsaipro-lapillus-optima-vulkanischer-lapillus\/\" \/>\n<meta property=\"og:site_name\" content=\"Ulisse Quality Shop\" \/>\n<meta property=\"article:publisher\" content=\"https:\/\/www.facebook.com\/ulissequalityshop\/\" \/>\n<meta property=\"og:image\" content=\"https:\/\/i0.wp.com\/www.ulissequalityshop.com\/wp-content\/uploads\/2023\/03\/BonsaiPro-Lapillus-Optima-3-6.png?fit=1000%2C1000&ssl=1\" \/>\n\t<meta property=\"og:image:width\" content=\"1000\" \/>\n\t<meta property=\"og:image:height\" content=\"1000\" \/>\n\t<meta property=\"og:image:type\" content=\"image\/png\" \/>\n<meta name=\"twitter:card\" content=\"summary_large_image\" \/>\n<meta name=\"twitter:site\" content=\"@UlisseQualoitySh\" \/>\n<meta name=\"twitter:label1\" content=\"Gesch\u00e4tzte Lesezeit\" \/>\n\t<meta name=\"twitter:data1\" content=\"1\u00a0Minute\" \/>\n<script type=\"application\/ld+json\" class=\"yoast-schema-graph\">{\"@context\":\"https:\/\/schema.org\",\"@graph\":[{\"@type\":\"WebPage\",\"@id\":\"https:\/\/www.ulissequalityshop.com\/de\/prodotto\/bonsaipro-lapillus-optima-vulkanischer-lapillus\/\",\"url\":\"https:\/\/www.ulissequalityshop.com\/de\/prodotto\/bonsaipro-lapillus-optima-vulkanischer-lapillus\/\",\"name\":\"BonsaiPro Lapillus Optima Vulkanischer Lapillus - Ulisse Quality Shop\",\"isPartOf\":{\"@id\":\"https:\/\/www.ulissequalityshop.com\/de\/#website\"},\"primaryImageOfPage\":{\"@id\":\"https:\/\/www.ulissequalityshop.com\/de\/prodotto\/bonsaipro-lapillus-optima-vulkanischer-lapillus\/#primaryimage\"},\"image\":{\"@id\":\"https:\/\/www.ulissequalityshop.com\/de\/prodotto\/bonsaipro-lapillus-optima-vulkanischer-lapillus\/#primaryimage\"},\"thumbnailUrl\":\"https:\/\/i0.wp.com\/www.ulissequalityshop.com\/wp-content\/uploads\/2023\/03\/BonsaiPro-Lapillus-Optima-3-6.png?fit=1000%2C1000&ssl=1\",\"datePublished\":\"2023-03-15T22:43:02+00:00\",\"description\":\"Ulisse BonsaiPro Lapillus Optima ist vulkanischer Lapillus mit einer auff\u00e4lligen rotbraunen Farbe, der sich sowohl als Substrat als auch zum Mulchen eignet. Erfahren Sie mehr.\",\"breadcrumb\":{\"@id\":\"https:\/\/www.ulissequalityshop.com\/de\/prodotto\/bonsaipro-lapillus-optima-vulkanischer-lapillus\/#breadcrumb\"},\"inLanguage\":\"de\",\"potentialAction\":[{\"@type\":\"ReadAction\",\"target\":[\"https:\/\/www.ulissequalityshop.com\/de\/prodotto\/bonsaipro-lapillus-optima-vulkanischer-lapillus\/\"]}]},{\"@type\":\"ImageObject\",\"inLanguage\":\"de\",\"@id\":\"https:\/\/www.ulissequalityshop.com\/de\/prodotto\/bonsaipro-lapillus-optima-vulkanischer-lapillus\/#primaryimage\",\"url\":\"https:\/\/i0.wp.com\/www.ulissequalityshop.com\/wp-content\/uploads\/2023\/03\/BonsaiPro-Lapillus-Optima-3-6.png?fit=1000%2C1000&ssl=1\",\"contentUrl\":\"https:\/\/i0.wp.com\/www.ulissequalityshop.com\/wp-content\/uploads\/2023\/03\/BonsaiPro-Lapillus-Optima-3-6.png?fit=1000%2C1000&ssl=1\",\"width\":1000,\"height\":1000,\"caption\":\"BonsaiPro Lapillus Optima Vulkanischer Lapillus 3-6\"},{\"@type\":\"BreadcrumbList\",\"@id\":\"https:\/\/www.ulissequalityshop.com\/de\/prodotto\/bonsaipro-lapillus-optima-vulkanischer-lapillus\/#breadcrumb\",\"itemListElement\":[{\"@type\":\"ListItem\",\"position\":1,\"name\":\"Start\",\"item\":\"https:\/\/www.ulissequalityshop.com\/de\/\"},{\"@type\":\"ListItem\",\"position\":2,\"name\":\"Ulisse Quality Shop\",\"item\":\"https:\/\/www.ulissequalityshop.com\/\"},{\"@type\":\"ListItem\",\"position\":3,\"name\":\"BonsaiPro Lapillus Optima Vulkanischer Lapillus\"}]},{\"@type\":\"WebSite\",\"@id\":\"https:\/\/www.ulissequalityshop.com\/de\/#website\",\"url\":\"https:\/\/www.ulissequalityshop.com\/de\/\",\"name\":\"Ulisse Quality Shop\",\"description\":\"Tutto per i tuoi pets\",\"potentialAction\":[{\"@type\":\"SearchAction\",\"target\":{\"@type\":\"EntryPoint\",\"urlTemplate\":\"https:\/\/www.ulissequalityshop.com\/de\/?s={search_term_string}\"},\"query-input\":{\"@type\":\"PropertyValueSpecification\",\"valueRequired\":true,\"valueName\":\"search_term_string\"}}],\"inLanguage\":\"de\"}]}<\/script>\n<!-- \/ Yoast SEO plugin. -->","yoast_head_json":{"title":"BonsaiPro Lapillus Optima Vulkanischer Lapillus - Ulisse Quality Shop","description":"Ulisse BonsaiPro Lapillus Optima ist vulkanischer Lapillus mit einer auff\u00e4lligen rotbraunen Farbe, der sich sowohl als Substrat als auch zum Mulchen eignet. Erfahren Sie mehr.","robots":{"index":"index","follow":"follow","max-snippet":"max-snippet:-1","max-image-preview":"max-image-preview:large","max-video-preview":"max-video-preview:-1"},"canonical":"https:\/\/www.ulissequalityshop.com\/de\/prodotto\/bonsaipro-lapillus-optima-vulkanischer-lapillus\/","og_locale":"de_DE","og_type":"article","og_title":"BonsaiPro Lapillus Optima Vulkanischer Lapillus - Ulisse Quality Shop","og_description":"Ulisse BonsaiPro Lapillus Optima ist vulkanischer Lapillus mit einer auff\u00e4lligen rotbraunen Farbe, der sich sowohl als Substrat als auch zum Mulchen eignet. Erfahren Sie mehr.","og_url":"https:\/\/www.ulissequalityshop.com\/de\/prodotto\/bonsaipro-lapillus-optima-vulkanischer-lapillus\/","og_site_name":"Ulisse Quality Shop","article_publisher":"https:\/\/www.facebook.com\/ulissequalityshop\/","og_image":[{"width":1000,"height":1000,"url":"https:\/\/i0.wp.com\/www.ulissequalityshop.com\/wp-content\/uploads\/2023\/03\/BonsaiPro-Lapillus-Optima-3-6.png?fit=1000%2C1000&ssl=1","type":"image\/png"}],"twitter_card":"summary_large_image","twitter_site":"@UlisseQualoitySh","twitter_misc":{"Gesch\u00e4tzte Lesezeit":"1\u00a0Minute"},"schema":{"@context":"https:\/\/schema.org","@graph":[{"@type":"WebPage","@id":"https:\/\/www.ulissequalityshop.com\/de\/prodotto\/bonsaipro-lapillus-optima-vulkanischer-lapillus\/","url":"https:\/\/www.ulissequalityshop.com\/de\/prodotto\/bonsaipro-lapillus-optima-vulkanischer-lapillus\/","name":"BonsaiPro Lapillus Optima Vulkanischer Lapillus - Ulisse Quality Shop","isPartOf":{"@id":"https:\/\/www.ulissequalityshop.com\/de\/#website"},"primaryImageOfPage":{"@id":"https:\/\/www.ulissequalityshop.com\/de\/prodotto\/bonsaipro-lapillus-optima-vulkanischer-lapillus\/#primaryimage"},"image":{"@id":"https:\/\/www.ulissequalityshop.com\/de\/prodotto\/bonsaipro-lapillus-optima-vulkanischer-lapillus\/#primaryimage"},"thumbnailUrl":"https:\/\/i0.wp.com\/www.ulissequalityshop.com\/wp-content\/uploads\/2023\/03\/BonsaiPro-Lapillus-Optima-3-6.png?fit=1000%2C1000&ssl=1","datePublished":"2023-03-15T22:43:02+00:00","description":"Ulisse BonsaiPro Lapillus Optima ist vulkanischer Lapillus mit einer auff\u00e4lligen rotbraunen Farbe, der sich sowohl als Substrat als auch zum Mulchen eignet. Erfahren Sie mehr.","breadcrumb":{"@id":"https:\/\/www.ulissequalityshop.com\/de\/prodotto\/bonsaipro-lapillus-optima-vulkanischer-lapillus\/#breadcrumb"},"inLanguage":"de","potentialAction":[{"@type":"ReadAction","target":["https:\/\/www.ulissequalityshop.com\/de\/prodotto\/bonsaipro-lapillus-optima-vulkanischer-lapillus\/"]}]},{"@type":"ImageObject","inLanguage":"de","@id":"https:\/\/www.ulissequalityshop.com\/de\/prodotto\/bonsaipro-lapillus-optima-vulkanischer-lapillus\/#primaryimage","url":"https:\/\/i0.wp.com\/www.ulissequalityshop.com\/wp-content\/uploads\/2023\/03\/BonsaiPro-Lapillus-Optima-3-6.png?fit=1000%2C1000&ssl=1","contentUrl":"https:\/\/i0.wp.com\/www.ulissequalityshop.com\/wp-content\/uploads\/2023\/03\/BonsaiPro-Lapillus-Optima-3-6.png?fit=1000%2C1000&ssl=1","width":1000,"height":1000,"caption":"BonsaiPro Lapillus Optima Vulkanischer Lapillus 3-6"},{"@type":"BreadcrumbList","@id":"https:\/\/www.ulissequalityshop.com\/de\/prodotto\/bonsaipro-lapillus-optima-vulkanischer-lapillus\/#breadcrumb","itemListElement":[{"@type":"ListItem","position":1,"name":"Start","item":"https:\/\/www.ulissequalityshop.com\/de\/"},{"@type":"ListItem","position":2,"name":"Ulisse Quality Shop","item":"https:\/\/www.ulissequalityshop.com\/"},{"@type":"ListItem","position":3,"name":"BonsaiPro Lapillus Optima Vulkanischer Lapillus"}]},{"@type":"WebSite","@id":"https:\/\/www.ulissequalityshop.com\/de\/#website","url":"https:\/\/www.ulissequalityshop.com\/de\/","name":"Ulisse Quality Shop","description":"Tutto per i tuoi pets","potentialAction":[{"@type":"SearchAction","target":{"@type":"EntryPoint","urlTemplate":"https:\/\/www.ulissequalityshop.com\/de\/?s={search_term_string}"},"query-input":{"@type":"PropertyValueSpecification","valueRequired":true,"valueName":"search_term_string"}}],"inLanguage":"de"}]}},"jetpack_sharing_enabled":true,"brands":[{"id":2107,"name":"BonsaiPro","slug":"bonsaipro"},{"id":2066,"name":"Ulisse","slug":"ulisse"}],"_links":{"self":[{"href":"https:\/\/www.ulissequalityshop.com\/de\/wp-json\/wp\/v2\/product\/18967","targetHints":{"allow":["GET"]}}],"collection":[{"href":"https:\/\/www.ulissequalityshop.com\/de\/wp-json\/wp\/v2\/product"}],"about":[{"href":"https:\/\/www.ulissequalityshop.com\/de\/wp-json\/wp\/v2\/types\/product"}],"replies":[{"embeddable":true,"href":"https:\/\/www.ulissequalityshop.com\/de\/wp-json\/wp\/v2\/comments?post=18967"}],"wp:featuredmedia":[{"embeddable":true,"href":"https:\/\/www.ulissequalityshop.com\/de\/wp-json\/wp\/v2\/media\/18325"}],"wp:attachment":[{"href":"https:\/\/www.ulissequalityshop.com\/de\/wp-json\/wp\/v2\/media?parent=18967"}],"wp:term":[{"taxonomy":"pwb-brand","embeddable":true,"href":"https:\/\/www.ulissequalityshop.com\/de\/wp-json\/wp\/v2\/pwb-brand?post=18967"},{"taxonomy":"product_brand","embeddable":true,"href":"https:\/\/www.ulissequalityshop.com\/de\/wp-json\/wp\/v2\/product_brand?post=18967"},{"taxonomy":"product_cat","embeddable":true,"href":"https:\/\/www.ulissequalityshop.com\/de\/wp-json\/wp\/v2\/product_cat?post=18967"},{"taxonomy":"product_tag","embeddable":true,"href":"https:\/\/www.ulissequalityshop.com\/de\/wp-json\/wp\/v2\/product_tag?post=18967"},{"taxonomy":"woo-feed-brand","embeddable":true,"href":"https:\/\/www.ulissequalityshop.com\/de\/wp-json\/wp\/v2\/woo-feed-brand?post=18967"}],"curies":[{"name":"wp","href":"https:\/\/api.w.org\/{rel}","templated":true}]}}